{"id":7471,"date":"2019-07-11T11:25:10","date_gmt":"2019-07-11T09:25:10","guid":{"rendered":"https:\/\/orgaeniclife.style\/opportunita-di-lavoro\/"},"modified":"2019-09-26T14:29:29","modified_gmt":"2019-09-26T12:29:29","slug":"opportunita-di-lavoro","status":"publish","type":"page","link":"https:\/\/orgaeniclife.style\/it\/opportunita-di-lavoro","title":{"rendered":"OPPORTUNIT\u00c0 DI LAVORO"},"content":{"rendered":"<div class=\"wpb-content-wrapper\"><p>[vc_row css=&#8221;.vc_custom_1527843088963{padding-top: 0px !important;padding-bottom: 0px !important;}&#8221; el_id=&#8221;edgtf-main-rev-holder&#8221;][vc_column][vc_single_image image=&#8221;7626&#8243; img_size=&#8221;full&#8221; css_animation=&#8221;fadeIn&#8221;][\/vc_column][\/vc_row][vc_row row_content_width=&#8221;grid&#8221;][vc_column width=&#8221;2\/3&#8243;][vc_column_text]<\/p>\n<h1>org\u00c6nic salons<\/h1>\n<p>[\/vc_column_text][vc_column_text]<\/p>\n<h4>Stylist, top stylist e receptionist (m\/f\/d)<\/h4>\n<p>Siete stylist, top stylist o receptionist o semplicemente siete appassionati dal mondo dell&#8217;acconciatura? Allora inviate la vostra candidatura ai nostri saloni ORG\u00c6NIC di Chemnitz o Zwickau all\u2019indirizzo sotto indicato.<br \/>\nNoi non siamo qua a coccolarti. Sei tu ad avere la responsabilit\u00e0 per te stesso. Non regaliamo nulla. Devi mostrare impegno. Da noi nulla \u00e8 pre-masticato. Devi sapere cosa vuoi. Noi non ritocchiamo niente. Mostra il tuo vero volto. Fai domanda ora![\/vc_column_text][vc_empty_space height=&#8221;20px&#8221;][vc_column_text]Invio candidature a:<br \/>\nMonika Giese o Patrick Gerullis<br \/>\n<a href=\"mailto:karriere@buk-management.com\">karriere@buk-management.com<\/a><br \/>\n+49 351 4843380[\/vc_column_text][vc_empty_space height=&#8221;48px&#8221;][vc_column_text]<\/p>\n<h4>gestione accoglienza e salone (m\/f\/d)<\/h4>\n<p>Preferisce lavorare vicino alle persone e allo stesso tempo \u00e8 alla ricerca di una sfida responsabile con prospettive creative per il futuro. Le piace strutturare i processi e monitorare il rispetto delle linee guida di qualit\u00e0. Flessibile e cortese, in grado di soddisfare anche i desideri pi\u00f9 nascosti dei clienti internazionali.<br \/>\nGrazie all\u2019equilibrio e alla correttezza affidabile, effettuer\u00e0 in modo indipendente i rendiconti finanziari giornalieri e mensili, elaborer\u00e0 le richieste di prenotazione e fornir\u00e0 assistenza nella pianificazione e nella contabilit\u00e0 preparatoria.<br \/>\nPer l\u2019area di responsabilit\u00e0 \u201cGestione del salone\/Accoglienza\u201d nel flagship store di fronte alla Frauenkirche a Dresda, saremo lieti di incontrarla personalmente e di ricevere i documenti della sua candidatura![\/vc_column_text][vc_empty_space height=&#8221;20px&#8221;][vc_column_text]Invio candidature a:<br \/>\nMonika Giese o Patrick Gerullis<br \/>\n<a href=\"mailto:karriere@buk-management.com\">karriere@buk-management.com<\/a><br \/>\n+49 351 4843380[\/vc_column_text][vc_empty_space height=&#8221;48px&#8221;][\/vc_column][vc_column width=&#8221;1\/3&#8243;][\/vc_column][\/vc_row][vc_row row_content_width=&#8221;grid&#8221;][vc_column width=&#8221;2\/3&#8243;][vc_column_text]<\/p>\n<h1>org\u00c6nic academy<\/h1>\n<p>[\/vc_column_text][vc_column_text]<\/p>\n<h4>controllo delle fatture e del CRM (m\/f\/d)<\/h4>\n<p>Alla ORG\u00c6NIC Academy cerchiamo personalit\u00e0 orientate al cliente con esperienza analitica e di gestione aziendale nel campo del controllo delle fatture e del CRM.[\/vc_column_text][vc_empty_space height=&#8221;20px&#8221;][vc_column_text]Quello che porti tu:<\/p>\n<ul>\n<li>formazione specialistica o istruzione superiore in materia di controlling completata<\/li>\n<li>un\u2019esperienza professionale completa e le necessarie conoscenze tecniche e informatiche<\/li>\n<li>perfetta comunicazione in tedesco e inglese<\/li>\n<li>eccellente percezione del cliente<\/li>\n<\/ul>\n<p>[\/vc_column_text][vc_empty_space height=&#8221;20px&#8221;][vc_column_text]Quello che vorresti fare:<\/p>\n<ul>\n<li>controllo delle fatture e del CRM<\/li>\n<li>valutazioni statistiche, soluzioni analitiche e manutenzione dei dati<\/li>\n<li>gestione delle prenotazioni e dei pagamenti<\/li>\n<li>supporto tecnico delle attrezzature di presentazione<\/li>\n<li>rapporti con la clientela<\/li>\n<\/ul>\n<p>[\/vc_column_text][vc_empty_space height=&#8221;20px&#8221;][vc_column_text]Invio candidature a:<br \/>\nMonika Giese o Patrick Gerullis<br \/>\n<a href=\"mailto:karriere@buk-management.com\">karriere@buk-management.com<\/a><br \/>\n+49 351 4843380[\/vc_column_text][vc_empty_space height=&#8221;48px&#8221;][vc_column_text]<\/p>\n<h4>rapporti con la clientela e vendite a livello internazionale (servizio interno) (m\/f\/d)<\/h4>\n<p>Per la nostra ORG\u00c6NIC Academy siamo alla ricerca di personalit\u00e0 interculturali competenti, orientate al cliente e determinate, con interesse ed esperienza nel campo del lifestyle, della moda, del design e della bellezza. I nostri sforzi a livello internazionale si concentrano su, tra gli altri, Italia, Spagna, Grecia, Grecia, Portogallo, Russia, Svizzera e Austria.[\/vc_column_text][vc_empty_space height=&#8221;20px&#8221;][vc_column_text]Aree di attivit\u00e0:<\/p>\n<ul>\n<li>consulenza e supporto strategico e commerciale internazionale per i clienti<\/li>\n<li>sviluppo di soluzioni ottimizzate in funzione dei costi e orientate al cliente e di concetti di formazione individuale a lungo termine<\/li>\n<li>preparazione, elaborazione e completamento delle offerte<\/li>\n<li>gestione di progetti internazionali (organizzazione di seminari, eventi e viaggi, gestione interculturale, networking internazionale) per le nostre presentazioni (show, fiere, seminari, servizi fotografici, ecc.) in tutto il mondo<\/li>\n<li>accompagnamento di attivit\u00e0 internazionali all\u2019estero<\/li>\n<li>supporto attivo alle attivit\u00e0 di pre- e post-vendita in ambito nazionale e internazionale<\/li>\n<li>creazione di statistiche, report<\/li>\n<li>Key Account Management<\/li>\n<\/ul>\n<p>[\/vc_column_text][vc_empty_space height=&#8221;20px&#8221;][vc_column_text]Invio candidature a:<br \/>\nMonika Giese o Patrick Gerullis<br \/>\n<a href=\"mailto:karriere@buk-management.com\">karriere@buk-management.com<\/a><br \/>\n+49 351 4843380[\/vc_column_text][vc_empty_space height=&#8221;48px&#8221;][\/vc_column][vc_column width=&#8221;1\/3&#8243;][\/vc_column][\/vc_row][vc_row row_content_width=&#8221;grid&#8221;][vc_column][vc_row_inner][vc_column_inner][vc_column_text]<\/p>\n<h1>Any questions?<br \/>\nDon&#8217;t hesitate to ask.<\/h1>\n<p>[\/vc_column_text][\/vc_column_inner][\/vc_row_inner][\/vc_column][\/vc_row][vc_row row_content_width=&#8221;grid&#8221;][vc_column width=&#8221;1\/4&#8243;]<div class=\"edgtf-team-holder\">\n            <div class=\"edgtf-team-image\">\n            <img decoding=\"async\" width=\"1240\" height=\"1240\" data-src=\"https:\/\/orgaeniclife.style\/wp-content\/uploads\/2019\/04\/MG_1840-como-objeto-inteligente-1.jpg\" class=\"edgtf-team-first-image lazyload\" alt=\"Org\u00e6nic Lifestyle Marketing-Team Monika Giese\" data-srcset=\"https:\/\/orgaeniclife.style\/wp-content\/uploads\/2019\/04\/MG_1840-como-objeto-inteligente-1.jpg 1240w, https:\/\/orgaeniclife.style\/wp-content\/uploads\/2019\/04\/MG_1840-como-objeto-inteligente-1-600x600.jpg 600w, https:\/\/orgaeniclife.style\/wp-content\/uploads\/2019\/04\/MG_1840-como-objeto-inteligente-1-150x150.jpg 150w, https:\/\/orgaeniclife.style\/wp-content\/uploads\/2019\/04\/MG_1840-como-objeto-inteligente-1-300x300.jpg 300w, https:\/\/orgaeniclife.style\/wp-content\/uploads\/2019\/04\/MG_1840-como-objeto-inteligente-1-768x768.jpg 768w, https:\/\/orgaeniclife.style\/wp-content\/uploads\/2019\/04\/MG_1840-como-objeto-inteligente-1-1024x1024.jpg 1024w, https:\/\/orgaeniclife.style\/wp-content\/uploads\/2019\/04\/MG_1840-como-objeto-inteligente-1-550x550.jpg 550w, https:\/\/orgaeniclife.style\/wp-content\/uploads\/2019\/04\/MG_1840-como-objeto-inteligente-1-1100x1100.jpg 1100w, https:\/\/orgaeniclife.style\/wp-content\/uploads\/2019\/04\/MG_1840-como-objeto-inteligente-1-100x100.jpg 100w\" data-sizes=\"auto\" src=\"data:image\/svg+xml;base64,PHN2ZyB3aWR0aD0iMSIgaGVpZ2h0PSIxIiB4bWxucz0iaHR0cDovL3d3dy53My5vcmcvMjAwMC9zdmciPjwvc3ZnPg==\" style=\"--smush-placeholder-width: 1240px; --smush-placeholder-aspect-ratio: 1240\/1240;\" data-original-sizes=\"(max-width: 1240px) 100vw, 1240px\" \/>                            <img decoding=\"async\" width=\"1240\" height=\"1240\" data-src=\"https:\/\/orgaeniclife.style\/wp-content\/uploads\/2019\/04\/MG_1840-como-objeto-inteligente-1.jpg\" class=\"edgtf-team-second-image lazyload\" alt=\"Org\u00e6nic Lifestyle Marketing-Team Monika Giese\" data-srcset=\"https:\/\/orgaeniclife.style\/wp-content\/uploads\/2019\/04\/MG_1840-como-objeto-inteligente-1.jpg 1240w, https:\/\/orgaeniclife.style\/wp-content\/uploads\/2019\/04\/MG_1840-como-objeto-inteligente-1-600x600.jpg 600w, https:\/\/orgaeniclife.style\/wp-content\/uploads\/2019\/04\/MG_1840-como-objeto-inteligente-1-150x150.jpg 150w, https:\/\/orgaeniclife.style\/wp-content\/uploads\/2019\/04\/MG_1840-como-objeto-inteligente-1-300x300.jpg 300w, https:\/\/orgaeniclife.style\/wp-content\/uploads\/2019\/04\/MG_1840-como-objeto-inteligente-1-768x768.jpg 768w, https:\/\/orgaeniclife.style\/wp-content\/uploads\/2019\/04\/MG_1840-como-objeto-inteligente-1-1024x1024.jpg 1024w, https:\/\/orgaeniclife.style\/wp-content\/uploads\/2019\/04\/MG_1840-como-objeto-inteligente-1-550x550.jpg 550w, https:\/\/orgaeniclife.style\/wp-content\/uploads\/2019\/04\/MG_1840-como-objeto-inteligente-1-1100x1100.jpg 1100w, https:\/\/orgaeniclife.style\/wp-content\/uploads\/2019\/04\/MG_1840-como-objeto-inteligente-1-100x100.jpg 100w\" data-sizes=\"auto\" src=\"data:image\/svg+xml;base64,PHN2ZyB3aWR0aD0iMSIgaGVpZ2h0PSIxIiB4bWxucz0iaHR0cDovL3d3dy53My5vcmcvMjAwMC9zdmciPjwvc3ZnPg==\" style=\"--smush-placeholder-width: 1240px; --smush-placeholder-aspect-ratio: 1240\/1240;\" data-original-sizes=\"(max-width: 1240px) 100vw, 1240px\" \/>                    <\/div>\n    \n    <div class=\"edgtf-team-info\">\n                    <h4 class=\"edgtf-team-name\" >\n            Monika            <\/h4>\n        \n        \n        \n            <\/div>\n<\/div>[vc_column_text el_class=&#8221;edgtf-team-name&#8221;]GIESE[\/vc_column_text][vc_empty_space height=&#8221;10px&#8221;][vc_column_text]Gestione delle risorse umane<br \/>\nSviluppo delle risorse umane[\/vc_column_text][vc_empty_space height=&#8221;10px&#8221;][vc_column_text el_class=&#8221;position&#8221;]<a href=\"tel:+49 351 4843380\">T +49 351 4843380<\/a><br \/>\n<a href=\"mailto:karriere@buk-management.com\">karriere@buk-management.com<\/a>[\/vc_column_text][vc_empty_space height=&#8221;50px&#8221;][\/vc_column][vc_column width=&#8221;1\/4&#8243;]<div class=\"edgtf-team-holder\">\n            <div class=\"edgtf-team-image\">\n            <img decoding=\"async\" width=\"1240\" height=\"1240\" data-src=\"https:\/\/orgaeniclife.style\/wp-content\/uploads\/2019\/05\/MG_1035-como-objeto-inteligente-1.jpg\" class=\"edgtf-team-first-image lazyload\" alt=\"\" data-srcset=\"https:\/\/orgaeniclife.style\/wp-content\/uploads\/2019\/05\/MG_1035-como-objeto-inteligente-1.jpg 1240w, https:\/\/orgaeniclife.style\/wp-content\/uploads\/2019\/05\/MG_1035-como-objeto-inteligente-1-600x600.jpg 600w, https:\/\/orgaeniclife.style\/wp-content\/uploads\/2019\/05\/MG_1035-como-objeto-inteligente-1-150x150.jpg 150w, https:\/\/orgaeniclife.style\/wp-content\/uploads\/2019\/05\/MG_1035-como-objeto-inteligente-1-300x300.jpg 300w, https:\/\/orgaeniclife.style\/wp-content\/uploads\/2019\/05\/MG_1035-como-objeto-inteligente-1-768x768.jpg 768w, https:\/\/orgaeniclife.style\/wp-content\/uploads\/2019\/05\/MG_1035-como-objeto-inteligente-1-1024x1024.jpg 1024w, https:\/\/orgaeniclife.style\/wp-content\/uploads\/2019\/05\/MG_1035-como-objeto-inteligente-1-550x550.jpg 550w, https:\/\/orgaeniclife.style\/wp-content\/uploads\/2019\/05\/MG_1035-como-objeto-inteligente-1-1100x1100.jpg 1100w, https:\/\/orgaeniclife.style\/wp-content\/uploads\/2019\/05\/MG_1035-como-objeto-inteligente-1-100x100.jpg 100w\" data-sizes=\"auto\" src=\"data:image\/svg+xml;base64,PHN2ZyB3aWR0aD0iMSIgaGVpZ2h0PSIxIiB4bWxucz0iaHR0cDovL3d3dy53My5vcmcvMjAwMC9zdmciPjwvc3ZnPg==\" style=\"--smush-placeholder-width: 1240px; --smush-placeholder-aspect-ratio: 1240\/1240;\" data-original-sizes=\"(max-width: 1240px) 100vw, 1240px\" \/>                            <img decoding=\"async\" width=\"1240\" height=\"1240\" data-src=\"https:\/\/orgaeniclife.style\/wp-content\/uploads\/2019\/05\/MG_1035-como-objeto-inteligente-1.jpg\" class=\"edgtf-team-second-image lazyload\" alt=\"\" data-srcset=\"https:\/\/orgaeniclife.style\/wp-content\/uploads\/2019\/05\/MG_1035-como-objeto-inteligente-1.jpg 1240w, https:\/\/orgaeniclife.style\/wp-content\/uploads\/2019\/05\/MG_1035-como-objeto-inteligente-1-600x600.jpg 600w, https:\/\/orgaeniclife.style\/wp-content\/uploads\/2019\/05\/MG_1035-como-objeto-inteligente-1-150x150.jpg 150w, https:\/\/orgaeniclife.style\/wp-content\/uploads\/2019\/05\/MG_1035-como-objeto-inteligente-1-300x300.jpg 300w, https:\/\/orgaeniclife.style\/wp-content\/uploads\/2019\/05\/MG_1035-como-objeto-inteligente-1-768x768.jpg 768w, https:\/\/orgaeniclife.style\/wp-content\/uploads\/2019\/05\/MG_1035-como-objeto-inteligente-1-1024x1024.jpg 1024w, https:\/\/orgaeniclife.style\/wp-content\/uploads\/2019\/05\/MG_1035-como-objeto-inteligente-1-550x550.jpg 550w, https:\/\/orgaeniclife.style\/wp-content\/uploads\/2019\/05\/MG_1035-como-objeto-inteligente-1-1100x1100.jpg 1100w, https:\/\/orgaeniclife.style\/wp-content\/uploads\/2019\/05\/MG_1035-como-objeto-inteligente-1-100x100.jpg 100w\" data-sizes=\"auto\" src=\"data:image\/svg+xml;base64,PHN2ZyB3aWR0aD0iMSIgaGVpZ2h0PSIxIiB4bWxucz0iaHR0cDovL3d3dy53My5vcmcvMjAwMC9zdmciPjwvc3ZnPg==\" style=\"--smush-placeholder-width: 1240px; --smush-placeholder-aspect-ratio: 1240\/1240;\" data-original-sizes=\"(max-width: 1240px) 100vw, 1240px\" \/>                    <\/div>\n    \n    <div class=\"edgtf-team-info\">\n                    <h4 class=\"edgtf-team-name\" >\n            Patrick            <\/h4>\n        \n        \n        \n            <\/div>\n<\/div>[vc_column_text el_class=&#8221;edgtf-team-name&#8221;]GERULLIS[\/vc_column_text][vc_empty_space height=&#8221;10px&#8221;][vc_column_text]Amministrazione del personale[\/vc_column_text][vc_empty_space height=&#8221;10px&#8221;][vc_column_text el_class=&#8221;position&#8221;]<a href=\"tel:+49 351 4843380\">T +49 351 4843380<\/a><br \/>\n<a href=\"mailto:karriere@buk-management.com\">karriere@buk-management.com<\/a>[\/vc_column_text][vc_empty_space height=&#8221;50px&#8221;][\/vc_column][\/vc_row]<\/p>\n<\/div>","protected":false},"excerpt":{"rendered":"<p>[vc_row css=&#8221;.vc_custom_1527843088963{padding-top: 0px !important;padding-bottom: 0px !important;}&#8221; el_id=&#8221;edgtf-main-rev-holder&#8221;][vc_column][vc_single_image image=&#8221;7626&#8243; img_size=&#8221;full&#8221; css_animation=&#8221;fadeIn&#8221;][\/vc_column][\/vc_row][vc_row row_content_width=&#8221;grid&#8221;][vc_column width=&#8221;2\/3&#8243;][vc_column_text] org\u00c6nic salons [\/vc_column_text][vc_column_text] Stylist, top stylist e receptionist (m\/f\/d) Siete stylist, top stylist o receptionist o semplicemente siete appassionati dal mondo dell&#8217;acconciatura? Allora inviate la vostra candidatura ai nostri saloni ORG\u00c6NIC di Chemnitz o Zwickau all\u2019indirizzo sotto indicato. Noi non siamo qua a coccolarti. Sei tu ad avere [&hellip;]<\/p>\n","protected":false},"author":7,"featured_media":0,"parent":0,"menu_order":0,"comment_status":"closed","ping_status":"closed","template":"full-width.php","meta":{"footnotes":""},"class_list":["post-7471","page","type-page","status-publish","hentry"],"_links":{"self":[{"href":"https:\/\/orgaeniclife.style\/it\/wp-json\/wp\/v2\/pages\/7471","targetHints":{"allow":["GET"]}}],"collection":[{"href":"https:\/\/orgaeniclife.style\/it\/wp-json\/wp\/v2\/pages"}],"about":[{"href":"https:\/\/orgaeniclife.style\/it\/wp-json\/wp\/v2\/types\/page"}],"author":[{"embeddable":true,"href":"https:\/\/orgaeniclife.style\/it\/wp-json\/wp\/v2\/users\/7"}],"replies":[{"embeddable":true,"href":"https:\/\/orgaeniclife.style\/it\/wp-json\/wp\/v2\/comments?post=7471"}],"version-history":[{"count":0,"href":"https:\/\/orgaeniclife.style\/it\/wp-json\/wp\/v2\/pages\/7471\/revisions"}],"wp:attachment":[{"href":"https:\/\/orgaeniclife.style\/it\/wp-json\/wp\/v2\/media?parent=7471"}],"curies":[{"name":"wp","href":"https:\/\/api.w.org\/{rel}","templated":true}]}}