{"id":74532,"date":"2025-11-13T16:56:47","date_gmt":"2025-11-13T15:56:47","guid":{"rendered":"https:\/\/orgaeniclife.style\/?page_id=74532"},"modified":"2025-12-19T14:40:43","modified_gmt":"2025-12-19T13:40:43","slug":"house-of-orgaenic-zurigo","status":"publish","type":"page","link":"https:\/\/orgaeniclife.style\/it\/saloni\/house-of-orgaenic-zurigo","title":{"rendered":"House of ORG\u00c6NIC Zurigo"},"content":{"rendered":"<div class=\"wpb-content-wrapper\"><p>[vc_row css=&#8221;.vc_custom_1527843088963{padding-top: 0px !important;padding-bottom: 0px !important;}&#8221; el_id=&#8221;edgtf-main-rev-holder&#8221;][vc_column]<div class=\"edgtf-elements-holder   edgtf-one-column  edgtf-responsive-mode-768 \" ><div class=\"edgtf-eh-item    \"  data-item-class=\"edgtf-eh-custom-3014\" data-680=\"0px 25px 0px 25px\">\n    <div class=\"edgtf-eh-item-inner\">\n        <div class=\"edgtf-eh-item-content edgtf-eh-custom-3014\" >\n            \n\t\t\t<!-- START House of Orgaenic Zuerich REVOLUTION SLIDER 6.7.29 --><p class=\"rs-p-wp-fix\"><\/p>\n\t\t\t<rs-module-wrap id=\"rev_slider_30_1_wrapper\" data-source=\"gallery\" style=\"visibility:hidden;background:transparent;padding:0;margin:0px auto;margin-top:0;margin-bottom:0;\">\n\t\t\t\t<rs-module id=\"rev_slider_30_1\" style=\"\" data-version=\"6.7.29\">\n\t\t\t\t\t<rs-slides style=\"overflow: hidden; position: absolute;\">\n\t\t\t\t\t\t<rs-slide style=\"position: absolute;\" data-key=\"rs-206\" data-title=\"Slide\" data-thumb=\"\/\/orgaeniclife.style\/wp-content\/uploads\/2025\/11\/Slider_HouseOfOrgaenic_Zuerich_FreeHair_2048x960-100x50.jpg\" data-anim=\"adpr:false;\" data-in=\"o:0;\" data-out=\"a:false;\">\n\t\t\t\t\t\t\t<img decoding=\"async\" src=\"\/\/orgaeniclife.style\/wp-content\/plugins\/revslider\/sr6\/assets\/assets\/dummy.png\" alt=\"\" title=\"Slider_HouseOfOrgaenic_Z\u00fcrich_FreeHair_2048x960\" width=\"2048\" height=\"960\" class=\"rev-slidebg tp-rs-img rs-lazyload\" data-lazyload=\"\/\/orgaeniclife.style\/wp-content\/uploads\/2025\/11\/Slider_HouseOfOrgaenic_Zuerich_FreeHair_2048x960.jpg\" data-bg=\"p:center top;\" data-no-retina>\n<!---->\t\t\t\t\t<\/rs-slide>\n\t\t\t\t\t\t<rs-slide style=\"position: absolute;\" data-key=\"rs-205\" data-title=\"Slide\" data-thumb=\"\/\/orgaeniclife.style\/wp-content\/uploads\/2025\/11\/Slider_free_your_hair_2048x960-100x50.jpg\" data-anim=\"adpr:false;\" data-in=\"o:0;\" data-out=\"a:false;\">\n\t\t\t\t\t\t\t<img decoding=\"async\" src=\"\/\/orgaeniclife.style\/wp-content\/plugins\/revslider\/sr6\/assets\/assets\/dummy.png\" alt=\"\" title=\"Slider_free_your_hair_2048x960\" width=\"2048\" height=\"960\" class=\"rev-slidebg tp-rs-img rs-lazyload\" data-lazyload=\"\/\/orgaeniclife.style\/wp-content\/uploads\/2025\/11\/Slider_free_your_hair_2048x960.jpg\" data-bg=\"p:center top;\" data-no-retina>\n<!---->\t\t\t\t\t<\/rs-slide>\n\t\t\t\t\t<\/rs-slides>\n\t\t\t\t<\/rs-module>\n\t\t\t\t<script>\n\t\t\t\t\tsetREVStartSize({c: 'rev_slider_30_1',rl:[1240,1024,778,480],el:[1010,800,600,350],gw:[1920,1445,1025,480],gh:[1010,800,600,350],type:'standard',justify:'',layout:'fullwidth',mh:\"0\"});if (window.RS_MODULES!==undefined && window.RS_MODULES.modules!==undefined && window.RS_MODULES.modules[\"revslider301\"]!==undefined) {window.RS_MODULES.modules[\"revslider301\"].once = false;window.revapi30 = undefined;if (window.RS_MODULES.checkMinimal!==undefined) window.RS_MODULES.checkMinimal()}\n\t\t\t\t<\/script>\n\t\t\t<\/rs-module-wrap>\n\t\t\t<!-- END REVOLUTION SLIDER -->\n        <\/div>\n    <\/div>\n<\/div><\/div>[\/vc_column][\/vc_row][vc_row row_content_width=&#8221;grid&#8221; css=&#8221;.vc_custom_1547221588958{padding-bottom: 0px !important;}&#8221; simple_background_color=&#8221;#ffffff&#8221;][vc_column offset=&#8221;vc_col-lg-8 vc_col-md-12&#8243;][vc_column_text css=&#8221;&#8221;]<\/p>\n<h1>HOUSE<br \/>\nOF ORG\u00c6NIC<br \/>\nZURIGO<\/h1>\n<p>[\/vc_column_text][\/vc_column][\/vc_row][vc_row row_content_width=&#8221;grid&#8221;][vc_column][vc_empty_space height=&#8221;60px&#8221;][\/vc_column][\/vc_row][vc_row row_content_width=&#8221;grid&#8221; css=&#8221;.vc_custom_1546535211428{padding-bottom: 0px !important;}&#8221; simple_background_color=&#8221;#ffffff&#8221;][vc_column width=&#8221;1\/6&#8243;][\/vc_column][vc_column width=&#8221;2\/4&#8243;][vc_column_text css=&#8221;&#8221;]<span style=\"color: #000000;\">A partire dal 1\u00b0 ottobre 2025, il salone 7 Sense a Zurigo porta la firma di ORG\u00c6NIC Lifestyle. Franziska Giannotta arricchisce il team esistente con la sua competenza ORG\u00c6NIC. Lei accompagner\u00e0 in futuro lo sviluppo del salone verso una House of ORG\u00c6NIC, come sede sia del salone che dell\u2019accademia a Zurigo.<\/span>[\/vc_column_text][vc_empty_space height=&#8221;20px&#8221;][\/vc_column][vc_column width=&#8221;2\/6&#8243;][\/vc_column][\/vc_row][vc_row row_content_width=&#8221;grid&#8221;][vc_column][vc_empty_space height=&#8221;60px&#8221;][\/vc_column][\/vc_row][vc_row disable_element=&#8221;yes&#8221; row_content_width=&#8221;grid&#8221; css=&#8221;.vc_custom_1762948722940{padding-bottom: 0px !important;}&#8221; simple_background_color=&#8221;#ffffff&#8221;][vc_column width=&#8221;1\/2&#8243;][\/vc_column][vc_column width=&#8221;1\/2&#8243;][vc_empty_space height=&#8221;20px&#8221;][\/vc_column][\/vc_row][vc_row row_content_width=&#8221;grid&#8221; css=&#8221;.vc_custom_1546535211428{padding-bottom: 0px !important;}&#8221; simple_background_color=&#8221;#ffffff&#8221;][vc_column width=&#8221;1\/6&#8243;][\/vc_column][vc_column width=&#8221;2\/4&#8243;][vc_column_text css=&#8221;&#8221;]<\/p>\n<p style=\"margin: 0cm;\"><strong>Prenota subito il tuo appuntamento in salone<\/strong><\/p>\n<p>[\/vc_column_text][vc_empty_space height=&#8221;20px&#8221;][\/vc_column][vc_column width=&#8221;2\/6&#8243;][\/vc_column][\/vc_row][vc_row row_content_width=&#8221;grid&#8221; css=&#8221;.vc_custom_1546535211428{padding-bottom: 0px !important;}&#8221; simple_background_color=&#8221;#ffffff&#8221;][vc_column width=&#8221;1\/6&#8243;][\/vc_column][vc_column width=&#8221;2\/4&#8243;]<a itemprop=\"url\" href=\"https:\/\/www.phorest.com\/salon\/7sensegmbh\/book\/services?staffId=SJER__mtKpvNtvLuVN2DHA\" target=\"_self\"  class=\"edgtf-btn edgtf-btn-medium edgtf-btn-outline\"  >\n            <span class=\"edgtf-btn-text\">BOOK NOW<\/span>\n            <\/a>[\/vc_column][vc_column width=&#8221;2\/6&#8243;][\/vc_column][\/vc_row][vc_row row_content_width=&#8221;grid&#8221;][vc_column][vc_empty_space height=&#8221;100px&#8221;][\/vc_column][\/vc_row][vc_row row_content_width=&#8221;grid&#8221; css=&#8221;.vc_custom_1546535211428{padding-bottom: 0px !important;}&#8221; simple_background_color=&#8221;#ffffff&#8221;][vc_column width=&#8221;1\/6&#8243;][\/vc_column][vc_column width=&#8221;2\/4&#8243;][vc_column_text css=&#8221;&#8221;]<\/p>\n<p style=\"margin: 0cm;\"><span style=\"color: #000000;\"><strong>Per partecipare a un seminario clicca qui<\/strong><\/span><\/p>\n<p>[\/vc_column_text][vc_empty_space height=&#8221;20px&#8221;][\/vc_column][vc_column width=&#8221;2\/6&#8243;][\/vc_column][\/vc_row][vc_row row_content_width=&#8221;grid&#8221; css=&#8221;.vc_custom_1546535211428{padding-bottom: 0px !important;}&#8221; simple_background_color=&#8221;#ffffff&#8221;][vc_column width=&#8221;1\/6&#8243;][\/vc_column][vc_column width=&#8221;2\/4&#8243;]<a itemprop=\"url\" href=\"https:\/\/orgaeniclife.style\/it\/academy\" target=\"_self\"  class=\"edgtf-btn edgtf-btn-medium edgtf-btn-outline\"  >\n            <span class=\"edgtf-btn-text\">BOOK NOW SEMINARS<\/span>\n            <\/a>[\/vc_column][vc_column width=&#8221;2\/6&#8243;][\/vc_column][\/vc_row][vc_row row_content_width=&#8221;grid&#8221;][vc_column][vc_empty_space height=&#8221;200px&#8221;][\/vc_column][\/vc_row][vc_row row_content_width=&#8221;grid&#8221;][vc_column width=&#8221;2\/3&#8243; el_id=&#8221;wheretofindussalonwalgaesschen&#8221;][vc_column_text]<\/p>\n<h2 class=\"p1\">where to<br \/>\nfind us<\/h2>\n<p>[\/vc_column_text][\/vc_column][vc_column width=&#8221;1\/3&#8243; el_class=&#8221;align_right&#8221;][vc_empty_space height=&#8221;7em&#8221; el_class=&#8221;only_desktop&#8221;]<a itemprop=\"url\" href=\"http:\/\/it\/salons\/\" target=\"_self\"  class=\"edgtf-btn edgtf-btn-medium edgtf-btn-outline\"  >\n            <span class=\"edgtf-btn-text\">ALL SALONS<\/span>\n            <\/a>[vc_empty_space height=&#8221;3em&#8221; el_class=&#8221;only_mobile&#8221;][\/vc_column][\/vc_row][vc_row row_content_width=&#8221;grid&#8221; el_class=&#8221;contact_row&#8221;][vc_column width=&#8221;1\/2&#8243; offset=&#8221;vc_col-lg-3 vc_col-md-4 vc_col-xs-12&#8243;][vc_column_text css=&#8221;&#8221;]<span style=\"color: #000000;\">vicino all&#8217;Universit\u00e0 delle Arti di Zurigo<\/span><br \/>\n<span style=\"color: #000000;\">F\u00f6rrlibuckstra\u00dfe 72<\/span><span style=\"color: #000000;\"><br \/>\n<\/span><span style=\"color: #000000;\">8005 Zurigo<\/span>[\/vc_column_text][\/vc_column][vc_column width=&#8221;1\/2&#8243; offset=&#8221;vc_col-lg-3 vc_col-md-4 vc_col-xs-12&#8243; el_class=&#8221;middle&#8221;][vc_column_text css=&#8221;&#8221;]<span style=\"color: #000000;\"><a style=\"color: #000000;\" href=\"tel:+41435432200\">+41 43 543 22 00<\/a><\/span><\/p>\n<p><span style=\"color: #000000;\"><u><a style=\"color: #000000;\" href=\"mailto:info@7sensehairsalon.ch\">info@7sensehairsalon.ch<\/a><\/u><\/span>[\/vc_column_text][\/vc_column][vc_column width=&#8221;1\/2&#8243; offset=&#8221;vc_col-lg-3 vc_col-md-4 vc_col-xs-12&#8243;][vc_column_text css=&#8221;&#8221;]<\/p>\n<table width=\"100%\">\n<tbody>\n<tr>\n<td>Luned\u00ec<\/td>\n<td>chiuso<\/td>\n<\/tr>\n<tr>\n<td>Marted\u00ec<\/td>\n<td>10 &#8211; 20<\/td>\n<\/tr>\n<tr>\n<td>Mercoled\u00ec<\/td>\n<td>10 &#8211; 20<\/td>\n<\/tr>\n<tr>\n<td>Gioved\u00ec<\/td>\n<td>10 &#8211; 20<\/td>\n<\/tr>\n<tr>\n<td>Venerd\u00ec<\/td>\n<td>10 &#8211; 20<\/td>\n<\/tr>\n<tr>\n<td>Sabato<\/td>\n<td>9 &#8211; 16<\/td>\n<\/tr>\n<\/tbody>\n<\/table>\n<p>[\/vc_column_text][\/vc_column][vc_column width=&#8221;1\/2&#8243; offset=&#8221;vc_col-lg-3 vc_col-md-4 vc_col-xs-12&#8243; el_class=&#8221;last&#8221;][vc_column_text css=&#8221;&#8221;]<a href=\"https:\/\/share.google\/PME94HoNjGMlevu5f\">Google Maps<\/a><a href=\"https:\/\/www.instagram.com\/houseoforgaenic.dubai\/\" target=\"_blank\" rel=\"noopener noreferrer\"><br \/>\nInstagram<\/a><br \/>\n<a href=\"\/\/www.facebook.com\/ORG\u00c6NIC-Salon-2149421988611883\" target=\"_blank\" rel=\"noopener noreferrer\">Facebook<\/a><br \/>\n<a href=\"\/\/www.youtube.com\/channel\/UCmi_AyfCvFHDGMmvAgi5ifg\/videos?view_as=public\" target=\"_blank\" rel=\"noopener noreferrer\">YouTube<\/a>[\/vc_column_text][\/vc_column][\/vc_row][vc_row][vc_column][vc_empty_space height=&#8221;40px&#8221;][\/vc_column][\/vc_row]<\/p>\n<\/div>","protected":false},"excerpt":{"rendered":"<p>[vc_row css=&#8221;.vc_custom_1527843088963{padding-top: 0px !important;padding-bottom: 0px !important;}&#8221; el_id=&#8221;edgtf-main-rev-holder&#8221;][vc_column][\/vc_column][\/vc_row][vc_row row_content_width=&#8221;grid&#8221; css=&#8221;.vc_custom_1547221588958{padding-bottom: 0px !important;}&#8221; simple_background_color=&#8221;#ffffff&#8221;][vc_column offset=&#8221;vc_col-lg-8 vc_col-md-12&#8243;][vc_column_text css=&#8221;&#8221;] HOUSE OF ORG\u00c6NIC ZURIGO [\/vc_column_text][\/vc_column][\/vc_row][vc_row row_content_width=&#8221;grid&#8221;][vc_column][vc_empty_space height=&#8221;60px&#8221;][\/vc_column][\/vc_row][vc_row row_content_width=&#8221;grid&#8221; css=&#8221;.vc_custom_1546535211428{padding-bottom: 0px !important;}&#8221; simple_background_color=&#8221;#ffffff&#8221;][vc_column width=&#8221;1\/6&#8243;][\/vc_column][vc_column width=&#8221;2\/4&#8243;][vc_column_text css=&#8221;&#8221;]A partire dal 1\u00b0 ottobre 2025, il salone 7 Sense a Zurigo porta la firma di ORG\u00c6NIC Lifestyle. Franziska Giannotta arricchisce il team esistente con la sua competenza ORG\u00c6NIC. Lei accompagner\u00e0 [&hellip;]<\/p>\n","protected":false},"author":7,"featured_media":0,"parent":6975,"menu_order":0,"comment_status":"closed","ping_status":"closed","template":"full-width.php","meta":{"footnotes":""},"class_list":["post-74532","page","type-page","status-publish","hentry"],"_links":{"self":[{"href":"https:\/\/orgaeniclife.style\/it\/wp-json\/wp\/v2\/pages\/74532","targetHints":{"allow":["GET"]}}],"collection":[{"href":"https:\/\/orgaeniclife.style\/it\/wp-json\/wp\/v2\/pages"}],"about":[{"href":"https:\/\/orgaeniclife.style\/it\/wp-json\/wp\/v2\/types\/page"}],"author":[{"embeddable":true,"href":"https:\/\/orgaeniclife.style\/it\/wp-json\/wp\/v2\/users\/7"}],"replies":[{"embeddable":true,"href":"https:\/\/orgaeniclife.style\/it\/wp-json\/wp\/v2\/comments?post=74532"}],"version-history":[{"count":5,"href":"https:\/\/orgaeniclife.style\/it\/wp-json\/wp\/v2\/pages\/74532\/revisions"}],"predecessor-version":[{"id":74735,"href":"https:\/\/orgaeniclife.style\/it\/wp-json\/wp\/v2\/pages\/74532\/revisions\/74735"}],"up":[{"embeddable":true,"href":"https:\/\/orgaeniclife.style\/it\/wp-json\/wp\/v2\/pages\/6975"}],"wp:attachment":[{"href":"https:\/\/orgaeniclife.style\/it\/wp-json\/wp\/v2\/media?parent=74532"}],"curies":[{"name":"wp","href":"https:\/\/api.w.org\/{rel}","templated":true}]}}