{"id":6890,"date":"2019-06-28T13:14:42","date_gmt":"2019-06-28T11:14:42","guid":{"rendered":"https:\/\/orgaeniclife.style\/academy\/orgaenic-hostel\/"},"modified":"2023-09-30T20:57:28","modified_gmt":"2023-09-30T18:57:28","slug":"hotel","status":"publish","type":"page","link":"https:\/\/orgaeniclife.style\/it\/academy\/hotel","title":{"rendered":"Hotel"},"content":{"rendered":"<div class=\"wpb-content-wrapper\"><p>[vc_row css=&#8221;.vc_custom_1527843088963{padding-top: 0px !important;padding-bottom: 0px !important;}&#8221; el_id=&#8221;edgtf-main-rev-holder&#8221;][vc_column][vc_single_image image=&#8221;18372&#8243; img_size=&#8221;full&#8221; css_animation=&#8221;fadeIn&#8221;][\/vc_column][\/vc_row][vc_row row_content_width=&#8221;grid&#8221; css=&#8221;.vc_custom_1547221588958{padding-bottom: 0px !important;}&#8221; simple_background_color=&#8221;#ffffff&#8221;][vc_column offset=&#8221;vc_col-lg-8 vc_col-md-12&#8243;][vc_column_text]<\/p>\n<h1>dresda<\/h1>\n<p>[\/vc_column_text][\/vc_column][\/vc_row][vc_row row_content_width=&#8221;grid&#8221; css=&#8221;.vc_custom_1546535211428{padding-bottom: 0px !important;}&#8221; simple_background_color=&#8221;#ffffff&#8221;][vc_column width=&#8221;1\/2&#8243;][vc_column_text]Certo, il mondo ama la nostra \u00abDisneyland barocca\u00bb ma Dresda, capitale della Sassonia, ha visto e vissuto molto di pi\u00f9; e molte persone hanno lasciato il segno nell&#8217;anima della citt\u00e0. Uno tra questi il principe sassone Augusto il Forte che, grazie alla sua passione nel collezionare cose belle, ha dato alla citt\u00e0 di provincia, ammuffita nel XVII secolo, il nimbo d&#8217;oro della citt\u00e0 cosmopolita. Anche lo scrittore Erich K\u00e4stner ha lasciato il segno, dedicando alla citt\u00e0 \u2013 la sua citt\u00e0 natale &#8211; un intero, tenero romanzo. A sinistra dell&#8217;Elba troviamo la Frauenkirche (in ital. la Chiesa di Nostra Signora), la Semperoper (in ital. il Teatro dell\u2018Opera) e la Pinacoteca \u00abAlte Meister\u00bb (in ital. dei \u00abVecchi Maestri\u00bb), piena di sacri \u00abculetti di putti\u00bb e non solo. Alla destra del fiume si trova invece la vivace \u00abInnere Neustadt\u00bb (in ital. citt\u00e0 nuova) con i suoi locali alla moda, gli innumerevoli kebab, i russi Pelmeni e i ristoranti asiatici; e non ultima la sua selvaggia vita boh\u00e9mien. Dresda \u00e8 una citt\u00e0 arenaria ricca di graffiti, \u00e8 citt\u00e0 vecchia e citt\u00e0 nuova; una citt\u00e0 che anche in passato era schierata contro i visionari.[\/vc_column_text][\/vc_column][vc_column width=&#8221;1\/2&#8243;][vc_empty_space height=&#8221;90px&#8221;][vc_column_text]\u00c9 una vera emozione. Qualche volta \u00e8 rumorosa; si sentono crepitii, scintille e scoppiettii \u2013 ma \u00e8 una citt\u00e0 viva. E noi siamo al centro di tutto questo. Da anni. Perch\u00e9? Perch\u00e9 \u00e8 proprio in questo clima che \u00e8 possibile crescere e diventare una versione migliore di se stessi. Dresda \u00e8 il nostro \u00abplace to be\u00bb, il posto giusto dove stare. E siamo onorati di avervi qui. Durante il vostro seminario anche voi avrete modo di conoscere tutte le sfaccettature della citt\u00e0 sull&#8217;Elba. E anche di mettere a riposo la vostra testa stanca. Decadente o alternativo &#8211; abbiamo la cosa che fa per voi: qui troverete alcuni tra i migliori motel e hotel, ubicati in entrambi i cuori della citt\u00e0.<\/p>\n<p>&nbsp;<\/p>\n<p><a href=\"\/\/www.dresden.de\/de\/tourismus\/tourismus.html.php\" target=\"_blank\" rel=\"noopener noreferrer\">Maggiori informazioni<\/a>[\/vc_column_text][\/vc_column][\/vc_row][vc_row row_content_width=&#8221;grid&#8221;][vc_column][vc_empty_space height=&#8221;82px&#8221; el_class=&#8221;mobile_hidden&#8221;][vc_column_text]<\/p>\n<h4>BENVENUTI A DRESDA<\/h4>\n<p>[\/vc_column_text][vc_empty_space el_class=&#8221;mobile_hidden&#8221;][vc_empty_space el_class=&#8221;mobile_hidden&#8221;][\/vc_column][\/vc_row][vc_row row_content_width=&#8221;grid&#8221;][vc_column width=&#8221;1\/3&#8243;]<div class=\"edgtf-image-with-text-holder    edgtf-image-behavior-custom-link\">\n    <div class=\"edgtf-iwt-image\">\n                    <a itemprop=\"url\" href=\"https:\/\/www.motel-one.com\/de\/hotels\/dresden\/hotel-dresden-am-zwinger\/\" target=\"_blank\">\n                                                    <img decoding=\"async\" width=\"1114\" height=\"746\" data-src=\"https:\/\/orgaeniclife.style\/wp-content\/uploads\/2020\/05\/motel_one_amzwinger_1114x746px-1.jpg\" class=\"attachment-full size-full lazyload\" alt=\"\" data-srcset=\"https:\/\/orgaeniclife.style\/wp-content\/uploads\/2020\/05\/motel_one_amzwinger_1114x746px-1.jpg 1114w, https:\/\/orgaeniclife.style\/wp-content\/uploads\/2020\/05\/motel_one_amzwinger_1114x746px-1-300x201.jpg 300w, https:\/\/orgaeniclife.style\/wp-content\/uploads\/2020\/05\/motel_one_amzwinger_1114x746px-1-1024x686.jpg 1024w, https:\/\/orgaeniclife.style\/wp-content\/uploads\/2020\/05\/motel_one_amzwinger_1114x746px-1-768x514.jpg 768w, https:\/\/orgaeniclife.style\/wp-content\/uploads\/2020\/05\/motel_one_amzwinger_1114x746px-1-600x402.jpg 600w\" data-sizes=\"auto\" src=\"data:image\/svg+xml;base64,PHN2ZyB3aWR0aD0iMSIgaGVpZ2h0PSIxIiB4bWxucz0iaHR0cDovL3d3dy53My5vcmcvMjAwMC9zdmciPjwvc3ZnPg==\" style=\"--smush-placeholder-width: 1114px; --smush-placeholder-aspect-ratio: 1114\/746;\" data-original-sizes=\"(max-width: 1114px) 100vw, 1114px\" \/>                                            <\/a>\n            <\/div>\n    <div class=\"edgtf-iwt-text-holder\">\n                <div class=\"edgtf-iwt-title-wrapper\">\n            <h4 class=\"edgtf-iwt-title\" >Motel One allo Zwinger<\/h4>\n    <\/div>\n                <div class=\"edgtf-iwt-text-wrapper\">\n            <p class=\"edgtf-iwt-text\" >Porcellana - profana? Augusto il Forte era ossessionato dall\u2019arte della porcellana, il cosiddetto \u00aboro bianco\u00bb. Con il suo meraviglioso arredamento, il Motel One allo Zwinger rende omaggio alla collezione di porcellane di Dresda. Un&#039;oasi di pace vicino al pulsante \u00abcuore barocco\u00bb.<\/p>\n        <\/div>\n    <\/div>\n<\/div>[vc_column_text el_class=&#8221;padding_text&#8221;]<a href=\"https:\/\/www.motel-one.com\/de\/hotels\/dresden\/hotel-dresden-am-zwinger\/\" target=\"_blank\" rel=\"noopener noreferrer\">Maggiori informazioni<\/a>[\/vc_column_text][vc_empty_space el_class=&#8221;only_mobile&#8221;][\/vc_column][vc_column width=&#8221;1\/3&#8243;]<div class=\"edgtf-image-with-text-holder    edgtf-image-behavior-custom-link\">\n    <div class=\"edgtf-iwt-image\">\n                    <a itemprop=\"url\" href=\"https:\/\/www.motel-one.com\/de\/hotels\/dresden\/hotel-dresden-palaisplatz\/\" target=\"_blank\">\n                                                    <img decoding=\"async\" width=\"1114\" height=\"746\" data-src=\"https:\/\/orgaeniclife.style\/wp-content\/uploads\/2019\/04\/readmore_motelone_1114x746px.jpg\" class=\"attachment-full size-full lazyload\" alt=\"\" data-srcset=\"https:\/\/orgaeniclife.style\/wp-content\/uploads\/2019\/04\/readmore_motelone_1114x746px.jpg 1114w, https:\/\/orgaeniclife.style\/wp-content\/uploads\/2019\/04\/readmore_motelone_1114x746px-300x201.jpg 300w, https:\/\/orgaeniclife.style\/wp-content\/uploads\/2019\/04\/readmore_motelone_1114x746px-768x514.jpg 768w, https:\/\/orgaeniclife.style\/wp-content\/uploads\/2019\/04\/readmore_motelone_1114x746px-1024x686.jpg 1024w, https:\/\/orgaeniclife.style\/wp-content\/uploads\/2019\/04\/readmore_motelone_1114x746px-600x402.jpg 600w\" data-sizes=\"auto\" src=\"data:image\/svg+xml;base64,PHN2ZyB3aWR0aD0iMSIgaGVpZ2h0PSIxIiB4bWxucz0iaHR0cDovL3d3dy53My5vcmcvMjAwMC9zdmciPjwvc3ZnPg==\" style=\"--smush-placeholder-width: 1114px; --smush-placeholder-aspect-ratio: 1114\/746;\" data-original-sizes=\"(max-width: 1114px) 100vw, 1114px\" \/>                                            <\/a>\n            <\/div>\n    <div class=\"edgtf-iwt-text-holder\">\n                <div class=\"edgtf-iwt-title-wrapper\">\n            <h4 class=\"edgtf-iwt-title\" >Motel One al Palaisplatz<\/h4>\n    <\/div>\n                <div class=\"edgtf-iwt-text-wrapper\">\n            <p class=\"edgtf-iwt-text\" >\u00abLe piccole cose fanno la differenza!\u00bb \u2026e a volte cambiano la vita. Proprio come scrisse Erich K\u00e4stner che ritroverete negli arredamenti del Motel One al Palaisplatz situato nell\u2019\u00abInnere Neustadt\u00bb, ossia nel cuore della scena pulsante di Dresda. Qui scoprirete nel dettaglio le piccole e le grandi differenze.<\/p>\n        <\/div>\n    <\/div>\n<\/div>[vc_column_text el_class=&#8221;padding_text&#8221;]<a href=\"\/\/www.motel-one.com\/de\/hotels\/dresden\/hotel-dresden-palaisplatz\/#scrollTopAnchor\" target=\"_blank\" rel=\"noopener noreferrer\">Maggiori informazioni<\/a>[\/vc_column_text][vc_empty_space el_class=&#8221;only_mobile&#8221;][\/vc_column][vc_column width=&#8221;1\/3&#8243;]<div class=\"edgtf-image-with-text-holder    edgtf-image-behavior-custom-link\">\n    <div class=\"edgtf-iwt-image\">\n                    <a itemprop=\"url\" href=\"https:\/\/www.vagabondclub.com\/dresden\/\" target=\"_blank\">\n                                                    <img decoding=\"async\" width=\"1114\" height=\"746\" data-src=\"https:\/\/orgaeniclife.style\/wp-content\/uploads\/2019\/04\/readmore_viennahouse_1114x746px.jpg\" class=\"attachment-full size-full lazyload\" alt=\"\" data-srcset=\"https:\/\/orgaeniclife.style\/wp-content\/uploads\/2019\/04\/readmore_viennahouse_1114x746px.jpg 1114w, https:\/\/orgaeniclife.style\/wp-content\/uploads\/2019\/04\/readmore_viennahouse_1114x746px-300x201.jpg 300w, https:\/\/orgaeniclife.style\/wp-content\/uploads\/2019\/04\/readmore_viennahouse_1114x746px-768x514.jpg 768w, https:\/\/orgaeniclife.style\/wp-content\/uploads\/2019\/04\/readmore_viennahouse_1114x746px-1024x686.jpg 1024w, https:\/\/orgaeniclife.style\/wp-content\/uploads\/2019\/04\/readmore_viennahouse_1114x746px-600x402.jpg 600w\" data-sizes=\"auto\" src=\"data:image\/svg+xml;base64,PHN2ZyB3aWR0aD0iMSIgaGVpZ2h0PSIxIiB4bWxucz0iaHR0cDovL3d3dy53My5vcmcvMjAwMC9zdmciPjwvc3ZnPg==\" style=\"--smush-placeholder-width: 1114px; --smush-placeholder-aspect-ratio: 1114\/746;\" data-original-sizes=\"(max-width: 1114px) 100vw, 1114px\" \/>                                            <\/a>\n            <\/div>\n    <div class=\"edgtf-iwt-text-holder\">\n                <div class=\"edgtf-iwt-title-wrapper\">\n            <h4 class=\"edgtf-iwt-title\" >Townhouse QF di Dresda<\/h4>\n    <\/div>\n                <div class=\"edgtf-iwt-text-wrapper\">\n            <p class=\"edgtf-iwt-text\" >Chic. Senza tempo. E ancora chic. Non c&#039;\u00e8 niente di pi\u00f9 esclusivo: Townhouse QF Dresden, sarete davvero nel cuore della citt\u00e0. \u00abArs Vivendi\u00bb, l\u2019arte del vivere. Ubicato di fronte alla Frauenkirche, con un design in stile nobile e un\u2019ospitalit\u00e0 tutta italiana. E la vostra Academy si trova proprio dietro l\u2019angolo!<\/p>\n        <\/div>\n    <\/div>\n<\/div>[vc_column_text el_class=&#8221;padding_text&#8221;]<a href=\"https:\/\/www.vagabondclub.com\/dresden\/\" target=\"_blank\" rel=\"noopener noreferrer\">Maggiori informazioni<\/a>[\/vc_column_text][vc_empty_space el_class=&#8221;only_mobile&#8221;][\/vc_column][\/vc_row][vc_row row_content_width=&#8221;grid&#8221;][vc_column][vc_empty_space height=&#8221;80px&#8221;][\/vc_column][\/vc_row]<\/p>\n<\/div>","protected":false},"excerpt":{"rendered":"<p>[vc_row css=&#8221;.vc_custom_1527843088963{padding-top: 0px !important;padding-bottom: 0px !important;}&#8221; el_id=&#8221;edgtf-main-rev-holder&#8221;][vc_column][vc_single_image image=&#8221;18372&#8243; img_size=&#8221;full&#8221; css_animation=&#8221;fadeIn&#8221;][\/vc_column][\/vc_row][vc_row row_content_width=&#8221;grid&#8221; css=&#8221;.vc_custom_1547221588958{padding-bottom: 0px !important;}&#8221; simple_background_color=&#8221;#ffffff&#8221;][vc_column offset=&#8221;vc_col-lg-8 vc_col-md-12&#8243;][vc_column_text] dresda [\/vc_column_text][\/vc_column][\/vc_row][vc_row row_content_width=&#8221;grid&#8221; css=&#8221;.vc_custom_1546535211428{padding-bottom: 0px !important;}&#8221; simple_background_color=&#8221;#ffffff&#8221;][vc_column width=&#8221;1\/2&#8243;][vc_column_text]Certo, il mondo ama la nostra \u00abDisneyland barocca\u00bb ma Dresda, capitale della Sassonia, ha visto e vissuto molto di pi\u00f9; e molte persone hanno lasciato il segno nell&#8217;anima della citt\u00e0. Uno tra questi il principe sassone [&hellip;]<\/p>\n","protected":false},"author":7,"featured_media":0,"parent":73207,"menu_order":0,"comment_status":"closed","ping_status":"closed","template":"full-width.php","meta":{"footnotes":""},"class_list":["post-6890","page","type-page","status-publish","hentry"],"_links":{"self":[{"href":"https:\/\/orgaeniclife.style\/it\/wp-json\/wp\/v2\/pages\/6890","targetHints":{"allow":["GET"]}}],"collection":[{"href":"https:\/\/orgaeniclife.style\/it\/wp-json\/wp\/v2\/pages"}],"about":[{"href":"https:\/\/orgaeniclife.style\/it\/wp-json\/wp\/v2\/types\/page"}],"author":[{"embeddable":true,"href":"https:\/\/orgaeniclife.style\/it\/wp-json\/wp\/v2\/users\/7"}],"replies":[{"embeddable":true,"href":"https:\/\/orgaeniclife.style\/it\/wp-json\/wp\/v2\/comments?post=6890"}],"version-history":[{"count":3,"href":"https:\/\/orgaeniclife.style\/it\/wp-json\/wp\/v2\/pages\/6890\/revisions"}],"predecessor-version":[{"id":63899,"href":"https:\/\/orgaeniclife.style\/it\/wp-json\/wp\/v2\/pages\/6890\/revisions\/63899"}],"up":[{"embeddable":true,"href":"https:\/\/orgaeniclife.style\/it\/wp-json\/wp\/v2\/pages\/73207"}],"wp:attachment":[{"href":"https:\/\/orgaeniclife.style\/it\/wp-json\/wp\/v2\/media?parent=6890"}],"curies":[{"name":"wp","href":"https:\/\/api.w.org\/{rel}","templated":true}]}}