{"id":66645,"date":"2024-03-21T16:46:47","date_gmt":"2024-03-21T15:46:47","guid":{"rendered":"https:\/\/orgaeniclife.style\/?page_id=66645"},"modified":"2026-04-10T16:26:35","modified_gmt":"2026-04-10T14:26:35","slug":"house-of-orgaenic-dubai","status":"publish","type":"page","link":"https:\/\/orgaeniclife.style\/it\/saloni\/house-of-orgaenic-dubai","title":{"rendered":"House of ORG\u00c6NIC Dubai"},"content":{"rendered":"<div class=\"wpb-content-wrapper\"><p>[vc_row css=&#8221;.vc_custom_1527843088963{padding-top: 0px !important;padding-bottom: 0px !important;}&#8221; el_id=&#8221;edgtf-main-rev-holder&#8221;][vc_column]<div class=\"edgtf-elements-holder   edgtf-one-column  edgtf-responsive-mode-768 \" ><div class=\"edgtf-eh-item    \"  data-item-class=\"edgtf-eh-custom-4281\" data-680=\"0px 25px 0px 25px\">\n    <div class=\"edgtf-eh-item-inner\">\n        <div class=\"edgtf-eh-item-content edgtf-eh-custom-4281\" style=\"padding: 0px 45px 0px 45px\">\n            \n\t\t\t<!-- START House of Orgaenic Dubai REVOLUTION SLIDER 6.7.29 --><p class=\"rs-p-wp-fix\"><\/p>\n\t\t\t<rs-module-wrap id=\"rev_slider_26_1_wrapper\" data-source=\"gallery\" style=\"visibility:hidden;background:transparent;padding:0;margin:0px auto;margin-top:0;margin-bottom:0;\">\n\t\t\t\t<rs-module id=\"rev_slider_26_1\" style=\"\" data-version=\"6.7.29\">\n\t\t\t\t\t<rs-slides style=\"overflow: hidden; position: absolute;\">\n\t\t\t\t\t\t<rs-slide style=\"position: absolute;\" data-key=\"rs-192\" data-title=\"Slide\" data-thumb=\"\/\/orgaeniclife.style\/wp-content\/uploads\/2024\/12\/Slider_HouseOfOrgaenic_2048x960-scaled-100x50.jpg\" data-anim=\"adpr:false;\">\n\t\t\t\t\t\t\t<img decoding=\"async\" src=\"\/\/orgaeniclife.style\/wp-content\/plugins\/revslider\/sr6\/assets\/assets\/dummy.png\" alt=\"\" title=\"House of ORG\u00c6NIC Dubai\" class=\"rev-slidebg tp-rs-img rs-lazyload\" data-lazyload=\"\/\/orgaeniclife.style\/wp-content\/uploads\/2024\/12\/Slider_HouseOfOrgaenic_2048x960-scaled.jpg\" data-bg=\"p:center top;\" data-no-retina>\n<!---->\t\t\t\t\t<\/rs-slide>\n\t\t\t\t\t\t<rs-slide style=\"position: absolute;\" data-key=\"rs-190\" data-title=\"Slide\" data-thumb=\"\/\/orgaeniclife.style\/wp-content\/uploads\/2024\/12\/Slider_HouseOfOrgaenic_2048x9602-scaled-100x50.jpg\" data-anim=\"adpr:false;\">\n\t\t\t\t\t\t\t<img decoding=\"async\" src=\"\/\/orgaeniclife.style\/wp-content\/plugins\/revslider\/sr6\/assets\/assets\/dummy.png\" alt=\"\" title=\"House of ORG\u00c6NIC Dubai\" class=\"rev-slidebg tp-rs-img rs-lazyload\" data-lazyload=\"\/\/orgaeniclife.style\/wp-content\/uploads\/2024\/12\/Slider_HouseOfOrgaenic_2048x9602-scaled.jpg\" data-bg=\"p:center top;\" data-no-retina>\n<!---->\t\t\t\t\t<\/rs-slide>\n\t\t\t\t\t<\/rs-slides>\n\t\t\t\t<\/rs-module>\n\t\t\t\t<script>\n\t\t\t\t\tsetREVStartSize({c: 'rev_slider_26_1',rl:[1240,1024,778,480],el:[],gw:[1920,1445,1025,480],gh:[1010,800,600,350],type:'standard',justify:'',layout:'fullwidth',mh:\"0\"});if (window.RS_MODULES!==undefined && window.RS_MODULES.modules!==undefined && window.RS_MODULES.modules[\"revslider261\"]!==undefined) {window.RS_MODULES.modules[\"revslider261\"].once = false;window.revapi26 = undefined;if (window.RS_MODULES.checkMinimal!==undefined) window.RS_MODULES.checkMinimal()}\n\t\t\t\t<\/script>\n\t\t\t<\/rs-module-wrap>\n\t\t\t<!-- END REVOLUTION SLIDER -->\n        <\/div>\n    <\/div>\n<\/div><\/div>[\/vc_column][\/vc_row][vc_row row_content_width=&#8221;grid&#8221; css=&#8221;.vc_custom_1547221588958{padding-bottom: 0px !important;}&#8221; simple_background_color=&#8221;#ffffff&#8221;][vc_column offset=&#8221;vc_col-lg-8 vc_col-md-12&#8243;][vc_column_text]<\/p>\n<h1>HOUSE<br \/>\nOF ORG\u00c6NIC<br \/>\nDUBAI<\/h1>\n<p>[\/vc_column_text][\/vc_column][\/vc_row][vc_row row_content_width=&#8221;grid&#8221;][vc_column][vc_empty_space height=&#8221;60px&#8221;][\/vc_column][\/vc_row][vc_row row_content_width=&#8221;grid&#8221; css=&#8221;.vc_custom_1546535211428{padding-bottom: 0px !important;}&#8221; simple_background_color=&#8221;#ffffff&#8221;][vc_column width=&#8221;1\/6&#8243;][\/vc_column][vc_column width=&#8221;2\/4&#8243;][vc_column_text]Con le sue 3 sedi a Berlino, Dresda e Dubai, <strong>House of ORG\u00c6NIC<\/strong> \u00e8 una casa delle idee, dei desideri e del potenziale, nonch\u00e9 un forum di incontro e dialogo. Tutti i marchi sono riuniti sotto lo stesso tetto: il concetto combina un salone di lusso, un&#8217;accademia e l&#8217;intero mondo dei prodotti ORG\u00c6NIC.[\/vc_column_text][vc_empty_space height=&#8221;20px&#8221;][\/vc_column][vc_column width=&#8221;2\/6&#8243;][\/vc_column][\/vc_row][vc_row row_content_width=&#8221;grid&#8221;][vc_column][vc_empty_space height=&#8221;60px&#8221;][\/vc_column][\/vc_row][vc_row row_content_width=&#8221;grid&#8221; css=&#8221;.vc_custom_1546535211428{padding-bottom: 0px !important;}&#8221; simple_background_color=&#8221;#ffffff&#8221;][vc_column width=&#8221;1\/6&#8243;][\/vc_column][vc_column width=&#8221;2\/4&#8243;][vc_column_text css=&#8221;&#8221;]<span data-contrast=\"auto\">In Dubai, future is created today. Embark with us on this journey.<\/span><span data-ccp-props=\"{}\">\u00a0<\/span><\/p>\n<p><strong>Welcome to the House of ORG\u00c6NIC Dubai\u00a0<\/strong><\/p>\n<p><span data-contrast=\"auto\">Discover our House of ORG\u00c6NIC in Dubai \u2013 Home of sustainable excellence in future Hairdressing.<\/span> <span data-contrast=\"auto\">The realm of luxurious Haircare and patented holistic hairdressing, crafted from deep professional experience and\u202fknowledge. On the way to reviving every single hair\u2019s radiance and sustainable power. The very foundation of our global success. The Dubai Dependance is Pioneer\u2019s work created by internationally successful entrepreneurs Petra Brockmann and Thomas Brockmann-Kn\u00f6dler.<\/span>[\/vc_column_text][vc_empty_space height=&#8221;20px&#8221;][\/vc_column][vc_column width=&#8221;2\/6&#8243;][\/vc_column][\/vc_row][vc_row row_content_width=&#8221;grid&#8221; css=&#8221;.vc_custom_1546535211428{padding-bottom: 0px !important;}&#8221; simple_background_color=&#8221;#ffffff&#8221;][vc_column width=&#8221;1\/2&#8243;][\/vc_column][vc_column width=&#8221;1\/2&#8243;][vc_column_text]<span class=\"TextRun SCXW216573222 BCX0\" lang=\"EN-GB\" xml:lang=\"EN-GB\" data-contrast=\"auto\"><span class=\"NormalTextRun SCXW216573222 BCX0\">A hub dedicated to shared knowledge and young talent education. Where decades of experience on the global market join forces with values and approaches from across the globe. <\/span><span class=\"NormalTextRun SCXW216573222 BCX0\">Zero<\/span><span class=\"NormalTextRun SCXW216573222 BCX0\"> clash of cultures. <\/span><span class=\"NormalTextRun SCXW216573222 BCX0\">But on our way to f<\/span><span class=\"NormalTextRun SCXW216573222 BCX0\">orging the link between cultures, traditional <\/span><span class=\"NormalTextRun SCXW216573222 BCX0\">way<\/span><span class=\"NormalTextRun SCXW216573222 BCX0\">s<\/span><span class=\"NormalTextRun SCXW216573222 BCX0\"> an<\/span><span class=\"NormalTextRun SCXW216573222 BCX0\">d future approaches.<\/span> <span class=\"NormalTextRun SCXW216573222 BCX0\">The link between inner and outer worlds. Unequalled, unchanged. For everyone. Get in touch. Become an ambassador for real sustainability.<\/span><span class=\"NormalTextRun SCXW216573222 BCX0\">\u00a0<\/span><\/span><span class=\"EOP SCXW216573222 BCX0\" data-ccp-props=\"{}\">\u00a0<\/span>[\/vc_column_text][vc_empty_space height=&#8221;20px&#8221;][\/vc_column][\/vc_row][vc_row row_content_width=&#8221;grid&#8221;][vc_column][vc_empty_space height=&#8221;60px&#8221;][\/vc_column][\/vc_row][vc_row row_content_width=&#8221;grid&#8221; css=&#8221;.vc_custom_1546535211428{padding-bottom: 0px !important;}&#8221; simple_background_color=&#8221;#ffffff&#8221;][vc_column width=&#8221;1\/6&#8243;][\/vc_column][vc_column width=&#8221;2\/4&#8243;]<a itemprop=\"url\" href=\"https:\/\/phorest.com\/book\/salons\/houseoforgeanicbeautyhairllc\" target=\"_self\"  class=\"edgtf-btn edgtf-btn-medium edgtf-btn-outline\"  >\n            <span class=\"edgtf-btn-text\">BOOK NOW<\/span>\n            <\/a>[\/vc_column][vc_column width=&#8221;2\/6&#8243;][\/vc_column][\/vc_row][vc_row row_content_width=&#8221;grid&#8221;][vc_column][vc_empty_space height=&#8221;100px&#8221;][\/vc_column][\/vc_row][vc_row row_content_width=&#8221;grid&#8221;][vc_column][vc_column_text]<\/p>\n<h2 class=\"p1\">OUR SERVICES<\/h2>\n<p>[\/vc_column_text][\/vc_column][\/vc_row][vc_row equal_height=&#8221;yes&#8221; row_content_width=&#8221;grid&#8221; el_class=&#8221;price&#8221;][vc_column width=&#8221;1\/2&#8243; offset=&#8221;vc_col-lg-4 vc_col-md-4 vc_col-xs-12&#8243;][vc_column_text]<\/p>\n<h5>Haircare Treatments<\/h5>\n<p>[\/vc_column_text][vc_row_inner][vc_column_inner width=&#8221;1\/2&#8243; offset=&#8221;vc_col-xs-6&#8243;][vc_column_text]<a href=\"https:\/\/orgaeniclife.style\/it\/services\/orgaenic-haircare-treatments\">exfoliation<\/a>[\/vc_column_text][vc_column_text]<a href=\"https:\/\/orgaeniclife.style\/it\/services\/orgaenic-haircare-treatments\">phase-Treatment<\/a>[\/vc_column_text][vc_column_text]<a href=\"https:\/\/orgaeniclife.style\/it\/products\/eight-weeks\">Eight Weeks Massage<\/a>[\/vc_column_text][\/vc_column_inner][vc_column_inner el_class=&#8221;align_right&#8221; width=&#8221;1\/2&#8243; offset=&#8221;vc_col-xs-6&#8243;][vc_column_text]<small>from<\/small> 420 aed <small>+ Styling<\/small>[\/vc_column_text][vc_column_text]<small>from<\/small> 98 aed[\/vc_column_text][vc_column_text]<small>from<\/small> 45 aed <small>+ Styling<\/small>[\/vc_column_text][\/vc_column_inner][\/vc_row_inner][vc_empty_space height=&#8221;40px&#8221;][\/vc_column][vc_column width=&#8221;1\/2&#8243; offset=&#8221;vc_col-lg-4 vc_col-md-4 vc_col-xs-12&#8243;][vc_column_text]<\/p>\n<h5>Haircutting<\/h5>\n<p>[\/vc_column_text][vc_row_inner][vc_column_inner width=&#8221;7\/12&#8243; offset=&#8221;vc_col-xs-6&#8243;][vc_column_text]stylist\/prime[\/vc_column_text][vc_column_text]top stylist\/supreme[\/vc_column_text][\/vc_column_inner][vc_column_inner el_class=&#8221;align_right&#8221; width=&#8221;5\/12&#8243; offset=&#8221;vc_col-xs-6&#8243;][vc_column_text]<small>from<\/small> 290 aed[\/vc_column_text][vc_column_text]<small>from<\/small> 340 aed[\/vc_column_text][\/vc_column_inner][\/vc_row_inner][vc_empty_space height=&#8221;40px&#8221;][\/vc_column][vc_column width=&#8221;1\/2&#8243; offset=&#8221;vc_col-lg-4 vc_col-md-4 vc_col-xs-12&#8243;][vc_column_text]<\/p>\n<h5>ORG\u00c6NIC haircutting<\/h5>\n<p>[\/vc_column_text][vc_row_inner][vc_column_inner width=&#8221;7\/12&#8243; offset=&#8221;vc_col-xs-6&#8243;][vc_column_text]Petra Brockmann[\/vc_column_text][vc_column_text]Thomas Brockmann-Kn\u00f6dler[\/vc_column_text][\/vc_column_inner][vc_column_inner el_class=&#8221;align_right&#8221; width=&#8221;5\/12&#8243; offset=&#8221;vc_col-xs-6&#8243;][vc_column_text]<small>from <\/small>880 aed[\/vc_column_text][vc_column_text]<small>from <\/small>880 aed[\/vc_column_text][vc_column_text]<span style=\"font-size: 12.5px;\">\u00a0\u00a0<\/span>[\/vc_column_text][\/vc_column_inner][\/vc_row_inner][vc_empty_space height=&#8221;40px&#8221;][\/vc_column][vc_column width=&#8221;1\/2&#8243; offset=&#8221;vc_col-lg-4 vc_col-md-4 vc_col-xs-12&#8243;][vc_column_text]<\/p>\n<h5>ORG\u00c6NIC Haircoloring<\/h5>\n<p>[\/vc_column_text][vc_row_inner][vc_column_inner width=&#8221;7\/12&#8243; offset=&#8221;vc_col-xs-6&#8243;][vc_column_text]org\u00e6nic haircoloring[\/vc_column_text][vc_column_text]hair rehab[\/vc_column_text][\/vc_column_inner][vc_column_inner el_class=&#8221;align_right&#8221; width=&#8221;5\/12&#8243; offset=&#8221;vc_col-xs-6&#8243;][vc_column_text]<small><small>based on time\/expense<\/small><\/small>[\/vc_column_text][vc_column_text]<small><small>based on time\/expense<\/small><br \/>\n<\/small>[\/vc_column_text][\/vc_column_inner][\/vc_row_inner][vc_empty_space height=&#8221;40px&#8221;][\/vc_column][vc_column width=&#8221;1\/2&#8243; offset=&#8221;vc_col-lg-4 vc_col-md-4 vc_col-xs-12&#8243;][vc_column_text]<\/p>\n<h5>Styling<\/h5>\n<p>[\/vc_column_text][vc_row_inner][vc_column_inner width=&#8221;7\/12&#8243; offset=&#8221;vc_col-xs-6&#8243;][vc_column_text]exclusive\/up-do[\/vc_column_text][vc_column_text]styling basics[\/vc_column_text][\/vc_column_inner][vc_column_inner el_class=&#8221;align_right&#8221; width=&#8221;5\/12&#8243; offset=&#8221;vc_col-xs-6&#8243;][vc_column_text]<small>from<\/small> 650 aed[\/vc_column_text][vc_column_text]<small>from<\/small> 240 aed[\/vc_column_text][\/vc_column_inner][\/vc_row_inner][vc_empty_space height=&#8221;40px&#8221;][\/vc_column][\/vc_row][vc_row equal_height=&#8221;yes&#8221; row_content_width=&#8221;grid&#8221; el_class=&#8221;price&#8221;][vc_column width=&#8221;1\/2&#8243; offset=&#8221;vc_col-lg-4 vc_col-md-4 vc_col-xs-12&#8243;][vc_column_text]<\/p>\n<h5>haircare products<\/h5>\n<p>[\/vc_column_text][vc_empty_space height=&#8221;40px&#8221;][vc_row_inner][vc_column_inner width=&#8221;7\/12&#8243; offset=&#8221;vc_col-xs-6&#8243;][vc_column_text]org\u00e6nic lifestyle[\/vc_column_text][vc_column_text]eight weeks[\/vc_column_text][\/vc_column_inner][vc_column_inner el_class=&#8221;align_right&#8221; width=&#8221;5\/12&#8243; offset=&#8221;vc_col-xs-6&#8243;][vc_column_text]<a href=\"https:\/\/orgaeniclife.style\/it\/products\/orgaenic-lifestyle-haircare\"><span style=\"font-size: 12.5px;\">Discover now<\/span><\/a>[\/vc_column_text][vc_column_text]<a href=\"https:\/\/orgaeniclife.style\/it\/products\/eight-weeks\"><span style=\"font-size: 12.5px;\">Discover now<\/span><\/a>[\/vc_column_text][\/vc_column_inner][\/vc_row_inner][\/vc_column][vc_column width=&#8221;1\/2&#8243; offset=&#8221;vc_col-lg-4 vc_col-md-4 vc_col-xs-12&#8243;][vc_column_text]<\/p>\n<h5>body care<\/h5>\n<p>[\/vc_column_text][vc_row_inner][vc_column_inner width=&#8221;7\/12&#8243; offset=&#8221;vc_col-xs-6&#8243;][vc_column_text]Manicure[\/vc_column_text][vc_column_text]pedicure[\/vc_column_text][vc_column_text]waxing[\/vc_column_text][vc_column_text]massage[\/vc_column_text][\/vc_column_inner][vc_column_inner el_class=&#8221;align_right&#8221; width=&#8221;5\/12&#8243; offset=&#8221;vc_col-xs-6&#8243;][vc_column_text]<small>based on time\/expense<\/small>[\/vc_column_text][vc_column_text]<small>based on time\/expense<\/small>[\/vc_column_text][vc_column_text]<small>based on program<\/small>[\/vc_column_text][vc_column_text]<small>based on program<\/small>[\/vc_column_text][\/vc_column_inner][\/vc_row_inner][vc_empty_space height=&#8221;40px&#8221;][\/vc_column][vc_column width=&#8221;1\/2&#8243; offset=&#8221;vc_col-lg-4 vc_col-md-4 vc_col-xs-12&#8243;][vc_column_text]<\/p>\n<h5>cosmetic<\/h5>\n<p>[\/vc_column_text][vc_row_inner][vc_column_inner width=&#8221;7\/12&#8243; offset=&#8221;vc_col-xs-6&#8243;][vc_column_text]brows and lashes[\/vc_column_text][vc_column_text]make-up[\/vc_column_text][vc_column_text]face cosmetics[\/vc_column_text][\/vc_column_inner][vc_column_inner el_class=&#8221;align_right&#8221; width=&#8221;5\/12&#8243; offset=&#8221;vc_col-xs-6&#8243;][vc_column_text]<small>based on program<\/small>[\/vc_column_text][vc_column_text]<small>based on program<\/small>[\/vc_column_text][vc_column_text]<small>based on program<\/small>[\/vc_column_text][\/vc_column_inner][\/vc_row_inner][vc_empty_space height=&#8221;40px&#8221;][\/vc_column][\/vc_row][vc_row row_content_width=&#8221;grid&#8221;][vc_column][vc_empty_space height=&#8221;200px&#8221;][\/vc_column][\/vc_row][vc_row row_content_width=&#8221;grid&#8221;][vc_column width=&#8221;2\/3&#8243; el_id=&#8221;wheretofindussalonwalgaesschen&#8221;][vc_column_text]<\/p>\n<h2 class=\"p1\">where to<br \/>\nfind us<\/h2>\n<p>[\/vc_column_text][\/vc_column][vc_column width=&#8221;1\/3&#8243; el_class=&#8221;align_right&#8221;][vc_empty_space height=&#8221;7em&#8221; el_class=&#8221;only_desktop&#8221;]<a itemprop=\"url\" href=\"\/salons\/\" target=\"_self\"  class=\"edgtf-btn edgtf-btn-medium edgtf-btn-outline\"  >\n            <span class=\"edgtf-btn-text\">ALL SALONS<\/span>\n            <\/a>[vc_empty_space height=&#8221;3em&#8221; el_class=&#8221;only_mobile&#8221;][\/vc_column][\/vc_row][vc_row row_content_width=&#8221;grid&#8221; el_class=&#8221;contact_row&#8221;][vc_column width=&#8221;1\/2&#8243; offset=&#8221;vc_col-lg-3 vc_col-md-4 vc_col-xs-12&#8243;][vc_column_text]House of ORG\u00c6NIC<br \/>\nAl Athar Street 397<br \/>\nVilla\u00a0 No. 5<br \/>\nJumeirah 2<br \/>\nDubai -UAE[\/vc_column_text][\/vc_column][vc_column width=&#8221;1\/2&#8243; offset=&#8221;vc_col-lg-3 vc_col-md-4 vc_col-xs-12&#8243; el_class=&#8221;middle&#8221;][vc_column_text]+971 56 355 3366<\/p>\n<p><a href=\"mailto:hi@houseoforgaenicdubai.salon\">hi@houseoforgaenicdubai.salon<\/a><\/p>\n<p><a href=\"mailto:hi@houseoforgaenicdubai.academy\">hi@houseoforgaenicdubai.academy<\/a>[\/vc_column_text][\/vc_column][vc_column width=&#8221;1\/2&#8243; offset=&#8221;vc_col-lg-3 vc_col-md-4 vc_col-xs-12&#8243;][\/vc_column][vc_column width=&#8221;1\/2&#8243; offset=&#8221;vc_col-lg-3 vc_col-md-4 vc_col-xs-12&#8243; el_class=&#8221;last&#8221;][vc_column_text]<a href=\"https:\/\/www.google.com\/maps\/place\/House+of+ORG%C3%86NIC\/@25.2016428,55.2452567,15z\/data=!4m6!3m5!1s0x3e5f43c5359c5b79:0xa72e08c7ba020665!8m2!3d25.2016428!4d55.2452567!16s%2Fg%2F11vwkp9m41?hl=en&amp;entry=ttu\">Google Maps<\/a><br \/>\n<a href=\"\/\/www.instagram.com\/orgaenic.salon\" target=\"_blank\" rel=\"noopener noreferrer\">Instagram<\/a><br \/>\n<a href=\"\/\/www.facebook.com\/ORG\u00c6NIC-Salon-2149421988611883\" target=\"_blank\" rel=\"noopener noreferrer\">Facebook<\/a><br \/>\n<a href=\"\/\/www.youtube.com\/channel\/UCmi_AyfCvFHDGMmvAgi5ifg\/videos?view_as=public\" target=\"_blank\" rel=\"noopener noreferrer\">YouTube<\/a>[\/vc_column_text][\/vc_column][\/vc_row][vc_row][vc_column][vc_empty_space height=&#8221;40px&#8221;][\/vc_column][\/vc_row]<\/p>\n<\/div>","protected":false},"excerpt":{"rendered":"<p>[vc_row css=&#8221;.vc_custom_1527843088963{padding-top: 0px !important;padding-bottom: 0px !important;}&#8221; el_id=&#8221;edgtf-main-rev-holder&#8221;][vc_column][\/vc_column][\/vc_row][vc_row row_content_width=&#8221;grid&#8221; css=&#8221;.vc_custom_1547221588958{padding-bottom: 0px !important;}&#8221; simple_background_color=&#8221;#ffffff&#8221;][vc_column offset=&#8221;vc_col-lg-8 vc_col-md-12&#8243;][vc_column_text] HOUSE OF ORG\u00c6NIC DUBAI [\/vc_column_text][\/vc_column][\/vc_row][vc_row row_content_width=&#8221;grid&#8221;][vc_column][vc_empty_space height=&#8221;60px&#8221;][\/vc_column][\/vc_row][vc_row row_content_width=&#8221;grid&#8221; css=&#8221;.vc_custom_1546535211428{padding-bottom: 0px !important;}&#8221; simple_background_color=&#8221;#ffffff&#8221;][vc_column width=&#8221;1\/6&#8243;][\/vc_column][vc_column width=&#8221;2\/4&#8243;][vc_column_text]Con le sue 3 sedi a Berlino, Dresda e Dubai, House of ORG\u00c6NIC \u00e8 una casa delle idee, dei desideri e del potenziale, nonch\u00e9 un forum di incontro e dialogo. Tutti i marchi [&hellip;]<\/p>\n","protected":false},"author":7,"featured_media":0,"parent":6975,"menu_order":0,"comment_status":"closed","ping_status":"closed","template":"full-width.php","meta":{"footnotes":""},"class_list":["post-66645","page","type-page","status-publish","hentry"],"_links":{"self":[{"href":"https:\/\/orgaeniclife.style\/it\/wp-json\/wp\/v2\/pages\/66645","targetHints":{"allow":["GET"]}}],"collection":[{"href":"https:\/\/orgaeniclife.style\/it\/wp-json\/wp\/v2\/pages"}],"about":[{"href":"https:\/\/orgaeniclife.style\/it\/wp-json\/wp\/v2\/types\/page"}],"author":[{"embeddable":true,"href":"https:\/\/orgaeniclife.style\/it\/wp-json\/wp\/v2\/users\/7"}],"replies":[{"embeddable":true,"href":"https:\/\/orgaeniclife.style\/it\/wp-json\/wp\/v2\/comments?post=66645"}],"version-history":[{"count":15,"href":"https:\/\/orgaeniclife.style\/it\/wp-json\/wp\/v2\/pages\/66645\/revisions"}],"predecessor-version":[{"id":75203,"href":"https:\/\/orgaeniclife.style\/it\/wp-json\/wp\/v2\/pages\/66645\/revisions\/75203"}],"up":[{"embeddable":true,"href":"https:\/\/orgaeniclife.style\/it\/wp-json\/wp\/v2\/pages\/6975"}],"wp:attachment":[{"href":"https:\/\/orgaeniclife.style\/it\/wp-json\/wp\/v2\/media?parent=66645"}],"curies":[{"name":"wp","href":"https:\/\/api.w.org\/{rel}","templated":true}]}}