{"id":6547,"date":"2019-06-19T13:18:19","date_gmt":"2019-06-19T11:18:19","guid":{"rendered":"https:\/\/orgaeniclife.style\/brands\/orgaenic-haircoloring\/"},"modified":"2023-10-11T16:09:28","modified_gmt":"2023-10-11T14:09:28","slug":"orgaenic-haircoloring","status":"publish","type":"page","link":"https:\/\/orgaeniclife.style\/it\/services\/orgaenic-haircoloring","title":{"rendered":"ORG\u00c6NIC Haircoloring"},"content":{"rendered":"<div class=\"wpb-content-wrapper\"><p>[vc_row][vc_column][vc_single_image image=&#8221;5821&#8243; img_size=&#8221;full&#8221; css_animation=&#8221;fadeIn&#8221;][\/vc_column][\/vc_row][vc_row row_content_width=&#8221;grid&#8221; css=&#8221;.vc_custom_1547221588958{padding-bottom: 0px !important;}&#8221; simple_background_color=&#8221;#ffffff&#8221;][vc_column offset=&#8221;vc_col-lg-8 vc_col-md-12&#8243;][vc_column_text]<\/p>\n<h1>FILOSOFIA<\/h1>\n<p>[\/vc_column_text][\/vc_column][\/vc_row][vc_row row_content_width=&#8221;grid&#8221; css=&#8221;.vc_custom_1546535211428{padding-bottom: 0px !important;}&#8221; simple_background_color=&#8221;#ffffff&#8221;][vc_column width=&#8221;1\/2&#8243;][vc_column_text]ORG\u00c6NIC Haircoloring significa considerare la colorazione dei capelli come un\u2019attivit\u00e0 artigianale. Una tintura dei capelli organica non \u00e8 un mero colore, ma un know-how artigianale. Non \u00e8 biologica, non \u00e8 incolore, pu\u00f2 anche essere colorata, ma ha sempre un aspetto armonioso e naturale.[\/vc_column_text][vc_empty_space][\/vc_column][vc_column width=&#8221;1\/2&#8243;][\/vc_column][\/vc_row][vc_row row_content_width=&#8221;grid&#8221; css=&#8221;.vc_custom_1546535211428{padding-bottom: 0px !important;}&#8221; simple_background_color=&#8221;#ffffff&#8221;][vc_column width=&#8221;2\/6&#8243;][\/vc_column][vc_column width=&#8221;4\/6&#8243;][vc_column_text]ORG\u00c6NIC Haircoloring \u00e8 tutto ci\u00f2 che si desidera da un colore per capelli individuale: sfumature e ricette personalizzate, vivacit\u00e0, capelli lucidi e un\u2019elevata qualit\u00e0. Le tinture organiche per capelli crescono con e non all\u2019esterno dei capelli e durano il doppio di quelle tradizionali. Si tratta di un valore aggiunto tangibile.[\/vc_column_text][vc_empty_space][\/vc_column][\/vc_row][vc_row row_content_width=&#8221;grid&#8221; css=&#8221;.vc_custom_1546535211428{padding-bottom: 0px !important;}&#8221; simple_background_color=&#8221;#ffffff&#8221;][vc_column width=&#8221;1\/6&#8243;][\/vc_column][vc_column width=&#8221;1\/2&#8243;][vc_column_text]Per alcuni ORG\u00c6NIC Haircoloring significa riscoprire il proprio colore naturale. Per gli altri \u00e8 un\u2019esperienza di un colore di capelli su misura, che esprime la propria personalit\u00e0 e bellezza.[\/vc_column_text][vc_empty_space][\/vc_column][vc_column width=&#8221;2\/6&#8243;][\/vc_column][\/vc_row][vc_row row_content_width=&#8221;grid&#8221; css=&#8221;.vc_custom_1546535211428{padding-bottom: 0px !important;}&#8221; simple_background_color=&#8221;#ffffff&#8221;][vc_column width=&#8221;1\/5&#8243;][\/vc_column][vc_column width=&#8221;1\/5&#8243;][\/vc_column][vc_column width=&#8221;1\/5&#8243;][\/vc_column][vc_column width=&#8221;1\/5&#8243;][\/vc_column][vc_column width=&#8221;1\/5&#8243;]<a itemprop=\"url\" href=\"\/it\/saloni\/cerca-salone\" target=\"_self\"  class=\"edgtf-btn edgtf-btn-medium edgtf-btn-outline\"  >\n            <span class=\"edgtf-btn-text\">CERCA SALONE<\/span>\n            <\/a>[vc_empty_space height=&#8221;80px&#8221;][\/vc_column][\/vc_row][vc_row][vc_column][vc_single_image image=&#8221;5318&#8243; img_size=&#8221;full&#8221; alignment=&#8221;center&#8221; css_animation=&#8221;fadeIn&#8221;][\/vc_column][\/vc_row][vc_row row_content_width=&#8221;grid&#8221;][vc_column][vc_empty_space][\/vc_column][\/vc_row][vc_row row_content_width=&#8221;grid&#8221; css=&#8221;.vc_custom_1547221588958{padding-bottom: 0px !important;}&#8221; simple_background_color=&#8221;#ffffff&#8221;][vc_column offset=&#8221;vc_col-lg-8 vc_col-md-12&#8243;][vc_column_text]<\/p>\n<h1>STORY<\/h1>\n<p>[\/vc_column_text][\/vc_column][\/vc_row][vc_row row_content_width=&#8221;grid&#8221; css=&#8221;.vc_custom_1546535211428{padding-bottom: 0px !important;}&#8221; simple_background_color=&#8221;#ffffff&#8221;][vc_column width=&#8221;1\/2&#8243;][vc_column_text]<\/p>\n<h4><strong>Il colore puro<\/strong><\/h4>\n<p>Per il parrucchiere comprendere la colorazione dei capelli come un\u2019attivit\u00e0 artigianale, significa vivere e creare una nuova estetica del colore. Estetica nel senso originale della parola significa percepire a livello dei sensi. Prestare maggiore attenzione al cliente e leggere il suo colore di capelli, le tonalit\u00e0 della pelle e degli occhi sono la base per sviluppare ricette cromatiche personalizzate e quindi un colore dei capelli personalizzato.<\/p>\n<p>Tuttavia, colorare i capelli in modo organico significa anche prendersi cura dei capelli, perch\u00e9 solo su capelli sani e naturalmente lucidi i pigmenti possono esprimersi al massimo e brillare.[\/vc_column_text][\/vc_column][vc_column width=&#8221;1\/2&#8243;][vc_empty_space][vc_column_text]ORG\u00c6NIC Haircoloring lavora con luci e ombre, con alti e bassi come accade naturalmente nei capelli. Il risultato \u00e8 un colore dei capelli che sembra vivo, in movimento e come se fosse emerso.<\/p>\n<p>Un colore dei capelli organico garantisce almeno il doppio della durata rispetto ai colori tradizionali. Nessuna ricrescita fastidiosa, nessuna ripetizione costante della tintura. ORG\u00c6NIC Haircoloring \u00e8 una nuova qualit\u00e0 dei capelli tangibile e visibile che promette divertimento con il proprio colore di capelli e gioia nell\u2019attesa della prossima visita dal parrucchiere.[\/vc_column_text][\/vc_column][\/vc_row][vc_row row_content_width=&#8221;grid&#8221;][vc_column][vc_empty_space][\/vc_column][\/vc_row][vc_row row_content_width=&#8221;grid&#8221;][vc_column width=&#8221;1\/2&#8243;][vc_column_text]<\/p>\n<h4>Licenza ORG\u00c6NIC Haircoloring\u00ae<\/h4>\n<p>La licenza ORG\u00c6NIC Haircoloring \u00e8 sinonimo di un concetto di servizio all\u2019avanguardia che garantisce ai clienti del parrucchiere una qualit\u00e0 unica e un valore aggiunto tangibile. Questa licenza \u00e8 una specializzazione e un ulteriore sviluppo dell\u2019attivit\u00e0 del parrucchiere. \u00c8 la decisione di una formazione pluriennale nell\u2019ambito della colorazione di capelli organica, oltre al lavoro quotidiano nel salone.<\/p>\n<p>Chiunque decida di seguire una formazione relativa alla colorazione dei capelli organica, fa parte dell\u2019ORG\u00c6NIC Family. Questi parrucchieri considerano i capelli come qualcosa di vivo e danno loro l\u2019attenzione e la cura di cui hanno bisogno. La loro capacit\u00e0 di scavare a fondo, di percepire e considerare ogni persona unica in s\u00e9, costituisce la base della filosofia organica.<\/p>\n<p>Questa licenza rappresenta la volont\u00e0 di offrire al cliente un\u2019autentica e affidabile maestria artigianale.[\/vc_column_text][\/vc_column][vc_column width=&#8221;1\/2&#8243;][vc_empty_space][vc_column_text]Questa tecnologia di colorazione unica nel suo genere viene insegnata presso la ORG\u00c6NIC Academy &#8211; scuola privata per il linguaggio dei capelli personalizzato.<\/p>\n<p>Nel percorso verso la licenza, il parrucchiere passa attraverso 3 livelli di qualit\u00e0 della tintura dei capelli organica, che riflettono al contempo il livello di istruzione presso l\u2019ORG\u00c6NIC Academy:<\/p>\n<ul>\n<li>ORG\u00c6NIC Haircoloring Prime<\/li>\n<li>ORG\u00c6NIC Haircoloring Supreme<\/li>\n<li>Licenza ORG\u00c6NIC Haircoloring<\/li>\n<\/ul>\n<p>Inoltre gli staff dei saloni hanno la possibilit\u00e0 di acquistare una licenza Team per la colorazione dei capelli organica &#8211; ORG\u00c6NIC Haircoloring Teamlicense.[\/vc_column_text][\/vc_column][\/vc_row][vc_row row_content_width=&#8221;grid&#8221;][vc_column][vc_empty_space height=&#8221;80px&#8221;][\/vc_column][\/vc_row][vc_section][vc_row row_content_width=&#8221;grid&#8221; css=&#8221;.vc_custom_1547129888632{padding-top: 135px !important;padding-bottom: 104px !important;}&#8221; el_class=&#8221;full_width&#8221;][vc_column offset=&#8221;vc_col-lg-12 vc_col-md-12&#8243;]<div class=\"edgtf-elements-holder   edgtf-one-column  edgtf-responsive-mode-768 \" ><div class=\"edgtf-eh-item    \"  data-item-class=\"edgtf-eh-custom-8287\" data-1367-1600=\"0 35% 0 0\" data-1025-1366=\"0 35% 0 0\" data-769-1024=\"0 23% 0 0\" data-681-768=\"0 0 0 0\" data-680=\"0 15px\">\n    <div class=\"edgtf-eh-item-inner\">\n        <div class=\"edgtf-eh-item-content edgtf-eh-custom-8287\" style=\"padding: 0 35% 0 0\">\n            <div class=\"edgtf-testimonials-holder clearfix \">\n    <div class=\"edgtf-testimonials edgtf-owl-slider\" data-number-of-items=\"1\" data-enable-loop=\"yes\" data-enable-autoplay=\"yes\" data-slider-speed=\"5000\" data-slider-speed-animation=\"600\" data-enable-navigation=\"no\" data-enable-pagination=\"yes\">\n\n        \n                <div class=\"edgtf-testimonial-content\" id=\"edgtf-testimonials-6559\">\n\n                                            <h2 class=\"edgtf-testimonial-text\">Una tintura dei capelli organica non \u00e8 un mero colore, ma un know-how artigianale. No more ugly Colors.<\/h2>\n                                                                <p class=\"edgtf-testimonial-author\">\n                            Thomas Brockmann-Kn\u00f6dler                        <\/p>\n                                    <\/div>\n\n            \n    <\/div>\n<\/div>        <\/div>\n    <\/div>\n<\/div><\/div>[\/vc_column][\/vc_row][vc_row row_content_width=&#8221;grid&#8221;][vc_column width=&#8221;1\/3&#8243;][vc_column_text]<\/p>\n<h2 class=\"p1\">ORG\u00c6NIC ACADEMY<\/h2>\n<p>[\/vc_column_text][\/vc_column][vc_column width=&#8221;2\/3&#8243; el_class=&#8221;align_right&#8221;][vc_empty_space height=&#8221;7em&#8221; el_class=&#8221;.only_desktop&#8221;]<a itemprop=\"url\" href=\"\/it\/academy\" target=\"_self\"  class=\"edgtf-btn edgtf-btn-medium edgtf-btn-outline margin_right\"  >\n            <span class=\"edgtf-btn-text\">ACADEMY<\/span>\n            <\/a><a itemprop=\"url\" href=\"\/it\/academy\/orgaenic-haircutting\" target=\"_self\"  class=\"edgtf-btn edgtf-btn-medium edgtf-btn-outline\"  >\n            <span class=\"edgtf-btn-text\">SEMINARI<\/span>\n            <\/a>[vc_empty_space height=&#8221;3em&#8221; el_class=&#8221;only_mobile&#8221;][\/vc_column][\/vc_row][vc_row row_content_width=&#8221;grid&#8221;][vc_column][vc_single_image image=&#8221;4159&#8243; img_size=&#8221;full&#8221; css_animation=&#8221;none&#8221;][vc_empty_space][\/vc_column][\/vc_row][vc_row row_content_width=&#8221;grid&#8221; css=&#8221;.vc_custom_1546535211428{padding-bottom: 0px !important;}&#8221; simple_background_color=&#8221;#ffffff&#8221;][vc_column][vc_column_text]Nella nostra ORG\u00c6NIC Academy, scuola privata per il linguaggio dei capelli personalizzato, offriamo da pi\u00f9 di 20 anni ai parrucchieri una piattaforma unica nel suo genere per considerare la loro attivit\u00e0 da una nuova prospettiva, per creare un proprio linguaggio dei capelli e per distinguersi come imprenditori. Condividere la nostra USP e le nostre esperienze con gli altri parrucchieri e partner non \u00e8 solo qualcosa di estremamente naturale per noi, ma una vera e propria necessit\u00e0 per una maggiore qualit\u00e0 e un maggior riconoscimento dell\u2019attivit\u00e0 dei parrucchieri in Europa. Intorno a noi si sviluppa una community che vuole crescere con noi. Condividiamo il desiderio di riportare l\u2019attenzione sull\u2019artigianalit\u00e0, sulla libert\u00e0 creativa e sull\u2019individualit\u00e0. Sei un parrucchiere e vuoi essere dei nostri? O sei un cliente e cerchi un salone ORG\u00c6NIC vicino a dove vivi? Allora ti diamo il benvenuto.[\/vc_column_text][vc_empty_space height=&#8221;80px&#8221;][\/vc_column][\/vc_row][\/vc_section][vc_row row_content_width=&#8221;grid&#8221;][vc_column width=&#8221;1\/3&#8243;]<div class=\"edgtf-image-with-text-holder    edgtf-image-behavior-custom-link\">\n    <div class=\"edgtf-iwt-image\">\n                    <a itemprop=\"url\" href=\"\/it\/services\/orgaenic-haircutting\" target=\"_self\">\n                                                    <img decoding=\"async\" width=\"1114\" height=\"746\" data-src=\"https:\/\/orgaeniclife.style\/wp-content\/uploads\/2019\/04\/read_more_ohc_1114x746.jpg\" class=\"attachment-full size-full lazyload\" alt=\"Org\u00e6nic Lifestyle Model\" data-srcset=\"https:\/\/orgaeniclife.style\/wp-content\/uploads\/2019\/04\/read_more_ohc_1114x746.jpg 1114w, https:\/\/orgaeniclife.style\/wp-content\/uploads\/2019\/04\/read_more_ohc_1114x746-300x201.jpg 300w, https:\/\/orgaeniclife.style\/wp-content\/uploads\/2019\/04\/read_more_ohc_1114x746-768x514.jpg 768w, https:\/\/orgaeniclife.style\/wp-content\/uploads\/2019\/04\/read_more_ohc_1114x746-1024x686.jpg 1024w, https:\/\/orgaeniclife.style\/wp-content\/uploads\/2019\/04\/read_more_ohc_1114x746-600x402.jpg 600w\" data-sizes=\"auto\" src=\"data:image\/svg+xml;base64,PHN2ZyB3aWR0aD0iMSIgaGVpZ2h0PSIxIiB4bWxucz0iaHR0cDovL3d3dy53My5vcmcvMjAwMC9zdmciPjwvc3ZnPg==\" style=\"--smush-placeholder-width: 1114px; --smush-placeholder-aspect-ratio: 1114\/746;\" data-original-sizes=\"(max-width: 1114px) 100vw, 1114px\" \/>                                            <\/a>\n            <\/div>\n    <div class=\"edgtf-iwt-text-holder\">\n                <div class=\"edgtf-iwt-title-wrapper\">\n            <h4 class=\"edgtf-iwt-title\" >ORG\u00c6NIC Haircutting<\/h4>\n    <\/div>\n                <div class=\"edgtf-iwt-text-wrapper\">\n            <p class=\"edgtf-iwt-text\" >ORG\u00c6NIC Haircutting \u00e8 un ulteriore sviluppo di tutte le tecniche di taglio note finora. Combina tutto ci\u00f2 che si pu\u00f2 desiderare da un taglio di capelli.<\/p>\n        <\/div>\n    <\/div>\n<\/div>[vc_column_text el_class=&#8221;padding_text&#8221;]<a href=\"\/it\/services\/orgaenic-haircutting\"> Maggiori informazioni<br \/>\n<\/a>[\/vc_column_text][vc_empty_space el_class=&#8221;only_mobile&#8221;][\/vc_column][vc_column width=&#8221;1\/3&#8243;]<div class=\"edgtf-image-with-text-holder    edgtf-image-behavior-custom-link\">\n    <div class=\"edgtf-iwt-image\">\n                    <a itemprop=\"url\" href=\"\/it\/saloni\" target=\"_self\">\n                                                    <img decoding=\"async\" width=\"1114\" height=\"746\" data-src=\"https:\/\/orgaeniclife.style\/wp-content\/uploads\/2019\/03\/read_more_salons_1114x746.jpg\" class=\"attachment-full size-full lazyload\" alt=\"Org\u00e6nic Salon Dresden\" data-srcset=\"https:\/\/orgaeniclife.style\/wp-content\/uploads\/2019\/03\/read_more_salons_1114x746.jpg 1114w, https:\/\/orgaeniclife.style\/wp-content\/uploads\/2019\/03\/read_more_salons_1114x746-300x201.jpg 300w, https:\/\/orgaeniclife.style\/wp-content\/uploads\/2019\/03\/read_more_salons_1114x746-768x514.jpg 768w, https:\/\/orgaeniclife.style\/wp-content\/uploads\/2019\/03\/read_more_salons_1114x746-1024x686.jpg 1024w, https:\/\/orgaeniclife.style\/wp-content\/uploads\/2019\/03\/read_more_salons_1114x746-600x402.jpg 600w\" data-sizes=\"auto\" src=\"data:image\/svg+xml;base64,PHN2ZyB3aWR0aD0iMSIgaGVpZ2h0PSIxIiB4bWxucz0iaHR0cDovL3d3dy53My5vcmcvMjAwMC9zdmciPjwvc3ZnPg==\" style=\"--smush-placeholder-width: 1114px; --smush-placeholder-aspect-ratio: 1114\/746;\" data-original-sizes=\"(max-width: 1114px) 100vw, 1114px\" \/>                                            <\/a>\n            <\/div>\n    <div class=\"edgtf-iwt-text-holder\">\n                <div class=\"edgtf-iwt-title-wrapper\">\n            <h4 class=\"edgtf-iwt-title\" >SALONI ORG\u00c6NIC<\/h4>\n    <\/div>\n                <div class=\"edgtf-iwt-text-wrapper\">\n            <p class=\"edgtf-iwt-text\" >Desideri fissare un appuntamento in uno dei nostri saloni ORG\u00c6NIC a Dresda, Zwickau o Chemnitz o vuoi maggiori informazioni? Allora clicca qui.<\/p>\n        <\/div>\n    <\/div>\n<\/div>[vc_column_text el_class=&#8221;padding_text&#8221;]<a href=\"\/\/orgaeniclife.style\/it\/saloni\/\"> Maggiori informazioni<br \/>\n<\/a>[\/vc_column_text][vc_empty_space el_class=&#8221;only_mobile&#8221;][\/vc_column][vc_column width=&#8221;1\/3&#8243;]<div class=\"edgtf-image-with-text-holder    edgtf-image-behavior-custom-link\">\n    <div class=\"edgtf-iwt-image\">\n                    <a itemprop=\"url\" href=\"\/it\/products\/orgaenic-lifestyle-haircare\" target=\"_self\">\n                                                    <img decoding=\"async\" width=\"1114\" height=\"746\" data-src=\"https:\/\/orgaeniclife.style\/wp-content\/uploads\/2019\/05\/1114x746_Vorschaubilder-5.jpg\" class=\"attachment-full size-full lazyload\" alt=\"\" data-srcset=\"https:\/\/orgaeniclife.style\/wp-content\/uploads\/2019\/05\/1114x746_Vorschaubilder-5.jpg 1114w, https:\/\/orgaeniclife.style\/wp-content\/uploads\/2019\/05\/1114x746_Vorschaubilder-5-300x201.jpg 300w, https:\/\/orgaeniclife.style\/wp-content\/uploads\/2019\/05\/1114x746_Vorschaubilder-5-768x514.jpg 768w, https:\/\/orgaeniclife.style\/wp-content\/uploads\/2019\/05\/1114x746_Vorschaubilder-5-1024x686.jpg 1024w, https:\/\/orgaeniclife.style\/wp-content\/uploads\/2019\/05\/1114x746_Vorschaubilder-5-600x402.jpg 600w\" data-sizes=\"auto\" src=\"data:image\/svg+xml;base64,PHN2ZyB3aWR0aD0iMSIgaGVpZ2h0PSIxIiB4bWxucz0iaHR0cDovL3d3dy53My5vcmcvMjAwMC9zdmciPjwvc3ZnPg==\" style=\"--smush-placeholder-width: 1114px; --smush-placeholder-aspect-ratio: 1114\/746;\" data-original-sizes=\"(max-width: 1114px) 100vw, 1114px\" \/>                                            <\/a>\n            <\/div>\n    <div class=\"edgtf-iwt-text-holder\">\n                <div class=\"edgtf-iwt-title-wrapper\">\n            <h4 class=\"edgtf-iwt-title\" >ORG\u00c6NIC LIFESTYLE HAIRCARE<\/h4>\n    <\/div>\n                <div class=\"edgtf-iwt-text-wrapper\">\n            <p class=\"edgtf-iwt-text\" >Viviamo i capelli come qualcosa di vivo. Pertanto, in quanto parrucchieri, riteniamo che sia nostra responsabilit\u00e0 fare tutto il possibile per assicurarci che tu e i tuoi capelli stiate bene.<\/p>\n        <\/div>\n    <\/div>\n<\/div>[vc_column_text el_class=&#8221;padding_text&#8221;]<a href=\"\/it\/products\/orgaenic-lifestyle-haircare\"> Maggiori informazioni<br \/>\n<\/a>[\/vc_column_text][vc_empty_space el_class=&#8221;only_mobile&#8221;][\/vc_column][\/vc_row][vc_section][\/vc_section]<\/p>\n<\/div>","protected":false},"excerpt":{"rendered":"<p>[vc_row][vc_column][vc_single_image image=&#8221;5821&#8243; img_size=&#8221;full&#8221; css_animation=&#8221;fadeIn&#8221;][\/vc_column][\/vc_row][vc_row row_content_width=&#8221;grid&#8221; css=&#8221;.vc_custom_1547221588958{padding-bottom: 0px !important;}&#8221; simple_background_color=&#8221;#ffffff&#8221;][vc_column offset=&#8221;vc_col-lg-8 vc_col-md-12&#8243;][vc_column_text] FILOSOFIA [\/vc_column_text][\/vc_column][\/vc_row][vc_row row_content_width=&#8221;grid&#8221; css=&#8221;.vc_custom_1546535211428{padding-bottom: 0px !important;}&#8221; simple_background_color=&#8221;#ffffff&#8221;][vc_column width=&#8221;1\/2&#8243;][vc_column_text]ORG\u00c6NIC Haircoloring significa considerare la colorazione dei capelli come un\u2019attivit\u00e0 artigianale. Una tintura dei capelli organica non \u00e8 un mero colore, ma un know-how artigianale. Non \u00e8 biologica, non \u00e8 incolore, pu\u00f2 anche essere colorata, ma ha sempre un aspetto armonioso e [&hellip;]<\/p>\n","protected":false},"author":7,"featured_media":0,"parent":62090,"menu_order":0,"comment_status":"closed","ping_status":"closed","template":"full-width.php","meta":{"footnotes":""},"class_list":["post-6547","page","type-page","status-publish","hentry"],"_links":{"self":[{"href":"https:\/\/orgaeniclife.style\/it\/wp-json\/wp\/v2\/pages\/6547","targetHints":{"allow":["GET"]}}],"collection":[{"href":"https:\/\/orgaeniclife.style\/it\/wp-json\/wp\/v2\/pages"}],"about":[{"href":"https:\/\/orgaeniclife.style\/it\/wp-json\/wp\/v2\/types\/page"}],"author":[{"embeddable":true,"href":"https:\/\/orgaeniclife.style\/it\/wp-json\/wp\/v2\/users\/7"}],"replies":[{"embeddable":true,"href":"https:\/\/orgaeniclife.style\/it\/wp-json\/wp\/v2\/comments?post=6547"}],"version-history":[{"count":3,"href":"https:\/\/orgaeniclife.style\/it\/wp-json\/wp\/v2\/pages\/6547\/revisions"}],"predecessor-version":[{"id":64164,"href":"https:\/\/orgaeniclife.style\/it\/wp-json\/wp\/v2\/pages\/6547\/revisions\/64164"}],"up":[{"embeddable":true,"href":"https:\/\/orgaeniclife.style\/it\/wp-json\/wp\/v2\/pages\/62090"}],"wp:attachment":[{"href":"https:\/\/orgaeniclife.style\/it\/wp-json\/wp\/v2\/media?parent=6547"}],"curies":[{"name":"wp","href":"https:\/\/api.w.org\/{rel}","templated":true}]}}