{"id":6518,"date":"2019-06-19T11:33:03","date_gmt":"2019-06-19T09:33:03","guid":{"rendered":"https:\/\/orgaeniclife.style\/brands\/"},"modified":"2023-03-03T16:07:02","modified_gmt":"2023-03-03T15:07:02","slug":"brands","status":"publish","type":"page","link":"https:\/\/orgaeniclife.style\/it\/brands","title":{"rendered":"Brands"},"content":{"rendered":"<div class=\"wpb-content-wrapper\"><p>[vc_row][vc_column][vc_raw_html]JTNDZGl2JTIwY2xhc3MlM0QlMjJ5b3V0dWJlJTIyJTNFJTNDaWZyYW1lJTIwc3JjJTNEJTIyJTJGJTJGd3d3LnlvdXR1YmUuY29tJTJGZW1iZWQlMkZTNnl6NjFORmVjcyUyMndpZHRoJTNEJTIyNTYwJTIyJTIwaGVpZ2h0JTNEJTIyMzE1JTIyJTIwZnJhbWVib3JkZXIlM0QlMjIwJTIyJTIwYWxsb3dmdWxsc2NyZWVuJTNEJTIyYWxsb3dmdWxsc2NyZWVuJTIyJTNFJTNDJTJGaWZyYW1lJTNFJTNDJTJGZGl2JTNFJTBB[\/vc_raw_html][\/vc_column][\/vc_row][vc_row row_content_width=&#8221;grid&#8221; custom_cursor_color=&#8221;invert&#8221; css=&#8221;.vc_custom_1547135736077{padding-bottom: 0px !important;}&#8221; el_class=&#8221;black&#8221; simple_background_color=&#8221;#000000&#8243;][vc_column][vc_empty_space height=&#8221;40px&#8221;][vc_row_inner][vc_column_inner][vc_column_text]<\/p>\n<h2 class=\"no_margin_bottom\">say hi to our<br \/>\norg\u00e6nic brand family<\/h2>\n<p>[\/vc_column_text][\/vc_column_inner][\/vc_row_inner][vc_row_inner][vc_column_inner width=&#8221;7\/12&#8243; css=&#8221;.vc_custom_1548428811044{background-color: #000000 !important;}&#8221;][vc_column_text]Condividere le nostre esperienze e il nostro life style \u00e8 per noi qualcosa di estremamente naturale. Per una maggiore qualit\u00e0 e un maggiore apprezzamento dell\u2019attivit\u00e0 dei parrucchieri in Europa. I nostri prodotti e servizi del futuro sono proposti da parrucchieri per parrucchieri: in modo esclusivo e senza compromessi. Con ORG\u00c6NIC Haircutting, ORG\u00c6NIC Haircoloring, la nostra serie di prodotti ORG\u00c6NIC Lifestyle Haircare e il marchio di lusso EIGHT WEEKS noi e i nostri partner offriamo ai clienti dei parrucchieri un approccio artigianale autentico!<br \/>\n[\/vc_column_text][vc_empty_space height=&#8221;40px&#8221;][vc_single_image image=&#8221;3435&#8243; img_size=&#8221;full&#8221; css_animation=&#8221;fadeInUp&#8221;][vc_empty_space height=&#8221;40px&#8221;][vc_column_text]Trova il salone pi\u00f9 vicino a te che offre servizi e\/o prodotti ORG\u00c6NIC.[\/vc_column_text][vc_empty_space height=&#8221;40px&#8221;]<a itemprop=\"url\" href=\"\/\/orgaeniclife.style\/it\/brands\/cerca-salone\/\" target=\"_self\"  class=\"edgtf-btn edgtf-btn-medium edgtf-btn-outline\"  >\n            <span class=\"edgtf-btn-text\">CERCA SALONE<\/span>\n            <\/a>[\/vc_column_inner][vc_column_inner width=&#8221;5\/12&#8243; css=&#8221;.vc_custom_1548428824331{background-color: #000000 !important;}&#8221;][vc_empty_space height=&#8221;20px&#8221;][vc_single_image image=&#8221;57146&#8243; img_size=&#8221;full&#8221; css_animation=&#8221;fadeInRight&#8221; el_class=&#8221;margin_left_negative&#8221;][\/vc_column_inner][\/vc_row_inner][vc_empty_space height=&#8221;80px&#8221;][\/vc_column][\/vc_row][vc_row row_content_width=&#8221;grid&#8221; css=&#8221;.vc_custom_1547129888632{padding-top: 135px !important;padding-bottom: 104px !important;}&#8221; el_class=&#8221;full_width&#8221;][vc_column offset=&#8221;vc_col-lg-12 vc_col-md-12&#8243;]<div class=\"edgtf-elements-holder   edgtf-one-column  edgtf-responsive-mode-768 \" ><div class=\"edgtf-eh-item    \"  data-item-class=\"edgtf-eh-custom-2737\" data-1367-1600=\"0 35% 0 0\" data-1025-1366=\"0 35% 0 0\" data-769-1024=\"0 23% 0 0\" data-681-768=\"0 0 0 0\" data-680=\"0 15px\">\n    <div class=\"edgtf-eh-item-inner\">\n        <div class=\"edgtf-eh-item-content edgtf-eh-custom-2737\" style=\"padding: 0 35% 0 0\">\n            <div class=\"edgtf-testimonials-holder clearfix \">\n    <div class=\"edgtf-testimonials edgtf-owl-slider\" data-number-of-items=\"1\" data-enable-loop=\"yes\" data-enable-autoplay=\"yes\" data-slider-speed=\"5000\" data-slider-speed-animation=\"600\" data-enable-navigation=\"no\" data-enable-pagination=\"yes\">\n\n        \n                <div class=\"edgtf-testimonial-content\" id=\"edgtf-testimonials-6561\">\n\n                                            <h2 class=\"edgtf-testimonial-text\">La capacit\u00e0 di scavare a fondo, di percepire e considerare ogni persona unica in s\u00e9, costituisce la base della filosofia organica.<\/h2>\n                                                                <p class=\"edgtf-testimonial-author\">\n                            Thomas Brockmann-Kn\u00f6dler                        <\/p>\n                                    <\/div>\n\n            \n    <\/div>\n<\/div>        <\/div>\n    <\/div>\n<\/div><\/div>[\/vc_column][\/vc_row][vc_row][vc_column]<div class=\"edgtf-image-gallery  edgtf-ig-slider-type edgtf-three-columns edgtf-large-space  edgtf-image-behavior-custom-link\">\n    <div class=\"edgtf-ig-slider edgtf-owl-slider\" data-number-of-items=\"1\" data-enable-loop=\"yes\" data-enable-autoplay=\"yes\" data-slider-speed=\"5000\" data-slider-speed-animation=\"600\" data-slider-padding=\"yes\" data-enable-navigation=\"yes\" data-enable-pagination=\"no\">\n                    <div class=\"edgtf-ig-image\">\n                                    <a itemprop=\"url\" class=\"edgtf-ig-custom-link edgtf-block-drag-link\" href=\"\/it\/brands\/orgaenic-lifestyle-haircare\" target=\"_self\" title=\"Orgaenic_Lifestyle-Haircare_1920x1242\">\n                                                <img decoding=\"async\" width=\"1920\" height=\"1242\" data-src=\"https:\/\/orgaeniclife.style\/wp-content\/uploads\/2019\/05\/Orgaenic_Lifestyle-Haircare_1920x1242-1.jpg\" class=\"attachment-full size-full lazyload\" alt=\"\" data-srcset=\"https:\/\/orgaeniclife.style\/wp-content\/uploads\/2019\/05\/Orgaenic_Lifestyle-Haircare_1920x1242-1.jpg 1920w, https:\/\/orgaeniclife.style\/wp-content\/uploads\/2019\/05\/Orgaenic_Lifestyle-Haircare_1920x1242-1-300x194.jpg 300w, https:\/\/orgaeniclife.style\/wp-content\/uploads\/2019\/05\/Orgaenic_Lifestyle-Haircare_1920x1242-1-768x497.jpg 768w, https:\/\/orgaeniclife.style\/wp-content\/uploads\/2019\/05\/Orgaenic_Lifestyle-Haircare_1920x1242-1-1024x662.jpg 1024w, https:\/\/orgaeniclife.style\/wp-content\/uploads\/2019\/05\/Orgaenic_Lifestyle-Haircare_1920x1242-1-600x388.jpg 600w\" data-sizes=\"auto\" src=\"data:image\/svg+xml;base64,PHN2ZyB3aWR0aD0iMSIgaGVpZ2h0PSIxIiB4bWxucz0iaHR0cDovL3d3dy53My5vcmcvMjAwMC9zdmciPjwvc3ZnPg==\" style=\"--smush-placeholder-width: 1920px; --smush-placeholder-aspect-ratio: 1920\/1242;\" data-original-sizes=\"(max-width: 1920px) 100vw, 1920px\" \/>                                            <\/a>\n                            <\/div>\n                    <div class=\"edgtf-ig-image\">\n                                    <a itemprop=\"url\" class=\"edgtf-ig-custom-link edgtf-block-drag-link\" href=\"\/it\/brands\/eight-weeks\" target=\"_self\" title=\"eight_weeks\">\n                                                <img decoding=\"async\" width=\"1920\" height=\"1245\" data-src=\"https:\/\/orgaeniclife.style\/wp-content\/uploads\/2019\/01\/eight_weeks.jpg\" class=\"attachment-full size-full lazyload\" alt=\"Product Eight Weeks\" data-srcset=\"https:\/\/orgaeniclife.style\/wp-content\/uploads\/2019\/01\/eight_weeks.jpg 1920w, https:\/\/orgaeniclife.style\/wp-content\/uploads\/2019\/01\/eight_weeks-300x195.jpg 300w, https:\/\/orgaeniclife.style\/wp-content\/uploads\/2019\/01\/eight_weeks-768x498.jpg 768w, https:\/\/orgaeniclife.style\/wp-content\/uploads\/2019\/01\/eight_weeks-1024x664.jpg 1024w, https:\/\/orgaeniclife.style\/wp-content\/uploads\/2019\/01\/eight_weeks-600x389.jpg 600w\" data-sizes=\"auto\" src=\"data:image\/svg+xml;base64,PHN2ZyB3aWR0aD0iMSIgaGVpZ2h0PSIxIiB4bWxucz0iaHR0cDovL3d3dy53My5vcmcvMjAwMC9zdmciPjwvc3ZnPg==\" style=\"--smush-placeholder-width: 1920px; --smush-placeholder-aspect-ratio: 1920\/1245;\" data-original-sizes=\"(max-width: 1920px) 100vw, 1920px\" \/>                                            <\/a>\n                            <\/div>\n                    <div class=\"edgtf-ig-image\">\n                                    <a itemprop=\"url\" class=\"edgtf-ig-custom-link edgtf-block-drag-link\" href=\"\/it\/brands\/orgaenic-haircutting\" target=\"_self\" title=\"Orgaenic_Haircutting_1920x1242\">\n                                                <img decoding=\"async\" width=\"1920\" height=\"1242\" data-src=\"https:\/\/orgaeniclife.style\/wp-content\/uploads\/2019\/05\/Orgaenic_Haircutting_1920x1242.jpg\" class=\"attachment-full size-full lazyload\" alt=\"\" data-srcset=\"https:\/\/orgaeniclife.style\/wp-content\/uploads\/2019\/05\/Orgaenic_Haircutting_1920x1242.jpg 1920w, https:\/\/orgaeniclife.style\/wp-content\/uploads\/2019\/05\/Orgaenic_Haircutting_1920x1242-300x194.jpg 300w, https:\/\/orgaeniclife.style\/wp-content\/uploads\/2019\/05\/Orgaenic_Haircutting_1920x1242-768x497.jpg 768w, https:\/\/orgaeniclife.style\/wp-content\/uploads\/2019\/05\/Orgaenic_Haircutting_1920x1242-1024x662.jpg 1024w, https:\/\/orgaeniclife.style\/wp-content\/uploads\/2019\/05\/Orgaenic_Haircutting_1920x1242-600x388.jpg 600w\" data-sizes=\"auto\" src=\"data:image\/svg+xml;base64,PHN2ZyB3aWR0aD0iMSIgaGVpZ2h0PSIxIiB4bWxucz0iaHR0cDovL3d3dy53My5vcmcvMjAwMC9zdmciPjwvc3ZnPg==\" style=\"--smush-placeholder-width: 1920px; --smush-placeholder-aspect-ratio: 1920\/1242;\" data-original-sizes=\"(max-width: 1920px) 100vw, 1920px\" \/>                                            <\/a>\n                            <\/div>\n                    <div class=\"edgtf-ig-image\">\n                                    <a itemprop=\"url\" class=\"edgtf-ig-custom-link edgtf-block-drag-link\" href=\"\/it\/brands\/orgaenic-haircoloring\" target=\"_self\" title=\"Orgaenic_Haircoloring_1920x1242\">\n                                                <img decoding=\"async\" width=\"1920\" height=\"1242\" data-src=\"https:\/\/orgaeniclife.style\/wp-content\/uploads\/2019\/05\/Orgaenic_Haircoloring_1920x1242.jpg\" class=\"attachment-full size-full lazyload\" alt=\"\" data-srcset=\"https:\/\/orgaeniclife.style\/wp-content\/uploads\/2019\/05\/Orgaenic_Haircoloring_1920x1242.jpg 1920w, https:\/\/orgaeniclife.style\/wp-content\/uploads\/2019\/05\/Orgaenic_Haircoloring_1920x1242-300x194.jpg 300w, https:\/\/orgaeniclife.style\/wp-content\/uploads\/2019\/05\/Orgaenic_Haircoloring_1920x1242-768x497.jpg 768w, https:\/\/orgaeniclife.style\/wp-content\/uploads\/2019\/05\/Orgaenic_Haircoloring_1920x1242-1024x662.jpg 1024w, https:\/\/orgaeniclife.style\/wp-content\/uploads\/2019\/05\/Orgaenic_Haircoloring_1920x1242-600x388.jpg 600w\" data-sizes=\"auto\" src=\"data:image\/svg+xml;base64,PHN2ZyB3aWR0aD0iMSIgaGVpZ2h0PSIxIiB4bWxucz0iaHR0cDovL3d3dy53My5vcmcvMjAwMC9zdmciPjwvc3ZnPg==\" style=\"--smush-placeholder-width: 1920px; --smush-placeholder-aspect-ratio: 1920\/1242;\" data-original-sizes=\"(max-width: 1920px) 100vw, 1920px\" \/>                                            <\/a>\n                            <\/div>\n            <\/div>\n<\/div>[vc_empty_space height=&#8221;180px&#8221;][\/vc_column][\/vc_row][vc_row row_content_width=&#8221;grid&#8221;][vc_column width=&#8221;1\/3&#8243;]<div class=\"edgtf-image-with-text-holder    edgtf-image-behavior-custom-link\">\n    <div class=\"edgtf-iwt-image\">\n                    <a itemprop=\"url\" href=\"\/it\/shop\/\" target=\"_self\">\n                                                    <img decoding=\"async\" width=\"1114\" height=\"746\" data-src=\"https:\/\/orgaeniclife.style\/wp-content\/uploads\/2022\/07\/read_more_shop_1114x746_2022-1.jpg\" class=\"attachment-full size-full lazyload\" alt=\"\" data-srcset=\"https:\/\/orgaeniclife.style\/wp-content\/uploads\/2022\/07\/read_more_shop_1114x746_2022-1.jpg 1114w, https:\/\/orgaeniclife.style\/wp-content\/uploads\/2022\/07\/read_more_shop_1114x746_2022-1-300x201.jpg 300w, https:\/\/orgaeniclife.style\/wp-content\/uploads\/2022\/07\/read_more_shop_1114x746_2022-1-1024x686.jpg 1024w, https:\/\/orgaeniclife.style\/wp-content\/uploads\/2022\/07\/read_more_shop_1114x746_2022-1-768x514.jpg 768w, https:\/\/orgaeniclife.style\/wp-content\/uploads\/2022\/07\/read_more_shop_1114x746_2022-1-600x402.jpg 600w\" data-sizes=\"auto\" src=\"data:image\/svg+xml;base64,PHN2ZyB3aWR0aD0iMSIgaGVpZ2h0PSIxIiB4bWxucz0iaHR0cDovL3d3dy53My5vcmcvMjAwMC9zdmciPjwvc3ZnPg==\" style=\"--smush-placeholder-width: 1114px; --smush-placeholder-aspect-ratio: 1114\/746;\" data-original-sizes=\"(max-width: 1114px) 100vw, 1114px\" \/>                                            <\/a>\n            <\/div>\n    <div class=\"edgtf-iwt-text-holder\">\n                <div class=\"edgtf-iwt-title-wrapper\">\n            <h4 class=\"edgtf-iwt-title\" >ORG\u00c6NIC SHOP<\/h4>\n    <\/div>\n                <div class=\"edgtf-iwt-text-wrapper\">\n            <p class=\"edgtf-iwt-text\" >Maglione, berretto o shopping bag: qui potrai trovare i tuoi prodotti preferiti per il tuo guardaroba. Coming soon. Stay tuned!<\/p>\n        <\/div>\n    <\/div>\n<\/div>[vc_column_text el_class=&#8221;padding_text&#8221;]<a href=\"\/\/orgaeniclife.style\/it\/shop\/\">Maggiori informazioni<\/a>[\/vc_column_text][vc_empty_space el_class=&#8221;only_mobile&#8221;][\/vc_column][vc_column width=&#8221;1\/3&#8243;]<div class=\"edgtf-image-with-text-holder    edgtf-image-behavior-custom-link\">\n    <div class=\"edgtf-iwt-image\">\n                    <a itemprop=\"url\" href=\"\/it\/saloni\" target=\"_self\">\n                                                    <img decoding=\"async\" width=\"1114\" height=\"746\" data-src=\"https:\/\/orgaeniclife.style\/wp-content\/uploads\/2019\/03\/read_more_ourSalons_1114x746.jpg\" class=\"attachment-full size-full lazyload\" alt=\"Org\u00e6nic Salon Dresden\" data-srcset=\"https:\/\/orgaeniclife.style\/wp-content\/uploads\/2019\/03\/read_more_ourSalons_1114x746.jpg 1114w, https:\/\/orgaeniclife.style\/wp-content\/uploads\/2019\/03\/read_more_ourSalons_1114x746-300x201.jpg 300w, https:\/\/orgaeniclife.style\/wp-content\/uploads\/2019\/03\/read_more_ourSalons_1114x746-768x514.jpg 768w, https:\/\/orgaeniclife.style\/wp-content\/uploads\/2019\/03\/read_more_ourSalons_1114x746-1024x686.jpg 1024w, https:\/\/orgaeniclife.style\/wp-content\/uploads\/2019\/03\/read_more_ourSalons_1114x746-600x402.jpg 600w\" data-sizes=\"auto\" src=\"data:image\/svg+xml;base64,PHN2ZyB3aWR0aD0iMSIgaGVpZ2h0PSIxIiB4bWxucz0iaHR0cDovL3d3dy53My5vcmcvMjAwMC9zdmciPjwvc3ZnPg==\" style=\"--smush-placeholder-width: 1114px; --smush-placeholder-aspect-ratio: 1114\/746;\" data-original-sizes=\"(max-width: 1114px) 100vw, 1114px\" \/>                                            <\/a>\n            <\/div>\n    <div class=\"edgtf-iwt-text-holder\">\n                <div class=\"edgtf-iwt-title-wrapper\">\n            <h4 class=\"edgtf-iwt-title\" >SALONE ORG\u00c6NIC<\/h4>\n    <\/div>\n                <div class=\"edgtf-iwt-text-wrapper\">\n            <p class=\"edgtf-iwt-text\" >Desideri fissare un appuntamento in uno dei nostri saloni ORG\u00c6NIC a Dresda, Zwickau o Chemnitz o vuoi maggiori informazioni? Allora clicca qui...<\/p>\n        <\/div>\n    <\/div>\n<\/div>[vc_column_text el_class=&#8221;padding_text&#8221;]<a href=\"\/\/orgaeniclife.style\/it\/saloni\/\">Maggiori informazioni<\/a>[\/vc_column_text][vc_empty_space el_class=&#8221;only_mobile&#8221;][\/vc_column][vc_column width=&#8221;1\/3&#8243;]<div class=\"edgtf-image-with-text-holder    edgtf-image-behavior-custom-link\">\n    <div class=\"edgtf-iwt-image\">\n                    <a itemprop=\"url\" href=\"\/it\/academy\" target=\"_self\">\n                                                    <img decoding=\"async\" width=\"1114\" height=\"746\" data-src=\"https:\/\/orgaeniclife.style\/wp-content\/uploads\/2019\/03\/read_more_stories_1114x746.jpg\" class=\"attachment-full size-full lazyload\" alt=\"\" data-srcset=\"https:\/\/orgaeniclife.style\/wp-content\/uploads\/2019\/03\/read_more_stories_1114x746.jpg 1114w, https:\/\/orgaeniclife.style\/wp-content\/uploads\/2019\/03\/read_more_stories_1114x746-300x201.jpg 300w, https:\/\/orgaeniclife.style\/wp-content\/uploads\/2019\/03\/read_more_stories_1114x746-768x514.jpg 768w, https:\/\/orgaeniclife.style\/wp-content\/uploads\/2019\/03\/read_more_stories_1114x746-1024x686.jpg 1024w, https:\/\/orgaeniclife.style\/wp-content\/uploads\/2019\/03\/read_more_stories_1114x746-600x402.jpg 600w\" data-sizes=\"auto\" src=\"data:image\/svg+xml;base64,PHN2ZyB3aWR0aD0iMSIgaGVpZ2h0PSIxIiB4bWxucz0iaHR0cDovL3d3dy53My5vcmcvMjAwMC9zdmciPjwvc3ZnPg==\" style=\"--smush-placeholder-width: 1114px; --smush-placeholder-aspect-ratio: 1114\/746;\" data-original-sizes=\"(max-width: 1114px) 100vw, 1114px\" \/>                                            <\/a>\n            <\/div>\n    <div class=\"edgtf-iwt-text-holder\">\n                <div class=\"edgtf-iwt-title-wrapper\">\n            <h4 class=\"edgtf-iwt-title\" >ORG\u00c6NIC Academy<\/h4>\n    <\/div>\n                <div class=\"edgtf-iwt-text-wrapper\">\n            <p class=\"edgtf-iwt-text\" >Abbiamo il desiderio di riportare l\u2019attenzione sull\u2019artigianalit\u00e0, sulla libert\u00e0 creativa e sull\u2019individualit\u00e0. Sei un parrucchiere e vuoi essere dei nostri?<\/p>\n        <\/div>\n    <\/div>\n<\/div>[vc_column_text el_class=&#8221;padding_text&#8221;]<a href=\"\/\/orgaeniclife.style\/it\/academy\/\">Maggiori informazioni<\/a>[\/vc_column_text][vc_empty_space el_class=&#8221;only_mobile&#8221;][\/vc_column][\/vc_row]<\/p>\n<\/div>","protected":false},"excerpt":{"rendered":"<p>[vc_row][vc_column][vc_raw_html]JTNDZGl2JTIwY2xhc3MlM0QlMjJ5b3V0dWJlJTIyJTNFJTNDaWZyYW1lJTIwc3JjJTNEJTIyJTJGJTJGd3d3LnlvdXR1YmUuY29tJTJGZW1iZWQlMkZTNnl6NjFORmVjcyUyMndpZHRoJTNEJTIyNTYwJTIyJTIwaGVpZ2h0JTNEJTIyMzE1JTIyJTIwZnJhbWVib3JkZXIlM0QlMjIwJTIyJTIwYWxsb3dmdWxsc2NyZWVuJTNEJTIyYWxsb3dmdWxsc2NyZWVuJTIyJTNFJTNDJTJGaWZyYW1lJTNFJTNDJTJGZGl2JTNFJTBB[\/vc_raw_html][\/vc_column][\/vc_row][vc_row row_content_width=&#8221;grid&#8221; custom_cursor_color=&#8221;invert&#8221; css=&#8221;.vc_custom_1547135736077{padding-bottom: 0px !important;}&#8221; el_class=&#8221;black&#8221; simple_background_color=&#8221;#000000&#8243;][vc_column][vc_empty_space height=&#8221;40px&#8221;][vc_row_inner][vc_column_inner][vc_column_text] say hi to our org\u00e6nic brand family [\/vc_column_text][\/vc_column_inner][\/vc_row_inner][vc_row_inner][vc_column_inner width=&#8221;7\/12&#8243; css=&#8221;.vc_custom_1548428811044{background-color: #000000 !important;}&#8221;][vc_column_text]Condividere le nostre esperienze e il nostro life style \u00e8 per noi qualcosa di estremamente naturale. Per una maggiore qualit\u00e0 e un maggiore apprezzamento dell\u2019attivit\u00e0 dei parrucchieri in Europa. I nostri prodotti e servizi del futuro sono proposti da parrucchieri [&hellip;]<\/p>\n","protected":false},"author":1,"featured_media":0,"parent":0,"menu_order":0,"comment_status":"closed","ping_status":"closed","template":"full-width.php","meta":{"footnotes":""},"class_list":["post-6518","page","type-page","status-publish","hentry"],"_links":{"self":[{"href":"https:\/\/orgaeniclife.style\/it\/wp-json\/wp\/v2\/pages\/6518","targetHints":{"allow":["GET"]}}],"collection":[{"href":"https:\/\/orgaeniclife.style\/it\/wp-json\/wp\/v2\/pages"}],"about":[{"href":"https:\/\/orgaeniclife.style\/it\/wp-json\/wp\/v2\/types\/page"}],"author":[{"embeddable":true,"href":"https:\/\/orgaeniclife.style\/it\/wp-json\/wp\/v2\/users\/1"}],"replies":[{"embeddable":true,"href":"https:\/\/orgaeniclife.style\/it\/wp-json\/wp\/v2\/comments?post=6518"}],"version-history":[{"count":1,"href":"https:\/\/orgaeniclife.style\/it\/wp-json\/wp\/v2\/pages\/6518\/revisions"}],"predecessor-version":[{"id":60406,"href":"https:\/\/orgaeniclife.style\/it\/wp-json\/wp\/v2\/pages\/6518\/revisions\/60406"}],"wp:attachment":[{"href":"https:\/\/orgaeniclife.style\/it\/wp-json\/wp\/v2\/media?parent=6518"}],"curies":[{"name":"wp","href":"https:\/\/api.w.org\/{rel}","templated":true}]}}