{"id":6515,"date":"2019-06-19T11:29:09","date_gmt":"2019-06-19T09:29:09","guid":{"rendered":"https:\/\/orgaeniclife.style\/corporate-culture\/"},"modified":"2019-07-11T08:31:00","modified_gmt":"2019-07-11T06:31:00","slug":"corporate-culture","status":"publish","type":"page","link":"https:\/\/orgaeniclife.style\/it\/corporate-culture","title":{"rendered":"Corporate Culture"},"content":{"rendered":"<div class=\"wpb-content-wrapper\"><p>[vc_row css=&#8221;.vc_custom_1527843088963{padding-top: 0px !important;padding-bottom: 0px !important;}&#8221; el_id=&#8221;edgtf-main-rev-holder&#8221;][vc_column]<div class=\"edgtf-elements-holder   edgtf-one-column  edgtf-responsive-mode-768 \" ><div class=\"edgtf-eh-item    \"  data-item-class=\"edgtf-eh-custom-9640\" data-680=\"0px 25px 0px 25px\">\n    <div class=\"edgtf-eh-item-inner\">\n        <div class=\"edgtf-eh-item-content edgtf-eh-custom-9640\" style=\"padding: 0px 45px 0px 45px\">\n            [vc_single_image image=&#8221;4022&#8243; img_size=&#8221;full&#8221;]        <\/div>\n    <\/div>\n<\/div><\/div>[\/vc_column][\/vc_row][vc_row row_content_width=&#8221;grid&#8221; css=&#8221;.vc_custom_1547221588958{padding-bottom: 0px !important;}&#8221; simple_background_color=&#8221;#ffffff&#8221;][vc_column offset=&#8221;vc_col-lg-8 vc_col-md-12&#8243;][vc_column_text]<\/p>\n<h1>CORPORATE CULTURE<\/h1>\n<p>[\/vc_column_text][\/vc_column][\/vc_row][vc_row row_content_width=&#8221;grid&#8221; css=&#8221;.vc_custom_1546535211428{padding-bottom: 0px !important;}&#8221; simple_background_color=&#8221;#ffffff&#8221;][vc_column width=&#8221;2\/3&#8243;][vc_column_text]<\/p>\n<h4>Attivit\u00e0 visionaria \u2013 ORG\u00c6NIC Visions<\/h4>\n<p>[\/vc_column_text][vc_column_text]ORG\u00c6NIC Lifestyle \u00e8 un gruppo imprenditoriale cresciuto organicamente che opera a livello internazionale. Con quattro saloni, una scuola privata per un linguaggio personalizzato dei capelli, un\u2019agenzia di marketing e design e 15 marchi il gruppo ha una maggiore forza creativa ed efficacia rispetto ad alcuni giganti industriali. I due visionari amministratori delegati Petra Brockmann e Thomas Brockmann-Kn\u00f6dler sono le forze trainanti del settore dell\u2019acconciatura. Il loro know-how confluisce in tendenze innovative, seminari e nuovi prodotti con rilanci globali che contribuiscono a determinare l\u2019attivit\u00e0 artigianale dei parrucchieri in tutto il mondo. ORG\u00c6NIC Lifestyle \u00e8 alla base della loro filosofia, che incoraggia una maggiore vigilanza, qualit\u00e0 e crescita individuale nel settore dell\u2019acconciatura. Questo approccio, la lungimiranza orientata al futuro e l\u2019aspetto moderno e collaborativo sono evidenti in tutte le aree del gruppo imprenditoriale.[\/vc_column_text][vc_empty_space][\/vc_column][vc_column width=&#8221;1\/3&#8243;][\/vc_column][\/vc_row][vc_row row_content_width=&#8221;grid&#8221; css=&#8221;.vc_custom_1546535211428{padding-bottom: 0px !important;}&#8221; simple_background_color=&#8221;#ffffff&#8221;][vc_column width=&#8221;2\/5&#8243;][\/vc_column][vc_column width=&#8221;3\/5&#8243;][vc_column_text]<\/p>\n<h4>Crescita personale \u2013 ORG\u00c6NIC Learning<\/h4>\n<p>[\/vc_column_text][vc_column_text]Siamo convinti che la formazione permanente sia preziosa per ogni impresa, ma anche per ogni singolo collaboratore. \u00c8 appagante affrontare nuove sfide, occuparsi di progetti e strategie moderni e sviluppare in modo organico e garantire la propria posizione nell\u2019impresa, nella societ\u00e0 e nella vita privata. Per questo motivo creiamo opportunit\u00e0 per la formazione e l\u2019insegnamento e allo stesso tempo reti per lo scambio di conoscenze, per condividere ispirazioni e creare una comunit\u00e0.[\/vc_column_text][vc_empty_space height=&#8221;48px&#8221;][\/vc_column][\/vc_row][vc_row row_content_width=&#8221;grid&#8221; css=&#8221;.vc_custom_1546535211428{padding-bottom: 0px !important;}&#8221; simple_background_color=&#8221;#ffffff&#8221;][vc_column width=&#8221;1\/12&#8243;][\/vc_column][vc_column width=&#8221;9\/12&#8243;][vc_column_text]<\/p>\n<h4>Percezione differenziata del cliente \u2013 ORG\u00c6NIC Service<\/h4>\n<p>[\/vc_column_text][vc_column_text]Al giorno d\u2019oggi ogni cliente si aspetta una reale soddisfazione dei propri desideri personali! Perch\u00e9 il valore di un servizio aumenta solo se il cliente \u00e8 soddisfatto, se pu\u00f2 provare la qualit\u00e0 e sperimentare il valore aggiunto. La nostra capacit\u00e0 di scavare a fondo, di percepire e considerare ogni persona unica in s\u00e9 non rappresenta solo l\u2019essenza del nostro seminario di successo Lavoro di testa e oltre\u00ae, ma anche la mentalit\u00e0 imprenditoriale e la base della nostra filosofia organica. Perch\u00e9 non da ultimo ogni marchio, ogni seminario e ogni prodotto nasce per la curiosit\u00e0 di soddisfare pienamente i desideri dei clienti.[\/vc_column_text][vc_empty_space][\/vc_column][vc_column width=&#8221;2\/12&#8243;][\/vc_column][\/vc_row][vc_row row_content_width=&#8221;grid&#8221; css=&#8221;.vc_custom_1546535211428{padding-bottom: 0px !important;}&#8221; simple_background_color=&#8221;#ffffff&#8221;][vc_column width=&#8221;2\/5&#8243;][\/vc_column][vc_column width=&#8221;3\/5&#8243;][vc_column_text]<\/p>\n<h4>Una comunit\u00e0 viva \u2013 ORG\u00c6NIC Family<\/h4>\n<p>[\/vc_column_text][vc_column_text]Nella nostra scuola privata per il linguaggio dei capelli personalizzato offriamo da pi\u00f9 di 20 anni ai parrucchieri una piattaforma unica nel suo genere per considerare la loro attivit\u00e0 da una nuova prospettiva, per creare un proprio linguaggio dei capelli e per distinguersi come imprenditori. Condividere la nostra USP e le nostre esperienze con gli altri parrucchieri e partner non \u00e8 solo qualcosa di estremamente naturale per noi, ma una vera e propria necessit\u00e0 per una maggiore qualit\u00e0 e un maggior riconoscimento dell\u2019attivit\u00e0 dei parrucchieri in Europa. Intorno a noi si sviluppa una community che vuole crescere con noi. Condividiamo il desiderio di riportare l\u2019attenzione sull\u2019artigianalit\u00e0, sulla libert\u00e0 creativa e sull\u2019individualit\u00e0. Vuoi essere dei nostri? Allora ti diamo il benvenuto.[\/vc_column_text][\/vc_column][\/vc_row]<\/p>\n<\/div>","protected":false},"excerpt":{"rendered":"<p>[vc_row css=&#8221;.vc_custom_1527843088963{padding-top: 0px !important;padding-bottom: 0px !important;}&#8221; el_id=&#8221;edgtf-main-rev-holder&#8221;][vc_column][\/vc_column][\/vc_row][vc_row row_content_width=&#8221;grid&#8221; css=&#8221;.vc_custom_1547221588958{padding-bottom: 0px !important;}&#8221; simple_background_color=&#8221;#ffffff&#8221;][vc_column offset=&#8221;vc_col-lg-8 vc_col-md-12&#8243;][vc_column_text] CORPORATE CULTURE [\/vc_column_text][\/vc_column][\/vc_row][vc_row row_content_width=&#8221;grid&#8221; css=&#8221;.vc_custom_1546535211428{padding-bottom: 0px !important;}&#8221; simple_background_color=&#8221;#ffffff&#8221;][vc_column width=&#8221;2\/3&#8243;][vc_column_text] Attivit\u00e0 visionaria \u2013 ORG\u00c6NIC Visions [\/vc_column_text][vc_column_text]ORG\u00c6NIC Lifestyle \u00e8 un gruppo imprenditoriale cresciuto organicamente che opera a livello internazionale. Con quattro saloni, una scuola privata per un linguaggio personalizzato dei capelli, un\u2019agenzia di marketing e design e 15 [&hellip;]<\/p>\n","protected":false},"author":7,"featured_media":0,"parent":0,"menu_order":0,"comment_status":"closed","ping_status":"closed","template":"full-width.php","meta":{"footnotes":""},"class_list":["post-6515","page","type-page","status-publish","hentry"],"_links":{"self":[{"href":"https:\/\/orgaeniclife.style\/it\/wp-json\/wp\/v2\/pages\/6515","targetHints":{"allow":["GET"]}}],"collection":[{"href":"https:\/\/orgaeniclife.style\/it\/wp-json\/wp\/v2\/pages"}],"about":[{"href":"https:\/\/orgaeniclife.style\/it\/wp-json\/wp\/v2\/types\/page"}],"author":[{"embeddable":true,"href":"https:\/\/orgaeniclife.style\/it\/wp-json\/wp\/v2\/users\/7"}],"replies":[{"embeddable":true,"href":"https:\/\/orgaeniclife.style\/it\/wp-json\/wp\/v2\/comments?post=6515"}],"version-history":[{"count":0,"href":"https:\/\/orgaeniclife.style\/it\/wp-json\/wp\/v2\/pages\/6515\/revisions"}],"wp:attachment":[{"href":"https:\/\/orgaeniclife.style\/it\/wp-json\/wp\/v2\/media?parent=6515"}],"curies":[{"name":"wp","href":"https:\/\/api.w.org\/{rel}","templated":true}]}}