{"id":6497,"date":"2019-06-19T10:36:48","date_gmt":"2019-06-19T08:36:48","guid":{"rendered":"https:\/\/orgaeniclife.style\/concept\/"},"modified":"2025-11-11T17:42:46","modified_gmt":"2025-11-11T16:42:46","slug":"concept","status":"publish","type":"page","link":"https:\/\/orgaeniclife.style\/it","title":{"rendered":"Concept"},"content":{"rendered":"<div class=\"wpb-content-wrapper\"><p>[vc_row full_width=&#8221;stretch_row_content&#8221; el_class=&#8221;faq-box&#8221;][vc_column width=&#8221;1\/3&#8243;]<div class=\"edgtf-image-with-text-holder    edgtf-image-behavior-custom-link\">\n    <div class=\"edgtf-iwt-image\">\n                    <a itemprop=\"url\" href=\"\/it\/services\" target=\"_self\">\n                                                    <img decoding=\"async\" width=\"1024\" height=\"1354\" data-src=\"https:\/\/orgaeniclife.style\/wp-content\/uploads\/2025\/05\/OrgaenicLifestyle-services.jpg\" class=\"attachment-full size-full lazyload\" alt=\"\" data-srcset=\"https:\/\/orgaeniclife.style\/wp-content\/uploads\/2025\/05\/OrgaenicLifestyle-services.jpg 1024w, https:\/\/orgaeniclife.style\/wp-content\/uploads\/2025\/05\/OrgaenicLifestyle-services-227x300.jpg 227w, https:\/\/orgaeniclife.style\/wp-content\/uploads\/2025\/05\/OrgaenicLifestyle-services-774x1024.jpg 774w, https:\/\/orgaeniclife.style\/wp-content\/uploads\/2025\/05\/OrgaenicLifestyle-services-768x1016.jpg 768w, https:\/\/orgaeniclife.style\/wp-content\/uploads\/2025\/05\/OrgaenicLifestyle-services-600x793.jpg 600w\" data-sizes=\"auto\" src=\"data:image\/svg+xml;base64,PHN2ZyB3aWR0aD0iMSIgaGVpZ2h0PSIxIiB4bWxucz0iaHR0cDovL3d3dy53My5vcmcvMjAwMC9zdmciPjwvc3ZnPg==\" style=\"--smush-placeholder-width: 1024px; --smush-placeholder-aspect-ratio: 1024\/1354;\" data-original-sizes=\"(max-width: 1024px) 100vw, 1024px\" \/>                                            <\/a>\n            <\/div>\n    <div class=\"edgtf-iwt-text-holder\">\n            <\/div>\n<\/div>[vc_empty_space el_class=&#8221;only_mobile&#8221;][\/vc_column][vc_column width=&#8221;1\/3&#8243;]<div class=\"edgtf-image-with-text-holder    edgtf-image-behavior-custom-link\">\n    <div class=\"edgtf-iwt-image\">\n                    <a itemprop=\"url\" href=\"\/it\/saloni\" target=\"_self\">\n                                                    <img decoding=\"async\" width=\"1024\" height=\"1354\" data-src=\"https:\/\/orgaeniclife.style\/wp-content\/uploads\/2025\/05\/OrgaenicLifestyle-Salons.jpg\" class=\"attachment-full size-full lazyload\" alt=\"\" data-srcset=\"https:\/\/orgaeniclife.style\/wp-content\/uploads\/2025\/05\/OrgaenicLifestyle-Salons.jpg 1024w, https:\/\/orgaeniclife.style\/wp-content\/uploads\/2025\/05\/OrgaenicLifestyle-Salons-227x300.jpg 227w, https:\/\/orgaeniclife.style\/wp-content\/uploads\/2025\/05\/OrgaenicLifestyle-Salons-774x1024.jpg 774w, https:\/\/orgaeniclife.style\/wp-content\/uploads\/2025\/05\/OrgaenicLifestyle-Salons-768x1016.jpg 768w, https:\/\/orgaeniclife.style\/wp-content\/uploads\/2025\/05\/OrgaenicLifestyle-Salons-600x793.jpg 600w\" data-sizes=\"auto\" src=\"data:image\/svg+xml;base64,PHN2ZyB3aWR0aD0iMSIgaGVpZ2h0PSIxIiB4bWxucz0iaHR0cDovL3d3dy53My5vcmcvMjAwMC9zdmciPjwvc3ZnPg==\" style=\"--smush-placeholder-width: 1024px; --smush-placeholder-aspect-ratio: 1024\/1354;\" data-original-sizes=\"(max-width: 1024px) 100vw, 1024px\" \/>                                            <\/a>\n            <\/div>\n    <div class=\"edgtf-iwt-text-holder\">\n            <\/div>\n<\/div>[vc_empty_space el_class=&#8221;only_mobile&#8221;][\/vc_column][vc_column width=&#8221;1\/3&#8243;]<div class=\"edgtf-image-with-text-holder    edgtf-image-behavior-custom-link\">\n    <div class=\"edgtf-iwt-image\">\n                    <a itemprop=\"url\" href=\"\/it\/academy\" target=\"_self\">\n                                                    <img decoding=\"async\" width=\"1210\" height=\"1600\" data-src=\"https:\/\/orgaeniclife.style\/wp-content\/uploads\/2025\/10\/OrgaenicLifestyle-Academy2026-2.jpg\" class=\"attachment-full size-full lazyload\" alt=\"\" data-srcset=\"https:\/\/orgaeniclife.style\/wp-content\/uploads\/2025\/10\/OrgaenicLifestyle-Academy2026-2.jpg 1210w, https:\/\/orgaeniclife.style\/wp-content\/uploads\/2025\/10\/OrgaenicLifestyle-Academy2026-2-227x300.jpg 227w, https:\/\/orgaeniclife.style\/wp-content\/uploads\/2025\/10\/OrgaenicLifestyle-Academy2026-2-774x1024.jpg 774w, https:\/\/orgaeniclife.style\/wp-content\/uploads\/2025\/10\/OrgaenicLifestyle-Academy2026-2-768x1016.jpg 768w, https:\/\/orgaeniclife.style\/wp-content\/uploads\/2025\/10\/OrgaenicLifestyle-Academy2026-2-1161x1536.jpg 1161w\" data-sizes=\"auto\" src=\"data:image\/svg+xml;base64,PHN2ZyB3aWR0aD0iMSIgaGVpZ2h0PSIxIiB4bWxucz0iaHR0cDovL3d3dy53My5vcmcvMjAwMC9zdmciPjwvc3ZnPg==\" style=\"--smush-placeholder-width: 1210px; --smush-placeholder-aspect-ratio: 1210\/1600;\" data-original-sizes=\"(max-width: 1210px) 100vw, 1210px\" \/>                                            <\/a>\n            <\/div>\n    <div class=\"edgtf-iwt-text-holder\">\n            <\/div>\n<\/div>[vc_empty_space el_class=&#8221;only_mobile&#8221;][\/vc_column][\/vc_row][vc_row row_content_width=&#8221;grid&#8221; css=&#8221;.vc_custom_1546535211428{padding-bottom: 0px !important;}&#8221; simple_background_color=&#8221;#ffffff&#8221;][vc_column width=&#8221;1\/6&#8243;][\/vc_column][vc_column width=&#8221;2\/3&#8243;][vc_empty_space height=&#8221;52px&#8221;][vc_column_text css=&#8221;&#8221; el_class=&#8221;large_text&#8221;]<span style=\"color: #000000;\">ORG\u00c6NIC Lifestyle \u00e8 una scuola di pensiero che include saloni di altissimo livello, nonch\u00e9 Academy di alta qualit\u00e0. ORG\u00c6NIC Lifestyle racchiude una filosofia olistica che mira a elevare la qualit\u00e0 e il prestigio della nostra arte consapevole dell\u2019origine, portandola ad un livello superiore e dando vita cos\u00ec a nientemeno che i parrucchieri del futuro.<\/span>[\/vc_column_text][vc_empty_space][\/vc_column][vc_column width=&#8221;1\/6&#8243;][\/vc_column][\/vc_row][vc_row row_content_width=&#8221;grid&#8221; css=&#8221;.vc_custom_1546535211428{padding-bottom: 0px !important;}&#8221; simple_background_color=&#8221;#ffffff&#8221;][vc_column width=&#8221;1\/2&#8243;][vc_column_text css=&#8221;&#8221;]<span style=\"color: #000000;\">Attraverso una collaborazione tra salone e Academy creiamo nuovi standard sui temi creazione, esecuzione e formazione accademica di colorazioni e tagli fatti su misura, in modo che non solo durino pi\u00f9 a lungo, ma che rispecchino le sfumature naturali e la perfezione autentica della bellezza \u2013 altrimenti introvabili sul mercato.<br \/>\nORG\u00c6NIC Lifestyle \u00e8 una fucina di idee, un laboratorio di ricerca sui capelli da anni e il centro creativo del nostro gruppo aziendale.<\/span>[\/vc_column_text][\/vc_column][vc_column width=&#8221;1\/2&#8243;][\/vc_column][\/vc_row][vc_row row_content_width=&#8221;grid&#8221;][vc_column][vc_empty_space height=&#8221;120px&#8221;][\/vc_column][\/vc_row][vc_row row_content_width=&#8221;grid&#8221; el_class=&#8221;faq-box&#8221;][vc_column width=&#8221;1\/3&#8243;][\/vc_column][vc_column width=&#8221;1\/3&#8243;]<div class=\"edgtf-image-with-text-holder    edgtf-image-behavior-custom-link\">\n    <div class=\"edgtf-iwt-image\">\n                    <a itemprop=\"url\" href=\"https:\/\/orgaenic.shop\/\" target=\"_self\">\n                                                    <img decoding=\"async\" width=\"439\" height=\"578\" data-src=\"https:\/\/orgaeniclife.style\/wp-content\/uploads\/2025\/04\/OrgaenicLifestyle_Shop.jpg\" class=\"attachment-full size-full lazyload\" alt=\"\" data-srcset=\"https:\/\/orgaeniclife.style\/wp-content\/uploads\/2025\/04\/OrgaenicLifestyle_Shop.jpg 439w, https:\/\/orgaeniclife.style\/wp-content\/uploads\/2025\/04\/OrgaenicLifestyle_Shop-228x300.jpg 228w\" data-sizes=\"auto\" src=\"data:image\/svg+xml;base64,PHN2ZyB3aWR0aD0iMSIgaGVpZ2h0PSIxIiB4bWxucz0iaHR0cDovL3d3dy53My5vcmcvMjAwMC9zdmciPjwvc3ZnPg==\" style=\"--smush-placeholder-width: 439px; --smush-placeholder-aspect-ratio: 439\/578;\" data-original-sizes=\"(max-width: 439px) 100vw, 439px\" \/>                                            <\/a>\n            <\/div>\n    <div class=\"edgtf-iwt-text-holder\">\n            <\/div>\n<\/div>[vc_empty_space el_class=&#8221;only_mobile&#8221;][\/vc_column][vc_column width=&#8221;1\/3&#8243;]<div class=\"edgtf-image-with-text-holder    edgtf-image-behavior-custom-link\">\n    <div class=\"edgtf-iwt-image\">\n                    <a itemprop=\"url\" href=\"\/salons\/dresden#circulae\" target=\"_self\">\n                                                    <img decoding=\"async\" width=\"439\" height=\"578\" data-src=\"https:\/\/orgaeniclife.style\/wp-content\/uploads\/2025\/04\/OrgaenicLifestyle_Circulae.jpg\" class=\"attachment-full size-full lazyload\" alt=\"\" data-srcset=\"https:\/\/orgaeniclife.style\/wp-content\/uploads\/2025\/04\/OrgaenicLifestyle_Circulae.jpg 439w, https:\/\/orgaeniclife.style\/wp-content\/uploads\/2025\/04\/OrgaenicLifestyle_Circulae-228x300.jpg 228w\" data-sizes=\"auto\" src=\"data:image\/svg+xml;base64,PHN2ZyB3aWR0aD0iMSIgaGVpZ2h0PSIxIiB4bWxucz0iaHR0cDovL3d3dy53My5vcmcvMjAwMC9zdmciPjwvc3ZnPg==\" style=\"--smush-placeholder-width: 439px; --smush-placeholder-aspect-ratio: 439\/578;\" data-original-sizes=\"(max-width: 439px) 100vw, 439px\" \/>                                            <\/a>\n            <\/div>\n    <div class=\"edgtf-iwt-text-holder\">\n            <\/div>\n<\/div>[vc_empty_space el_class=&#8221;only_mobile&#8221;][\/vc_column][\/vc_row][vc_row row_content_width=&#8221;grid&#8221; css=&#8221;.vc_custom_1547129888632{padding-top: 135px !important;padding-bottom: 104px !important;}&#8221; el_class=&#8221;full_width&#8221;][vc_column offset=&#8221;vc_col-lg-offset-2 vc_col-lg-8 vc_col-md-offset-1 vc_col-md-10&#8243;]<div class=\"edgtf-elements-holder   edgtf-one-column  edgtf-responsive-mode-768 \" ><div class=\"edgtf-eh-item  edgtf-vertical-alignment-top  \"  data-item-class=\"edgtf-eh-custom-1889\" data-1367-1600=\"0 35% 0 0\" data-1025-1366=\"0 35% 0 0\" data-769-1024=\"0 23% 0 0\" data-681-768=\"0 0 0 0\" data-680=\"0 15px\">\n    <div class=\"edgtf-eh-item-inner\">\n        <div class=\"edgtf-eh-item-content edgtf-eh-custom-1889\" style=\"padding: 0 35% 0 0\">\n            <div class=\"edgtf-testimonials-holder clearfix \">\n    <div class=\"edgtf-testimonials edgtf-owl-slider\" data-number-of-items=\"1\" data-enable-loop=\"yes\" data-enable-autoplay=\"yes\" data-slider-speed=\"5000\" data-slider-speed-animation=\"600\" data-enable-navigation=\"no\" data-enable-pagination=\"yes\">\n\n        \n                <div class=\"edgtf-testimonial-content\" id=\"edgtf-testimonials-56274\">\n\n                                            <h2 class=\"edgtf-testimonial-text\">Eravamo gi\u00e0 sostenibili, molto prima che diventasse importante<\/h2>\n                                                                <p class=\"edgtf-testimonial-author\">\n                            \u2013 Petra Brockmann                        <\/p>\n                                    <\/div>\n\n            \n    <\/div>\n<\/div>        <\/div>\n    <\/div>\n<\/div><\/div>[\/vc_column][\/vc_row][vc_row row_content_width=&#8221;grid&#8221;][vc_column][vc_empty_space height=&#8221;80px&#8221;][\/vc_column][\/vc_row][vc_row][vc_column][vc_raw_html css=&#8221;.vc_custom_1733913942006{background-position: center !important;background-repeat: no-repeat !important;background-size: cover !important;}&#8221;]JTNDc2NyaXB0JTIwc3JjJTNEJTIyaHR0cHMlM0ElMkYlMkZzdGF0aWMuZWxmc2lnaHQuY29tJTJGcGxhdGZvcm0lMkZwbGF0Zm9ybS5qcyUyMiUyMGFzeW5jJTNFJTNDJTJGc2NyaXB0JTNFJTBBJTNDZGl2JTIwY2xhc3MlM0QlMjJlbGZzaWdodC1hcHAtYWRhNzRhNjAtYWE1NS00OTJhLWI4ZDQtZTFhNWRiYTRlMTQwJTIyJTIwZGF0YS1lbGZzaWdodC1hcHAtbGF6eSUzRSUzQyUyRmRpdiUzRSUwQQ==[\/vc_raw_html][\/vc_column][\/vc_row][vc_row row_content_width=&#8221;grid&#8221;][vc_column][vc_empty_space height=&#8221;120px&#8221;][\/vc_column][\/vc_row][vc_row][vc_column][vc_raw_html]JTNDZGl2JTIwY2xhc3MlM0QlMjJ5b3V0dWJlJTIyJTNFJTBBJTNDaWZyYW1lJTIwd2lkdGglM0QlMjI1NjAlMjIlMjBoZWlnaHQlM0QlMjIzMTUlMjIlMjBzcmMlM0QlMjJodHRwcyUzQSUyRiUyRnd3dy55b3V0dWJlLmNvbSUyRmVtYmVkJTJGRDNOZHItRUpzRkElMjIlMjB0aXRsZSUzRCUyMllvdVR1YmUlMjB2aWRlbyUyMHBsYXllciUyMiUyMGZyYW1lYm9yZGVyJTNEJTIyMCUyMiUyMGFsbG93JTNEJTIyYWNjZWxlcm9tZXRlciUzQiUyMGF1dG9wbGF5JTNCJTIwY2xpcGJvYXJkLXdyaXRlJTNCJTIwZW5jcnlwdGVkLW1lZGlhJTNCJTIwZ3lyb3Njb3BlJTNCJTIwcGljdHVyZS1pbi1waWN0dXJlJTIyJTIwYWxsb3dmdWxsc2NyZWVuJTNFJTNDJTJGaWZyYW1lJTNFJTBBJTNDJTJGZGl2JTNF[\/vc_raw_html][\/vc_column][\/vc_row][vc_row row_content_width=&#8221;grid&#8221;][vc_column][vc_empty_space height=&#8221;120px&#8221;][\/vc_column][\/vc_row][vc_row row_content_width=&#8221;grid&#8221;][vc_column width=&#8221;1\/3&#8243;]<div class=\"edgtf-image-with-text-holder    edgtf-image-behavior-custom-link\">\n    <div class=\"edgtf-iwt-image\">\n                    <a itemprop=\"url\" href=\"\/contact\" target=\"_self\">\n                                                    <img decoding=\"async\" width=\"1114\" height=\"746\" data-src=\"https:\/\/orgaeniclife.style\/wp-content\/uploads\/2022\/02\/OrgaenicLifestyle_get_in_touch.png\" class=\"attachment-full size-full lazyload\" alt=\"\" data-srcset=\"https:\/\/orgaeniclife.style\/wp-content\/uploads\/2022\/02\/OrgaenicLifestyle_get_in_touch.png 1114w, https:\/\/orgaeniclife.style\/wp-content\/uploads\/2022\/02\/OrgaenicLifestyle_get_in_touch-300x201.png 300w, https:\/\/orgaeniclife.style\/wp-content\/uploads\/2022\/02\/OrgaenicLifestyle_get_in_touch-1024x686.png 1024w, https:\/\/orgaeniclife.style\/wp-content\/uploads\/2022\/02\/OrgaenicLifestyle_get_in_touch-768x514.png 768w, https:\/\/orgaeniclife.style\/wp-content\/uploads\/2022\/02\/OrgaenicLifestyle_get_in_touch-600x402.png 600w\" data-sizes=\"auto\" src=\"data:image\/svg+xml;base64,PHN2ZyB3aWR0aD0iMSIgaGVpZ2h0PSIxIiB4bWxucz0iaHR0cDovL3d3dy53My5vcmcvMjAwMC9zdmciPjwvc3ZnPg==\" style=\"--smush-placeholder-width: 1114px; --smush-placeholder-aspect-ratio: 1114\/746;\" data-original-sizes=\"(max-width: 1114px) 100vw, 1114px\" \/>                                            <\/a>\n            <\/div>\n    <div class=\"edgtf-iwt-text-holder\">\n                <div class=\"edgtf-iwt-title-wrapper\">\n            <h4 class=\"edgtf-iwt-title\" >GET IN TOUCH<\/h4>\n    <\/div>\n                <div class=\"edgtf-iwt-text-wrapper\">\n            <p class=\"edgtf-iwt-text\" >Saremo lieti di ricevere i vostri messaggi, il vostro feedback, le vostre domande, le vostre lodi, ma anche le vostre critiche.<\/p>\n        <\/div>\n    <\/div>\n<\/div>[vc_column_text el_class=&#8221;padding_text&#8221;]<a href=\"https:\/\/orgaeniclife.style\/it\/contatti\">Maggiori informazioni<\/a>[\/vc_column_text][vc_empty_space el_class=&#8221;only_mobile&#8221;][\/vc_column][vc_column width=&#8221;1\/3&#8243;]<div class=\"edgtf-image-with-text-holder    edgtf-image-behavior-custom-link\">\n    <div class=\"edgtf-iwt-image\">\n                    <a itemprop=\"url\" href=\"\/career\/\" target=\"_self\">\n                                                    <img decoding=\"async\" width=\"1114\" height=\"746\" data-src=\"https:\/\/orgaeniclife.style\/wp-content\/uploads\/2022\/02\/OrgaenicLifestyle_career.png\" class=\"attachment-full size-full lazyload\" alt=\"\" data-srcset=\"https:\/\/orgaeniclife.style\/wp-content\/uploads\/2022\/02\/OrgaenicLifestyle_career.png 1114w, https:\/\/orgaeniclife.style\/wp-content\/uploads\/2022\/02\/OrgaenicLifestyle_career-300x201.png 300w, https:\/\/orgaeniclife.style\/wp-content\/uploads\/2022\/02\/OrgaenicLifestyle_career-1024x686.png 1024w, https:\/\/orgaeniclife.style\/wp-content\/uploads\/2022\/02\/OrgaenicLifestyle_career-768x514.png 768w, https:\/\/orgaeniclife.style\/wp-content\/uploads\/2022\/02\/OrgaenicLifestyle_career-600x402.png 600w\" data-sizes=\"auto\" src=\"data:image\/svg+xml;base64,PHN2ZyB3aWR0aD0iMSIgaGVpZ2h0PSIxIiB4bWxucz0iaHR0cDovL3d3dy53My5vcmcvMjAwMC9zdmciPjwvc3ZnPg==\" style=\"--smush-placeholder-width: 1114px; --smush-placeholder-aspect-ratio: 1114\/746;\" data-original-sizes=\"(max-width: 1114px) 100vw, 1114px\" \/>                                            <\/a>\n            <\/div>\n    <div class=\"edgtf-iwt-text-holder\">\n                <div class=\"edgtf-iwt-title-wrapper\">\n            <h4 class=\"edgtf-iwt-title\" >CAREER<\/h4>\n    <\/div>\n                <div class=\"edgtf-iwt-text-wrapper\">\n            <p class=\"edgtf-iwt-text\" >Hai immaginazione ed idee, un po\u2019di voglia di provocare e vuoi lasciare la tua zona di comfort. Allora cerchiamo proprio te.<\/p>\n        <\/div>\n    <\/div>\n<\/div>[vc_column_text el_class=&#8221;padding_text&#8221;]<a href=\"https:\/\/orgaeniclife.style\/it\/opportunita-di-lavoro\">Maggiori informazioni<\/a>[\/vc_column_text][vc_empty_space el_class=&#8221;only_mobile&#8221;][\/vc_column][vc_column width=&#8221;1\/3&#8243;]<div class=\"edgtf-image-with-text-holder    edgtf-image-behavior-custom-link\">\n    <div class=\"edgtf-iwt-image\">\n                    <a itemprop=\"url\" href=\"https:\/\/open.spotify.com\/show\/1S7FDPDdvZCupWctFw6o5d\" target=\"_blank\">\n                                                    <img decoding=\"async\" width=\"1114\" height=\"746\" data-src=\"https:\/\/orgaeniclife.style\/wp-content\/uploads\/2024\/07\/the_Podcast_1114x746px-2.jpg\" class=\"attachment-full size-full lazyload\" alt=\"\" data-srcset=\"https:\/\/orgaeniclife.style\/wp-content\/uploads\/2024\/07\/the_Podcast_1114x746px-2.jpg 1114w, https:\/\/orgaeniclife.style\/wp-content\/uploads\/2024\/07\/the_Podcast_1114x746px-2-300x201.jpg 300w, https:\/\/orgaeniclife.style\/wp-content\/uploads\/2024\/07\/the_Podcast_1114x746px-2-1024x686.jpg 1024w, https:\/\/orgaeniclife.style\/wp-content\/uploads\/2024\/07\/the_Podcast_1114x746px-2-768x514.jpg 768w, https:\/\/orgaeniclife.style\/wp-content\/uploads\/2024\/07\/the_Podcast_1114x746px-2-600x402.jpg 600w\" data-sizes=\"auto\" src=\"data:image\/svg+xml;base64,PHN2ZyB3aWR0aD0iMSIgaGVpZ2h0PSIxIiB4bWxucz0iaHR0cDovL3d3dy53My5vcmcvMjAwMC9zdmciPjwvc3ZnPg==\" style=\"--smush-placeholder-width: 1114px; --smush-placeholder-aspect-ratio: 1114\/746;\" data-original-sizes=\"(max-width: 1114px) 100vw, 1114px\" \/>                                            <\/a>\n            <\/div>\n    <div class=\"edgtf-iwt-text-holder\">\n                <div class=\"edgtf-iwt-title-wrapper\">\n            <h4 class=\"edgtf-iwt-title\" >ORG\u00c6NIC Lifestyle \u2013 The Podcast<\/h4>\n    <\/div>\n        <\/div>\n<\/div>[vc_column_text css=&#8221;.vc_custom_1722361516283{margin-top: 4px !important;}&#8221; el_class=&#8221;padding_text&#8221;]Questo \u00e8 per i parrucchieri.<br \/>\nPer la family.<br \/>\nE i nostri clienti fedeli!<\/p>\n<p><a href=\"https:\/\/open.spotify.com\/show\/1S7FDPDdvZCupWctFw6o5d\">ascolta qui<\/a>[\/vc_column_text][vc_empty_space el_class=&#8221;only_mobile&#8221;][\/vc_column][\/vc_row]<\/p>\n<\/div>","protected":false},"excerpt":{"rendered":"<p>[vc_row full_width=&#8221;stretch_row_content&#8221; el_class=&#8221;faq-box&#8221;][vc_column width=&#8221;1\/3&#8243;][vc_empty_space el_class=&#8221;only_mobile&#8221;][\/vc_column][vc_column width=&#8221;1\/3&#8243;][vc_empty_space el_class=&#8221;only_mobile&#8221;][\/vc_column][vc_column width=&#8221;1\/3&#8243;][vc_empty_space el_class=&#8221;only_mobile&#8221;][\/vc_column][\/vc_row][vc_row row_content_width=&#8221;grid&#8221; css=&#8221;.vc_custom_1546535211428{padding-bottom: 0px !important;}&#8221; simple_background_color=&#8221;#ffffff&#8221;][vc_column width=&#8221;1\/6&#8243;][\/vc_column][vc_column width=&#8221;2\/3&#8243;][vc_empty_space height=&#8221;52px&#8221;][vc_column_text css=&#8221;&#8221; el_class=&#8221;large_text&#8221;]ORG\u00c6NIC Lifestyle \u00e8 una scuola di pensiero che include saloni di altissimo livello, nonch\u00e9 Academy di alta qualit\u00e0. ORG\u00c6NIC Lifestyle racchiude una filosofia olistica che mira a elevare la qualit\u00e0 e il prestigio della nostra arte consapevole dell\u2019origine, portandola ad un livello [&hellip;]<\/p>\n","protected":false},"author":1,"featured_media":0,"parent":0,"menu_order":0,"comment_status":"closed","ping_status":"closed","template":"full-width.php","meta":{"footnotes":""},"class_list":["post-6497","page","type-page","status-publish","hentry"],"_links":{"self":[{"href":"https:\/\/orgaeniclife.style\/it\/wp-json\/wp\/v2\/pages\/6497","targetHints":{"allow":["GET"]}}],"collection":[{"href":"https:\/\/orgaeniclife.style\/it\/wp-json\/wp\/v2\/pages"}],"about":[{"href":"https:\/\/orgaeniclife.style\/it\/wp-json\/wp\/v2\/types\/page"}],"author":[{"embeddable":true,"href":"https:\/\/orgaeniclife.style\/it\/wp-json\/wp\/v2\/users\/1"}],"replies":[{"embeddable":true,"href":"https:\/\/orgaeniclife.style\/it\/wp-json\/wp\/v2\/comments?post=6497"}],"version-history":[{"count":14,"href":"https:\/\/orgaeniclife.style\/it\/wp-json\/wp\/v2\/pages\/6497\/revisions"}],"predecessor-version":[{"id":74517,"href":"https:\/\/orgaeniclife.style\/it\/wp-json\/wp\/v2\/pages\/6497\/revisions\/74517"}],"wp:attachment":[{"href":"https:\/\/orgaeniclife.style\/it\/wp-json\/wp\/v2\/media?parent=6497"}],"curies":[{"name":"wp","href":"https:\/\/api.w.org\/{rel}","templated":true}]}}