{"id":64898,"date":"2023-12-27T13:52:04","date_gmt":"2023-12-27T12:52:04","guid":{"rendered":"https:\/\/orgaeniclife.style\/?page_id=64898"},"modified":"2024-03-20T17:23:27","modified_gmt":"2024-03-20T16:23:27","slug":"brush","status":"publish","type":"page","link":"https:\/\/orgaeniclife.style\/it\/products\/brush","title":{"rendered":"Brush"},"content":{"rendered":"<div class=\"wpb-content-wrapper\"><p>[vc_row css=&#8221;.vc_custom_1527843088963{padding-top: 0px !important;padding-bottom: 0px !important;}&#8221; el_id=&#8221;edgtf-main-rev-holder&#8221;][vc_column][vc_single_image image=&#8221;64903&#8243; img_size=&#8221;full&#8221; alignment=&#8221;center&#8221; css_animation=&#8221;fadeIn&#8221;][\/vc_column][\/vc_row][vc_row row_content_width=&#8221;grid&#8221;][vc_column][vc_empty_space height=&#8221;80px&#8221;][\/vc_column][\/vc_row][vc_row row_content_width=&#8221;grid&#8221; css=&#8221;.vc_custom_1547221588958{padding-bottom: 0px !important;}&#8221; simple_background_color=&#8221;#ffffff&#8221;][vc_column offset=&#8221;vc_col-lg-8 vc_col-md-12&#8243;][vc_column_text]<\/p>\n<h1>Cura \u00e8 styling,<br \/>\nstyling \u00e8 cura.<\/h1>\n<p>[\/vc_column_text][\/vc_column][\/vc_row][vc_row row_content_width=&#8221;grid&#8221; css=&#8221;.vc_custom_1546535211428{padding-bottom: 0px !important;}&#8221; simple_background_color=&#8221;#ffffff&#8221;][vc_column width=&#8221;1\/6&#8243;][\/vc_column][vc_column width=&#8221;2\/4&#8243;][vc_column_text]<strong>I nostri prodotti completi, delicati e sostenibili<\/strong><br \/>\nSpazzolare, asciugare e acconciare i capelli sar\u00e0 una passeggiata. In modo pi\u00f9 delicato e pi\u00f9 veloce. Perfezionate l\u2019effetto di ORG\u00c6NIC Lifestyle Haircare. Styling \u00e8 cura, cura \u00e8 styling.<br \/>\n<strong>Spazzole dal design intelligente. Altamente efficiente.<\/strong>[\/vc_column_text][vc_empty_space][\/vc_column][vc_column width=&#8221;2\/6&#8243;][\/vc_column][\/vc_row][vc_row row_content_width=&#8221;grid&#8221; css=&#8221;.vc_custom_1546535211428{padding-bottom: 0px !important;}&#8221; simple_background_color=&#8221;#ffffff&#8221;][vc_column width=&#8221;1\/2&#8243;][\/vc_column][vc_column width=&#8221;1\/2&#8243;][vc_column_text]<strong>Dal rospo alla mosca<\/strong><\/p>\n<p>La spazzola professionale per i professionisti e per i profani con consapevolezza&#8230;<br \/>\nAbbraccia la vera natura dei tuoi capelli! E libera tutta la loro forza. Sia che si tratti di pesi mosca che di ciocche spesse e pesanti. Le nostre spazzole ORG\u00c6NIC, nelle misure dalla XS alla L, rivoluzionano lo styling con asciugacapelli. Maggiore struttura e stabilit\u00e0 per capelli fini. Leggerezza per le ciocche spesse. I capelli asciutti e bagnati vengono spazzolati e separati in modo delicato, ma efficace. Le nostre spazzole ORG\u00c6NIC si prendono cura di ogni chioma. Questi pesi leggeri vi piaceranno per la loro maneggevolezza ergonomica, che vi consentir\u00e0 di avere sempre sotto controllo il vostro styling con asciugacapelli.[\/vc_column_text][vc_empty_space][\/vc_column][\/vc_row][vc_row row_content_width=&#8221;grid&#8221; css=&#8221;.vc_custom_1546535211428{padding-bottom: 0px !important;}&#8221; simple_background_color=&#8221;#ffffff&#8221;][vc_column width=&#8221;1\/6&#8243;][\/vc_column][vc_column width=&#8221;1\/12&#8243; offset=&#8221;vc_col-xs-3&#8243;][\/vc_column][vc_column width=&#8221;6\/12&#8243; offset=&#8221;vc_col-xs-9&#8243;][vc_column_text]<strong>MA &#8230;<br \/>\nQuale spazzola ORG\u00c6NIC \u00e8 quella giusta?<\/strong><strong>\u00a0<\/strong>Non baciate prima il rospo: chiedete ai nostri professionisti. Rendete i vostri capelli davvero felici. Per saperne di pi\u00f9 sulle nostre spazzole organiche e su dove \u00e8 possibile acquistarle, cliccate qui.[\/vc_column_text][vc_empty_space][\/vc_column][vc_column width=&#8221;3\/12&#8243; el_class=&#8221;align_right&#8221;][\/vc_column][\/vc_row][vc_row row_content_width=&#8221;grid&#8221;][vc_column][vc_single_image image=&#8221;66629&#8243; img_size=&#8221;full&#8221;][vc_empty_space height=&#8221;150px&#8221;][vc_column_text el_class=&#8221;head_no_margin&#8221;]<\/p>\n<h3>Siete interessati?<\/h3>\n<p>[\/vc_column_text][vc_empty_space]<a itemprop=\"url\" href=\"mailto:welcome@buk-management.com\" target=\"_self\"  class=\"edgtf-btn edgtf-btn-medium edgtf-btn-outline\"  >\n            <span class=\"edgtf-btn-text\">Inviate subito una richiesta via e-mail<\/span>\n            <\/a>[vc_empty_space]<a itemprop=\"url\" href=\"https:\/\/wa.me\/491739466297?text=richiestaBrush\" target=\"_self\"  class=\"edgtf-btn edgtf-btn-medium edgtf-btn-outline\"  >\n            <span class=\"edgtf-btn-text\">Inviate ora una richiesta tramite WhatsApp<\/span>\n            <\/a>[vc_empty_space]<a itemprop=\"url\" href=\"https:\/\/orgaeniclife.style\/it\/saloni\/cerca-salone\" target=\"_self\"  class=\"edgtf-btn edgtf-btn-medium edgtf-btn-outline\"  >\n            <span class=\"edgtf-btn-text\">Per uso domestico - potete chiedere anche nel vostro salone.<\/span>\n            <\/a>[\/vc_column][\/vc_row][vc_row row_content_width=&#8221;grid&#8221; css=&#8221;.vc_custom_1547221588958{padding-bottom: 0px !important;}&#8221; simple_background_color=&#8221;#ffffff&#8221;][vc_column offset=&#8221;vc_col-lg-12 vc_col-md-12&#8243;][vc_empty_space height=&#8221;200px&#8221;][\/vc_column][\/vc_row][vc_row row_content_width=&#8221;grid&#8221;][vc_column width=&#8221;1\/3&#8243;]<div class=\"edgtf-image-with-text-holder    edgtf-image-behavior-custom-link\">\n    <div class=\"edgtf-iwt-image\">\n                    <a itemprop=\"url\" href=\"https:\/\/orgaeniclife.style\/it\/services\/orgaenic-haircoloring\" target=\"_self\">\n                                                    <img decoding=\"async\" width=\"1114\" height=\"746\" data-src=\"https:\/\/orgaeniclife.style\/wp-content\/uploads\/2019\/04\/read_more_ohco_1114x746.jpg\" class=\"attachment-full size-full lazyload\" alt=\"\" data-srcset=\"https:\/\/orgaeniclife.style\/wp-content\/uploads\/2019\/04\/read_more_ohco_1114x746.jpg 1114w, https:\/\/orgaeniclife.style\/wp-content\/uploads\/2019\/04\/read_more_ohco_1114x746-300x201.jpg 300w, https:\/\/orgaeniclife.style\/wp-content\/uploads\/2019\/04\/read_more_ohco_1114x746-768x514.jpg 768w, https:\/\/orgaeniclife.style\/wp-content\/uploads\/2019\/04\/read_more_ohco_1114x746-1024x686.jpg 1024w, https:\/\/orgaeniclife.style\/wp-content\/uploads\/2019\/04\/read_more_ohco_1114x746-600x402.jpg 600w\" data-sizes=\"auto\" src=\"data:image\/svg+xml;base64,PHN2ZyB3aWR0aD0iMSIgaGVpZ2h0PSIxIiB4bWxucz0iaHR0cDovL3d3dy53My5vcmcvMjAwMC9zdmciPjwvc3ZnPg==\" style=\"--smush-placeholder-width: 1114px; --smush-placeholder-aspect-ratio: 1114\/746;\" data-original-sizes=\"(max-width: 1114px) 100vw, 1114px\" \/>                                            <\/a>\n            <\/div>\n    <div class=\"edgtf-iwt-text-holder\">\n                <div class=\"edgtf-iwt-title-wrapper\">\n            <h4 class=\"edgtf-iwt-title\" >ORG\u00c6NIC Haircoloring<\/h4>\n    <\/div>\n                <div class=\"edgtf-iwt-text-wrapper\">\n            <p class=\"edgtf-iwt-text\" >Le tinture organiche per capelli crescono con e non all\u2019esterno dei capelli e durano il doppio di quelle tradizionali.<\/p>\n        <\/div>\n    <\/div>\n<\/div>[vc_column_text el_class=&#8221;padding_text&#8221;]<a href=\"https:\/\/orgaeniclife.style\/it\/services\/orgaenic-haircoloring\">Read more<\/a>[\/vc_column_text][vc_empty_space el_class=&#8221;only_mobile&#8221;][\/vc_column][vc_column width=&#8221;1\/3&#8243;]<div class=\"edgtf-image-with-text-holder    edgtf-image-behavior-custom-link\">\n    <div class=\"edgtf-iwt-image\">\n                    <a itemprop=\"url\" href=\"https:\/\/orgaeniclife.style\/it\/saloni\/cerca-salone\" target=\"_self\">\n                                                    <img decoding=\"async\" width=\"1114\" height=\"746\" data-src=\"https:\/\/orgaeniclife.style\/wp-content\/uploads\/2019\/03\/read_more_ourSalons_1114x746.jpg\" class=\"attachment-full size-full lazyload\" alt=\"\" data-srcset=\"https:\/\/orgaeniclife.style\/wp-content\/uploads\/2019\/03\/read_more_ourSalons_1114x746.jpg 1114w, https:\/\/orgaeniclife.style\/wp-content\/uploads\/2019\/03\/read_more_ourSalons_1114x746-300x201.jpg 300w, https:\/\/orgaeniclife.style\/wp-content\/uploads\/2019\/03\/read_more_ourSalons_1114x746-768x514.jpg 768w, https:\/\/orgaeniclife.style\/wp-content\/uploads\/2019\/03\/read_more_ourSalons_1114x746-1024x686.jpg 1024w, https:\/\/orgaeniclife.style\/wp-content\/uploads\/2019\/03\/read_more_ourSalons_1114x746-600x402.jpg 600w\" data-sizes=\"auto\" src=\"data:image\/svg+xml;base64,PHN2ZyB3aWR0aD0iMSIgaGVpZ2h0PSIxIiB4bWxucz0iaHR0cDovL3d3dy53My5vcmcvMjAwMC9zdmciPjwvc3ZnPg==\" style=\"--smush-placeholder-width: 1114px; --smush-placeholder-aspect-ratio: 1114\/746;\" data-original-sizes=\"(max-width: 1114px) 100vw, 1114px\" \/>                                            <\/a>\n            <\/div>\n    <div class=\"edgtf-iwt-text-holder\">\n                <div class=\"edgtf-iwt-title-wrapper\">\n            <h4 class=\"edgtf-iwt-title\" >ORG\u00c6NIC SALONS<\/h4>\n    <\/div>\n                <div class=\"edgtf-iwt-text-wrapper\">\n            <p class=\"edgtf-iwt-text\" >Desideri fissare un appuntamento in uno dei nostri saloni ORG\u00c6NIC a Dresda, Berlino, Zwickau o Chemnitz o vuoi maggiori informazioni? Allora clicca qui.<\/p>\n        <\/div>\n    <\/div>\n<\/div>[vc_column_text el_class=&#8221;padding_text&#8221;]<a href=\"https:\/\/orgaeniclife.style\/it\/saloni\/cerca-salone\">Read more<\/a>[\/vc_column_text][vc_empty_space el_class=&#8221;only_mobile&#8221;][\/vc_column][vc_column width=&#8221;1\/3&#8243;]<div class=\"edgtf-image-with-text-holder    edgtf-image-behavior-custom-link\">\n    <div class=\"edgtf-iwt-image\">\n                    <a itemprop=\"url\" href=\"https:\/\/orgaeniclife.style\/it\/products\/orgaenic-lifestyle-haircare\" target=\"_self\">\n                                                    <img decoding=\"async\" width=\"1114\" height=\"746\" data-src=\"https:\/\/orgaeniclife.style\/wp-content\/uploads\/2019\/05\/1114x746_Vorschaubilder-5.jpg\" class=\"attachment-full size-full lazyload\" alt=\"\" data-srcset=\"https:\/\/orgaeniclife.style\/wp-content\/uploads\/2019\/05\/1114x746_Vorschaubilder-5.jpg 1114w, https:\/\/orgaeniclife.style\/wp-content\/uploads\/2019\/05\/1114x746_Vorschaubilder-5-300x201.jpg 300w, https:\/\/orgaeniclife.style\/wp-content\/uploads\/2019\/05\/1114x746_Vorschaubilder-5-768x514.jpg 768w, https:\/\/orgaeniclife.style\/wp-content\/uploads\/2019\/05\/1114x746_Vorschaubilder-5-1024x686.jpg 1024w, https:\/\/orgaeniclife.style\/wp-content\/uploads\/2019\/05\/1114x746_Vorschaubilder-5-600x402.jpg 600w\" data-sizes=\"auto\" src=\"data:image\/svg+xml;base64,PHN2ZyB3aWR0aD0iMSIgaGVpZ2h0PSIxIiB4bWxucz0iaHR0cDovL3d3dy53My5vcmcvMjAwMC9zdmciPjwvc3ZnPg==\" style=\"--smush-placeholder-width: 1114px; --smush-placeholder-aspect-ratio: 1114\/746;\" data-original-sizes=\"(max-width: 1114px) 100vw, 1114px\" \/>                                            <\/a>\n            <\/div>\n    <div class=\"edgtf-iwt-text-holder\">\n                <div class=\"edgtf-iwt-title-wrapper\">\n            <h4 class=\"edgtf-iwt-title\" >ORG\u00c6NIC LIFESTYLE HAIRCARE<\/h4>\n    <\/div>\n                <div class=\"edgtf-iwt-text-wrapper\">\n            <p class=\"edgtf-iwt-text\" >Viviamo i capelli come qualcosa di vivo. Pertanto, in quanto parrucchieri, riteniamo che sia nostra responsabilit\u00e0 fare tutto il possibile per assicurarci che tu e i tuoi capelli stiate bene.<\/p>\n        <\/div>\n    <\/div>\n<\/div>[vc_column_text el_class=&#8221;padding_text&#8221;]<a href=\"https:\/\/orgaeniclife.style\/it\/products\/orgaenic-lifestyle-haircare\">Read more<\/a>[\/vc_column_text][vc_empty_space el_class=&#8221;only_mobile&#8221;][\/vc_column][\/vc_row]<\/p>\n<\/div>","protected":false},"excerpt":{"rendered":"<p>[vc_row css=&#8221;.vc_custom_1527843088963{padding-top: 0px !important;padding-bottom: 0px !important;}&#8221; el_id=&#8221;edgtf-main-rev-holder&#8221;][vc_column][vc_single_image image=&#8221;64903&#8243; img_size=&#8221;full&#8221; alignment=&#8221;center&#8221; css_animation=&#8221;fadeIn&#8221;][\/vc_column][\/vc_row][vc_row row_content_width=&#8221;grid&#8221;][vc_column][vc_empty_space height=&#8221;80px&#8221;][\/vc_column][\/vc_row][vc_row row_content_width=&#8221;grid&#8221; css=&#8221;.vc_custom_1547221588958{padding-bottom: 0px !important;}&#8221; simple_background_color=&#8221;#ffffff&#8221;][vc_column offset=&#8221;vc_col-lg-8 vc_col-md-12&#8243;][vc_column_text] Cura \u00e8 styling, styling \u00e8 cura. [\/vc_column_text][\/vc_column][\/vc_row][vc_row row_content_width=&#8221;grid&#8221; css=&#8221;.vc_custom_1546535211428{padding-bottom: 0px !important;}&#8221; simple_background_color=&#8221;#ffffff&#8221;][vc_column width=&#8221;1\/6&#8243;][\/vc_column][vc_column width=&#8221;2\/4&#8243;][vc_column_text]I nostri prodotti completi, delicati e sostenibili Spazzolare, asciugare e acconciare i capelli sar\u00e0 una passeggiata. In modo pi\u00f9 delicato e pi\u00f9 veloce. Perfezionate l\u2019effetto di ORG\u00c6NIC [&hellip;]<\/p>\n","protected":false},"author":7,"featured_media":0,"parent":62130,"menu_order":0,"comment_status":"closed","ping_status":"closed","template":"full-width.php","meta":{"footnotes":""},"class_list":["post-64898","page","type-page","status-publish","hentry"],"_links":{"self":[{"href":"https:\/\/orgaeniclife.style\/it\/wp-json\/wp\/v2\/pages\/64898","targetHints":{"allow":["GET"]}}],"collection":[{"href":"https:\/\/orgaeniclife.style\/it\/wp-json\/wp\/v2\/pages"}],"about":[{"href":"https:\/\/orgaeniclife.style\/it\/wp-json\/wp\/v2\/types\/page"}],"author":[{"embeddable":true,"href":"https:\/\/orgaeniclife.style\/it\/wp-json\/wp\/v2\/users\/7"}],"replies":[{"embeddable":true,"href":"https:\/\/orgaeniclife.style\/it\/wp-json\/wp\/v2\/comments?post=64898"}],"version-history":[{"count":4,"href":"https:\/\/orgaeniclife.style\/it\/wp-json\/wp\/v2\/pages\/64898\/revisions"}],"predecessor-version":[{"id":66631,"href":"https:\/\/orgaeniclife.style\/it\/wp-json\/wp\/v2\/pages\/64898\/revisions\/66631"}],"up":[{"embeddable":true,"href":"https:\/\/orgaeniclife.style\/it\/wp-json\/wp\/v2\/pages\/62130"}],"wp:attachment":[{"href":"https:\/\/orgaeniclife.style\/it\/wp-json\/wp\/v2\/media?parent=64898"}],"curies":[{"name":"wp","href":"https:\/\/api.w.org\/{rel}","templated":true}]}}