{"id":64889,"date":"2023-12-27T14:20:52","date_gmt":"2023-12-27T13:20:52","guid":{"rendered":"https:\/\/orgaeniclife.style\/?page_id=64889"},"modified":"2024-08-22T18:56:48","modified_gmt":"2024-08-22T16:56:48","slug":"halo","status":"publish","type":"page","link":"https:\/\/orgaeniclife.style\/it\/products\/halo","title":{"rendered":"Halo"},"content":{"rendered":"<div class=\"wpb-content-wrapper\"><p>[vc_row css=&#8221;.vc_custom_1527843088963{padding-top: 0px !important;padding-bottom: 0px !important;}&#8221; el_id=&#8221;edgtf-main-rev-holder&#8221;][vc_column][vc_single_image image=&#8221;68730&#8243; img_size=&#8221;full&#8221; alignment=&#8221;center&#8221; css_animation=&#8221;fadeIn&#8221;][\/vc_column][\/vc_row][vc_row row_content_width=&#8221;grid&#8221;][vc_column][vc_empty_space height=&#8221;80px&#8221;][\/vc_column][\/vc_row][vc_row row_content_width=&#8221;grid&#8221; css=&#8221;.vc_custom_1547221588958{padding-bottom: 0px !important;}&#8221; simple_background_color=&#8221;#ffffff&#8221;][vc_column offset=&#8221;vc_col-lg-8 vc_col-md-12&#8243;][vc_column_text]<\/p>\n<h1>Addio ipocrisia.<br \/>\nBenvenuto biondo sostenibile.<\/h1>\n<p>[\/vc_column_text][\/vc_column][\/vc_row][vc_row row_content_width=&#8221;grid&#8221; css=&#8221;.vc_custom_1546535211428{padding-bottom: 0px !important;}&#8221; simple_background_color=&#8221;#ffffff&#8221;][vc_column width=&#8221;1\/6&#8243;][\/vc_column][vc_column width=&#8221;2\/4&#8243;][vc_column_text]Halo \u2013 alone, un fenomeno celeste di straordinaria bellezza. Ed estremamente raro. Un numero infinito di piccoli cristalli di ghiaccio riflette la luce del sole. Visibile come un arco radiante nel blu del cielo. Uno splendore reale e puro. La luminosit\u00e0 pi\u00f9 bella con una forza propria. Cos\u00ec sar\u00e0 il vostro biondo con ORG\u00c6NIC HALO. Voi siete il sole, il biondo il vostro alone. Impostato correttamente, ne massimizziamo la luminosit\u00e0. E la vostra \u2013\u00a0 dei vostri occhi, del vostro volto. Raro come il fenomeno celeste.[\/vc_column_text][vc_empty_space][\/vc_column][vc_column width=&#8221;2\/6&#8243;][\/vc_column][\/vc_row][vc_row row_content_width=&#8221;grid&#8221; css=&#8221;.vc_custom_1546535211428{padding-bottom: 0px !important;}&#8221; simple_background_color=&#8221;#ffffff&#8221;][vc_column width=&#8221;1\/2&#8243;][\/vc_column][vc_column width=&#8221;1\/2&#8243;][vc_column_text]Immaginate il biondo pi\u00f9 puro, sano e sostenibile: anche la vostra immaginazione pi\u00f9 sfrenata non si avviciner\u00e0 a ci\u00f2 che ORG\u00c6NIC HALO \u00e8 in grado di realizzare. <span class=\"ui-provider a b c d e f g h i j k l m n o p q r s t u v w x y z ab ac ae af ag ah ai aj ak\" dir=\"ltr\">ORG\u00c6NIC HALO<\/span> \u00e8 il non plus ultra: un\u2019innovativa polvere decolorante per una schiaritura delicata e accurata di tutti i tipi di capelli. L\u2019unico biondo sostenibile per tutte le condizioni di capelli, da robusti e sensibili.[\/vc_column_text][vc_empty_space][\/vc_column][\/vc_row][vc_row row_content_width=&#8221;grid&#8221; css=&#8221;.vc_custom_1546535211428{padding-bottom: 0px !important;}&#8221; simple_background_color=&#8221;#ffffff&#8221;][vc_column width=&#8221;1\/6&#8243;][\/vc_column][vc_column width=&#8221;1\/12&#8243; offset=&#8221;vc_col-xs-3&#8243;][\/vc_column][vc_column width=&#8221;6\/12&#8243; offset=&#8221;vc_col-xs-9&#8243;][vc_column_text]<strong>Il segreto<\/strong><br \/>\nRiscoperta del fattore tempo e dell\u2019artigianalit\u00e0 personalizzata quando si tratta di biondo, per uno splendore davvero sano.<br \/>\nSono 36 anni che lavoriamo verso questo obiettivo. In modo da poterlo integrare immediatamente nella routine quotidiana del vostro salone.[\/vc_column_text][vc_empty_space][\/vc_column][vc_column width=&#8221;3\/12&#8243; el_class=&#8221;align_right&#8221;][\/vc_column][\/vc_row][vc_row row_content_width=&#8221;grid&#8221;][vc_column][vc_empty_space height=&#8221;30px&#8221;]<div class=\"edgtf-single-image-holder   \">\n    <div class=\"edgtf-si-inner\" >\n                                            <img decoding=\"async\" width=\"1600\" height=\"299\" data-src=\"https:\/\/orgaeniclife.style\/wp-content\/uploads\/2023\/12\/no-range_Halo-scaled.jpg\" class=\"attachment-full size-full lazyload\" alt=\"\" data-srcset=\"https:\/\/orgaeniclife.style\/wp-content\/uploads\/2023\/12\/no-range_Halo-scaled.jpg 1600w, https:\/\/orgaeniclife.style\/wp-content\/uploads\/2023\/12\/no-range_Halo-300x56.jpg 300w, https:\/\/orgaeniclife.style\/wp-content\/uploads\/2023\/12\/no-range_Halo-1024x191.jpg 1024w, https:\/\/orgaeniclife.style\/wp-content\/uploads\/2023\/12\/no-range_Halo-768x144.jpg 768w, https:\/\/orgaeniclife.style\/wp-content\/uploads\/2023\/12\/no-range_Halo-1536x287.jpg 1536w, https:\/\/orgaeniclife.style\/wp-content\/uploads\/2023\/12\/no-range_Halo-600x112.jpg 600w\" data-sizes=\"auto\" src=\"data:image\/svg+xml;base64,PHN2ZyB3aWR0aD0iMSIgaGVpZ2h0PSIxIiB4bWxucz0iaHR0cDovL3d3dy53My5vcmcvMjAwMC9zdmciPjwvc3ZnPg==\" style=\"--smush-placeholder-width: 1600px; --smush-placeholder-aspect-ratio: 1600\/299;\" data-original-sizes=\"(max-width: 1600px) 100vw, 1600px\" \/>                                    <\/div>\n<\/div>[\/vc_column][\/vc_row][vc_row row_content_width=&#8221;grid&#8221;][vc_column][vc_empty_space height=&#8221;30px&#8221;]<div class=\"edgtf-single-image-holder   \">\n    <div class=\"edgtf-si-inner\" >\n                                            <img decoding=\"async\" width=\"1600\" height=\"1033\" data-src=\"https:\/\/orgaeniclife.style\/wp-content\/uploads\/2024\/08\/HALO-Set-2-scaled.jpg\" class=\"attachment-full size-full lazyload\" alt=\"\" data-srcset=\"https:\/\/orgaeniclife.style\/wp-content\/uploads\/2024\/08\/HALO-Set-2-scaled.jpg 1600w, https:\/\/orgaeniclife.style\/wp-content\/uploads\/2024\/08\/HALO-Set-2-300x194.jpg 300w, https:\/\/orgaeniclife.style\/wp-content\/uploads\/2024\/08\/HALO-Set-2-1024x661.jpg 1024w, https:\/\/orgaeniclife.style\/wp-content\/uploads\/2024\/08\/HALO-Set-2-768x496.jpg 768w, https:\/\/orgaeniclife.style\/wp-content\/uploads\/2024\/08\/HALO-Set-2-1536x992.jpg 1536w, https:\/\/orgaeniclife.style\/wp-content\/uploads\/2024\/08\/HALO-Set-2-600x388.jpg 600w\" data-sizes=\"auto\" src=\"data:image\/svg+xml;base64,PHN2ZyB3aWR0aD0iMSIgaGVpZ2h0PSIxIiB4bWxucz0iaHR0cDovL3d3dy53My5vcmcvMjAwMC9zdmciPjwvc3ZnPg==\" style=\"--smush-placeholder-width: 1600px; --smush-placeholder-aspect-ratio: 1600\/1033;\" data-original-sizes=\"(max-width: 1600px) 100vw, 1600px\" \/>                                    <\/div>\n<\/div>[\/vc_column][\/vc_row][vc_row row_content_width=&#8221;grid&#8221;][vc_column][vc_empty_space height=&#8221;150px&#8221;][vc_column_text el_class=&#8221;head_no_margin&#8221;]<\/p>\n<h3>Siete interessati?<\/h3>\n<p>[\/vc_column_text][vc_empty_space]<a itemprop=\"url\" href=\"#\" target=\"_self\"  class=\"edgtf-btn edgtf-btn-medium edgtf-btn-outline\"  >\n            <span class=\"edgtf-btn-text\">Pop Up Call #coming soon<\/span>\n            <\/a>[vc_empty_space]<a itemprop=\"url\" href=\"mailto:t.korinth@buk-management.com\" target=\"_self\"  class=\"edgtf-btn edgtf-btn-medium edgtf-btn-outline\"  >\n            <span class=\"edgtf-btn-text\">Inviate subito una richiesta via e-mail<\/span>\n            <\/a>[vc_empty_space]<a itemprop=\"url\" href=\"https:\/\/wa.me\/491739466297?text=richiestaHalo\" target=\"_self\"  class=\"edgtf-btn edgtf-btn-medium edgtf-btn-outline\"  >\n            <span class=\"edgtf-btn-text\">Inviate ora una richiesta tramite WhatsApp<\/span>\n            <\/a>[\/vc_column][\/vc_row][vc_row row_content_width=&#8221;grid&#8221; css=&#8221;.vc_custom_1547221588958{padding-bottom: 0px !important;}&#8221; simple_background_color=&#8221;#ffffff&#8221;][vc_column offset=&#8221;vc_col-lg-12 vc_col-md-12&#8243;][vc_empty_space height=&#8221;200px&#8221;][\/vc_column][\/vc_row][vc_row row_content_width=&#8221;grid&#8221;][vc_column width=&#8221;1\/3&#8243;]<div class=\"edgtf-image-with-text-holder    edgtf-image-behavior-custom-link\">\n    <div class=\"edgtf-iwt-image\">\n                    <a itemprop=\"url\" href=\"https:\/\/orgaeniclife.style\/it\/services\/orgaenic-haircoloring\" target=\"_self\">\n                                                    <img decoding=\"async\" width=\"1114\" height=\"746\" data-src=\"https:\/\/orgaeniclife.style\/wp-content\/uploads\/2019\/04\/read_more_ohco_1114x746.jpg\" class=\"attachment-full size-full lazyload\" alt=\"\" data-srcset=\"https:\/\/orgaeniclife.style\/wp-content\/uploads\/2019\/04\/read_more_ohco_1114x746.jpg 1114w, https:\/\/orgaeniclife.style\/wp-content\/uploads\/2019\/04\/read_more_ohco_1114x746-300x201.jpg 300w, https:\/\/orgaeniclife.style\/wp-content\/uploads\/2019\/04\/read_more_ohco_1114x746-768x514.jpg 768w, https:\/\/orgaeniclife.style\/wp-content\/uploads\/2019\/04\/read_more_ohco_1114x746-1024x686.jpg 1024w, https:\/\/orgaeniclife.style\/wp-content\/uploads\/2019\/04\/read_more_ohco_1114x746-600x402.jpg 600w\" data-sizes=\"auto\" src=\"data:image\/svg+xml;base64,PHN2ZyB3aWR0aD0iMSIgaGVpZ2h0PSIxIiB4bWxucz0iaHR0cDovL3d3dy53My5vcmcvMjAwMC9zdmciPjwvc3ZnPg==\" style=\"--smush-placeholder-width: 1114px; --smush-placeholder-aspect-ratio: 1114\/746;\" data-original-sizes=\"(max-width: 1114px) 100vw, 1114px\" \/>                                            <\/a>\n            <\/div>\n    <div class=\"edgtf-iwt-text-holder\">\n                <div class=\"edgtf-iwt-title-wrapper\">\n            <h4 class=\"edgtf-iwt-title\" >ORG\u00c6NIC Haircoloring<\/h4>\n    <\/div>\n                <div class=\"edgtf-iwt-text-wrapper\">\n            <p class=\"edgtf-iwt-text\" >Le tinture organiche per capelli crescono con e non all\u2019esterno dei capelli e durano il doppio di quelle tradizionali.<\/p>\n        <\/div>\n    <\/div>\n<\/div>[vc_column_text el_class=&#8221;padding_text&#8221;]<a href=\"https:\/\/orgaeniclife.style\/it\/services\/orgaenic-haircoloring\">Read more<\/a>[\/vc_column_text][vc_empty_space el_class=&#8221;only_mobile&#8221;][\/vc_column][vc_column width=&#8221;1\/3&#8243;]<div class=\"edgtf-image-with-text-holder    edgtf-image-behavior-custom-link\">\n    <div class=\"edgtf-iwt-image\">\n                    <a itemprop=\"url\" href=\"https:\/\/orgaeniclife.style\/it\/saloni\/cerca-salone\" target=\"_self\">\n                                                    <img decoding=\"async\" width=\"1114\" height=\"746\" data-src=\"https:\/\/orgaeniclife.style\/wp-content\/uploads\/2019\/03\/read_more_ourSalons_1114x746.jpg\" class=\"attachment-full size-full lazyload\" alt=\"\" data-srcset=\"https:\/\/orgaeniclife.style\/wp-content\/uploads\/2019\/03\/read_more_ourSalons_1114x746.jpg 1114w, https:\/\/orgaeniclife.style\/wp-content\/uploads\/2019\/03\/read_more_ourSalons_1114x746-300x201.jpg 300w, https:\/\/orgaeniclife.style\/wp-content\/uploads\/2019\/03\/read_more_ourSalons_1114x746-768x514.jpg 768w, https:\/\/orgaeniclife.style\/wp-content\/uploads\/2019\/03\/read_more_ourSalons_1114x746-1024x686.jpg 1024w, https:\/\/orgaeniclife.style\/wp-content\/uploads\/2019\/03\/read_more_ourSalons_1114x746-600x402.jpg 600w\" data-sizes=\"auto\" src=\"data:image\/svg+xml;base64,PHN2ZyB3aWR0aD0iMSIgaGVpZ2h0PSIxIiB4bWxucz0iaHR0cDovL3d3dy53My5vcmcvMjAwMC9zdmciPjwvc3ZnPg==\" style=\"--smush-placeholder-width: 1114px; --smush-placeholder-aspect-ratio: 1114\/746;\" data-original-sizes=\"(max-width: 1114px) 100vw, 1114px\" \/>                                            <\/a>\n            <\/div>\n    <div class=\"edgtf-iwt-text-holder\">\n                <div class=\"edgtf-iwt-title-wrapper\">\n            <h4 class=\"edgtf-iwt-title\" >ORG\u00c6NIC SALONS<\/h4>\n    <\/div>\n                <div class=\"edgtf-iwt-text-wrapper\">\n            <p class=\"edgtf-iwt-text\" >Desideri fissare un appuntamento in uno dei nostri saloni ORG\u00c6NIC a Dresda, Berlino, Zwickau o Chemnitz o vuoi maggiori informazioni? Allora clicca qui.<\/p>\n        <\/div>\n    <\/div>\n<\/div>[vc_column_text el_class=&#8221;padding_text&#8221;]<a href=\"https:\/\/orgaeniclife.style\/it\/saloni\/cerca-salone\">Read more<\/a>[\/vc_column_text][vc_empty_space el_class=&#8221;only_mobile&#8221;][\/vc_column][vc_column width=&#8221;1\/3&#8243;]<div class=\"edgtf-image-with-text-holder    edgtf-image-behavior-custom-link\">\n    <div class=\"edgtf-iwt-image\">\n                    <a itemprop=\"url\" href=\"https:\/\/orgaeniclife.style\/it\/products\/orgaenic-lifestyle-haircare\" target=\"_self\">\n                                                    <img decoding=\"async\" width=\"1114\" height=\"746\" data-src=\"https:\/\/orgaeniclife.style\/wp-content\/uploads\/2019\/05\/1114x746_Vorschaubilder-5.jpg\" class=\"attachment-full size-full lazyload\" alt=\"\" data-srcset=\"https:\/\/orgaeniclife.style\/wp-content\/uploads\/2019\/05\/1114x746_Vorschaubilder-5.jpg 1114w, https:\/\/orgaeniclife.style\/wp-content\/uploads\/2019\/05\/1114x746_Vorschaubilder-5-300x201.jpg 300w, https:\/\/orgaeniclife.style\/wp-content\/uploads\/2019\/05\/1114x746_Vorschaubilder-5-768x514.jpg 768w, https:\/\/orgaeniclife.style\/wp-content\/uploads\/2019\/05\/1114x746_Vorschaubilder-5-1024x686.jpg 1024w, https:\/\/orgaeniclife.style\/wp-content\/uploads\/2019\/05\/1114x746_Vorschaubilder-5-600x402.jpg 600w\" data-sizes=\"auto\" src=\"data:image\/svg+xml;base64,PHN2ZyB3aWR0aD0iMSIgaGVpZ2h0PSIxIiB4bWxucz0iaHR0cDovL3d3dy53My5vcmcvMjAwMC9zdmciPjwvc3ZnPg==\" style=\"--smush-placeholder-width: 1114px; --smush-placeholder-aspect-ratio: 1114\/746;\" data-original-sizes=\"(max-width: 1114px) 100vw, 1114px\" \/>                                            <\/a>\n            <\/div>\n    <div class=\"edgtf-iwt-text-holder\">\n                <div class=\"edgtf-iwt-title-wrapper\">\n            <h4 class=\"edgtf-iwt-title\" >ORG\u00c6NIC LIFESTYLE HAIRCARE<\/h4>\n    <\/div>\n                <div class=\"edgtf-iwt-text-wrapper\">\n            <p class=\"edgtf-iwt-text\" >Viviamo i capelli come qualcosa di vivo. Pertanto, in quanto parrucchieri, riteniamo che sia nostra responsabilit\u00e0 fare tutto il possibile per assicurarci che tu e i tuoi capelli stiate bene.<\/p>\n        <\/div>\n    <\/div>\n<\/div>[vc_column_text el_class=&#8221;padding_text&#8221;]<a href=\"https:\/\/orgaeniclife.style\/it\/products\/orgaenic-lifestyle-haircare\">Read more<\/a>[\/vc_column_text][vc_empty_space el_class=&#8221;only_mobile&#8221;][\/vc_column][\/vc_row]<\/p>\n<\/div>","protected":false},"excerpt":{"rendered":"<p>[vc_row css=&#8221;.vc_custom_1527843088963{padding-top: 0px !important;padding-bottom: 0px !important;}&#8221; el_id=&#8221;edgtf-main-rev-holder&#8221;][vc_column][vc_single_image image=&#8221;68730&#8243; img_size=&#8221;full&#8221; alignment=&#8221;center&#8221; css_animation=&#8221;fadeIn&#8221;][\/vc_column][\/vc_row][vc_row row_content_width=&#8221;grid&#8221;][vc_column][vc_empty_space height=&#8221;80px&#8221;][\/vc_column][\/vc_row][vc_row row_content_width=&#8221;grid&#8221; css=&#8221;.vc_custom_1547221588958{padding-bottom: 0px !important;}&#8221; simple_background_color=&#8221;#ffffff&#8221;][vc_column offset=&#8221;vc_col-lg-8 vc_col-md-12&#8243;][vc_column_text] Addio ipocrisia. Benvenuto biondo sostenibile. [\/vc_column_text][\/vc_column][\/vc_row][vc_row row_content_width=&#8221;grid&#8221; css=&#8221;.vc_custom_1546535211428{padding-bottom: 0px !important;}&#8221; simple_background_color=&#8221;#ffffff&#8221;][vc_column width=&#8221;1\/6&#8243;][\/vc_column][vc_column width=&#8221;2\/4&#8243;][vc_column_text]Halo \u2013 alone, un fenomeno celeste di straordinaria bellezza. Ed estremamente raro. Un numero infinito di piccoli cristalli di ghiaccio riflette la luce del sole. Visibile come un [&hellip;]<\/p>\n","protected":false},"author":7,"featured_media":0,"parent":62130,"menu_order":0,"comment_status":"closed","ping_status":"closed","template":"full-width.php","meta":{"footnotes":""},"class_list":["post-64889","page","type-page","status-publish","hentry"],"_links":{"self":[{"href":"https:\/\/orgaeniclife.style\/it\/wp-json\/wp\/v2\/pages\/64889","targetHints":{"allow":["GET"]}}],"collection":[{"href":"https:\/\/orgaeniclife.style\/it\/wp-json\/wp\/v2\/pages"}],"about":[{"href":"https:\/\/orgaeniclife.style\/it\/wp-json\/wp\/v2\/types\/page"}],"author":[{"embeddable":true,"href":"https:\/\/orgaeniclife.style\/it\/wp-json\/wp\/v2\/users\/7"}],"replies":[{"embeddable":true,"href":"https:\/\/orgaeniclife.style\/it\/wp-json\/wp\/v2\/comments?post=64889"}],"version-history":[{"count":6,"href":"https:\/\/orgaeniclife.style\/it\/wp-json\/wp\/v2\/pages\/64889\/revisions"}],"predecessor-version":[{"id":68732,"href":"https:\/\/orgaeniclife.style\/it\/wp-json\/wp\/v2\/pages\/64889\/revisions\/68732"}],"up":[{"embeddable":true,"href":"https:\/\/orgaeniclife.style\/it\/wp-json\/wp\/v2\/pages\/62130"}],"wp:attachment":[{"href":"https:\/\/orgaeniclife.style\/it\/wp-json\/wp\/v2\/media?parent=64889"}],"curies":[{"name":"wp","href":"https:\/\/api.w.org\/{rel}","templated":true}]}}