{"id":64797,"date":"2023-12-27T14:36:32","date_gmt":"2023-12-27T13:36:32","guid":{"rendered":"https:\/\/orgaeniclife.style\/?page_id=64797"},"modified":"2023-12-27T14:36:32","modified_gmt":"2023-12-27T13:36:32","slug":"scissors","status":"publish","type":"page","link":"https:\/\/orgaeniclife.style\/it\/products\/scissors","title":{"rendered":"Scissors"},"content":{"rendered":"<div class=\"wpb-content-wrapper\"><p>[vc_row css=&#8221;.vc_custom_1527843088963{padding-top: 0px !important;padding-bottom: 0px !important;}&#8221; el_id=&#8221;edgtf-main-rev-holder&#8221;][vc_column][vc_single_image image=&#8221;64842&#8243; img_size=&#8221;full&#8221; alignment=&#8221;center&#8221; css_animation=&#8221;fadeIn&#8221;][\/vc_column][\/vc_row][vc_row row_content_width=&#8221;grid&#8221;][vc_column][vc_empty_space height=&#8221;80px&#8221;][\/vc_column][\/vc_row][vc_row row_content_width=&#8221;grid&#8221; css=&#8221;.vc_custom_1547221588958{padding-bottom: 0px !important;}&#8221; simple_background_color=&#8221;#ffffff&#8221;][vc_column offset=&#8221;vc_col-lg-8 vc_col-md-12&#8243;][vc_column_text]<\/p>\n<h1>La chiave per un taglio di capelli sostenibile.<\/h1>\n<p>[\/vc_column_text][\/vc_column][\/vc_row][vc_row row_content_width=&#8221;grid&#8221; css=&#8221;.vc_custom_1546535211428{padding-bottom: 0px !important;}&#8221; simple_background_color=&#8221;#ffffff&#8221;][vc_column width=&#8221;1\/6&#8243;][\/vc_column][vc_column width=&#8221;2\/4&#8243;][vc_column_text]<strong>Si pu\u00f2 fare immediatamente. E superare la gravit\u00e0 come se fosse un gioco.<\/strong><br \/>\nNascono dalla pratica del taglio di capelli organico. Perfezionate sul banco di prova della vita quotidiana. Le nostre ORG\u00c6NIC Scissors sono state sviluppate grazie a un\u2019esperienza pluriennale che deve essere dimostrata ogni giorno. Mille richieste e fasi di lavoro, fino al proverbiale tocco finale. Al servizio di una vera sostenibilit\u00e0 nel settore della parrucchieria. Questo \u00e8 ci\u00f2 che TONDEO Solingen e ORG\u00c6NIC Lifestyle hanno in comune.[\/vc_column_text][vc_empty_space][\/vc_column][vc_column width=&#8221;2\/6&#8243;][\/vc_column][\/vc_row][vc_row row_content_width=&#8221;grid&#8221; css=&#8221;.vc_custom_1546535211428{padding-bottom: 0px !important;}&#8221; simple_background_color=&#8221;#ffffff&#8221;][vc_column width=&#8221;1\/2&#8243;][\/vc_column][vc_column width=&#8221;1\/2&#8243;][vc_column_text]Dal 2007, la collaborazione tra la manifattura di forbici TONDEO e ORG\u00c6NIC Lifestyle produce forbici modellanti ispirate al taglio di capelli organico \u2013 create appositamente, perfezionate su di esso. Con le forbici ORG\u00c6NIC sperimenterete un taglio pi\u00f9 fluido, linee pi\u00f9 uniformi e una maneggevolezza ergonomica, sia che si tratti di una linea precisa e netta o di un contorno delicato. Volume duraturo, giuste proporzioni, stili di lunga durata: per tutte le qualit\u00e0 e condizioni di capelli.[\/vc_column_text][vc_empty_space][\/vc_column][\/vc_row][vc_row row_content_width=&#8221;grid&#8221; css=&#8221;.vc_custom_1546535211428{padding-bottom: 0px !important;}&#8221; simple_background_color=&#8221;#ffffff&#8221;][vc_column width=&#8221;1\/6&#8243;][\/vc_column][vc_column width=&#8221;1\/12&#8243; offset=&#8221;vc_col-xs-3&#8243;][\/vc_column][vc_column width=&#8221;6\/12&#8243; offset=&#8221;vc_col-xs-9&#8243;][vc_column_text]<strong>La chiave per un taglio di capelli organico e sostenibile.<br \/>\n<\/strong>La Rolls Royce delle forbici per capelli non vi rende automaticamente il miglior parrucchiere del sistema solare. Chi desidera le nostre forbici organiche, desidera anche un taglio di capelli organico \u2013 logicamente. Una scelta a favore delle doti artigianali e della creativit\u00e0 in simbiosi infinita. Nel rispetto delle persone, dei capelli e degli strumenti. La premessa per il successo.[\/vc_column_text][vc_empty_space][\/vc_column][vc_column width=&#8221;3\/12&#8243; el_class=&#8221;align_right&#8221;][\/vc_column][\/vc_row][vc_row row_content_width=&#8221;grid&#8221;][vc_column][vc_empty_space height=&#8221;80px&#8221;][vc_column_text el_class=&#8221;head_no_margin&#8221;]<\/p>\n<h3>ORG\u00c6NIC ONE<\/h3>\n<p>[\/vc_column_text][vc_empty_space height=&#8221;80px&#8221;][\/vc_column][\/vc_row][vc_row][vc_column width=&#8221;1\/4&#8243; css=&#8221;.vc_custom_1701348240208{margin-left: 60px !important;border-right-width: 30px !important;}&#8221;][vc_column_text]<strong>Forbici per modellare ORG\u00c6NIC ONE<br \/>\n32 denti per capelli normali<\/strong><\/p>\n<p>Dare pi\u00f9 vita ai capelli normali e far loro riacquisire la loro forza. Per proporzioni rotonde e armoniose in interazione con strutture e dislivelli spigolosi. Uno strumento di taglio altamente tecnologico combinato con il metodo di taglio ORG\u00c6NIC: ecco come funziona il parrucchiere sostenibile.[\/vc_column_text][\/vc_column][vc_column width=&#8221;3\/4&#8243;][vc_single_image image=&#8221;64811&#8243; img_size=&#8221;full&#8221; alignment=&#8221;center&#8221; css_animation=&#8221;fadeIn&#8221;][\/vc_column][\/vc_row][vc_row row_content_width=&#8221;grid&#8221;][vc_column][vc_empty_space height=&#8221;80px&#8221;][vc_column_text el_class=&#8221;head_no_margin&#8221;]<\/p>\n<h3>ORG\u00c6NIC TWO<\/h3>\n<p>[\/vc_column_text][vc_empty_space height=&#8221;80px&#8221;][\/vc_column][\/vc_row][vc_row][vc_column width=&#8221;1\/4&#8243; css=&#8221;.vc_custom_1701348240208{margin-left: 60px !important;border-right-width: 30px !important;}&#8221;][vc_column_text]<strong>Forbici per modellare ORG\u00c6NIC TWO<br \/>\n24 denti per capelli spessi<\/strong><\/p>\n<p>Celebriamo la resurrezione dei ricci selvaggi e voluminosi! Riconoscere la vera natura dei capelli spessi, indisciplinati o molto ricci e come liberarli nel taglio \u2013 senza alcuna timidezza. La scoperta della lentezza \u2013 e della sostenibilit\u00e0 del tutto naturale, cos\u00ec com&#8217;\u00e8 nascosta nel taglio di capelli organico. In combinazione con queste forbici modellanti, potrete sperimentare un modo completamente nuovo di creare volume e dislivelli eleganti in capelli particolarmente spessi \u2013 contro la gravit\u00e0.[\/vc_column_text][\/vc_column][vc_column width=&#8221;3\/4&#8243;][vc_single_image image=&#8221;64818&#8243; img_size=&#8221;full&#8221; alignment=&#8221;center&#8221; css_animation=&#8221;fadeIn&#8221;][\/vc_column][\/vc_row][vc_row row_content_width=&#8221;grid&#8221;][vc_column][vc_empty_space height=&#8221;80px&#8221;][vc_column_text el_class=&#8221;head_no_margin&#8221;]<\/p>\n<h3>ORG\u00c6NIC LINE<\/h3>\n<p>[\/vc_column_text][vc_empty_space height=&#8221;80px&#8221;][\/vc_column][\/vc_row][vc_row][vc_column width=&#8221;1\/4&#8243; css=&#8221;.vc_custom_1701348240208{margin-left: 60px !important;border-right-width: 30px !important;}&#8221;][vc_column_text]<strong>Forbici per capelli a denti fini ORG\u00c6NIC LINE<br \/>\nper un taglio preciso di linee di base e contorni.<\/strong><\/p>\n<p>Sottili ed eleganti, si librano e danzano tra i capelli. Le prime forbici al mondo con forma rotonda. Che si tratti di una linea decisa o di un profilo raffinatamente delicato. Perfezionate attraverso un taglio dei capelli organico e uno spirito innovativo. Il nostro modello di forbici organico pi\u00f9 recente\u00a0affascina con la sua grazia purista e le linee morbide, quasi fluide. Pur rinunciando alla costa centrale a favore della lama ricurva, le forbici sono caratterizzate dalla massima stabilit\u00e0. \u00c8 estremamente difficile applicare un tagliente Conblade senza una costa centrale. La linea ORG\u00c6NIC \u00e8 un capolavoro tecnico e attira l\u2019attenzione in modo particolare.[\/vc_column_text][\/vc_column][vc_column width=&#8221;3\/4&#8243;][vc_single_image image=&#8221;64819&#8243; img_size=&#8221;full&#8221; alignment=&#8221;center&#8221; css_animation=&#8221;fadeIn&#8221;][\/vc_column][\/vc_row][vc_row row_content_width=&#8221;grid&#8221;][vc_column][vc_empty_space height=&#8221;80px&#8221;][vc_column_text el_class=&#8221;head_no_margin&#8221;]<\/p>\n<h3>ORG\u00c6NIC ZERO<\/h3>\n<p>[\/vc_column_text][vc_empty_space height=&#8221;80px&#8221;][\/vc_column][\/vc_row][vc_row][vc_column width=&#8221;1\/4&#8243; css=&#8221;.vc_custom_1701348240208{margin-left: 60px !important;border-right-width: 30px !important;}&#8221;][vc_column_text]<strong>Forbici per modellare ORG\u00c6NIC ZERO<br \/>\n42 denti per capelli fini<\/strong><\/p>\n<p>Fatevi coraggio: scoprite il potere invisibile dei capelli fini. E come portarlo nella sua forma pi\u00f9 stabile e senza peso con il taglio organico e queste forbici modellanti. 42 denti creano volume, pienezza e proporzioni dove dovrebbero esserci, e dove nessuno se li sarebbe aspettati prima. Per acconciature di lunga durata e a bassa manutenzione con capelli fini che si mantengono da sole.[\/vc_column_text][\/vc_column][vc_column width=&#8221;3\/4&#8243;][vc_single_image image=&#8221;64820&#8243; img_size=&#8221;full&#8221; alignment=&#8221;center&#8221; css_animation=&#8221;fadeIn&#8221;][\/vc_column][\/vc_row][vc_row row_content_width=&#8221;grid&#8221;][vc_column][vc_empty_space height=&#8221;200px&#8221;][vc_column_text el_class=&#8221;head_no_margin&#8221;]<\/p>\n<h3>Siete interessati?<\/h3>\n<p>[\/vc_column_text][vc_empty_space]<a itemprop=\"url\" href=\"mailto:welcome@buk-management.com\" target=\"_self\"  class=\"edgtf-btn edgtf-btn-medium edgtf-btn-outline\"  >\n            <span class=\"edgtf-btn-text\">Inviate subito una richiesta via e-mail<\/span>\n            <\/a>[vc_empty_space]<a itemprop=\"url\" href=\"https:\/\/wa.me\/491739466297?text=richiestaScissors\" target=\"_self\"  class=\"edgtf-btn edgtf-btn-medium edgtf-btn-outline\"  >\n            <span class=\"edgtf-btn-text\">Inviate ora una richiesta tramite WhatsApp<\/span>\n            <\/a>[\/vc_column][\/vc_row][vc_row row_content_width=&#8221;grid&#8221; css=&#8221;.vc_custom_1547221588958{padding-bottom: 0px !important;}&#8221; simple_background_color=&#8221;#ffffff&#8221;][vc_column offset=&#8221;vc_col-lg-12 vc_col-md-12&#8243;][vc_empty_space height=&#8221;200px&#8221;][\/vc_column][\/vc_row][vc_row row_content_width=&#8221;grid&#8221;][vc_column width=&#8221;1\/3&#8243;]<div class=\"edgtf-image-with-text-holder    edgtf-image-behavior-custom-link\">\n    <div class=\"edgtf-iwt-image\">\n                    <a itemprop=\"url\" href=\"https:\/\/orgaeniclife.style\/it\/services\/orgaenic-haircoloring\" target=\"_self\">\n                                                    <img decoding=\"async\" width=\"1114\" height=\"746\" data-src=\"https:\/\/orgaeniclife.style\/wp-content\/uploads\/2019\/04\/read_more_ohco_1114x746.jpg\" class=\"attachment-full size-full lazyload\" alt=\"\" data-srcset=\"https:\/\/orgaeniclife.style\/wp-content\/uploads\/2019\/04\/read_more_ohco_1114x746.jpg 1114w, https:\/\/orgaeniclife.style\/wp-content\/uploads\/2019\/04\/read_more_ohco_1114x746-300x201.jpg 300w, https:\/\/orgaeniclife.style\/wp-content\/uploads\/2019\/04\/read_more_ohco_1114x746-768x514.jpg 768w, https:\/\/orgaeniclife.style\/wp-content\/uploads\/2019\/04\/read_more_ohco_1114x746-1024x686.jpg 1024w, https:\/\/orgaeniclife.style\/wp-content\/uploads\/2019\/04\/read_more_ohco_1114x746-600x402.jpg 600w\" data-sizes=\"auto\" src=\"data:image\/svg+xml;base64,PHN2ZyB3aWR0aD0iMSIgaGVpZ2h0PSIxIiB4bWxucz0iaHR0cDovL3d3dy53My5vcmcvMjAwMC9zdmciPjwvc3ZnPg==\" style=\"--smush-placeholder-width: 1114px; --smush-placeholder-aspect-ratio: 1114\/746;\" data-original-sizes=\"(max-width: 1114px) 100vw, 1114px\" \/>                                            <\/a>\n            <\/div>\n    <div class=\"edgtf-iwt-text-holder\">\n                <div class=\"edgtf-iwt-title-wrapper\">\n            <h4 class=\"edgtf-iwt-title\" >ORG\u00c6NIC Haircoloring<\/h4>\n    <\/div>\n                <div class=\"edgtf-iwt-text-wrapper\">\n            <p class=\"edgtf-iwt-text\" >Le tinture organiche per capelli crescono con e non all\u2019esterno dei capelli e durano il doppio di quelle tradizionali.<\/p>\n        <\/div>\n    <\/div>\n<\/div>[vc_column_text el_class=&#8221;padding_text&#8221;]<a href=\"https:\/\/orgaeniclife.style\/it\/services\/orgaenic-haircoloring\">Read more<\/a>[\/vc_column_text][vc_empty_space el_class=&#8221;only_mobile&#8221;][\/vc_column][vc_column width=&#8221;1\/3&#8243;]<div class=\"edgtf-image-with-text-holder    edgtf-image-behavior-custom-link\">\n    <div class=\"edgtf-iwt-image\">\n                    <a itemprop=\"url\" href=\"https:\/\/orgaeniclife.style\/it\/saloni\/cerca-salone\" target=\"_self\">\n                                                    <img decoding=\"async\" width=\"1114\" height=\"746\" data-src=\"https:\/\/orgaeniclife.style\/wp-content\/uploads\/2019\/03\/read_more_ourSalons_1114x746.jpg\" class=\"attachment-full size-full lazyload\" alt=\"\" data-srcset=\"https:\/\/orgaeniclife.style\/wp-content\/uploads\/2019\/03\/read_more_ourSalons_1114x746.jpg 1114w, https:\/\/orgaeniclife.style\/wp-content\/uploads\/2019\/03\/read_more_ourSalons_1114x746-300x201.jpg 300w, https:\/\/orgaeniclife.style\/wp-content\/uploads\/2019\/03\/read_more_ourSalons_1114x746-768x514.jpg 768w, https:\/\/orgaeniclife.style\/wp-content\/uploads\/2019\/03\/read_more_ourSalons_1114x746-1024x686.jpg 1024w, https:\/\/orgaeniclife.style\/wp-content\/uploads\/2019\/03\/read_more_ourSalons_1114x746-600x402.jpg 600w\" data-sizes=\"auto\" src=\"data:image\/svg+xml;base64,PHN2ZyB3aWR0aD0iMSIgaGVpZ2h0PSIxIiB4bWxucz0iaHR0cDovL3d3dy53My5vcmcvMjAwMC9zdmciPjwvc3ZnPg==\" style=\"--smush-placeholder-width: 1114px; --smush-placeholder-aspect-ratio: 1114\/746;\" data-original-sizes=\"(max-width: 1114px) 100vw, 1114px\" \/>                                            <\/a>\n            <\/div>\n    <div class=\"edgtf-iwt-text-holder\">\n                <div class=\"edgtf-iwt-title-wrapper\">\n            <h4 class=\"edgtf-iwt-title\" >ORG\u00c6NIC SALONS<\/h4>\n    <\/div>\n                <div class=\"edgtf-iwt-text-wrapper\">\n            <p class=\"edgtf-iwt-text\" >Desideri fissare un appuntamento in uno dei nostri saloni ORG\u00c6NIC a Dresda, Berlino, Zwickau o Chemnitz o vuoi maggiori informazioni? Allora clicca qui.<\/p>\n        <\/div>\n    <\/div>\n<\/div>[vc_column_text el_class=&#8221;padding_text&#8221;]<a href=\"https:\/\/orgaeniclife.style\/it\/saloni\/cerca-salone\">Read more<\/a>[\/vc_column_text][vc_empty_space el_class=&#8221;only_mobile&#8221;][\/vc_column][vc_column width=&#8221;1\/3&#8243;]<div class=\"edgtf-image-with-text-holder    edgtf-image-behavior-custom-link\">\n    <div class=\"edgtf-iwt-image\">\n                    <a itemprop=\"url\" href=\"https:\/\/orgaeniclife.style\/it\/products\/orgaenic-lifestyle-haircare\" target=\"_self\">\n                                                    <img decoding=\"async\" width=\"1114\" height=\"746\" data-src=\"https:\/\/orgaeniclife.style\/wp-content\/uploads\/2019\/05\/1114x746_Vorschaubilder-5.jpg\" class=\"attachment-full size-full lazyload\" alt=\"\" data-srcset=\"https:\/\/orgaeniclife.style\/wp-content\/uploads\/2019\/05\/1114x746_Vorschaubilder-5.jpg 1114w, https:\/\/orgaeniclife.style\/wp-content\/uploads\/2019\/05\/1114x746_Vorschaubilder-5-300x201.jpg 300w, https:\/\/orgaeniclife.style\/wp-content\/uploads\/2019\/05\/1114x746_Vorschaubilder-5-768x514.jpg 768w, https:\/\/orgaeniclife.style\/wp-content\/uploads\/2019\/05\/1114x746_Vorschaubilder-5-1024x686.jpg 1024w, https:\/\/orgaeniclife.style\/wp-content\/uploads\/2019\/05\/1114x746_Vorschaubilder-5-600x402.jpg 600w\" data-sizes=\"auto\" src=\"data:image\/svg+xml;base64,PHN2ZyB3aWR0aD0iMSIgaGVpZ2h0PSIxIiB4bWxucz0iaHR0cDovL3d3dy53My5vcmcvMjAwMC9zdmciPjwvc3ZnPg==\" style=\"--smush-placeholder-width: 1114px; --smush-placeholder-aspect-ratio: 1114\/746;\" data-original-sizes=\"(max-width: 1114px) 100vw, 1114px\" \/>                                            <\/a>\n            <\/div>\n    <div class=\"edgtf-iwt-text-holder\">\n                <div class=\"edgtf-iwt-title-wrapper\">\n            <h4 class=\"edgtf-iwt-title\" >ORG\u00c6NIC LIFESTYLE HAIRCARE<\/h4>\n    <\/div>\n                <div class=\"edgtf-iwt-text-wrapper\">\n            <p class=\"edgtf-iwt-text\" >Viviamo i capelli come qualcosa di vivo. Pertanto, in quanto parrucchieri, riteniamo che sia nostra responsabilit\u00e0 fare tutto il possibile per assicurarci che tu e i tuoi capelli stiate bene.<\/p>\n        <\/div>\n    <\/div>\n<\/div>[vc_column_text el_class=&#8221;padding_text&#8221;]<a href=\"https:\/\/orgaeniclife.style\/it\/products\/orgaenic-lifestyle-haircare\">Read more<\/a>[\/vc_column_text][vc_empty_space el_class=&#8221;only_mobile&#8221;][\/vc_column][\/vc_row]<\/p>\n<\/div>","protected":false},"excerpt":{"rendered":"<p>[vc_row css=&#8221;.vc_custom_1527843088963{padding-top: 0px !important;padding-bottom: 0px !important;}&#8221; el_id=&#8221;edgtf-main-rev-holder&#8221;][vc_column][vc_single_image image=&#8221;64842&#8243; img_size=&#8221;full&#8221; alignment=&#8221;center&#8221; css_animation=&#8221;fadeIn&#8221;][\/vc_column][\/vc_row][vc_row row_content_width=&#8221;grid&#8221;][vc_column][vc_empty_space height=&#8221;80px&#8221;][\/vc_column][\/vc_row][vc_row row_content_width=&#8221;grid&#8221; css=&#8221;.vc_custom_1547221588958{padding-bottom: 0px !important;}&#8221; simple_background_color=&#8221;#ffffff&#8221;][vc_column offset=&#8221;vc_col-lg-8 vc_col-md-12&#8243;][vc_column_text] La chiave per un taglio di capelli sostenibile. [\/vc_column_text][\/vc_column][\/vc_row][vc_row row_content_width=&#8221;grid&#8221; css=&#8221;.vc_custom_1546535211428{padding-bottom: 0px !important;}&#8221; simple_background_color=&#8221;#ffffff&#8221;][vc_column width=&#8221;1\/6&#8243;][\/vc_column][vc_column width=&#8221;2\/4&#8243;][vc_column_text]Si pu\u00f2 fare immediatamente. E superare la gravit\u00e0 come se fosse un gioco. Nascono dalla pratica del taglio di capelli organico. Perfezionate sul banco di [&hellip;]<\/p>\n","protected":false},"author":7,"featured_media":0,"parent":62130,"menu_order":0,"comment_status":"closed","ping_status":"closed","template":"full-width.php","meta":{"footnotes":""},"class_list":["post-64797","page","type-page","status-publish","hentry"],"_links":{"self":[{"href":"https:\/\/orgaeniclife.style\/it\/wp-json\/wp\/v2\/pages\/64797","targetHints":{"allow":["GET"]}}],"collection":[{"href":"https:\/\/orgaeniclife.style\/it\/wp-json\/wp\/v2\/pages"}],"about":[{"href":"https:\/\/orgaeniclife.style\/it\/wp-json\/wp\/v2\/types\/page"}],"author":[{"embeddable":true,"href":"https:\/\/orgaeniclife.style\/it\/wp-json\/wp\/v2\/users\/7"}],"replies":[{"embeddable":true,"href":"https:\/\/orgaeniclife.style\/it\/wp-json\/wp\/v2\/comments?post=64797"}],"version-history":[{"count":2,"href":"https:\/\/orgaeniclife.style\/it\/wp-json\/wp\/v2\/pages\/64797\/revisions"}],"predecessor-version":[{"id":65358,"href":"https:\/\/orgaeniclife.style\/it\/wp-json\/wp\/v2\/pages\/64797\/revisions\/65358"}],"up":[{"embeddable":true,"href":"https:\/\/orgaeniclife.style\/it\/wp-json\/wp\/v2\/pages\/62130"}],"wp:attachment":[{"href":"https:\/\/orgaeniclife.style\/it\/wp-json\/wp\/v2\/media?parent=64797"}],"curies":[{"name":"wp","href":"https:\/\/api.w.org\/{rel}","templated":true}]}}