{"id":62693,"date":"2023-08-10T15:34:08","date_gmt":"2023-08-10T13:34:08","guid":{"rendered":"https:\/\/orgaeniclife.style\/?page_id=62693"},"modified":"2024-08-05T18:14:30","modified_gmt":"2024-08-05T16:14:30","slug":"orgaenic-haircare-treatments","status":"publish","type":"page","link":"https:\/\/orgaeniclife.style\/it\/services\/orgaenic-haircare-treatments","title":{"rendered":"Orgaenic Haircare Treatments"},"content":{"rendered":"<div class=\"wpb-content-wrapper\"><p>[vc_row][vc_column][vc_single_image image=&#8221;62184&#8243; img_size=&#8221;full&#8221; css_animation=&#8221;fadeIn&#8221;][vc_empty_space height=&#8221;40px&#8221;][\/vc_column][\/vc_row][vc_row row_content_width=&#8221;grid&#8221; css=&#8221;.vc_custom_1547221588958{padding-bottom: 0px !important;}&#8221; simple_background_color=&#8221;#ffffff&#8221;][vc_column offset=&#8221;vc_col-lg-8 vc_col-md-12&#8243;][vc_column_text]<\/p>\n<h1>ORG\u00c6NIC<br \/>\nHaircare Treatments<\/h1>\n<p>[\/vc_column_text][\/vc_column][\/vc_row][vc_row row_content_width=&#8221;grid&#8221;][vc_column][vc_empty_space height=&#8221;40px&#8221;][\/vc_column][\/vc_row][vc_row row_content_width=&#8221;grid&#8221;][vc_column][vc_row_inner][vc_column_inner width=&#8221;4\/12&#8243;][vc_column_text]Con ORG\u00c6NIC Lifestyle Haircare inizia il vostro viaggio organico. Creato per liberare e preservare il potere intrinseco dei capelli \u2014 n\u00e9 pi\u00f9 n\u00e9 meno.[\/vc_column_text][\/vc_column_inner][vc_column_inner width=&#8221;4\/12&#8243;][vc_column_text]Il risultato non dipende solo dal prodotto, ma dal processo e dalla conoscenza dell\u2019uso dei prodotti in modo coerente e orientato alle<br \/>\nrisorse, in un\u2019ampia variet\u00e0 di processi applicativi accuratamente bilanciati.<br \/>\nPer tagli e colori di lunga durata. Per ridurre le visite in salone. Per una vera sostenibilit\u00e0 nella cura dei capelli.[\/vc_column_text][\/vc_column_inner][vc_column_inner width=&#8221;4\/12&#8243;][\/vc_column_inner][\/vc_row_inner][\/vc_column][\/vc_row][vc_row row_content_width=&#8221;grid&#8221;][vc_column][vc_empty_space height=&#8221;100px&#8221;][\/vc_column][\/vc_row][vc_section css=&#8221;.vc_custom_1691494056729{padding-top: 30px !important;padding-bottom: 30px !important;background-image: url(https:\/\/orgaeniclife.style\/wp-content\/uploads\/2023\/08\/Service-Haircare_Treatments_Exfoliation.jpg?id=62622) !important;}&#8221; el_class=&#8221;background-to-right&#8221;][vc_row][vc_column][\/vc_column][\/vc_row][vc_row row_content_width=&#8221;grid&#8221; css=&#8221;.vc_custom_1691493575042{background-position: center !important;background-repeat: no-repeat !important;background-size: contain !important;}&#8221;][vc_column width=&#8221;3\/12&#8243;][vc_column_text css=&#8221;.vc_custom_1691501414452{padding-top: 20px !important;padding-right: 20px !important;padding-bottom: 40px !important;padding-left: 20px !important;background-color: #ffffff !important;}&#8221;]<\/p>\n<h1 style=\"font-family: charterroman !important;\">01<\/h1>\n<p>[\/vc_column_text][vc_column_text css=&#8221;.vc_custom_1691673902781{padding-top: 20px !important;padding-right: 20px !important;padding-bottom: 20px !important;padding-left: 20px !important;background-color: #ffffff !important;}&#8221;]<strong>La base<\/strong><br \/>\n<em>Short &amp; Clean<\/em><\/p>\n<p>Vi facciamo lo shampoo direttamente alla vostra postazione. In questo modo risparmiamo soprattutto una cosa \u2014 acqua.<\/p>\n<p>I nostri shampoo detergenti e curativi, estremamente delicati ed efficaci, sprigionano tutta la loro forza anche in piccole quantit\u00e0 quando i capelli sono davvero liberi. Per il minimalismo e la conservazione delle risorse.<\/p>\n<p>Tempi pi\u00f9 brevi al lavatesta. Sostenibile per noi tutti.[\/vc_column_text][\/vc_column][vc_column width=&#8221;3\/12&#8243;][vc_column_text css=&#8221;.vc_custom_1691501422665{padding-top: 20px !important;padding-right: 20px !important;padding-bottom: 40px !important;padding-left: 20px !important;background-color: #ffffff !important;}&#8221;]<\/p>\n<h1 style=\"font-family: charterroman !important;\">01+<\/h1>\n<p>[\/vc_column_text][vc_column_text css=&#8221;.vc_custom_1691673918028{padding-top: 20px !important;padding-right: 20px !important;padding-bottom: 20px !important;padding-left: 20px !important;background-color: #ffffff !important;}&#8221;]<strong>Permanentemente belli<\/strong><br \/>\n<em>Haircare Update<\/em>[\/vc_column_text][vc_single_image image=&#8221;62723&#8243; img_size=&#8221;medium&#8221; css=&#8221;.vc_custom_1691501145055{padding-left: 20px !important;background-color: #ffffff !important;}&#8221;][vc_column_text css=&#8221;.vc_custom_1691673951582{padding-top: 20px !important;padding-right: 20px !important;padding-bottom: 20px !important;padding-left: 20px !important;background-color: #ffffff !important;}&#8221;]A chi ha scelto un parrucchiere sostenibile e capelli liberi, e che li vuole permanentemente belli, curati e sani, viene applicato un Haircare Update.<br \/>\nOffriamo uno speciale trattamento ricostituente per capelli a prezzo fisso quattro settimane dopo la visita. Cos\u00ec facendo non dovremo<br \/>\nricominciare tutto da capo, e nemmeno voi. In questo modo non solo si risparmia tempo, ma anche risorse.[\/vc_column_text][\/vc_column][vc_column width=&#8221;2\/12&#8243;][\/vc_column][vc_column width=&#8221;4\/12&#8243;][vc_column_text css=&#8221;.vc_custom_1691501430367{padding-top: 20px !important;padding-right: 20px !important;padding-bottom: 40px !important;padding-left: 20px !important;background-color: #ffffff !important;}&#8221;]<\/p>\n<h1 style=\"font-family: charterroman !important;\">02<\/h1>\n<p>[\/vc_column_text][vc_column_text css=&#8221;.vc_custom_1722874465561{padding-top: 20px !important;padding-right: 20px !important;padding-bottom: 20px !important;padding-left: 20px !important;background-color: #ffffff !important;}&#8221;]<strong>Esfoliazione<\/strong><br \/>\n<em>CIAO CIAO!<\/em><\/p>\n<p>Come togliere la troppa neve da un ramo: ecco come l\u2019esfoliazione influisce sui capelli. \u00c8 il fondamento del nostro lavoro.<br \/>\nCome gi\u00e0 sapete, capelli veramente liberi costituiscono il prerequisito fondamentale.<\/p>\n<p>Prima di questo passo non si pu\u00f2 pensare a ORG\u00c6NIC Haircutting e ORG\u00c6NIC Haircoloring.<\/p>\n<p>Sovrapposizioni di pigmenti, siliconi, parabeni, solfati, residui di cosmetici, polveri sottili \u2014 durante l\u2019esfoliazione i capelli vengono liberati da tutte queste sostanze rimanendo intatti.<\/p>\n<p>Eseguiamo questa pulizia profonda del cuoio capelluto e dei capelli su ogni cliente che viene a trovarci nel nostro salone per la prima<br \/>\nvolta. Questo \u00e8 lo scopo per cui \u00e8 stato creato ORG\u00c6NIC Lifestyle Haircare. Per un taglio e un colore di capelli ottimali.[\/vc_column_text][\/vc_column][\/vc_row][\/vc_section][vc_row row_content_width=&#8221;grid&#8221;][vc_column][vc_empty_space height=&#8221;100px&#8221;][\/vc_column][\/vc_row][vc_section css=&#8221;.vc_custom_1691497670825{padding-top: 30px !important;padding-bottom: 30px !important;background-image: url(https:\/\/orgaeniclife.style\/wp-content\/uploads\/2023\/08\/Service-Haircare_Treatments_Deepest.jpg?id=62736) !important;}&#8221; el_class=&#8221;background-to-right&#8221;][vc_row row_content_width=&#8221;grid&#8221; css=&#8221;.vc_custom_1691493575042{background-position: center !important;background-repeat: no-repeat !important;background-size: contain !important;}&#8221;][vc_column width=&#8221;3\/12&#8243;][vc_column_text css=&#8221;.vc_custom_1691501508122{padding-top: 20px !important;padding-right: 20px !important;padding-bottom: 40px !important;padding-left: 20px !important;background-color: #ffffff !important;}&#8221;]<\/p>\n<h1 style=\"font-family: charterroman !important;\">03<\/h1>\n<p>[\/vc_column_text][vc_column_text css=&#8221;.vc_custom_1691674069056{padding-top: 20px !important;padding-right: 20px !important;padding-bottom: 20px !important;padding-left: 20px !important;background-color: #ffffff !important;}&#8221;]<strong>Cura in tre fasi<\/strong><br \/>\n<em>The Pure<\/em><\/p>\n<p>Sentite la forza dei vostri capelli una volta puliti e nutriti. Si deterge il cuoio capelluto e si aprono le squame dei capelli con il bagno<br \/>\nappropriato, in funzione delle necessit\u00e0, e la cura intensiva fornisce struttura o idratazione. Infine, tramite il balsamo i principi attivi integrati vengono trattenuti in modo permanente nei capelli.[\/vc_column_text][\/vc_column][vc_column width=&#8221;3\/12&#8243;][vc_column_text css=&#8221;.vc_custom_1691501536943{padding-top: 20px !important;padding-right: 20px !important;padding-bottom: 40px !important;padding-left: 20px !important;background-color: #ffffff !important;}&#8221;]<\/p>\n<h1 style=\"font-family: charterroman !important;\">04<\/h1>\n<p>[\/vc_column_text][vc_column_text css=&#8221;.vc_custom_1691674130683{padding-top: 20px !important;padding-right: 20px !important;padding-bottom: 20px !important;padding-left: 20px !important;background-color: #ffffff !important;}&#8221;]<strong>Cura in quattro fasi<\/strong><br \/>\nThe Perfect<\/p>\n<p>Siete gi\u00e0 sul cammino organico. I vostri capelli hanno bisogno di un po\u2019 pi\u00f9 di affetto? Ce ne prendiamo cura noi iniziando con il bagno appropriato di cui il vostro cuoio capelluto e i vostri capelli hanno bisogno.<br \/>\nSuccessivamente, grazie al trattamento, viene ricostituita e stabilizzata la struttura del capello conservandone l\u2019umidit\u00e0. In base a quanto \u2018assetati\u2019 sono i capelli, questa cura viene applicata pi\u00f9 volte. Infine, le squame dei capelli vengono chiuse con il balsamo.<\/p>\n<p>La nostra cura in quattro fasi ripristina l\u2019equilibrio del cuoio capelluto e dei capelli, fornisce un trattamento a lungo termine<br \/>\ne costituisce la base per il successivo taglio di capelli o nuovo colore organici.[\/vc_column_text][\/vc_column][vc_column width=&#8221;2\/12&#8243;][\/vc_column][vc_column width=&#8221;4\/12&#8243;][vc_column_text css=&#8221;.vc_custom_1691501547765{padding-top: 20px !important;padding-right: 20px !important;padding-bottom: 40px !important;padding-left: 20px !important;background-color: #ffffff !important;}&#8221;]<\/p>\n<h1 style=\"font-family: charterroman !important;\">05<\/h1>\n<p>[\/vc_column_text][vc_column_text css=&#8221;.vc_custom_1691674344963{padding-top: 20px !important;padding-right: 20px !important;padding-bottom: 20px !important;padding-left: 20px !important;background-color: #ffffff !important;}&#8221;]<strong>Cura in cinque fasi<\/strong><br \/>\nThe Deepest<\/p>\n<p>Per capelli estremamente sfibrati, come capelli biondi sensibili, capelli fini, ricci stressati dal freddo o dal calore. I capelli vengono puliti, nutriti e curati in profondit\u00e0 con cinque prodotti coordinati ORG\u00c6NIC Lifestyle Haircare.<\/p>\n<p>Dopo l\u2019apertura e la pulizia profonda con lo shampoo appropriato, entra in gioco il nostro prodotto proteico, che intensifica l\u2019effetto del doppio trattamento, donando ai capelli l\u2019idratazione e la struttura che desiderano: il doppio trattamento curativo. Il percorso si conclude<br \/>\ncon il balsamo, che chiude le squame dei capelli cos\u00ec da proteggerli.[\/vc_column_text][\/vc_column][\/vc_row][\/vc_section][vc_row][vc_column][vc_empty_space height=&#8221;150px&#8221;][\/vc_column][\/vc_row][vc_row][vc_column][vc_single_image image=&#8221;62635&#8243; img_size=&#8221;full&#8221; alignment=&#8221;center&#8221;][\/vc_column][\/vc_row][vc_row row_content_width=&#8221;grid&#8221; css=&#8221;.vc_custom_1691493575042{background-position: center !important;background-repeat: no-repeat !important;background-size: contain !important;}&#8221;][vc_column width=&#8221;3\/12&#8243;][vc_column_text css=&#8221;.vc_custom_1691501621565{padding-top: 20px !important;padding-right: 20px !important;padding-bottom: 40px !important;padding-left: 20px !important;background-color: #ffffff !important;}&#8221;]<\/p>\n<h1 style=\"font-family: charterroman !important;\">06<\/h1>\n<p>[\/vc_column_text][vc_column_text css=&#8221;.vc_custom_1691674395692{padding-top: 20px !important;padding-right: 20px !important;padding-bottom: 20px !important;padding-left: 20px !important;background-color: #ffffff !important;}&#8221;]<strong>Eight Weeks<\/strong><br \/>\n<em>Il massaggio per un cuoio capelluto perfettamente rilassato e capelli sani.<\/em><\/p>\n<p>Un cuoio capelluto e capelli sani sono la base del nostro successo. Il trattamento del cuoio capelluto Eight Weeks combina l\u2019antica medicina ayurvedica ed europea con la scienza moderna.[\/vc_column_text][\/vc_column][vc_column width=&#8221;3\/12&#8243;][vc_single_image image=&#8221;62741&#8243; img_size=&#8221;medium&#8221; css=&#8221;.vc_custom_1691498260000{padding-left: 20px !important;}&#8221;][vc_column_text css=&#8221;.vc_custom_1691674410880{padding-top: 20px !important;padding-right: 20px !important;padding-bottom: 20px !important;padding-left: 20px !important;background-color: #ffffff !important;}&#8221;]Un complesso attivo brevettato di ingredienti curativi provati e testati che agisce direttamente sul cuoio capelluto e che quindi previene<br \/>\neventuali alterazioni negative della capigliatura, delle condizioni del cuoio capelluto, del cambiamento o della qualit\u00e0 dei capelli.[\/vc_column_text][\/vc_column][vc_column width=&#8221;3\/12&#8243;][vc_empty_space height=&#8221;200px&#8221;][vc_column_text css=&#8221;.vc_custom_1691674439671{background-color: #ffffff !important;}&#8221;]Il massaggio Eight Weeks intensifica ulteriormente questo effetto. Sperimenta la forza e la responsabilit\u00e0 insite in un tocco autentico.<br \/>\nL\u2019armonia che si crea si estende sia sul corpo che sulla mente.[\/vc_column_text][\/vc_column][vc_column width=&#8221;3\/12&#8243;][\/vc_column][\/vc_row][vc_row][vc_column][vc_empty_space height=&#8221;150px&#8221;][\/vc_column][\/vc_row][vc_row row_content_width=&#8221;grid&#8221;][vc_column width=&#8221;1\/3&#8243;]<div class=\"edgtf-image-with-text-holder    edgtf-image-behavior-custom-link\">\n    <div class=\"edgtf-iwt-image\">\n                    <a itemprop=\"url\" href=\"\/it\/services\/orgaenic-haircutting\" target=\"_self\">\n                                                    <img decoding=\"async\" width=\"1114\" height=\"746\" data-src=\"https:\/\/orgaeniclife.style\/wp-content\/uploads\/2019\/04\/read_more_ohc_1114x746.jpg\" class=\"attachment-full size-full lazyload\" alt=\"Org\u00e6nic Lifestyle Model\" data-srcset=\"https:\/\/orgaeniclife.style\/wp-content\/uploads\/2019\/04\/read_more_ohc_1114x746.jpg 1114w, https:\/\/orgaeniclife.style\/wp-content\/uploads\/2019\/04\/read_more_ohc_1114x746-300x201.jpg 300w, https:\/\/orgaeniclife.style\/wp-content\/uploads\/2019\/04\/read_more_ohc_1114x746-768x514.jpg 768w, https:\/\/orgaeniclife.style\/wp-content\/uploads\/2019\/04\/read_more_ohc_1114x746-1024x686.jpg 1024w, https:\/\/orgaeniclife.style\/wp-content\/uploads\/2019\/04\/read_more_ohc_1114x746-600x402.jpg 600w\" data-sizes=\"auto\" src=\"data:image\/svg+xml;base64,PHN2ZyB3aWR0aD0iMSIgaGVpZ2h0PSIxIiB4bWxucz0iaHR0cDovL3d3dy53My5vcmcvMjAwMC9zdmciPjwvc3ZnPg==\" style=\"--smush-placeholder-width: 1114px; --smush-placeholder-aspect-ratio: 1114\/746;\" data-original-sizes=\"(max-width: 1114px) 100vw, 1114px\" \/>                                            <\/a>\n            <\/div>\n    <div class=\"edgtf-iwt-text-holder\">\n                <div class=\"edgtf-iwt-title-wrapper\">\n            <h4 class=\"edgtf-iwt-title\" >ORG\u00c6NIC HAIRCUTTING<\/h4>\n    <\/div>\n                <div class=\"edgtf-iwt-text-wrapper\">\n            <p class=\"edgtf-iwt-text\" >ORG\u00c6NIC Haircutting \u00e8 un ulteriore sviluppo di tutte le tecniche di taglio note finora. Combina tutto ci\u00f2 che si pu\u00f2 desiderare da un taglio di capelli.<\/p>\n        <\/div>\n    <\/div>\n<\/div>[vc_column_text el_class=&#8221;padding_text&#8221;]<a href=\"\/it\/services\/orgaenic-haircutting\">Maggiori informazioni<\/a>[\/vc_column_text][vc_empty_space el_class=&#8221;only_mobile&#8221;][\/vc_column][vc_column width=&#8221;1\/3&#8243;]<div class=\"edgtf-image-with-text-holder    edgtf-image-behavior-custom-link\">\n    <div class=\"edgtf-iwt-image\">\n                    <a itemprop=\"url\" href=\"\/it\/saloni\" target=\"_self\">\n                                                    <img decoding=\"async\" width=\"1114\" height=\"746\" data-src=\"https:\/\/orgaeniclife.style\/wp-content\/uploads\/2019\/03\/read_more_ourSalons_1114x746.jpg\" class=\"attachment-full size-full lazyload\" alt=\"Org\u00e6nic Salon Dresden\" data-srcset=\"https:\/\/orgaeniclife.style\/wp-content\/uploads\/2019\/03\/read_more_ourSalons_1114x746.jpg 1114w, https:\/\/orgaeniclife.style\/wp-content\/uploads\/2019\/03\/read_more_ourSalons_1114x746-300x201.jpg 300w, https:\/\/orgaeniclife.style\/wp-content\/uploads\/2019\/03\/read_more_ourSalons_1114x746-768x514.jpg 768w, https:\/\/orgaeniclife.style\/wp-content\/uploads\/2019\/03\/read_more_ourSalons_1114x746-1024x686.jpg 1024w, https:\/\/orgaeniclife.style\/wp-content\/uploads\/2019\/03\/read_more_ourSalons_1114x746-600x402.jpg 600w\" data-sizes=\"auto\" src=\"data:image\/svg+xml;base64,PHN2ZyB3aWR0aD0iMSIgaGVpZ2h0PSIxIiB4bWxucz0iaHR0cDovL3d3dy53My5vcmcvMjAwMC9zdmciPjwvc3ZnPg==\" style=\"--smush-placeholder-width: 1114px; --smush-placeholder-aspect-ratio: 1114\/746;\" data-original-sizes=\"(max-width: 1114px) 100vw, 1114px\" \/>                                            <\/a>\n            <\/div>\n    <div class=\"edgtf-iwt-text-holder\">\n                <div class=\"edgtf-iwt-title-wrapper\">\n            <h4 class=\"edgtf-iwt-title\" >ORG\u00c6NIC Salons<\/h4>\n    <\/div>\n                <div class=\"edgtf-iwt-text-wrapper\">\n            <p class=\"edgtf-iwt-text\" >Desideri fissare un appuntamento in uno dei nostri saloni ORG\u00c6NIC a Dresda, Zwickau o Chemnitz o vuoi maggiori informazioni? Allora clicca qui...<\/p>\n        <\/div>\n    <\/div>\n<\/div>[vc_column_text el_class=&#8221;padding_text&#8221;]<a href=\"https:\/\/orgaeniclife.style\/it\/saloni\">Maggiori informazioni<\/a>[\/vc_column_text][vc_empty_space el_class=&#8221;only_mobile&#8221;][\/vc_column][vc_column width=&#8221;1\/3&#8243;]<div class=\"edgtf-image-with-text-holder    edgtf-image-behavior-custom-link\">\n    <div class=\"edgtf-iwt-image\">\n                    <a itemprop=\"url\" href=\"\/it\/academy\" target=\"_self\">\n                                                    <img decoding=\"async\" width=\"1114\" height=\"746\" data-src=\"https:\/\/orgaeniclife.style\/wp-content\/uploads\/2019\/03\/read_more_stories_1114x746.jpg\" class=\"attachment-full size-full lazyload\" alt=\"\" data-srcset=\"https:\/\/orgaeniclife.style\/wp-content\/uploads\/2019\/03\/read_more_stories_1114x746.jpg 1114w, https:\/\/orgaeniclife.style\/wp-content\/uploads\/2019\/03\/read_more_stories_1114x746-300x201.jpg 300w, https:\/\/orgaeniclife.style\/wp-content\/uploads\/2019\/03\/read_more_stories_1114x746-768x514.jpg 768w, https:\/\/orgaeniclife.style\/wp-content\/uploads\/2019\/03\/read_more_stories_1114x746-1024x686.jpg 1024w, https:\/\/orgaeniclife.style\/wp-content\/uploads\/2019\/03\/read_more_stories_1114x746-600x402.jpg 600w\" data-sizes=\"auto\" src=\"data:image\/svg+xml;base64,PHN2ZyB3aWR0aD0iMSIgaGVpZ2h0PSIxIiB4bWxucz0iaHR0cDovL3d3dy53My5vcmcvMjAwMC9zdmciPjwvc3ZnPg==\" style=\"--smush-placeholder-width: 1114px; --smush-placeholder-aspect-ratio: 1114\/746;\" data-original-sizes=\"(max-width: 1114px) 100vw, 1114px\" \/>                                            <\/a>\n            <\/div>\n    <div class=\"edgtf-iwt-text-holder\">\n                <div class=\"edgtf-iwt-title-wrapper\">\n            <h4 class=\"edgtf-iwt-title\" >ORG\u00c6NIC Academy<\/h4>\n    <\/div>\n                <div class=\"edgtf-iwt-text-wrapper\">\n            <p class=\"edgtf-iwt-text\" >Abbiamo il desiderio di riportare l\u2019attenzione sull\u2019artigianalit\u00e0, sulla libert\u00e0 creativa e sull\u2019individualit\u00e0. Sei un parrucchiere e vuoi essere dei nostri?<\/p>\n        <\/div>\n    <\/div>\n<\/div>[vc_column_text el_class=&#8221;padding_text&#8221;]<a href=\"https:\/\/orgaeniclife.style\/it\/academy\">Maggiori informazioni<\/a>[\/vc_column_text][vc_empty_space el_class=&#8221;only_mobile&#8221;][\/vc_column][\/vc_row]<\/p>\n<\/div>","protected":false},"excerpt":{"rendered":"<p>[vc_row][vc_column][vc_single_image image=&#8221;62184&#8243; img_size=&#8221;full&#8221; css_animation=&#8221;fadeIn&#8221;][vc_empty_space height=&#8221;40px&#8221;][\/vc_column][\/vc_row][vc_row row_content_width=&#8221;grid&#8221; css=&#8221;.vc_custom_1547221588958{padding-bottom: 0px !important;}&#8221; simple_background_color=&#8221;#ffffff&#8221;][vc_column offset=&#8221;vc_col-lg-8 vc_col-md-12&#8243;][vc_column_text] ORG\u00c6NIC Haircare Treatments [\/vc_column_text][\/vc_column][\/vc_row][vc_row row_content_width=&#8221;grid&#8221;][vc_column][vc_empty_space height=&#8221;40px&#8221;][\/vc_column][\/vc_row][vc_row row_content_width=&#8221;grid&#8221;][vc_column][vc_row_inner][vc_column_inner width=&#8221;4\/12&#8243;][vc_column_text]Con ORG\u00c6NIC Lifestyle Haircare inizia il vostro viaggio organico. Creato per liberare e preservare il potere intrinseco dei capelli \u2014 n\u00e9 pi\u00f9 n\u00e9 meno.[\/vc_column_text][\/vc_column_inner][vc_column_inner width=&#8221;4\/12&#8243;][vc_column_text]Il risultato non dipende solo dal prodotto, ma dal processo e dalla conoscenza dell\u2019uso dei prodotti in [&hellip;]<\/p>\n","protected":false},"author":7,"featured_media":0,"parent":62090,"menu_order":0,"comment_status":"closed","ping_status":"closed","template":"full-width.php","meta":{"footnotes":""},"class_list":["post-62693","page","type-page","status-publish","hentry"],"_links":{"self":[{"href":"https:\/\/orgaeniclife.style\/it\/wp-json\/wp\/v2\/pages\/62693","targetHints":{"allow":["GET"]}}],"collection":[{"href":"https:\/\/orgaeniclife.style\/it\/wp-json\/wp\/v2\/pages"}],"about":[{"href":"https:\/\/orgaeniclife.style\/it\/wp-json\/wp\/v2\/types\/page"}],"author":[{"embeddable":true,"href":"https:\/\/orgaeniclife.style\/it\/wp-json\/wp\/v2\/users\/7"}],"replies":[{"embeddable":true,"href":"https:\/\/orgaeniclife.style\/it\/wp-json\/wp\/v2\/comments?post=62693"}],"version-history":[{"count":12,"href":"https:\/\/orgaeniclife.style\/it\/wp-json\/wp\/v2\/pages\/62693\/revisions"}],"predecessor-version":[{"id":68501,"href":"https:\/\/orgaeniclife.style\/it\/wp-json\/wp\/v2\/pages\/62693\/revisions\/68501"}],"up":[{"embeddable":true,"href":"https:\/\/orgaeniclife.style\/it\/wp-json\/wp\/v2\/pages\/62090"}],"wp:attachment":[{"href":"https:\/\/orgaeniclife.style\/it\/wp-json\/wp\/v2\/media?parent=62693"}],"curies":[{"name":"wp","href":"https:\/\/api.w.org\/{rel}","templated":true}]}}