{"id":62090,"date":"2023-08-14T15:07:50","date_gmt":"2023-08-14T13:07:50","guid":{"rendered":"https:\/\/orgaeniclife.style\/?page_id=62090"},"modified":"2023-10-01T14:10:58","modified_gmt":"2023-10-01T12:10:58","slug":"services","status":"publish","type":"page","link":"https:\/\/orgaeniclife.style\/it\/services","title":{"rendered":"Services"},"content":{"rendered":"<div class=\"wpb-content-wrapper\"><p>[vc_row][vc_column][vc_single_image image=&#8221;62095&#8243; img_size=&#8221;full&#8221; alignment=&#8221;center&#8221; css_animation=&#8221;fadeIn&#8221;][\/vc_column][\/vc_row][vc_row row_content_width=&#8221;grid&#8221; css=&#8221;.vc_custom_1547129888632{padding-top: 135px !important;padding-bottom: 104px !important;}&#8221; el_class=&#8221;full_width&#8221;][vc_column offset=&#8221;vc_col-lg-12 vc_col-md-12&#8243;]<div class=\"edgtf-elements-holder   edgtf-one-column  edgtf-responsive-mode-768 \" ><div class=\"edgtf-eh-item    \"  data-item-class=\"edgtf-eh-custom-5743\" data-1367-1600=\"0 35% 0 0\" data-1025-1366=\"0 35% 0 0\" data-769-1024=\"0 23% 0 0\" data-681-768=\"0 0 0 0\" data-680=\"0 15px\">\n    <div class=\"edgtf-eh-item-inner\">\n        <div class=\"edgtf-eh-item-content edgtf-eh-custom-5743\" style=\"padding: 0 35% 0 0\">\n            <div class=\"edgtf-testimonials-holder clearfix \">\n    <div class=\"edgtf-testimonials edgtf-owl-slider\" data-number-of-items=\"1\" data-enable-loop=\"yes\" data-enable-autoplay=\"yes\" data-slider-speed=\"5000\" data-slider-speed-animation=\"600\" data-enable-navigation=\"no\" data-enable-pagination=\"yes\">\n\n        \n                <div class=\"edgtf-testimonial-content\" id=\"edgtf-testimonials-62877\">\n\n                                            <h2 class=\"edgtf-testimonial-text\">In realt\u00e0 \u00e8 abbastanza semplice.<\/h2>\n                                                        <\/div>\n\n            \n    <\/div>\n<\/div>        <\/div>\n    <\/div>\n<\/div><\/div>[\/vc_column][\/vc_row][vc_row row_content_width=&#8221;grid&#8221;][vc_column][vc_row_inner][vc_column_inner width=&#8221;6\/12&#8243;][vc_column_text]I capelli veramente puliti sono la base del nostro successo.<br \/>\nI capelli veramente puliti sono capelli liberi. Non ci sono n\u00e9 taglio n\u00e9 colore che tengano.<br \/>\nE nessuna sostenibilit\u00e0. ORG\u00c6NIC Lifestyle \u00e8 un sistema chiuso di cura, taglio e colore. Sostenibile perch\u00e9 si autoalimenta. Una cronologia eterna di\u00a0<strong>ORG\u00c6NIC Haircare Treatments, ORG\u00c6NIC Haircoloring<\/strong>\u00a0e\u00a0<strong>ORG\u00c6NIC Haircutting<\/strong>.[\/vc_column_text][\/vc_column_inner][vc_column_inner width=&#8221;1\/12&#8243;][\/vc_column_inner][vc_column_inner width=&#8221;5\/12&#8243;][vc_column_text]Tutti i prodotti per la cura dei capelli, la nostra tecnologia di taglio brevettata e i metodi di colorazione stabiliscono questo ordine, che \u00e8 subordinato alla logica della natura di ogni capello. Tutto \u00e8 in movimento. In avanti. Cos\u00ec facendo non dovrete ricominciare tutto da capo \u2013 e nemmeno noi.[\/vc_column_text][\/vc_column_inner][\/vc_row_inner][\/vc_column][\/vc_row][vc_row row_content_width=&#8221;grid&#8221;][vc_column][vc_empty_space height=&#8221;100px&#8221;]<div class=\"edgtf-single-image-holder   edgtf-image-behavior-custom-link\">\n    <div class=\"edgtf-si-inner\" >\n                    <a itemprop=\"url\" href=\"https:\/\/orgaeniclife.style\/it\/services\/orgaenic-haircare-treatments\" target=\"_self\">\n                                                    <img decoding=\"async\" width=\"1600\" height=\"1038\" data-src=\"https:\/\/orgaeniclife.style\/wp-content\/uploads\/2023\/08\/Services_HaircareTreatments-1-1-scaled.jpg\" class=\"attachment-full size-full lazyload\" alt=\"\" data-srcset=\"https:\/\/orgaeniclife.style\/wp-content\/uploads\/2023\/08\/Services_HaircareTreatments-1-1-scaled.jpg 1600w, https:\/\/orgaeniclife.style\/wp-content\/uploads\/2023\/08\/Services_HaircareTreatments-1-1-300x195.jpg 300w, https:\/\/orgaeniclife.style\/wp-content\/uploads\/2023\/08\/Services_HaircareTreatments-1-1-1024x664.jpg 1024w, https:\/\/orgaeniclife.style\/wp-content\/uploads\/2023\/08\/Services_HaircareTreatments-1-1-768x498.jpg 768w, https:\/\/orgaeniclife.style\/wp-content\/uploads\/2023\/08\/Services_HaircareTreatments-1-1-1536x996.jpg 1536w, https:\/\/orgaeniclife.style\/wp-content\/uploads\/2023\/08\/Services_HaircareTreatments-1-1-600x389.jpg 600w\" data-sizes=\"auto\" src=\"data:image\/svg+xml;base64,PHN2ZyB3aWR0aD0iMSIgaGVpZ2h0PSIxIiB4bWxucz0iaHR0cDovL3d3dy53My5vcmcvMjAwMC9zdmciPjwvc3ZnPg==\" style=\"--smush-placeholder-width: 1600px; --smush-placeholder-aspect-ratio: 1600\/1038;\" data-original-sizes=\"(max-width: 1600px) 100vw, 1600px\" \/>                                            <\/a>\n            <\/div>\n<\/div>[\/vc_column][\/vc_row][vc_row row_content_width=&#8221;grid&#8221;][vc_column][vc_empty_space height=&#8221;30px&#8221;]<div class=\"edgtf-single-image-holder   edgtf-image-behavior-custom-link\">\n    <div class=\"edgtf-si-inner\" >\n                    <a itemprop=\"url\" href=\"https:\/\/orgaeniclife.style\/it\/services\/orgaenic-haircutting\" target=\"_self\">\n                                                    <img decoding=\"async\" width=\"1600\" height=\"1038\" data-src=\"https:\/\/orgaeniclife.style\/wp-content\/uploads\/2023\/08\/Services_Haircutting-1-scaled.jpg\" class=\"attachment-full size-full lazyload\" alt=\"\" data-srcset=\"https:\/\/orgaeniclife.style\/wp-content\/uploads\/2023\/08\/Services_Haircutting-1-scaled.jpg 1600w, https:\/\/orgaeniclife.style\/wp-content\/uploads\/2023\/08\/Services_Haircutting-1-300x195.jpg 300w, https:\/\/orgaeniclife.style\/wp-content\/uploads\/2023\/08\/Services_Haircutting-1-1024x664.jpg 1024w, https:\/\/orgaeniclife.style\/wp-content\/uploads\/2023\/08\/Services_Haircutting-1-768x498.jpg 768w, https:\/\/orgaeniclife.style\/wp-content\/uploads\/2023\/08\/Services_Haircutting-1-1536x996.jpg 1536w, https:\/\/orgaeniclife.style\/wp-content\/uploads\/2023\/08\/Services_Haircutting-1-600x389.jpg 600w\" data-sizes=\"auto\" src=\"data:image\/svg+xml;base64,PHN2ZyB3aWR0aD0iMSIgaGVpZ2h0PSIxIiB4bWxucz0iaHR0cDovL3d3dy53My5vcmcvMjAwMC9zdmciPjwvc3ZnPg==\" style=\"--smush-placeholder-width: 1600px; --smush-placeholder-aspect-ratio: 1600\/1038;\" data-original-sizes=\"(max-width: 1600px) 100vw, 1600px\" \/>                                            <\/a>\n            <\/div>\n<\/div>[\/vc_column][\/vc_row][vc_row row_content_width=&#8221;grid&#8221;][vc_column][vc_empty_space height=&#8221;30px&#8221;]<div class=\"edgtf-single-image-holder   edgtf-image-behavior-custom-link\">\n    <div class=\"edgtf-si-inner\" >\n                    <a itemprop=\"url\" href=\"https:\/\/orgaeniclife.style\/it\/services\/orgaenic-haircoloring\" target=\"_self\">\n                                                    <img decoding=\"async\" width=\"1600\" height=\"1038\" data-src=\"https:\/\/orgaeniclife.style\/wp-content\/uploads\/2023\/08\/Services_Haircoloring-1-scaled.jpg\" class=\"attachment-full size-full lazyload\" alt=\"\" data-srcset=\"https:\/\/orgaeniclife.style\/wp-content\/uploads\/2023\/08\/Services_Haircoloring-1-scaled.jpg 1600w, https:\/\/orgaeniclife.style\/wp-content\/uploads\/2023\/08\/Services_Haircoloring-1-300x195.jpg 300w, https:\/\/orgaeniclife.style\/wp-content\/uploads\/2023\/08\/Services_Haircoloring-1-1024x664.jpg 1024w, https:\/\/orgaeniclife.style\/wp-content\/uploads\/2023\/08\/Services_Haircoloring-1-768x498.jpg 768w, https:\/\/orgaeniclife.style\/wp-content\/uploads\/2023\/08\/Services_Haircoloring-1-1536x996.jpg 1536w, https:\/\/orgaeniclife.style\/wp-content\/uploads\/2023\/08\/Services_Haircoloring-1-600x389.jpg 600w\" data-sizes=\"auto\" src=\"data:image\/svg+xml;base64,PHN2ZyB3aWR0aD0iMSIgaGVpZ2h0PSIxIiB4bWxucz0iaHR0cDovL3d3dy53My5vcmcvMjAwMC9zdmciPjwvc3ZnPg==\" style=\"--smush-placeholder-width: 1600px; --smush-placeholder-aspect-ratio: 1600\/1038;\" data-original-sizes=\"(max-width: 1600px) 100vw, 1600px\" \/>                                            <\/a>\n            <\/div>\n<\/div>[vc_empty_space height=&#8221;50px&#8221;][\/vc_column][\/vc_row][vc_row row_content_width=&#8221;grid&#8221;][vc_column][vc_row_inner][vc_column_inner width=&#8221;1\/2&#8243;][\/vc_column_inner][vc_column_inner width=&#8221;1\/2&#8243;][vc_column_text]Trova il salone pi\u00f9 vicino a te che offre servizi ORG\u00c6NIC.[\/vc_column_text][vc_empty_space height=&#8221;40px&#8221;]<a itemprop=\"url\" href=\"\/it\/saloni\/cerca-salone\" target=\"_self\"  class=\"edgtf-btn edgtf-btn-medium edgtf-btn-outline\"  >\n            <span class=\"edgtf-btn-text\">ORG\u00c6NIC Salon Finder<\/span>\n            <\/a>[\/vc_column_inner][\/vc_row_inner][vc_empty_space height=&#8221;200px&#8221;][\/vc_column][\/vc_row][vc_row row_content_width=&#8221;grid&#8221;][vc_column width=&#8221;1\/3&#8243;]<div class=\"edgtf-image-with-text-holder    edgtf-image-behavior-custom-link\">\n    <div class=\"edgtf-iwt-image\">\n                    <a itemprop=\"url\" href=\"\/it\/products\/\" target=\"_self\">\n                                                    <img decoding=\"async\" width=\"1114\" height=\"746\" data-src=\"https:\/\/orgaeniclife.style\/wp-content\/uploads\/2023\/07\/read_more_products_1114x746px.jpg\" class=\"attachment-full size-full lazyload\" alt=\"\" data-srcset=\"https:\/\/orgaeniclife.style\/wp-content\/uploads\/2023\/07\/read_more_products_1114x746px.jpg 1114w, https:\/\/orgaeniclife.style\/wp-content\/uploads\/2023\/07\/read_more_products_1114x746px-300x201.jpg 300w, https:\/\/orgaeniclife.style\/wp-content\/uploads\/2023\/07\/read_more_products_1114x746px-1024x686.jpg 1024w, https:\/\/orgaeniclife.style\/wp-content\/uploads\/2023\/07\/read_more_products_1114x746px-768x514.jpg 768w, https:\/\/orgaeniclife.style\/wp-content\/uploads\/2023\/07\/read_more_products_1114x746px-600x402.jpg 600w\" data-sizes=\"auto\" src=\"data:image\/svg+xml;base64,PHN2ZyB3aWR0aD0iMSIgaGVpZ2h0PSIxIiB4bWxucz0iaHR0cDovL3d3dy53My5vcmcvMjAwMC9zdmciPjwvc3ZnPg==\" style=\"--smush-placeholder-width: 1114px; --smush-placeholder-aspect-ratio: 1114\/746;\" data-original-sizes=\"(max-width: 1114px) 100vw, 1114px\" \/>                                            <\/a>\n            <\/div>\n    <div class=\"edgtf-iwt-text-holder\">\n                <div class=\"edgtf-iwt-title-wrapper\">\n            <h4 class=\"edgtf-iwt-title\" >ORG\u00c6NIC PRODUCTS<\/h4>\n    <\/div>\n                <div class=\"edgtf-iwt-text-wrapper\">\n            <p class=\"edgtf-iwt-text\" >Tutto ci\u00f2 che scoprirete in questa pagina \u00e8 destinato ai parrucchieri che hanno scelto la via dell\u2019organico.<\/p>\n        <\/div>\n    <\/div>\n<\/div>[vc_column_text el_class=&#8221;padding_text&#8221;]<a href=\"https:\/\/orgaeniclife.style\/it\/products\">Maggiori informazion<\/a>[\/vc_column_text][vc_empty_space el_class=&#8221;only_mobile&#8221;][\/vc_column][vc_column width=&#8221;1\/3&#8243;]<div class=\"edgtf-image-with-text-holder    edgtf-image-behavior-custom-link\">\n    <div class=\"edgtf-iwt-image\">\n                    <a itemprop=\"url\" href=\"\/it\/saloni\" target=\"_self\">\n                                                    <img decoding=\"async\" width=\"1114\" height=\"746\" data-src=\"https:\/\/orgaeniclife.style\/wp-content\/uploads\/2019\/03\/read_more_ourSalons_1114x746.jpg\" class=\"attachment-full size-full lazyload\" alt=\"Org\u00e6nic Salon Dresden\" data-srcset=\"https:\/\/orgaeniclife.style\/wp-content\/uploads\/2019\/03\/read_more_ourSalons_1114x746.jpg 1114w, https:\/\/orgaeniclife.style\/wp-content\/uploads\/2019\/03\/read_more_ourSalons_1114x746-300x201.jpg 300w, https:\/\/orgaeniclife.style\/wp-content\/uploads\/2019\/03\/read_more_ourSalons_1114x746-768x514.jpg 768w, https:\/\/orgaeniclife.style\/wp-content\/uploads\/2019\/03\/read_more_ourSalons_1114x746-1024x686.jpg 1024w, https:\/\/orgaeniclife.style\/wp-content\/uploads\/2019\/03\/read_more_ourSalons_1114x746-600x402.jpg 600w\" data-sizes=\"auto\" src=\"data:image\/svg+xml;base64,PHN2ZyB3aWR0aD0iMSIgaGVpZ2h0PSIxIiB4bWxucz0iaHR0cDovL3d3dy53My5vcmcvMjAwMC9zdmciPjwvc3ZnPg==\" style=\"--smush-placeholder-width: 1114px; --smush-placeholder-aspect-ratio: 1114\/746;\" data-original-sizes=\"(max-width: 1114px) 100vw, 1114px\" \/>                                            <\/a>\n            <\/div>\n    <div class=\"edgtf-iwt-text-holder\">\n                <div class=\"edgtf-iwt-title-wrapper\">\n            <h4 class=\"edgtf-iwt-title\" >ORG\u00c6NIC Salons<\/h4>\n    <\/div>\n                <div class=\"edgtf-iwt-text-wrapper\">\n            <p class=\"edgtf-iwt-text\" >Desideri fissare un appuntamento in uno dei nostri saloni ORG\u00c6NIC a Berlino, Dresda, Zwickau o Chemnitz o vuoi maggiori informazioni? Allora clicca qui...<\/p>\n        <\/div>\n    <\/div>\n<\/div>[vc_column_text el_class=&#8221;padding_text&#8221;]<a href=\"https:\/\/orgaeniclife.style\/it\/saloni\">Maggiori informazioni<\/a>[\/vc_column_text][vc_empty_space el_class=&#8221;only_mobile&#8221;][\/vc_column][vc_column width=&#8221;1\/3&#8243;]<div class=\"edgtf-image-with-text-holder    edgtf-image-behavior-custom-link\">\n    <div class=\"edgtf-iwt-image\">\n                    <a itemprop=\"url\" href=\"\/it\/academy\" target=\"_self\">\n                                                    <img decoding=\"async\" width=\"1114\" height=\"746\" data-src=\"https:\/\/orgaeniclife.style\/wp-content\/uploads\/2019\/03\/read_more_stories_1114x746.jpg\" class=\"attachment-full size-full lazyload\" alt=\"\" data-srcset=\"https:\/\/orgaeniclife.style\/wp-content\/uploads\/2019\/03\/read_more_stories_1114x746.jpg 1114w, https:\/\/orgaeniclife.style\/wp-content\/uploads\/2019\/03\/read_more_stories_1114x746-300x201.jpg 300w, https:\/\/orgaeniclife.style\/wp-content\/uploads\/2019\/03\/read_more_stories_1114x746-768x514.jpg 768w, https:\/\/orgaeniclife.style\/wp-content\/uploads\/2019\/03\/read_more_stories_1114x746-1024x686.jpg 1024w, https:\/\/orgaeniclife.style\/wp-content\/uploads\/2019\/03\/read_more_stories_1114x746-600x402.jpg 600w\" data-sizes=\"auto\" src=\"data:image\/svg+xml;base64,PHN2ZyB3aWR0aD0iMSIgaGVpZ2h0PSIxIiB4bWxucz0iaHR0cDovL3d3dy53My5vcmcvMjAwMC9zdmciPjwvc3ZnPg==\" style=\"--smush-placeholder-width: 1114px; --smush-placeholder-aspect-ratio: 1114\/746;\" data-original-sizes=\"(max-width: 1114px) 100vw, 1114px\" \/>                                            <\/a>\n            <\/div>\n    <div class=\"edgtf-iwt-text-holder\">\n                <div class=\"edgtf-iwt-title-wrapper\">\n            <h4 class=\"edgtf-iwt-title\" >ORG\u00c6NIC Academy<\/h4>\n    <\/div>\n                <div class=\"edgtf-iwt-text-wrapper\">\n            <p class=\"edgtf-iwt-text\" >Abbiamo il desiderio di riportare l\u2019attenzione sull\u2019artigianalit\u00e0, sulla libert\u00e0 creativa e sull\u2019individualit\u00e0. Sei un parrucchiere e vuoi essere dei nostri?<\/p>\n        <\/div>\n    <\/div>\n<\/div>[vc_column_text el_class=&#8221;padding_text&#8221;]<a href=\"https:\/\/orgaeniclife.style\/it\/academy\">Maggiori informazioni<\/a>[\/vc_column_text][vc_empty_space el_class=&#8221;only_mobile&#8221;][\/vc_column][\/vc_row]<\/p>\n<\/div>","protected":false},"excerpt":{"rendered":"<p>[vc_row][vc_column][vc_single_image image=&#8221;62095&#8243; img_size=&#8221;full&#8221; alignment=&#8221;center&#8221; css_animation=&#8221;fadeIn&#8221;][\/vc_column][\/vc_row][vc_row row_content_width=&#8221;grid&#8221; css=&#8221;.vc_custom_1547129888632{padding-top: 135px !important;padding-bottom: 104px !important;}&#8221; el_class=&#8221;full_width&#8221;][vc_column offset=&#8221;vc_col-lg-12 vc_col-md-12&#8243;][\/vc_column][\/vc_row][vc_row row_content_width=&#8221;grid&#8221;][vc_column][vc_row_inner][vc_column_inner width=&#8221;6\/12&#8243;][vc_column_text]I capelli veramente puliti sono la base del nostro successo. I capelli veramente puliti sono capelli liberi. Non ci sono n\u00e9 taglio n\u00e9 colore che tengano. E nessuna sostenibilit\u00e0. ORG\u00c6NIC Lifestyle \u00e8 un sistema chiuso di cura, taglio e colore. Sostenibile perch\u00e9 si autoalimenta. Una [&hellip;]<\/p>\n","protected":false},"author":223,"featured_media":0,"parent":0,"menu_order":0,"comment_status":"closed","ping_status":"closed","template":"full-width.php","meta":{"footnotes":""},"class_list":["post-62090","page","type-page","status-publish","hentry"],"_links":{"self":[{"href":"https:\/\/orgaeniclife.style\/it\/wp-json\/wp\/v2\/pages\/62090","targetHints":{"allow":["GET"]}}],"collection":[{"href":"https:\/\/orgaeniclife.style\/it\/wp-json\/wp\/v2\/pages"}],"about":[{"href":"https:\/\/orgaeniclife.style\/it\/wp-json\/wp\/v2\/types\/page"}],"author":[{"embeddable":true,"href":"https:\/\/orgaeniclife.style\/it\/wp-json\/wp\/v2\/users\/223"}],"replies":[{"embeddable":true,"href":"https:\/\/orgaeniclife.style\/it\/wp-json\/wp\/v2\/comments?post=62090"}],"version-history":[{"count":8,"href":"https:\/\/orgaeniclife.style\/it\/wp-json\/wp\/v2\/pages\/62090\/revisions"}],"predecessor-version":[{"id":63964,"href":"https:\/\/orgaeniclife.style\/it\/wp-json\/wp\/v2\/pages\/62090\/revisions\/63964"}],"wp:attachment":[{"href":"https:\/\/orgaeniclife.style\/it\/wp-json\/wp\/v2\/media?parent=62090"}],"curies":[{"name":"wp","href":"https:\/\/api.w.org\/{rel}","templated":true}]}}