{"id":60526,"date":"2023-08-16T17:03:13","date_gmt":"2023-08-16T15:03:13","guid":{"rendered":"https:\/\/orgaeniclife.style\/?page_id=60526"},"modified":"2024-10-10T13:38:49","modified_gmt":"2024-10-10T11:38:49","slug":"innovation-water","status":"publish","type":"page","link":"https:\/\/orgaeniclife.style\/it\/products\/innovation-water","title":{"rendered":"Innovation water"},"content":{"rendered":"<div class=\"wpb-content-wrapper\"><p>[vc_row css=&#8221;.vc_custom_1527843088963{padding-top: 0px !important;padding-bottom: 0px !important;}&#8221; el_id=&#8221;edgtf-main-rev-holder&#8221;][vc_column]<div class=\"edgtf-elements-holder   edgtf-one-column  edgtf-responsive-mode-768 \" ><div class=\"edgtf-eh-item    \"  data-item-class=\"edgtf-eh-custom-5837\" data-680=\"0px 25px 0px 25px\">\n    <div class=\"edgtf-eh-item-inner\">\n        <div class=\"edgtf-eh-item-content edgtf-eh-custom-5837\" style=\"padding: 0px 45px 0px 45px\">\n            \n\t\t\t<!-- START Innovation Water REVOLUTION SLIDER 6.7.29 --><p class=\"rs-p-wp-fix\"><\/p>\n\t\t\t<rs-module-wrap id=\"rev_slider_24_1_wrapper\" data-source=\"gallery\" style=\"visibility:hidden;background:transparent;padding:0;margin:0px auto;margin-top:0;margin-bottom:0;\">\n\t\t\t\t<rs-module id=\"rev_slider_24_1\" style=\"\" data-version=\"6.7.29\">\n\t\t\t\t\t<rs-slides style=\"overflow: hidden; position: absolute;\">\n\t\t\t\t\t\t<rs-slide style=\"position: absolute;\" data-key=\"rs-174\" data-title=\"Slide\" data-thumb=\"\/\/orgaeniclife.style\/wp-content\/uploads\/2022\/10\/Startslider_Salon_Berlin_3000x2000_3-100x50.jpg\" data-anim=\"adpr:false;\">\n\t\t\t\t\t\t\t<img decoding=\"async\" src=\"\/\/orgaeniclife.style\/wp-content\/plugins\/revslider\/sr6\/assets\/assets\/dummy.png\" alt=\"\" title=\"Innovation water\" class=\"rev-slidebg tp-rs-img rs-lazyload\" data-lazyload=\"\/\/orgaeniclife.style\/wp-content\/uploads\/2022\/10\/Startslider_Salon_Berlin_3000x2000_3.jpg\" data-bg=\"p:center top;\" data-no-retina>\n<!---->\t\t\t\t\t<\/rs-slide>\n\t\t\t\t\t\t<rs-slide style=\"position: absolute;\" data-key=\"rs-173\" data-title=\"Slide\" data-thumb=\"\/\/orgaeniclife.style\/wp-content\/uploads\/2023\/05\/Innovation_Water_header_3000x2000-100x50.png\" data-anim=\"adpr:false;\">\n\t\t\t\t\t\t\t<img decoding=\"async\" src=\"\/\/orgaeniclife.style\/wp-content\/plugins\/revslider\/sr6\/assets\/assets\/dummy.png\" alt=\"\" title=\"Innovation water\" class=\"rev-slidebg tp-rs-img rs-lazyload\" data-lazyload=\"\/\/orgaeniclife.style\/wp-content\/uploads\/2023\/05\/Innovation_Water_header_3000x2000.png\" data-bg=\"p:center top;\" data-no-retina>\n<!---->\t\t\t\t\t<\/rs-slide>\n\t\t\t\t\t\t<rs-slide style=\"position: absolute;\" data-key=\"rs-187\" data-title=\"Slide\" data-thumb=\"\/\/orgaeniclife.style\/wp-content\/uploads\/2023\/03\/empty_Water_3000x2000-scaled-100x50.jpg\" data-anim=\"adpr:false;\">\n\t\t\t\t\t\t\t<img decoding=\"async\" src=\"\/\/orgaeniclife.style\/wp-content\/plugins\/revslider\/sr6\/assets\/assets\/dummy.png\" alt=\"\" title=\"Innovation water\" class=\"rev-slidebg tp-rs-img rs-lazyload\" data-lazyload=\"\/\/orgaeniclife.style\/wp-content\/uploads\/2023\/03\/empty_Water_3000x2000-scaled.jpg\" data-bg=\"p:center top;\" data-no-retina>\n<!---->\t\t\t\t\t<\/rs-slide>\n\t\t\t\t\t<\/rs-slides>\n\t\t\t\t<\/rs-module>\n\t\t\t\t<script>\n\t\t\t\t\tsetREVStartSize({c: 'rev_slider_24_1',rl:[1240,1024,778,480],el:[],gw:[1920,1445,1025,480],gh:[1010,800,600,350],type:'standard',justify:'',layout:'fullwidth',mh:\"0\"});if (window.RS_MODULES!==undefined && window.RS_MODULES.modules!==undefined && window.RS_MODULES.modules[\"revslider241\"]!==undefined) {window.RS_MODULES.modules[\"revslider241\"].once = false;window.revapi24 = undefined;if (window.RS_MODULES.checkMinimal!==undefined) window.RS_MODULES.checkMinimal()}\n\t\t\t\t<\/script>\n\t\t\t<\/rs-module-wrap>\n\t\t\t<!-- END REVOLUTION SLIDER -->\n        <\/div>\n    <\/div>\n<\/div><\/div>[\/vc_column][\/vc_row][vc_row row_content_width=&#8221;grid&#8221;][vc_column][vc_empty_space height=&#8221;80px&#8221;][\/vc_column][\/vc_row][vc_row row_content_width=&#8221;grid&#8221; css=&#8221;.vc_custom_1547221588958{padding-bottom: 0px !important;}&#8221; simple_background_color=&#8221;#ffffff&#8221;][vc_column offset=&#8221;vc_col-lg-8 vc_col-md-12&#8243;][vc_column_text]<\/p>\n<h1><strong>Innovazione<br \/>\n<\/strong><strong>per responsabilit\u00e0<\/strong><\/h1>\n<p>[\/vc_column_text][\/vc_column][\/vc_row][vc_row row_content_width=&#8221;grid&#8221; css=&#8221;.vc_custom_1546535211428{padding-bottom: 0px !important;}&#8221; simple_background_color=&#8221;#ffffff&#8221;][vc_column width=&#8221;1\/6&#8243;][\/vc_column][vc_column width=&#8221;2\/4&#8243;][vc_column_text]Per la conservazione delle risorse \u2013 per l&#8217;acqua potabile<\/p>\n<p>Con ORG\u00c6NIC Lifestyle non ci concentriamo esclusivamente su servizi o prodotti per parrucchieri, ma rispondiamo ai segni dei tempi.<\/p>\n<p>Grazie al trattamento delle acque reflue per il riutilizzo come acqua sanitaria nei saloni dei parrucchieri, come azienda offriamo gi\u00e0 un concetto sostenibile per essere preparati al futuro del settore.[\/vc_column_text][vc_empty_space][\/vc_column][vc_column width=&#8221;2\/6&#8243;][\/vc_column][\/vc_row][vc_row row_content_width=&#8221;grid&#8221; css=&#8221;.vc_custom_1546535211428{padding-bottom: 0px !important;}&#8221; simple_background_color=&#8221;#ffffff&#8221;][vc_column width=&#8221;1\/2&#8243;][\/vc_column][vc_column width=&#8221;1\/2&#8243;][vc_column_text]In collaborazione con uno studio di ingegneria di Berlino, abbiamo sviluppato un sistema per il trattamento biologico delle acque reflue dei parrucchieri, gi\u00e0 in uso nel salone di Berlino e nell&#8217;accademia ORG\u00c6NIC.<\/p>\n<p><span lang=\"it\">Alla fine del 2023, siamo stati premiati per la nostra innovazione con il Premio \u2018Economia del Futuro\u2019 del Ministero sassone per l&#8217;Energia, il Clima e la Protezione Ambientale. <\/span><span lang=\"it\">Questo premio \u00e8 una grande ricompensa e un segnale per un nuovo inizio.<br \/>\n<\/span><span lang=\"it\">Uno dei tanti sforzi che sembravano impossibili e che invece sono diventati realt\u00e0.<\/span>[\/vc_column_text][vc_empty_space][vc_single_image image=&#8221;65502&#8243; img_size=&#8221;medium&#8221;][vc_empty_space][\/vc_column][\/vc_row][vc_row row_content_width=&#8221;grid&#8221; css=&#8221;.vc_custom_1546535211428{padding-bottom: 0px !important;}&#8221; simple_background_color=&#8221;#ffffff&#8221;][vc_column width=&#8221;1\/6&#8243;][\/vc_column][vc_column width=&#8221;1\/12&#8243; offset=&#8221;vc_col-xs-3&#8243;][\/vc_column][vc_column width=&#8221;6\/12&#8243; offset=&#8221;vc_col-xs-9&#8243;][vc_column_text]Le acque reflue dei parrucchieri sono considerate particolarmente difficili da trattare. I produttori di impianti di riciclaggio delle acque grigie disponibili in commercio, ad esempio, escludono esplicitamente lo scarico di tinture per capelli. Grazie a un&#8217;innovativa fase di trattamento puramente biologico, le acque reflue dei parrucchieri vengono chiarificate utilizzando microrganismi che si adattano alla composizione delle acque reflue.<\/p>\n<p>&nbsp;<\/p>\n<p>Il risultato \u00e8 una qualit\u00e0 dell&#8217;acqua quasi potabile, senza l&#8217;uso di sostanze chimiche e senza sottoprodotti nocivi. L\u2019acqua pu\u00f2 essere riutilizzata senza perdita di comfort o rischio sanitario per gli sciacquoni dei servizi igienici e l&#8217;irrigazione di spazi verdi, agricoltura urbana o persino acquari.[\/vc_column_text][vc_empty_space][\/vc_column][vc_column width=&#8221;3\/12&#8243; el_class=&#8221;align_right&#8221;][\/vc_column][\/vc_row][vc_row row_content_width=&#8221;grid&#8221;][vc_column][vc_empty_space height=&#8221;80px&#8221;][\/vc_column][\/vc_row][vc_row row_content_width=&#8221;grid&#8221;][vc_column][vc_empty_space height=&#8221;80px&#8221;][\/vc_column][\/vc_row][vc_row row_content_width=&#8221;grid&#8221;][vc_column][vc_column_text]<\/p>\n<h2>Sei interessato?<\/h2>\n<p>[\/vc_column_text][\/vc_column][\/vc_row][vc_row row_content_width=&#8221;grid&#8221;][vc_column][vc_empty_space height=&#8221;80px&#8221;][\/vc_column][\/vc_row][vc_row equal_height=&#8221;yes&#8221; row_content_width=&#8221;grid&#8221; css=&#8221;.vc_custom_1552987936806{padding-top: 0px !important;padding-bottom: 42px !important;}&#8221;][vc_column width=&#8221;1\/2&#8243; offset=&#8221;vc_col-lg-3 vc_col-md-3 vc_col-xs-12&#8243;]<div class=\"edgtf-team-holder\">\n            <div class=\"edgtf-team-image\">\n            <img decoding=\"async\" width=\"1500\" height=\"1500\" data-src=\"https:\/\/orgaeniclife.style\/wp-content\/uploads\/2024\/09\/OLS_Portraits-6.jpg\" class=\"edgtf-team-first-image lazyload\" alt=\"\" data-srcset=\"https:\/\/orgaeniclife.style\/wp-content\/uploads\/2024\/09\/OLS_Portraits-6.jpg 1500w, https:\/\/orgaeniclife.style\/wp-content\/uploads\/2024\/09\/OLS_Portraits-6-300x300.jpg 300w, https:\/\/orgaeniclife.style\/wp-content\/uploads\/2024\/09\/OLS_Portraits-6-1024x1024.jpg 1024w, https:\/\/orgaeniclife.style\/wp-content\/uploads\/2024\/09\/OLS_Portraits-6-150x150.jpg 150w, https:\/\/orgaeniclife.style\/wp-content\/uploads\/2024\/09\/OLS_Portraits-6-768x768.jpg 768w, https:\/\/orgaeniclife.style\/wp-content\/uploads\/2024\/09\/OLS_Portraits-6-550x550.jpg 550w, https:\/\/orgaeniclife.style\/wp-content\/uploads\/2024\/09\/OLS_Portraits-6-1100x1100.jpg 1100w, https:\/\/orgaeniclife.style\/wp-content\/uploads\/2024\/09\/OLS_Portraits-6-600x600.jpg 600w, https:\/\/orgaeniclife.style\/wp-content\/uploads\/2024\/09\/OLS_Portraits-6-100x100.jpg 100w\" data-sizes=\"auto\" src=\"data:image\/svg+xml;base64,PHN2ZyB3aWR0aD0iMSIgaGVpZ2h0PSIxIiB4bWxucz0iaHR0cDovL3d3dy53My5vcmcvMjAwMC9zdmciPjwvc3ZnPg==\" style=\"--smush-placeholder-width: 1500px; --smush-placeholder-aspect-ratio: 1500\/1500;\" data-original-sizes=\"(max-width: 1500px) 100vw, 1500px\" \/>                            <img decoding=\"async\" width=\"1500\" height=\"1500\" data-src=\"https:\/\/orgaeniclife.style\/wp-content\/uploads\/2024\/09\/OLS_Portraits-6.jpg\" class=\"edgtf-team-second-image lazyload\" alt=\"\" data-srcset=\"https:\/\/orgaeniclife.style\/wp-content\/uploads\/2024\/09\/OLS_Portraits-6.jpg 1500w, https:\/\/orgaeniclife.style\/wp-content\/uploads\/2024\/09\/OLS_Portraits-6-300x300.jpg 300w, https:\/\/orgaeniclife.style\/wp-content\/uploads\/2024\/09\/OLS_Portraits-6-1024x1024.jpg 1024w, https:\/\/orgaeniclife.style\/wp-content\/uploads\/2024\/09\/OLS_Portraits-6-150x150.jpg 150w, https:\/\/orgaeniclife.style\/wp-content\/uploads\/2024\/09\/OLS_Portraits-6-768x768.jpg 768w, https:\/\/orgaeniclife.style\/wp-content\/uploads\/2024\/09\/OLS_Portraits-6-550x550.jpg 550w, https:\/\/orgaeniclife.style\/wp-content\/uploads\/2024\/09\/OLS_Portraits-6-1100x1100.jpg 1100w, https:\/\/orgaeniclife.style\/wp-content\/uploads\/2024\/09\/OLS_Portraits-6-600x600.jpg 600w, https:\/\/orgaeniclife.style\/wp-content\/uploads\/2024\/09\/OLS_Portraits-6-100x100.jpg 100w\" data-sizes=\"auto\" src=\"data:image\/svg+xml;base64,PHN2ZyB3aWR0aD0iMSIgaGVpZ2h0PSIxIiB4bWxucz0iaHR0cDovL3d3dy53My5vcmcvMjAwMC9zdmciPjwvc3ZnPg==\" style=\"--smush-placeholder-width: 1500px; --smush-placeholder-aspect-ratio: 1500\/1500;\" data-original-sizes=\"(max-width: 1500px) 100vw, 1500px\" \/>                    <\/div>\n    \n    <div class=\"edgtf-team-info\">\n                    <h4 class=\"edgtf-team-name\" >\n            Stefan            <\/h4>\n        \n        \n        \n            <\/div>\n<\/div>[vc_column_text el_class=&#8221;edgtf-team-name&#8221;]LIEBERNICKEL[\/vc_column_text][vc_empty_space height=&#8221;10px&#8221;][vc_column_text]International Project Management[\/vc_column_text][vc_empty_space height=&#8221;10px&#8221;][vc_column_text el_class=&#8221;position&#8221;]<a href=\"tel:+49 174 3202307\">T +49 174 3202307<\/a><br \/>\nF +49 351 31445550<br \/>\n<a href=\"mailto:s.liebernickel@buk-management.com\">s.liebernickel@buk-management.com<\/a>[\/vc_column_text][vc_empty_space height=&#8221;50px&#8221;][\/vc_column][\/vc_row][vc_row row_content_width=&#8221;grid&#8221; css=&#8221;.vc_custom_1547221588958{padding-bottom: 0px !important;}&#8221; simple_background_color=&#8221;#ffffff&#8221;][vc_column offset=&#8221;vc_col-lg-12 vc_col-md-12&#8243;][vc_empty_space height=&#8221;80px&#8221;][\/vc_column][\/vc_row][vc_row row_content_width=&#8221;grid&#8221;][vc_column width=&#8221;1\/3&#8243;]<div class=\"edgtf-image-with-text-holder    edgtf-image-behavior-custom-link\">\n    <div class=\"edgtf-iwt-image\">\n                    <a itemprop=\"url\" href=\"https:\/\/orgaeniclife.style\/it\/services\/orgaenic-haircoloring\" target=\"_self\">\n                                                    <img decoding=\"async\" width=\"1114\" height=\"746\" data-src=\"https:\/\/orgaeniclife.style\/wp-content\/uploads\/2019\/04\/read_more_ohco_1114x746.jpg\" class=\"attachment-full size-full lazyload\" alt=\"\" data-srcset=\"https:\/\/orgaeniclife.style\/wp-content\/uploads\/2019\/04\/read_more_ohco_1114x746.jpg 1114w, https:\/\/orgaeniclife.style\/wp-content\/uploads\/2019\/04\/read_more_ohco_1114x746-300x201.jpg 300w, https:\/\/orgaeniclife.style\/wp-content\/uploads\/2019\/04\/read_more_ohco_1114x746-768x514.jpg 768w, https:\/\/orgaeniclife.style\/wp-content\/uploads\/2019\/04\/read_more_ohco_1114x746-1024x686.jpg 1024w, https:\/\/orgaeniclife.style\/wp-content\/uploads\/2019\/04\/read_more_ohco_1114x746-600x402.jpg 600w\" data-sizes=\"auto\" src=\"data:image\/svg+xml;base64,PHN2ZyB3aWR0aD0iMSIgaGVpZ2h0PSIxIiB4bWxucz0iaHR0cDovL3d3dy53My5vcmcvMjAwMC9zdmciPjwvc3ZnPg==\" style=\"--smush-placeholder-width: 1114px; --smush-placeholder-aspect-ratio: 1114\/746;\" data-original-sizes=\"(max-width: 1114px) 100vw, 1114px\" \/>                                            <\/a>\n            <\/div>\n    <div class=\"edgtf-iwt-text-holder\">\n                <div class=\"edgtf-iwt-title-wrapper\">\n            <h4 class=\"edgtf-iwt-title\" >ORG\u00c6NIC Coloring<\/h4>\n    <\/div>\n                <div class=\"edgtf-iwt-text-wrapper\">\n            <p class=\"edgtf-iwt-text\" >ORG\u00c6NIC Haircoloring w\u00e4chst mit- und nicht heraus und h\u00e4lt doppelt so lange wie herk\u00f6mmliche Haarf\u00e4rbetechnicken...<\/p>\n        <\/div>\n    <\/div>\n<\/div>[vc_column_text el_class=&#8221;padding_text&#8221;]<a href=\"https:\/\/orgaeniclife.style\/it\/services\/orgaenic-haircoloring\">Read more<\/a>[\/vc_column_text][vc_empty_space el_class=&#8221;only_mobile&#8221;][\/vc_column][vc_column width=&#8221;1\/3&#8243;]<div class=\"edgtf-image-with-text-holder    edgtf-image-behavior-custom-link\">\n    <div class=\"edgtf-iwt-image\">\n                    <a itemprop=\"url\" href=\"https:\/\/orgaeniclife.style\/it\/saloni\/cerca-salone\" target=\"_self\">\n                                                    <img decoding=\"async\" width=\"1114\" height=\"746\" data-src=\"https:\/\/orgaeniclife.style\/wp-content\/uploads\/2019\/03\/read_more_ourSalons_1114x746.jpg\" class=\"attachment-full size-full lazyload\" alt=\"\" data-srcset=\"https:\/\/orgaeniclife.style\/wp-content\/uploads\/2019\/03\/read_more_ourSalons_1114x746.jpg 1114w, https:\/\/orgaeniclife.style\/wp-content\/uploads\/2019\/03\/read_more_ourSalons_1114x746-300x201.jpg 300w, https:\/\/orgaeniclife.style\/wp-content\/uploads\/2019\/03\/read_more_ourSalons_1114x746-768x514.jpg 768w, https:\/\/orgaeniclife.style\/wp-content\/uploads\/2019\/03\/read_more_ourSalons_1114x746-1024x686.jpg 1024w, https:\/\/orgaeniclife.style\/wp-content\/uploads\/2019\/03\/read_more_ourSalons_1114x746-600x402.jpg 600w\" data-sizes=\"auto\" src=\"data:image\/svg+xml;base64,PHN2ZyB3aWR0aD0iMSIgaGVpZ2h0PSIxIiB4bWxucz0iaHR0cDovL3d3dy53My5vcmcvMjAwMC9zdmciPjwvc3ZnPg==\" style=\"--smush-placeholder-width: 1114px; --smush-placeholder-aspect-ratio: 1114\/746;\" data-original-sizes=\"(max-width: 1114px) 100vw, 1114px\" \/>                                            <\/a>\n            <\/div>\n    <div class=\"edgtf-iwt-text-holder\">\n                <div class=\"edgtf-iwt-title-wrapper\">\n            <h4 class=\"edgtf-iwt-title\" >ORG\u00c6NIC SALONS<\/h4>\n    <\/div>\n                <div class=\"edgtf-iwt-text-wrapper\">\n            <p class=\"edgtf-iwt-text\" >Du m\u00f6chtest einen Termin f\u00fcr einen organischen Haarschnitt? Klick hier f\u00fcr die ORG\u00c6NIC Salonsuche...<\/p>\n        <\/div>\n    <\/div>\n<\/div>[vc_column_text el_class=&#8221;padding_text&#8221;]<a href=\"https:\/\/orgaeniclife.style\/it\/saloni\/cerca-salone\">Read more<\/a>[\/vc_column_text][vc_empty_space el_class=&#8221;only_mobile&#8221;][\/vc_column][vc_column width=&#8221;1\/3&#8243;]<div class=\"edgtf-image-with-text-holder    edgtf-image-behavior-custom-link\">\n    <div class=\"edgtf-iwt-image\">\n                    <a itemprop=\"url\" href=\"https:\/\/orgaeniclife.style\/it\/products\/orgaenic-lifestyle-haircare\" target=\"_self\">\n                                                    <img decoding=\"async\" width=\"1114\" height=\"746\" data-src=\"https:\/\/orgaeniclife.style\/wp-content\/uploads\/2019\/05\/1114x746_Vorschaubilder-5.jpg\" class=\"attachment-full size-full lazyload\" alt=\"\" data-srcset=\"https:\/\/orgaeniclife.style\/wp-content\/uploads\/2019\/05\/1114x746_Vorschaubilder-5.jpg 1114w, https:\/\/orgaeniclife.style\/wp-content\/uploads\/2019\/05\/1114x746_Vorschaubilder-5-300x201.jpg 300w, https:\/\/orgaeniclife.style\/wp-content\/uploads\/2019\/05\/1114x746_Vorschaubilder-5-768x514.jpg 768w, https:\/\/orgaeniclife.style\/wp-content\/uploads\/2019\/05\/1114x746_Vorschaubilder-5-1024x686.jpg 1024w, https:\/\/orgaeniclife.style\/wp-content\/uploads\/2019\/05\/1114x746_Vorschaubilder-5-600x402.jpg 600w\" data-sizes=\"auto\" src=\"data:image\/svg+xml;base64,PHN2ZyB3aWR0aD0iMSIgaGVpZ2h0PSIxIiB4bWxucz0iaHR0cDovL3d3dy53My5vcmcvMjAwMC9zdmciPjwvc3ZnPg==\" style=\"--smush-placeholder-width: 1114px; --smush-placeholder-aspect-ratio: 1114\/746;\" data-original-sizes=\"(max-width: 1114px) 100vw, 1114px\" \/>                                            <\/a>\n            <\/div>\n    <div class=\"edgtf-iwt-text-holder\">\n                <div class=\"edgtf-iwt-title-wrapper\">\n            <h4 class=\"edgtf-iwt-title\" >ORG\u00c6NIC LIFESTYLE HAIRCARE<\/h4>\n    <\/div>\n                <div class=\"edgtf-iwt-text-wrapper\">\n            <p class=\"edgtf-iwt-text\" >Wir erleben Haar als etwas Lebendiges. Deshalb sehen wir uns als Friseure in der Verantwortung alles daf\u00fcr zu tun, dass es Dir und Deinem Haar gut geht ...<\/p>\n        <\/div>\n    <\/div>\n<\/div>[vc_column_text el_class=&#8221;padding_text&#8221;]<a href=\"https:\/\/orgaeniclife.style\/it\/products\/orgaenic-lifestyle-haircare\">Read more<\/a>[\/vc_column_text][vc_empty_space el_class=&#8221;only_mobile&#8221;][\/vc_column][\/vc_row]<\/p>\n<\/div>","protected":false},"excerpt":{"rendered":"<p>[vc_row css=&#8221;.vc_custom_1527843088963{padding-top: 0px !important;padding-bottom: 0px !important;}&#8221; el_id=&#8221;edgtf-main-rev-holder&#8221;][vc_column][\/vc_column][\/vc_row][vc_row row_content_width=&#8221;grid&#8221;][vc_column][vc_empty_space height=&#8221;80px&#8221;][\/vc_column][\/vc_row][vc_row row_content_width=&#8221;grid&#8221; css=&#8221;.vc_custom_1547221588958{padding-bottom: 0px !important;}&#8221; simple_background_color=&#8221;#ffffff&#8221;][vc_column offset=&#8221;vc_col-lg-8 vc_col-md-12&#8243;][vc_column_text] Innovazione per responsabilit\u00e0 [\/vc_column_text][\/vc_column][\/vc_row][vc_row row_content_width=&#8221;grid&#8221; css=&#8221;.vc_custom_1546535211428{padding-bottom: 0px !important;}&#8221; simple_background_color=&#8221;#ffffff&#8221;][vc_column width=&#8221;1\/6&#8243;][\/vc_column][vc_column width=&#8221;2\/4&#8243;][vc_column_text]Per la conservazione delle risorse \u2013 per l&#8217;acqua potabile Con ORG\u00c6NIC Lifestyle non ci concentriamo esclusivamente su servizi o prodotti per parrucchieri, ma rispondiamo ai segni dei tempi. Grazie al trattamento delle acque reflue [&hellip;]<\/p>\n","protected":false},"author":223,"featured_media":0,"parent":62130,"menu_order":0,"comment_status":"closed","ping_status":"closed","template":"full-width.php","meta":{"footnotes":""},"class_list":["post-60526","page","type-page","status-publish","hentry"],"_links":{"self":[{"href":"https:\/\/orgaeniclife.style\/it\/wp-json\/wp\/v2\/pages\/60526","targetHints":{"allow":["GET"]}}],"collection":[{"href":"https:\/\/orgaeniclife.style\/it\/wp-json\/wp\/v2\/pages"}],"about":[{"href":"https:\/\/orgaeniclife.style\/it\/wp-json\/wp\/v2\/types\/page"}],"author":[{"embeddable":true,"href":"https:\/\/orgaeniclife.style\/it\/wp-json\/wp\/v2\/users\/223"}],"replies":[{"embeddable":true,"href":"https:\/\/orgaeniclife.style\/it\/wp-json\/wp\/v2\/comments?post=60526"}],"version-history":[{"count":9,"href":"https:\/\/orgaeniclife.style\/it\/wp-json\/wp\/v2\/pages\/60526\/revisions"}],"predecessor-version":[{"id":69606,"href":"https:\/\/orgaeniclife.style\/it\/wp-json\/wp\/v2\/pages\/60526\/revisions\/69606"}],"up":[{"embeddable":true,"href":"https:\/\/orgaeniclife.style\/it\/wp-json\/wp\/v2\/pages\/62130"}],"wp:attachment":[{"href":"https:\/\/orgaeniclife.style\/it\/wp-json\/wp\/v2\/media?parent=60526"}],"curies":[{"name":"wp","href":"https:\/\/api.w.org\/{rel}","templated":true}]}}