{"id":57311,"date":"2022-08-09T18:58:37","date_gmt":"2022-08-09T16:58:37","guid":{"rendered":"https:\/\/orgaeniclife.style\/?page_id=57311"},"modified":"2026-03-26T14:46:56","modified_gmt":"2026-03-26T13:46:56","slug":"distribution-ae","status":"publish","type":"page","link":"https:\/\/orgaeniclife.style\/it\/products\/distribuzione\/distribution-ae","title":{"rendered":"Distribution-AE"},"content":{"rendered":"<div class=\"wpb-content-wrapper\"><p>[vc_row][vc_column][vc_single_image image=&#8221;62788&#8243; img_size=&#8221;full&#8221; css_animation=&#8221;fadeIn&#8221;][\/vc_column][\/vc_row][vc_section][vc_row row_content_width=&#8221;grid&#8221;][vc_column][vc_empty_space height=&#8221;40px&#8221;][vc_column_text]<\/p>\n<h2 class=\"p1\">say hi<br \/>\nto our Sales Team<\/h2>\n<p>[\/vc_column_text][\/vc_column][\/vc_row][vc_row row_content_width=&#8221;grid&#8221;][vc_column][vc_empty_space height=&#8221;60px&#8221;][vc_column_text]<\/p>\n<h3 class=\"p1\">Dubai, United Arab Emirates<\/h3>\n<p>[\/vc_column_text][vc_empty_space height=&#8221;60px&#8221;][\/vc_column][\/vc_row][vc_row equal_height=&#8221;yes&#8221; row_content_width=&#8221;grid&#8221; css=&#8221;.vc_custom_1552987936806{padding-top: 0px !important;padding-bottom: 42px !important;}&#8221;][vc_column width=&#8221;1\/2&#8243; offset=&#8221;vc_col-lg-3 vc_col-md-3 vc_col-xs-12&#8243;]<div class=\"edgtf-team-holder\">\n            <div class=\"edgtf-team-image\">\n            <img decoding=\"async\" width=\"508\" height=\"515\" data-src=\"https:\/\/orgaeniclife.style\/wp-content\/uploads\/2025\/12\/Distribution_UAE_W.jpg\" class=\"edgtf-team-first-image lazyload\" alt=\"\" data-srcset=\"https:\/\/orgaeniclife.style\/wp-content\/uploads\/2025\/12\/Distribution_UAE_W.jpg 508w, https:\/\/orgaeniclife.style\/wp-content\/uploads\/2025\/12\/Distribution_UAE_W-296x300.jpg 296w\" data-sizes=\"auto\" src=\"data:image\/svg+xml;base64,PHN2ZyB3aWR0aD0iMSIgaGVpZ2h0PSIxIiB4bWxucz0iaHR0cDovL3d3dy53My5vcmcvMjAwMC9zdmciPjwvc3ZnPg==\" style=\"--smush-placeholder-width: 508px; --smush-placeholder-aspect-ratio: 508\/515;\" data-original-sizes=\"(max-width: 508px) 100vw, 508px\" \/>                            <img decoding=\"async\" width=\"508\" height=\"515\" data-src=\"https:\/\/orgaeniclife.style\/wp-content\/uploads\/2025\/12\/Distribution_UAE_W.jpg\" class=\"edgtf-team-second-image lazyload\" alt=\"\" data-srcset=\"https:\/\/orgaeniclife.style\/wp-content\/uploads\/2025\/12\/Distribution_UAE_W.jpg 508w, https:\/\/orgaeniclife.style\/wp-content\/uploads\/2025\/12\/Distribution_UAE_W-296x300.jpg 296w\" data-sizes=\"auto\" src=\"data:image\/svg+xml;base64,PHN2ZyB3aWR0aD0iMSIgaGVpZ2h0PSIxIiB4bWxucz0iaHR0cDovL3d3dy53My5vcmcvMjAwMC9zdmciPjwvc3ZnPg==\" style=\"--smush-placeholder-width: 508px; --smush-placeholder-aspect-ratio: 508\/515;\" data-original-sizes=\"(max-width: 508px) 100vw, 508px\" \/>                    <\/div>\n    \n    <div class=\"edgtf-team-info\">\n                    <h4 class=\"edgtf-team-name\" >\n            Wahid            <\/h4>\n        \n        \n        \n            <\/div>\n<\/div>[vc_column_text css=&#8221;&#8221; el_class=&#8221;edgtf-team-name&#8221;]Abi Saab[\/vc_column_text][vc_empty_space height=&#8221;10px&#8221;][vc_column_text css=&#8221;&#8221;]<span style=\"color: black;\">Key Account\u00a0Manager<br \/>\n<\/span>ORG\u00c6NIC Lifestyle UAE<\/p>\n<p><span style=\"color: black;\">Mobile <\/span><span style=\"color: #0078d4;\"><a href=\"tel:+971509576579\" data-outlook-id=\"1eb20764-5a8c-4be3-bc73-2c19dab3ee83\">+971 50 95 76579<\/a><br \/>\n<\/span><span style=\"color: black; background: white;\"><a href=\"mailto:%20wa.saab@orgaeniclife.style\">wa.saab@orgaeniclife.style<\/a><\/span><\/p>\n<p><strong>Instagram <\/strong><a href=\"https:\/\/www.instagram.com\/orgaenic.lifestyle\/\">orgaenic.lifestyle<\/a>[\/vc_column_text][\/vc_column][\/vc_row][vc_row row_content_width=&#8221;grid&#8221;][vc_column][vc_empty_space height=&#8221;60px&#8221;][vc_row_inner][vc_column_inner width=&#8221;1\/2&#8243;][vc_column_text]<\/p>\n<h4>We want you<\/h4>\n<p>ORG\u00c6NIC Lifestyle Haircare wasn\u2019t developed to sell products; it was developed to strengthen the hairdressing trade and create a new level of hair quality that supports ORG\u00c6NIC Haircutting and ORG\u00c6NIC Coloring. As such, we don\u2019t just see other self-employed hairdressers as clients; they\u2019re also our partners!<\/p>\n<p>Do you run your own hairdressing salon and want to learn more about ORG\u00c6NIC Lifestyle Haircare, or have you already made your decision and want to order our haircare range? Then contact our Sales department:[\/vc_column_text][vc_empty_space height=&#8221;20px&#8221;]<a itemprop=\"url\" href=\"mailto:haircare@buk-management.com\" target=\"_self\"  class=\"edgtf-btn edgtf-btn-medium edgtf-btn-outline\"  >\n            <span class=\"edgtf-btn-text\">Diventa Un Partner ORG\u00c6NIC<\/span>\n            <\/a>[vc_empty_space][\/vc_column_inner][vc_column_inner width=&#8221;1\/2&#8243;][\/vc_column_inner][\/vc_row_inner][vc_empty_space height=&#8221;70px&#8221;][\/vc_column][\/vc_row][vc_row row_content_width=&#8221;grid&#8221;][vc_column width=&#8221;1\/3&#8243;]<div class=\"edgtf-image-with-text-holder    edgtf-image-behavior-custom-link\">\n    <div class=\"edgtf-iwt-image\">\n                    <a itemprop=\"url\" href=\"https:\/\/orgaeniclife.style\/en\/services\/orgaenic-haircutting\" target=\"_self\">\n                                                    <img decoding=\"async\" width=\"1114\" height=\"746\" data-src=\"https:\/\/orgaeniclife.style\/wp-content\/uploads\/2019\/04\/read_more_ohc_1114x746.jpg\" class=\"attachment-full size-full lazyload\" alt=\"Org\u00e6nic Lifestyle Model\" data-srcset=\"https:\/\/orgaeniclife.style\/wp-content\/uploads\/2019\/04\/read_more_ohc_1114x746.jpg 1114w, https:\/\/orgaeniclife.style\/wp-content\/uploads\/2019\/04\/read_more_ohc_1114x746-300x201.jpg 300w, https:\/\/orgaeniclife.style\/wp-content\/uploads\/2019\/04\/read_more_ohc_1114x746-768x514.jpg 768w, https:\/\/orgaeniclife.style\/wp-content\/uploads\/2019\/04\/read_more_ohc_1114x746-1024x686.jpg 1024w, https:\/\/orgaeniclife.style\/wp-content\/uploads\/2019\/04\/read_more_ohc_1114x746-600x402.jpg 600w\" data-sizes=\"auto\" src=\"data:image\/svg+xml;base64,PHN2ZyB3aWR0aD0iMSIgaGVpZ2h0PSIxIiB4bWxucz0iaHR0cDovL3d3dy53My5vcmcvMjAwMC9zdmciPjwvc3ZnPg==\" style=\"--smush-placeholder-width: 1114px; --smush-placeholder-aspect-ratio: 1114\/746;\" data-original-sizes=\"(max-width: 1114px) 100vw, 1114px\" \/>                                            <\/a>\n            <\/div>\n    <div class=\"edgtf-iwt-text-holder\">\n                <div class=\"edgtf-iwt-title-wrapper\">\n            <h4 class=\"edgtf-iwt-title\" >ORG\u00c6NIC HAIRCUTTING<\/h4>\n    <\/div>\n                <div class=\"edgtf-iwt-text-wrapper\">\n            <p class=\"edgtf-iwt-text\" >ORG\u00c6NIC Haircutting ist eine Weiterentwicklung aller vorbekannten Haarschneidetechniken. Es verbindet alles, was Sie sich von einem Haarschnitt w\u00fcnschen ...<\/p>\n        <\/div>\n    <\/div>\n<\/div>[vc_column_text el_class=&#8221;padding_text&#8221;]<a href=\"https:\/\/orgaeniclife.style\/it\/services\/orgaenic-haircutting\">Read more<\/a>[\/vc_column_text][vc_empty_space el_class=&#8221;only_mobile&#8221;][\/vc_column][vc_column width=&#8221;1\/3&#8243;]<div class=\"edgtf-image-with-text-holder    edgtf-image-behavior-custom-link\">\n    <div class=\"edgtf-iwt-image\">\n                    <a itemprop=\"url\" href=\"https:\/\/orgaeniclife.style\/en\/products\/eight-weeks\" target=\"_self\">\n                                                    <img decoding=\"async\" width=\"1114\" height=\"746\" data-src=\"https:\/\/orgaeniclife.style\/wp-content\/uploads\/2019\/04\/read_more_eight-weeks_1114x746.jpg\" class=\"attachment-full size-full lazyload\" alt=\"\" data-srcset=\"https:\/\/orgaeniclife.style\/wp-content\/uploads\/2019\/04\/read_more_eight-weeks_1114x746.jpg 1114w, https:\/\/orgaeniclife.style\/wp-content\/uploads\/2019\/04\/read_more_eight-weeks_1114x746-300x201.jpg 300w, https:\/\/orgaeniclife.style\/wp-content\/uploads\/2019\/04\/read_more_eight-weeks_1114x746-768x514.jpg 768w, https:\/\/orgaeniclife.style\/wp-content\/uploads\/2019\/04\/read_more_eight-weeks_1114x746-1024x686.jpg 1024w, https:\/\/orgaeniclife.style\/wp-content\/uploads\/2019\/04\/read_more_eight-weeks_1114x746-600x402.jpg 600w\" data-sizes=\"auto\" src=\"data:image\/svg+xml;base64,PHN2ZyB3aWR0aD0iMSIgaGVpZ2h0PSIxIiB4bWxucz0iaHR0cDovL3d3dy53My5vcmcvMjAwMC9zdmciPjwvc3ZnPg==\" style=\"--smush-placeholder-width: 1114px; --smush-placeholder-aspect-ratio: 1114\/746;\" data-original-sizes=\"(max-width: 1114px) 100vw, 1114px\" \/>                                            <\/a>\n            <\/div>\n    <div class=\"edgtf-iwt-text-holder\">\n                <div class=\"edgtf-iwt-title-wrapper\">\n            <h4 class=\"edgtf-iwt-title\" >EIGHT WEEKS<\/h4>\n    <\/div>\n                <div class=\"edgtf-iwt-text-wrapper\">\n            <p class=\"edgtf-iwt-text\" >Eight Weeks verbindet ayurvedische Ans\u00e4tze, europ\u00e4ische Heilkunde und moderne Wissenschaft zur Harmonisierung der Kopfhaut f\u00fcr gesundes Haarwachstum ...<\/p>\n        <\/div>\n    <\/div>\n<\/div>[vc_column_text el_class=&#8221;padding_text&#8221;]<a href=\"https:\/\/orgaeniclife.style\/it\/products\/eight-weeks\">Read more<\/a>[\/vc_column_text][vc_empty_space el_class=&#8221;only_mobile&#8221;][\/vc_column][vc_column width=&#8221;1\/3&#8243;]<div class=\"edgtf-image-with-text-holder    edgtf-image-behavior-custom-link\">\n    <div class=\"edgtf-iwt-image\">\n                    <a itemprop=\"url\" href=\"https:\/\/orgaeniclife.style\/en\/services\/orgaenic-haircoloring\" target=\"_self\">\n                                                    <img decoding=\"async\" width=\"1114\" height=\"746\" data-src=\"https:\/\/orgaeniclife.style\/wp-content\/uploads\/2019\/04\/read_more_ohco_1114x746.jpg\" class=\"attachment-full size-full lazyload\" alt=\"\" data-srcset=\"https:\/\/orgaeniclife.style\/wp-content\/uploads\/2019\/04\/read_more_ohco_1114x746.jpg 1114w, https:\/\/orgaeniclife.style\/wp-content\/uploads\/2019\/04\/read_more_ohco_1114x746-300x201.jpg 300w, https:\/\/orgaeniclife.style\/wp-content\/uploads\/2019\/04\/read_more_ohco_1114x746-768x514.jpg 768w, https:\/\/orgaeniclife.style\/wp-content\/uploads\/2019\/04\/read_more_ohco_1114x746-1024x686.jpg 1024w, https:\/\/orgaeniclife.style\/wp-content\/uploads\/2019\/04\/read_more_ohco_1114x746-600x402.jpg 600w\" data-sizes=\"auto\" src=\"data:image\/svg+xml;base64,PHN2ZyB3aWR0aD0iMSIgaGVpZ2h0PSIxIiB4bWxucz0iaHR0cDovL3d3dy53My5vcmcvMjAwMC9zdmciPjwvc3ZnPg==\" style=\"--smush-placeholder-width: 1114px; --smush-placeholder-aspect-ratio: 1114\/746;\" data-original-sizes=\"(max-width: 1114px) 100vw, 1114px\" \/>                                            <\/a>\n            <\/div>\n    <div class=\"edgtf-iwt-text-holder\">\n                <div class=\"edgtf-iwt-title-wrapper\">\n            <h4 class=\"edgtf-iwt-title\" >ORG\u00c6NIC HAIRCOLORING<\/h4>\n    <\/div>\n                <div class=\"edgtf-iwt-text-wrapper\">\n            <p class=\"edgtf-iwt-text\" >Organische Haarfarben wachsen mit- und nicht heraus und halten doppelt so lange wie herk\u00f6mmliche Haarfarben ...<\/p>\n        <\/div>\n    <\/div>\n<\/div>[vc_column_text el_class=&#8221;padding_text&#8221;]<a href=\"https:\/\/orgaeniclife.style\/it\/services\/orgaenic-haircoloring\">Read more<\/a>[\/vc_column_text][vc_empty_space el_class=&#8221;only_mobile&#8221;][\/vc_column][\/vc_row][\/vc_section][vc_row row_content_width=&#8221;grid&#8221;][vc_column width=&#8221;2\/3&#8243;][vc_column_text]<\/p>\n<h2 class=\"p1\">DOVE TROVARCI<\/h2>\n<p>[\/vc_column_text][\/vc_column][vc_column width=&#8221;1\/3&#8243; el_class=&#8221;align_right&#8221;][\/vc_column][\/vc_row][vc_section][vc_row row_content_width=&#8221;grid&#8221; el_class=&#8221;contact_row&#8221;][vc_column width=&#8221;1\/2&#8243; offset=&#8221;vc_col-lg-3 vc_col-md-6 vc_col-xs-12&#8243;][vc_column_text]ORG\u00c6NIC Lifestyle Haircare<br \/>\nQuartier an der Frauenkirche<br \/>\nAn der Frauenkirche 1<br \/>\nD-01067 Dresda[\/vc_column_text][\/vc_column][vc_column width=&#8221;1\/2&#8243; offset=&#8221;vc_col-lg-3 vc_col-md-6 vc_col-xs-12&#8243; el_class=&#8221;middle&#8221;][vc_column_text]<a href=\"tel:+49 351 48433831\">T +49 351 48433831<\/a><br \/>\n<a href=\"mailto:t.korinth@buk-management.com\">haircare@buk-management.com<\/a>[\/vc_column_text][\/vc_column][vc_column width=&#8221;1\/2&#8243; offset=&#8221;vc_col-lg-3 vc_col-md-6 vc_col-xs-12&#8243;][vc_column_text]<a href=\"\/\/goo.gl\/maps\/StZdYfdTsiaNaJA87\" target=\"_blank\" rel=\"noopener noreferrer\">Google Maps<\/a><br \/>\n<a href=\"https:\/\/orgaeniclife.style\/it\/orgaenic-lifestyle-haircare-2\" target=\"_blank\" rel=\"noopener noreferrer\">Instagram<\/a><br \/>\n<a href=\"https:\/\/orgaeniclife.style\/it\/orgaenic-lifestyle-haircare-2\" target=\"_blank\" rel=\"noopener noreferrer\">Facebook<\/a><br \/>\n<a href=\"\/\/www.youtube.com\/channel\/UCi0khkJFDpM---B_MzPJJXw\" target=\"_blank\" rel=\"noopener noreferrer\">YouTube<\/a>[\/vc_column_text][\/vc_column][vc_column width=&#8221;1\/2&#8243; offset=&#8221;vc_col-lg-3 vc_col-md-6 vc_col-xs-12&#8243; el_class=&#8221;last&#8221;][\/vc_column][\/vc_row][\/vc_section]<\/p>\n<\/div>","protected":false},"excerpt":{"rendered":"<p>[vc_row][vc_column][vc_single_image image=&#8221;62788&#8243; img_size=&#8221;full&#8221; css_animation=&#8221;fadeIn&#8221;][\/vc_column][\/vc_row][vc_section][vc_row row_content_width=&#8221;grid&#8221;][vc_column][vc_empty_space height=&#8221;40px&#8221;][vc_column_text] say hi to our Sales Team [\/vc_column_text][\/vc_column][\/vc_row][vc_row row_content_width=&#8221;grid&#8221;][vc_column][vc_empty_space height=&#8221;60px&#8221;][vc_column_text] Dubai, United Arab Emirates [\/vc_column_text][vc_empty_space height=&#8221;60px&#8221;][\/vc_column][\/vc_row][vc_row equal_height=&#8221;yes&#8221; row_content_width=&#8221;grid&#8221; css=&#8221;.vc_custom_1552987936806{padding-top: 0px !important;padding-bottom: 42px !important;}&#8221;][vc_column width=&#8221;1\/2&#8243; offset=&#8221;vc_col-lg-3 vc_col-md-3 vc_col-xs-12&#8243;][vc_column_text css=&#8221;&#8221; el_class=&#8221;edgtf-team-name&#8221;]Abi Saab[\/vc_column_text][vc_empty_space height=&#8221;10px&#8221;][vc_column_text css=&#8221;&#8221;]Key Account\u00a0Manager ORG\u00c6NIC Lifestyle UAE Mobile +971 50 95 76579 wa.saab@orgaeniclife.style Instagram orgaenic.lifestyle[\/vc_column_text][\/vc_column][\/vc_row][vc_row row_content_width=&#8221;grid&#8221;][vc_column][vc_empty_space height=&#8221;60px&#8221;][vc_row_inner][vc_column_inner width=&#8221;1\/2&#8243;][vc_column_text] We want you ORG\u00c6NIC Lifestyle Haircare wasn\u2019t developed [&hellip;]<\/p>\n","protected":false},"author":7,"featured_media":0,"parent":57452,"menu_order":0,"comment_status":"closed","ping_status":"closed","template":"full-width.php","meta":{"footnotes":""},"class_list":["post-57311","page","type-page","status-publish","hentry"],"_links":{"self":[{"href":"https:\/\/orgaeniclife.style\/it\/wp-json\/wp\/v2\/pages\/57311","targetHints":{"allow":["GET"]}}],"collection":[{"href":"https:\/\/orgaeniclife.style\/it\/wp-json\/wp\/v2\/pages"}],"about":[{"href":"https:\/\/orgaeniclife.style\/it\/wp-json\/wp\/v2\/types\/page"}],"author":[{"embeddable":true,"href":"https:\/\/orgaeniclife.style\/it\/wp-json\/wp\/v2\/users\/7"}],"replies":[{"embeddable":true,"href":"https:\/\/orgaeniclife.style\/it\/wp-json\/wp\/v2\/comments?post=57311"}],"version-history":[{"count":9,"href":"https:\/\/orgaeniclife.style\/it\/wp-json\/wp\/v2\/pages\/57311\/revisions"}],"predecessor-version":[{"id":75104,"href":"https:\/\/orgaeniclife.style\/it\/wp-json\/wp\/v2\/pages\/57311\/revisions\/75104"}],"up":[{"embeddable":true,"href":"https:\/\/orgaeniclife.style\/it\/wp-json\/wp\/v2\/pages\/57452"}],"wp:attachment":[{"href":"https:\/\/orgaeniclife.style\/it\/wp-json\/wp\/v2\/media?parent=57311"}],"curies":[{"name":"wp","href":"https:\/\/api.w.org\/{rel}","templated":true}]}}