{"id":74531,"date":"2025-11-13T16:55:55","date_gmt":"2025-11-13T15:55:55","guid":{"rendered":"https:\/\/orgaeniclife.style\/?page_id=74531"},"modified":"2025-12-19T14:41:19","modified_gmt":"2025-12-19T13:41:19","slug":"house-of-orgaenic-zurich","status":"publish","type":"page","link":"https:\/\/orgaeniclife.style\/en\/salons\/house-of-orgaenic-zurich","title":{"rendered":"House of ORG\u00c6NIC Z\u00fcrich"},"content":{"rendered":"<div class=\"wpb-content-wrapper\"><p>[vc_row css=&#8221;.vc_custom_1527843088963{padding-top: 0px !important;padding-bottom: 0px !important;}&#8221; el_id=&#8221;edgtf-main-rev-holder&#8221;][vc_column]<div class=\"edgtf-elements-holder   edgtf-one-column  edgtf-responsive-mode-768 \" ><div class=\"edgtf-eh-item    \"  data-item-class=\"edgtf-eh-custom-2414\" data-680=\"0px 25px 0px 25px\">\n    <div class=\"edgtf-eh-item-inner\">\n        <div class=\"edgtf-eh-item-content edgtf-eh-custom-2414\" >\n            \n\t\t\t<!-- START House of Orgaenic Zuerich REVOLUTION SLIDER 6.7.29 --><p class=\"rs-p-wp-fix\"><\/p>\n\t\t\t<rs-module-wrap id=\"rev_slider_30_1_wrapper\" data-source=\"gallery\" style=\"visibility:hidden;background:transparent;padding:0;margin:0px auto;margin-top:0;margin-bottom:0;\">\n\t\t\t\t<rs-module id=\"rev_slider_30_1\" style=\"\" data-version=\"6.7.29\">\n\t\t\t\t\t<rs-slides style=\"overflow: hidden; position: absolute;\">\n\t\t\t\t\t\t<rs-slide style=\"position: absolute;\" data-key=\"rs-206\" data-title=\"Slide\" data-thumb=\"\/\/orgaeniclife.style\/wp-content\/uploads\/2025\/11\/Slider_HouseOfOrgaenic_Zuerich_FreeHair_2048x960-100x50.jpg\" data-anim=\"adpr:false;\" data-in=\"o:0;\" data-out=\"a:false;\">\n\t\t\t\t\t\t\t<img decoding=\"async\" src=\"\/\/orgaeniclife.style\/wp-content\/plugins\/revslider\/sr6\/assets\/assets\/dummy.png\" alt=\"\" title=\"Slider_HouseOfOrgaenic_Z\u00fcrich_FreeHair_2048x960\" width=\"2048\" height=\"960\" class=\"rev-slidebg tp-rs-img rs-lazyload\" data-lazyload=\"\/\/orgaeniclife.style\/wp-content\/uploads\/2025\/11\/Slider_HouseOfOrgaenic_Zuerich_FreeHair_2048x960.jpg\" data-bg=\"p:center top;\" data-no-retina>\n<!---->\t\t\t\t\t<\/rs-slide>\n\t\t\t\t\t\t<rs-slide style=\"position: absolute;\" data-key=\"rs-205\" data-title=\"Slide\" data-thumb=\"\/\/orgaeniclife.style\/wp-content\/uploads\/2025\/11\/Slider_free_your_hair_2048x960-100x50.jpg\" data-anim=\"adpr:false;\" data-in=\"o:0;\" data-out=\"a:false;\">\n\t\t\t\t\t\t\t<img decoding=\"async\" src=\"\/\/orgaeniclife.style\/wp-content\/plugins\/revslider\/sr6\/assets\/assets\/dummy.png\" alt=\"\" title=\"Slider_free_your_hair_2048x960\" width=\"2048\" height=\"960\" class=\"rev-slidebg tp-rs-img rs-lazyload\" data-lazyload=\"\/\/orgaeniclife.style\/wp-content\/uploads\/2025\/11\/Slider_free_your_hair_2048x960.jpg\" data-bg=\"p:center top;\" data-no-retina>\n<!---->\t\t\t\t\t<\/rs-slide>\n\t\t\t\t\t<\/rs-slides>\n\t\t\t\t<\/rs-module>\n\t\t\t\t<script>\n\t\t\t\t\tsetREVStartSize({c: 'rev_slider_30_1',rl:[1240,1024,778,480],el:[1010,800,600,350],gw:[1920,1445,1025,480],gh:[1010,800,600,350],type:'standard',justify:'',layout:'fullwidth',mh:\"0\"});if (window.RS_MODULES!==undefined && window.RS_MODULES.modules!==undefined && window.RS_MODULES.modules[\"revslider301\"]!==undefined) {window.RS_MODULES.modules[\"revslider301\"].once = false;window.revapi30 = undefined;if (window.RS_MODULES.checkMinimal!==undefined) window.RS_MODULES.checkMinimal()}\n\t\t\t\t<\/script>\n\t\t\t<\/rs-module-wrap>\n\t\t\t<!-- END REVOLUTION SLIDER -->\n        <\/div>\n    <\/div>\n<\/div><\/div>[\/vc_column][\/vc_row][vc_row row_content_width=&#8221;grid&#8221; css=&#8221;.vc_custom_1547221588958{padding-bottom: 0px !important;}&#8221; simple_background_color=&#8221;#ffffff&#8221;][vc_column offset=&#8221;vc_col-lg-8 vc_col-md-12&#8243;][vc_column_text css=&#8221;&#8221;]<\/p>\n<h1>HOUSE<br \/>\nOF ORG\u00c6NIC<br \/>\nZURICH<\/h1>\n<p>[\/vc_column_text][\/vc_column][\/vc_row][vc_row row_content_width=&#8221;grid&#8221;][vc_column][vc_empty_space height=&#8221;60px&#8221;][\/vc_column][\/vc_row][vc_row row_content_width=&#8221;grid&#8221; css=&#8221;.vc_custom_1546535211428{padding-bottom: 0px !important;}&#8221; simple_background_color=&#8221;#ffffff&#8221;][vc_column width=&#8221;1\/6&#8243;][\/vc_column][vc_column width=&#8221;2\/4&#8243;][vc_column_text css=&#8221;&#8221;]<span style=\"color: #000000;\">Since October 1<sup>st<\/sup>,2025, the salon 7 Sense in Zurich carries the signature of ORG\u00c6NIC Lifestyle. Franziska Giannotta enriches the existing salon team with her ORG\u00c6NIC expertise. She will accompany the development of the salon into a House of ORG\u00c6NIC, serving as both a salon and an academy location in Zurich in the future.<\/span>[\/vc_column_text][vc_empty_space height=&#8221;20px&#8221;][\/vc_column][vc_column width=&#8221;2\/6&#8243;][\/vc_column][\/vc_row][vc_row row_content_width=&#8221;grid&#8221;][vc_column][vc_empty_space height=&#8221;60px&#8221;][\/vc_column][\/vc_row][vc_row disable_element=&#8221;yes&#8221; row_content_width=&#8221;grid&#8221; css=&#8221;.vc_custom_1762948722940{padding-bottom: 0px !important;}&#8221; simple_background_color=&#8221;#ffffff&#8221;][vc_column width=&#8221;1\/2&#8243;][\/vc_column][vc_column width=&#8221;1\/2&#8243;][vc_empty_space height=&#8221;20px&#8221;][\/vc_column][\/vc_row][vc_row row_content_width=&#8221;grid&#8221; css=&#8221;.vc_custom_1546535211428{padding-bottom: 0px !important;}&#8221; simple_background_color=&#8221;#ffffff&#8221;][vc_column width=&#8221;1\/6&#8243;][\/vc_column][vc_column width=&#8221;2\/4&#8243;][vc_column_text css=&#8221;&#8221;]<\/p>\n<p style=\"margin: 0cm;\"><span style=\"color: #000000;\"><strong>Appointments at the salon can now be booked at<\/strong><\/span><\/p>\n<p>[\/vc_column_text][vc_empty_space height=&#8221;20px&#8221;][\/vc_column][vc_column width=&#8221;2\/6&#8243;][\/vc_column][\/vc_row][vc_row row_content_width=&#8221;grid&#8221; css=&#8221;.vc_custom_1546535211428{padding-bottom: 0px !important;}&#8221; simple_background_color=&#8221;#ffffff&#8221;][vc_column width=&#8221;1\/6&#8243;][\/vc_column][vc_column width=&#8221;2\/4&#8243;]<a itemprop=\"url\" href=\"https:\/\/www.phorest.com\/salon\/7sensegmbh\/book\/services?staffId=SJER__mtKpvNtvLuVN2DHA\" target=\"_self\"  class=\"edgtf-btn edgtf-btn-medium edgtf-btn-outline\"  >\n            <span class=\"edgtf-btn-text\">BOOK NOW<\/span>\n            <\/a>[\/vc_column][vc_column width=&#8221;2\/6&#8243;][\/vc_column][\/vc_row][vc_row row_content_width=&#8221;grid&#8221;][vc_column][vc_empty_space height=&#8221;100px&#8221;][\/vc_column][\/vc_row][vc_row row_content_width=&#8221;grid&#8221; css=&#8221;.vc_custom_1546535211428{padding-bottom: 0px !important;}&#8221; simple_background_color=&#8221;#ffffff&#8221;][vc_column width=&#8221;1\/6&#8243;][\/vc_column][vc_column width=&#8221;2\/4&#8243;][vc_column_text css=&#8221;&#8221;]<\/p>\n<p style=\"margin: 0cm;\"><strong><span style=\"color: #000000;\">For your seminar booking, please click here<\/span><\/strong><\/p>\n<p>[\/vc_column_text][vc_empty_space height=&#8221;20px&#8221;][\/vc_column][vc_column width=&#8221;2\/6&#8243;][\/vc_column][\/vc_row][vc_row row_content_width=&#8221;grid&#8221; css=&#8221;.vc_custom_1546535211428{padding-bottom: 0px !important;}&#8221; simple_background_color=&#8221;#ffffff&#8221;][vc_column width=&#8221;1\/6&#8243;][\/vc_column][vc_column width=&#8221;2\/4&#8243;]<a itemprop=\"url\" href=\"https:\/\/orgaeniclife.style\/en\/academy\" target=\"_self\"  class=\"edgtf-btn edgtf-btn-medium edgtf-btn-outline\"  >\n            <span class=\"edgtf-btn-text\">BOOK NOW SEMINARS<\/span>\n            <\/a>[\/vc_column][vc_column width=&#8221;2\/6&#8243;][\/vc_column][\/vc_row][vc_row row_content_width=&#8221;grid&#8221;][vc_column][vc_empty_space height=&#8221;200px&#8221;][\/vc_column][\/vc_row][vc_row row_content_width=&#8221;grid&#8221;][vc_column width=&#8221;2\/3&#8243; el_id=&#8221;wheretofindussalonwalgaesschen&#8221;][vc_column_text]<\/p>\n<h2 class=\"p1\">where to<br \/>\nfind us<\/h2>\n<p>[\/vc_column_text][\/vc_column][vc_column width=&#8221;1\/3&#8243; el_class=&#8221;align_right&#8221;][vc_empty_space height=&#8221;7em&#8221; el_class=&#8221;only_desktop&#8221;]<a itemprop=\"url\" href=\"http:\/\/en\/\/salons\/\" target=\"_self\"  class=\"edgtf-btn edgtf-btn-medium edgtf-btn-outline\"  >\n            <span class=\"edgtf-btn-text\">ALL SALONS<\/span>\n            <\/a>[vc_empty_space height=&#8221;3em&#8221; el_class=&#8221;only_mobile&#8221;][\/vc_column][\/vc_row][vc_row row_content_width=&#8221;grid&#8221; el_class=&#8221;contact_row&#8221;][vc_column width=&#8221;1\/2&#8243; offset=&#8221;vc_col-lg-3 vc_col-md-4 vc_col-xs-12&#8243;][vc_column_text css=&#8221;&#8221;]<span style=\"color: #000000;\">Toni Areal \/ near Zurich University of Art<br \/>\nF\u00f6rrlibuckstra\u00dfe 72<br \/>\n<\/span><span style=\"color: #000000;\">8005 Zurich<\/span>[\/vc_column_text][\/vc_column][vc_column width=&#8221;1\/2&#8243; offset=&#8221;vc_col-lg-3 vc_col-md-4 vc_col-xs-12&#8243; el_class=&#8221;middle&#8221;][vc_column_text css=&#8221;&#8221;]<span style=\"color: #000000;\"><a style=\"color: #000000;\" href=\"tel:+41435432200\">+41 43 543 22 00<\/a><\/span><\/p>\n<p><span style=\"color: #000000;\"><u><a style=\"color: #000000;\" href=\"mailto:info@7sensehairsalon.ch\">info@7sensehairsalon.ch<\/a><\/u><\/span>[\/vc_column_text][\/vc_column][vc_column width=&#8221;1\/2&#8243; offset=&#8221;vc_col-lg-3 vc_col-md-4 vc_col-xs-12&#8243;][vc_column_text css=&#8221;&#8221;]<\/p>\n<table width=\"100%\">\n<tbody>\n<tr>\n<td>Monday<\/td>\n<td>geschlossen<\/td>\n<\/tr>\n<tr>\n<td>Tuesday<\/td>\n<td>10am to 8pm<\/td>\n<\/tr>\n<tr>\n<td>Wednesday<\/td>\n<td>10am to 8pm<\/td>\n<\/tr>\n<tr>\n<td>Thursday<\/td>\n<td>10am to 8pm<\/td>\n<\/tr>\n<tr>\n<td>Friday<\/td>\n<td>10am to 8pm<\/td>\n<\/tr>\n<tr>\n<td>Saturday<\/td>\n<td>9am to 4pm<\/td>\n<\/tr>\n<\/tbody>\n<\/table>\n<p>[\/vc_column_text][\/vc_column][vc_column width=&#8221;1\/2&#8243; offset=&#8221;vc_col-lg-3 vc_col-md-4 vc_col-xs-12&#8243; el_class=&#8221;last&#8221;][vc_column_text css=&#8221;&#8221;]<a href=\"https:\/\/share.google\/PME94HoNjGMlevu5f\">Google Maps<\/a><a href=\"https:\/\/www.instagram.com\/houseoforgaenic.dubai\/\" target=\"_blank\" rel=\"noopener noreferrer\"><br \/>\nInstagram<\/a><br \/>\n<a href=\"\/\/www.facebook.com\/ORG\u00c6NIC-Salon-2149421988611883\" target=\"_blank\" rel=\"noopener noreferrer\">Facebook<\/a><br \/>\n<a href=\"\/\/www.youtube.com\/channel\/UCmi_AyfCvFHDGMmvAgi5ifg\/videos?view_as=public\" target=\"_blank\" rel=\"noopener noreferrer\">YouTube<\/a>[\/vc_column_text][\/vc_column][\/vc_row][vc_row][vc_column][vc_empty_space height=&#8221;40px&#8221;][\/vc_column][\/vc_row]<\/p>\n<\/div>","protected":false},"excerpt":{"rendered":"<p>[vc_row css=&#8221;.vc_custom_1527843088963{padding-top: 0px !important;padding-bottom: 0px !important;}&#8221; el_id=&#8221;edgtf-main-rev-holder&#8221;][vc_column][\/vc_column][\/vc_row][vc_row row_content_width=&#8221;grid&#8221; css=&#8221;.vc_custom_1547221588958{padding-bottom: 0px !important;}&#8221; simple_background_color=&#8221;#ffffff&#8221;][vc_column offset=&#8221;vc_col-lg-8 vc_col-md-12&#8243;][vc_column_text css=&#8221;&#8221;] HOUSE OF ORG\u00c6NIC ZURICH [\/vc_column_text][\/vc_column][\/vc_row][vc_row row_content_width=&#8221;grid&#8221;][vc_column][vc_empty_space height=&#8221;60px&#8221;][\/vc_column][\/vc_row][vc_row row_content_width=&#8221;grid&#8221; css=&#8221;.vc_custom_1546535211428{padding-bottom: 0px !important;}&#8221; simple_background_color=&#8221;#ffffff&#8221;][vc_column width=&#8221;1\/6&#8243;][\/vc_column][vc_column width=&#8221;2\/4&#8243;][vc_column_text css=&#8221;&#8221;]Since October 1st,2025, the salon 7 Sense in Zurich carries the signature of ORG\u00c6NIC Lifestyle. Franziska Giannotta enriches the existing salon team with her ORG\u00c6NIC expertise. She will accompany the development [&hellip;]<\/p>\n","protected":false},"author":7,"featured_media":0,"parent":6597,"menu_order":0,"comment_status":"closed","ping_status":"closed","template":"full-width.php","meta":{"footnotes":""},"class_list":["post-74531","page","type-page","status-publish","hentry"],"_links":{"self":[{"href":"https:\/\/orgaeniclife.style\/en\/wp-json\/wp\/v2\/pages\/74531","targetHints":{"allow":["GET"]}}],"collection":[{"href":"https:\/\/orgaeniclife.style\/en\/wp-json\/wp\/v2\/pages"}],"about":[{"href":"https:\/\/orgaeniclife.style\/en\/wp-json\/wp\/v2\/types\/page"}],"author":[{"embeddable":true,"href":"https:\/\/orgaeniclife.style\/en\/wp-json\/wp\/v2\/users\/7"}],"replies":[{"embeddable":true,"href":"https:\/\/orgaeniclife.style\/en\/wp-json\/wp\/v2\/comments?post=74531"}],"version-history":[{"count":7,"href":"https:\/\/orgaeniclife.style\/en\/wp-json\/wp\/v2\/pages\/74531\/revisions"}],"predecessor-version":[{"id":74736,"href":"https:\/\/orgaeniclife.style\/en\/wp-json\/wp\/v2\/pages\/74531\/revisions\/74736"}],"up":[{"embeddable":true,"href":"https:\/\/orgaeniclife.style\/en\/wp-json\/wp\/v2\/pages\/6597"}],"wp:attachment":[{"href":"https:\/\/orgaeniclife.style\/en\/wp-json\/wp\/v2\/media?parent=74531"}],"curies":[{"name":"wp","href":"https:\/\/api.w.org\/{rel}","templated":true}]}}