{"id":6482,"date":"2019-06-18T15:06:33","date_gmt":"2019-06-18T13:06:33","guid":{"rendered":"https:\/\/orgaeniclife.style\/brands\/"},"modified":"2022-07-20T15:39:25","modified_gmt":"2022-07-20T13:39:25","slug":"brands","status":"publish","type":"page","link":"https:\/\/orgaeniclife.style\/en\/brands","title":{"rendered":"Brands"},"content":{"rendered":"<div class=\"wpb-content-wrapper\"><p>[vc_row][vc_column][vc_raw_html]JTNDZGl2JTIwY2xhc3MlM0QlMjJ5b3V0dWJlJTIyJTNFJTNDaWZyYW1lJTIwc3JjJTNEJTIyJTJGJTJGd3d3LnlvdXR1YmUuY29tJTJGZW1iZWQlMkZTNnl6NjFORmVjcyUyMndpZHRoJTNEJTIyNTYwJTIyJTIwaGVpZ2h0JTNEJTIyMzE1JTIyJTIwZnJhbWVib3JkZXIlM0QlMjIwJTIyJTIwYWxsb3dmdWxsc2NyZWVuJTNEJTIyYWxsb3dmdWxsc2NyZWVuJTIyJTNFJTNDJTJGaWZyYW1lJTNFJTNDJTJGZGl2JTNF[\/vc_raw_html][\/vc_column][\/vc_row][vc_row row_content_width=&#8221;grid&#8221; custom_cursor_color=&#8221;invert&#8221; css=&#8221;.vc_custom_1547135736077{padding-bottom: 0px !important;}&#8221; el_class=&#8221;black&#8221; simple_background_color=&#8221;#000000&#8243;][vc_column][vc_empty_space height=&#8221;40px&#8221;][vc_row_inner][vc_column_inner][vc_column_text]<\/p>\n<h2 class=\"no_margin_bottom\">say hi to our<br \/>\norg\u00e6nic brand family<\/h2>\n<p>[\/vc_column_text][\/vc_column_inner][\/vc_row_inner][vc_row_inner][vc_column_inner width=&#8221;7\/12&#8243; css=&#8221;.vc_custom_1548428811044{background-color: #000000 !important;}&#8221;][vc_column_text]Sharing our experiences and lifestyle is a matter of course for us. To ensure higher quality and greater appreciation of the hairdressing profession in Europe. Our futuristic products and services are made by hairdressers for hairdressers \u2013 exclusively and without compromise. We and our partners offer hairdressing clients a genuine, faithful craft with ORG\u00c6NIC Haircutting, ORG\u00c6NIC Haircoloring, our own ORG\u00c6NIC Lifestyle Haircare range and the luxury EIGHT WEEKS brand!<br \/>\n[\/vc_column_text][vc_empty_space height=&#8221;40px&#8221;][vc_single_image image=&#8221;3435&#8243; img_size=&#8221;full&#8221; css_animation=&#8221;fadeInUp&#8221;][vc_empty_space height=&#8221;40px&#8221;][vc_column_text]Find a salon near you that offers ORG\u00c6NIC<br \/>\nservices and\/or products.[\/vc_column_text][vc_empty_space height=&#8221;40px&#8221;]<a itemprop=\"url\" href=\"\/\/orgaeniclife.style\/en\/brands\/salon-search\" target=\"_self\"  class=\"edgtf-btn edgtf-btn-medium edgtf-btn-outline\"  >\n            <span class=\"edgtf-btn-text\">SALON SEARCH<\/span>\n            <\/a>[\/vc_column_inner][vc_column_inner width=&#8221;5\/12&#8243; css=&#8221;.vc_custom_1548428824331{background-color: #000000 !important;}&#8221;][vc_empty_space height=&#8221;20px&#8221;][vc_single_image image=&#8221;57148&#8243; img_size=&#8221;full&#8221; css_animation=&#8221;fadeInRight&#8221; el_class=&#8221;margin_left_negative&#8221;][\/vc_column_inner][\/vc_row_inner][vc_empty_space height=&#8221;80px&#8221;][\/vc_column][\/vc_row][vc_row row_content_width=&#8221;grid&#8221; css=&#8221;.vc_custom_1547129888632{padding-top: 135px !important;padding-bottom: 104px !important;}&#8221; el_class=&#8221;full_width&#8221;][vc_column offset=&#8221;vc_col-lg-12 vc_col-md-12&#8243;]<div class=\"edgtf-elements-holder   edgtf-one-column  edgtf-responsive-mode-768 \" ><div class=\"edgtf-eh-item    \"  data-item-class=\"edgtf-eh-custom-8535\" data-1367-1600=\"0 35% 0 0\" data-1025-1366=\"0 35% 0 0\" data-769-1024=\"0 23% 0 0\" data-681-768=\"0 0 0 0\" data-680=\"0 15px\">\n    <div class=\"edgtf-eh-item-inner\">\n        <div class=\"edgtf-eh-item-content edgtf-eh-custom-8535\" style=\"padding: 0 35% 0 0\">\n            <div class=\"edgtf-testimonials-holder clearfix \">\n    <div class=\"edgtf-testimonials edgtf-owl-slider\" data-number-of-items=\"1\" data-enable-loop=\"yes\" data-enable-autoplay=\"yes\" data-slider-speed=\"5000\" data-slider-speed-animation=\"600\" data-enable-navigation=\"no\" data-enable-pagination=\"yes\">\n\n        \n                <div class=\"edgtf-testimonial-content\" id=\"edgtf-testimonials-6560\">\n\n                                            <h2 class=\"edgtf-testimonial-text\">The ability to examine very closely, notice and perceive things, and view every person as someone unique is the basis of the organic philosophy.<\/h2>\n                                                                <p class=\"edgtf-testimonial-author\">\n                            Thomas Brockmann-Kn\u00f6dler                        <\/p>\n                                    <\/div>\n\n            \n    <\/div>\n<\/div>        <\/div>\n    <\/div>\n<\/div><\/div>[\/vc_column][\/vc_row][vc_row][vc_column]<div class=\"edgtf-image-gallery  edgtf-ig-slider-type edgtf-three-columns edgtf-large-space  edgtf-image-behavior-custom-link\">\n    <div class=\"edgtf-ig-slider edgtf-owl-slider\" data-number-of-items=\"1\" data-enable-loop=\"yes\" data-enable-autoplay=\"yes\" data-slider-speed=\"5000\" data-slider-speed-animation=\"600\" data-slider-padding=\"yes\" data-enable-navigation=\"yes\" data-enable-pagination=\"no\">\n                    <div class=\"edgtf-ig-image\">\n                                    <a itemprop=\"url\" class=\"edgtf-ig-custom-link edgtf-block-drag-link\" href=\"\/en\/brands\/orgaenic-lifestyle-haircare\" target=\"_self\" title=\"Orgaenic_Lifestyle-Haircare_1920x1242\">\n                                                <img decoding=\"async\" width=\"1920\" height=\"1242\" data-src=\"https:\/\/orgaeniclife.style\/wp-content\/uploads\/2019\/05\/Orgaenic_Lifestyle-Haircare_1920x1242-1.jpg\" class=\"attachment-full size-full lazyload\" alt=\"\" data-srcset=\"https:\/\/orgaeniclife.style\/wp-content\/uploads\/2019\/05\/Orgaenic_Lifestyle-Haircare_1920x1242-1.jpg 1920w, https:\/\/orgaeniclife.style\/wp-content\/uploads\/2019\/05\/Orgaenic_Lifestyle-Haircare_1920x1242-1-300x194.jpg 300w, https:\/\/orgaeniclife.style\/wp-content\/uploads\/2019\/05\/Orgaenic_Lifestyle-Haircare_1920x1242-1-768x497.jpg 768w, https:\/\/orgaeniclife.style\/wp-content\/uploads\/2019\/05\/Orgaenic_Lifestyle-Haircare_1920x1242-1-1024x662.jpg 1024w, https:\/\/orgaeniclife.style\/wp-content\/uploads\/2019\/05\/Orgaenic_Lifestyle-Haircare_1920x1242-1-600x388.jpg 600w\" data-sizes=\"auto\" src=\"data:image\/svg+xml;base64,PHN2ZyB3aWR0aD0iMSIgaGVpZ2h0PSIxIiB4bWxucz0iaHR0cDovL3d3dy53My5vcmcvMjAwMC9zdmciPjwvc3ZnPg==\" style=\"--smush-placeholder-width: 1920px; --smush-placeholder-aspect-ratio: 1920\/1242;\" data-original-sizes=\"(max-width: 1920px) 100vw, 1920px\" \/>                                            <\/a>\n                            <\/div>\n                    <div class=\"edgtf-ig-image\">\n                                    <a itemprop=\"url\" class=\"edgtf-ig-custom-link edgtf-block-drag-link\" href=\"\/en\/brands\/eight-weeks\" target=\"_self\" title=\"eight_weeks\">\n                                                <img decoding=\"async\" width=\"1920\" height=\"1245\" data-src=\"https:\/\/orgaeniclife.style\/wp-content\/uploads\/2019\/01\/eight_weeks.jpg\" class=\"attachment-full size-full lazyload\" alt=\"Product Eight Weeks\" data-srcset=\"https:\/\/orgaeniclife.style\/wp-content\/uploads\/2019\/01\/eight_weeks.jpg 1920w, https:\/\/orgaeniclife.style\/wp-content\/uploads\/2019\/01\/eight_weeks-300x195.jpg 300w, https:\/\/orgaeniclife.style\/wp-content\/uploads\/2019\/01\/eight_weeks-768x498.jpg 768w, https:\/\/orgaeniclife.style\/wp-content\/uploads\/2019\/01\/eight_weeks-1024x664.jpg 1024w, https:\/\/orgaeniclife.style\/wp-content\/uploads\/2019\/01\/eight_weeks-600x389.jpg 600w\" data-sizes=\"auto\" src=\"data:image\/svg+xml;base64,PHN2ZyB3aWR0aD0iMSIgaGVpZ2h0PSIxIiB4bWxucz0iaHR0cDovL3d3dy53My5vcmcvMjAwMC9zdmciPjwvc3ZnPg==\" style=\"--smush-placeholder-width: 1920px; --smush-placeholder-aspect-ratio: 1920\/1245;\" data-original-sizes=\"(max-width: 1920px) 100vw, 1920px\" \/>                                            <\/a>\n                            <\/div>\n                    <div class=\"edgtf-ig-image\">\n                                    <a itemprop=\"url\" class=\"edgtf-ig-custom-link edgtf-block-drag-link\" href=\"\/en\/brands\/orgaenic-haircutting\" target=\"_self\" title=\"Orgaenic_Haircutting_1920x1242\">\n                                                <img decoding=\"async\" width=\"1920\" height=\"1242\" data-src=\"https:\/\/orgaeniclife.style\/wp-content\/uploads\/2019\/05\/Orgaenic_Haircutting_1920x1242.jpg\" class=\"attachment-full size-full lazyload\" alt=\"\" data-srcset=\"https:\/\/orgaeniclife.style\/wp-content\/uploads\/2019\/05\/Orgaenic_Haircutting_1920x1242.jpg 1920w, https:\/\/orgaeniclife.style\/wp-content\/uploads\/2019\/05\/Orgaenic_Haircutting_1920x1242-300x194.jpg 300w, https:\/\/orgaeniclife.style\/wp-content\/uploads\/2019\/05\/Orgaenic_Haircutting_1920x1242-768x497.jpg 768w, https:\/\/orgaeniclife.style\/wp-content\/uploads\/2019\/05\/Orgaenic_Haircutting_1920x1242-1024x662.jpg 1024w, https:\/\/orgaeniclife.style\/wp-content\/uploads\/2019\/05\/Orgaenic_Haircutting_1920x1242-600x388.jpg 600w\" data-sizes=\"auto\" src=\"data:image\/svg+xml;base64,PHN2ZyB3aWR0aD0iMSIgaGVpZ2h0PSIxIiB4bWxucz0iaHR0cDovL3d3dy53My5vcmcvMjAwMC9zdmciPjwvc3ZnPg==\" style=\"--smush-placeholder-width: 1920px; --smush-placeholder-aspect-ratio: 1920\/1242;\" data-original-sizes=\"(max-width: 1920px) 100vw, 1920px\" \/>                                            <\/a>\n                            <\/div>\n                    <div class=\"edgtf-ig-image\">\n                                    <a itemprop=\"url\" class=\"edgtf-ig-custom-link edgtf-block-drag-link\" href=\"\/en\/brands\/orgaenic-haircoloring\" target=\"_self\" title=\"Orgaenic_Haircoloring_1920x1242\">\n                                                <img decoding=\"async\" width=\"1920\" height=\"1242\" data-src=\"https:\/\/orgaeniclife.style\/wp-content\/uploads\/2019\/05\/Orgaenic_Haircoloring_1920x1242.jpg\" class=\"attachment-full size-full lazyload\" alt=\"\" data-srcset=\"https:\/\/orgaeniclife.style\/wp-content\/uploads\/2019\/05\/Orgaenic_Haircoloring_1920x1242.jpg 1920w, https:\/\/orgaeniclife.style\/wp-content\/uploads\/2019\/05\/Orgaenic_Haircoloring_1920x1242-300x194.jpg 300w, https:\/\/orgaeniclife.style\/wp-content\/uploads\/2019\/05\/Orgaenic_Haircoloring_1920x1242-768x497.jpg 768w, https:\/\/orgaeniclife.style\/wp-content\/uploads\/2019\/05\/Orgaenic_Haircoloring_1920x1242-1024x662.jpg 1024w, https:\/\/orgaeniclife.style\/wp-content\/uploads\/2019\/05\/Orgaenic_Haircoloring_1920x1242-600x388.jpg 600w\" data-sizes=\"auto\" src=\"data:image\/svg+xml;base64,PHN2ZyB3aWR0aD0iMSIgaGVpZ2h0PSIxIiB4bWxucz0iaHR0cDovL3d3dy53My5vcmcvMjAwMC9zdmciPjwvc3ZnPg==\" style=\"--smush-placeholder-width: 1920px; --smush-placeholder-aspect-ratio: 1920\/1242;\" data-original-sizes=\"(max-width: 1920px) 100vw, 1920px\" \/>                                            <\/a>\n                            <\/div>\n            <\/div>\n<\/div>[vc_empty_space height=&#8221;180px&#8221;][\/vc_column][\/vc_row][vc_row row_content_width=&#8221;grid&#8221;][vc_column width=&#8221;1\/3&#8243;]<div class=\"edgtf-image-with-text-holder    edgtf-image-behavior-custom-link\">\n    <div class=\"edgtf-iwt-image\">\n                    <a itemprop=\"url\" href=\"\/en\/corporate-culture\/\" target=\"_self\">\n                                                    <img decoding=\"async\" width=\"1114\" height=\"746\" data-src=\"https:\/\/orgaeniclife.style\/wp-content\/uploads\/2019\/09\/corporate-culture_1114x746.jpg\" class=\"attachment-full size-full lazyload\" alt=\"\" data-srcset=\"https:\/\/orgaeniclife.style\/wp-content\/uploads\/2019\/09\/corporate-culture_1114x746.jpg 1114w, https:\/\/orgaeniclife.style\/wp-content\/uploads\/2019\/09\/corporate-culture_1114x746-300x201.jpg 300w, https:\/\/orgaeniclife.style\/wp-content\/uploads\/2019\/09\/corporate-culture_1114x746-768x514.jpg 768w, https:\/\/orgaeniclife.style\/wp-content\/uploads\/2019\/09\/corporate-culture_1114x746-1024x686.jpg 1024w, https:\/\/orgaeniclife.style\/wp-content\/uploads\/2019\/09\/corporate-culture_1114x746-600x402.jpg 600w\" data-sizes=\"auto\" src=\"data:image\/svg+xml;base64,PHN2ZyB3aWR0aD0iMSIgaGVpZ2h0PSIxIiB4bWxucz0iaHR0cDovL3d3dy53My5vcmcvMjAwMC9zdmciPjwvc3ZnPg==\" style=\"--smush-placeholder-width: 1114px; --smush-placeholder-aspect-ratio: 1114\/746;\" data-original-sizes=\"(max-width: 1114px) 100vw, 1114px\" \/>                                            <\/a>\n            <\/div>\n    <div class=\"edgtf-iwt-text-holder\">\n                <div class=\"edgtf-iwt-title-wrapper\">\n            <h4 class=\"edgtf-iwt-title\" >CORPORATE CULTURE<\/h4>\n    <\/div>\n                <div class=\"edgtf-iwt-text-wrapper\">\n            <p class=\"edgtf-iwt-text\" >We\u2019re convinced that lifelong learning is valuable to every business and person.<\/p>\n        <\/div>\n    <\/div>\n<\/div>[vc_column_text el_class=&#8221;padding_text&#8221;]<a href=\"https:\/\/orgaeniclife.style\/en\/corporate-culture\/\">Read more<\/a>[\/vc_column_text][vc_empty_space el_class=&#8221;only_mobile&#8221;][\/vc_column][vc_column width=&#8221;1\/3&#8243;]<div class=\"edgtf-image-with-text-holder    edgtf-image-behavior-custom-link\">\n    <div class=\"edgtf-iwt-image\">\n                    <a itemprop=\"url\" href=\"\/en\/salons\" target=\"_self\">\n                                                    <img decoding=\"async\" width=\"1114\" height=\"746\" data-src=\"https:\/\/orgaeniclife.style\/wp-content\/uploads\/2019\/03\/read_more_ourSalons_1114x746.jpg\" class=\"attachment-full size-full lazyload\" alt=\"Org\u00e6nic Salon Dresden\" data-srcset=\"https:\/\/orgaeniclife.style\/wp-content\/uploads\/2019\/03\/read_more_ourSalons_1114x746.jpg 1114w, https:\/\/orgaeniclife.style\/wp-content\/uploads\/2019\/03\/read_more_ourSalons_1114x746-300x201.jpg 300w, https:\/\/orgaeniclife.style\/wp-content\/uploads\/2019\/03\/read_more_ourSalons_1114x746-768x514.jpg 768w, https:\/\/orgaeniclife.style\/wp-content\/uploads\/2019\/03\/read_more_ourSalons_1114x746-1024x686.jpg 1024w, https:\/\/orgaeniclife.style\/wp-content\/uploads\/2019\/03\/read_more_ourSalons_1114x746-600x402.jpg 600w\" data-sizes=\"auto\" src=\"data:image\/svg+xml;base64,PHN2ZyB3aWR0aD0iMSIgaGVpZ2h0PSIxIiB4bWxucz0iaHR0cDovL3d3dy53My5vcmcvMjAwMC9zdmciPjwvc3ZnPg==\" style=\"--smush-placeholder-width: 1114px; --smush-placeholder-aspect-ratio: 1114\/746;\" data-original-sizes=\"(max-width: 1114px) 100vw, 1114px\" \/>                                            <\/a>\n            <\/div>\n    <div class=\"edgtf-iwt-text-holder\">\n                <div class=\"edgtf-iwt-title-wrapper\">\n            <h4 class=\"edgtf-iwt-title\" >ORG\u00c6NIC Salons<\/h4>\n    <\/div>\n                <div class=\"edgtf-iwt-text-wrapper\">\n            <p class=\"edgtf-iwt-text\" >Want to book an appointment at one of our ORG\u00c6NIC salons in Dresden, Zwickau or Chemnitz, or learn more about us? Then click here.<\/p>\n        <\/div>\n    <\/div>\n<\/div>[vc_column_text el_class=&#8221;padding_text&#8221;]<a href=\"\/\/orgaeniclife.style\/en\/salons\/\">Read more<\/a>[\/vc_column_text][vc_empty_space el_class=&#8221;only_mobile&#8221;][\/vc_column][vc_column width=&#8221;1\/3&#8243;]<div class=\"edgtf-image-with-text-holder    edgtf-image-behavior-custom-link\">\n    <div class=\"edgtf-iwt-image\">\n                    <a itemprop=\"url\" href=\"\/en\/academy\" target=\"_self\">\n                                                    <img decoding=\"async\" width=\"1114\" height=\"746\" data-src=\"https:\/\/orgaeniclife.style\/wp-content\/uploads\/2019\/03\/read_more_stories_1114x746.jpg\" class=\"attachment-full size-full lazyload\" alt=\"\" data-srcset=\"https:\/\/orgaeniclife.style\/wp-content\/uploads\/2019\/03\/read_more_stories_1114x746.jpg 1114w, https:\/\/orgaeniclife.style\/wp-content\/uploads\/2019\/03\/read_more_stories_1114x746-300x201.jpg 300w, https:\/\/orgaeniclife.style\/wp-content\/uploads\/2019\/03\/read_more_stories_1114x746-768x514.jpg 768w, https:\/\/orgaeniclife.style\/wp-content\/uploads\/2019\/03\/read_more_stories_1114x746-1024x686.jpg 1024w, https:\/\/orgaeniclife.style\/wp-content\/uploads\/2019\/03\/read_more_stories_1114x746-600x402.jpg 600w\" data-sizes=\"auto\" src=\"data:image\/svg+xml;base64,PHN2ZyB3aWR0aD0iMSIgaGVpZ2h0PSIxIiB4bWxucz0iaHR0cDovL3d3dy53My5vcmcvMjAwMC9zdmciPjwvc3ZnPg==\" style=\"--smush-placeholder-width: 1114px; --smush-placeholder-aspect-ratio: 1114\/746;\" data-original-sizes=\"(max-width: 1114px) 100vw, 1114px\" \/>                                            <\/a>\n            <\/div>\n    <div class=\"edgtf-iwt-text-holder\">\n                <div class=\"edgtf-iwt-title-wrapper\">\n            <h4 class=\"edgtf-iwt-title\" >ORG\u00c6NIC Academy<\/h4>\n    <\/div>\n                <div class=\"edgtf-iwt-text-wrapper\">\n            <p class=\"edgtf-iwt-text\" >We want to shift more focus back onto skilled work, creative freedom and individuality. Are you a hairdresser who wants to get involved?<\/p>\n        <\/div>\n    <\/div>\n<\/div>[vc_column_text el_class=&#8221;padding_text&#8221;]<a href=\"\/\/orgaeniclife.style\/en\/academy\">Read more<\/a>[\/vc_column_text][vc_empty_space el_class=&#8221;only_mobile&#8221;][\/vc_column][\/vc_row]<\/p>\n<\/div>","protected":false},"excerpt":{"rendered":"<p>[vc_row][vc_column][vc_raw_html]JTNDZGl2JTIwY2xhc3MlM0QlMjJ5b3V0dWJlJTIyJTNFJTNDaWZyYW1lJTIwc3JjJTNEJTIyJTJGJTJGd3d3LnlvdXR1YmUuY29tJTJGZW1iZWQlMkZTNnl6NjFORmVjcyUyMndpZHRoJTNEJTIyNTYwJTIyJTIwaGVpZ2h0JTNEJTIyMzE1JTIyJTIwZnJhbWVib3JkZXIlM0QlMjIwJTIyJTIwYWxsb3dmdWxsc2NyZWVuJTNEJTIyYWxsb3dmdWxsc2NyZWVuJTIyJTNFJTNDJTJGaWZyYW1lJTNFJTNDJTJGZGl2JTNF[\/vc_raw_html][\/vc_column][\/vc_row][vc_row row_content_width=&#8221;grid&#8221; custom_cursor_color=&#8221;invert&#8221; css=&#8221;.vc_custom_1547135736077{padding-bottom: 0px !important;}&#8221; el_class=&#8221;black&#8221; simple_background_color=&#8221;#000000&#8243;][vc_column][vc_empty_space height=&#8221;40px&#8221;][vc_row_inner][vc_column_inner][vc_column_text] say hi to our org\u00e6nic brand family [\/vc_column_text][\/vc_column_inner][\/vc_row_inner][vc_row_inner][vc_column_inner width=&#8221;7\/12&#8243; css=&#8221;.vc_custom_1548428811044{background-color: #000000 !important;}&#8221;][vc_column_text]Sharing our experiences and lifestyle is a matter of course for us. To ensure higher quality and greater appreciation of the hairdressing profession in Europe. Our futuristic products and services are made by hairdressers for hairdressers \u2013 exclusively and without [&hellip;]<\/p>\n","protected":false},"author":1,"featured_media":0,"parent":0,"menu_order":0,"comment_status":"closed","ping_status":"closed","template":"full-width.php","meta":{"footnotes":""},"class_list":["post-6482","page","type-page","status-publish","hentry"],"_links":{"self":[{"href":"https:\/\/orgaeniclife.style\/en\/wp-json\/wp\/v2\/pages\/6482","targetHints":{"allow":["GET"]}}],"collection":[{"href":"https:\/\/orgaeniclife.style\/en\/wp-json\/wp\/v2\/pages"}],"about":[{"href":"https:\/\/orgaeniclife.style\/en\/wp-json\/wp\/v2\/types\/page"}],"author":[{"embeddable":true,"href":"https:\/\/orgaeniclife.style\/en\/wp-json\/wp\/v2\/users\/1"}],"replies":[{"embeddable":true,"href":"https:\/\/orgaeniclife.style\/en\/wp-json\/wp\/v2\/comments?post=6482"}],"version-history":[{"count":0,"href":"https:\/\/orgaeniclife.style\/en\/wp-json\/wp\/v2\/pages\/6482\/revisions"}],"wp:attachment":[{"href":"https:\/\/orgaeniclife.style\/en\/wp-json\/wp\/v2\/media?parent=6482"}],"curies":[{"name":"wp","href":"https:\/\/api.w.org\/{rel}","templated":true}]}}