{"id":62089,"date":"2023-08-10T14:02:34","date_gmt":"2023-08-10T12:02:34","guid":{"rendered":"https:\/\/orgaeniclife.style\/?page_id=62089"},"modified":"2025-06-24T15:29:56","modified_gmt":"2025-06-24T13:29:56","slug":"services","status":"publish","type":"page","link":"https:\/\/orgaeniclife.style\/en\/services","title":{"rendered":"Services"},"content":{"rendered":"<div class=\"wpb-content-wrapper\"><p>[vc_row el_id=&#8221;edgtf-main-rev-holder&#8221;][vc_column][vc_single_image image=&#8221;72888&#8243; img_size=&#8221;full&#8221; alignment=&#8221;center&#8221; css_animation=&#8221;fadeIn&#8221; css=&#8221;&#8221;][\/vc_column][\/vc_row][vc_row row_content_width=&#8221;grid&#8221; css=&#8221;.vc_custom_1547129888632{padding-top: 135px !important;padding-bottom: 104px !important;}&#8221; el_class=&#8221;full_width&#8221;][vc_column offset=&#8221;vc_col-lg-12 vc_col-md-12&#8243;]<div class=\"edgtf-elements-holder   edgtf-one-column  edgtf-responsive-mode-768 \" ><div class=\"edgtf-eh-item    \"  data-item-class=\"edgtf-eh-custom-9625\" data-1367-1600=\"0 35% 0 0\" data-1025-1366=\"0 35% 0 0\" data-769-1024=\"0 23% 0 0\" data-681-768=\"0 0 0 0\" data-680=\"0 15px\">\n    <div class=\"edgtf-eh-item-inner\">\n        <div class=\"edgtf-eh-item-content edgtf-eh-custom-9625\" style=\"padding: 0 35% 0 0\">\n            <div class=\"edgtf-testimonials-holder clearfix \">\n    <div class=\"edgtf-testimonials edgtf-owl-slider\" data-number-of-items=\"1\" data-enable-loop=\"yes\" data-enable-autoplay=\"yes\" data-slider-speed=\"5000\" data-slider-speed-animation=\"600\" data-enable-navigation=\"no\" data-enable-pagination=\"yes\">\n\n        \n                <div class=\"edgtf-testimonial-content\" id=\"edgtf-testimonials-62806\">\n\n                                            <h2 class=\"edgtf-testimonial-text\">Actually, it is very simple<\/h2>\n                                                        <\/div>\n\n            \n    <\/div>\n<\/div>        <\/div>\n    <\/div>\n<\/div><\/div>[\/vc_column][\/vc_row][vc_row row_content_width=&#8221;grid&#8221;][vc_column][vc_row_inner][vc_column_inner width=&#8221;6\/12&#8243;][vc_column_text]Our success depends on liberated hair. Because it\u2019s the next best thing to virgin hair. Without there can be neither Haircut nor Haircolor. And no sustainability. ORG\u00c6NIC Lifestyle is the unity of <strong>ORG\u00c6NIC Haircare Treatments<\/strong>, <strong>ORG\u00c6NIC Haircoloring<\/strong> and <strong>ORG\u00c6NIC Haircutting<\/strong>.[\/vc_column_text][\/vc_column_inner][vc_column_inner width=&#8221;1\/12&#8243;][\/vc_column_inner][vc_column_inner width=&#8221;5\/12&#8243;][vc_column_text]The result of deep knowledge and understanding of natural sustainability in any hair. Our haircare products, patented haircutting technology and haircoloring techniques are made to unleash and to keep it. Evolving endlessly in a symbiotic circle.<br \/>\nSo you stay fresh \u2013 we don\u2019t need to start afresh.[\/vc_column_text][\/vc_column_inner][\/vc_row_inner][\/vc_column][\/vc_row][vc_row row_content_width=&#8221;grid&#8221;][vc_column][vc_empty_space height=&#8221;100px&#8221;]<div class=\"edgtf-single-image-holder   edgtf-image-behavior-custom-link\">\n    <div class=\"edgtf-si-inner\" >\n                    <a itemprop=\"url\" href=\"https:\/\/orgaeniclife.style\/en\/services\/orgaenic-haircare-treatments\" target=\"_self\">\n                                                    <img decoding=\"async\" width=\"1600\" height=\"1038\" data-src=\"https:\/\/orgaeniclife.style\/wp-content\/uploads\/2023\/08\/Services_HaircareTreatments-1-2-scaled.jpg\" class=\"attachment-full size-full lazyload\" alt=\"\" data-srcset=\"https:\/\/orgaeniclife.style\/wp-content\/uploads\/2023\/08\/Services_HaircareTreatments-1-2-scaled.jpg 1600w, https:\/\/orgaeniclife.style\/wp-content\/uploads\/2023\/08\/Services_HaircareTreatments-1-2-300x195.jpg 300w, https:\/\/orgaeniclife.style\/wp-content\/uploads\/2023\/08\/Services_HaircareTreatments-1-2-1024x664.jpg 1024w, https:\/\/orgaeniclife.style\/wp-content\/uploads\/2023\/08\/Services_HaircareTreatments-1-2-768x498.jpg 768w, https:\/\/orgaeniclife.style\/wp-content\/uploads\/2023\/08\/Services_HaircareTreatments-1-2-1536x996.jpg 1536w, https:\/\/orgaeniclife.style\/wp-content\/uploads\/2023\/08\/Services_HaircareTreatments-1-2-600x389.jpg 600w\" data-sizes=\"auto\" src=\"data:image\/svg+xml;base64,PHN2ZyB3aWR0aD0iMSIgaGVpZ2h0PSIxIiB4bWxucz0iaHR0cDovL3d3dy53My5vcmcvMjAwMC9zdmciPjwvc3ZnPg==\" style=\"--smush-placeholder-width: 1600px; --smush-placeholder-aspect-ratio: 1600\/1038;\" data-original-sizes=\"(max-width: 1600px) 100vw, 1600px\" \/>                                            <\/a>\n            <\/div>\n<\/div>[\/vc_column][\/vc_row][vc_row row_content_width=&#8221;grid&#8221;][vc_column][vc_empty_space height=&#8221;30px&#8221;]<div class=\"edgtf-single-image-holder   edgtf-image-behavior-custom-link\">\n    <div class=\"edgtf-si-inner\" >\n                    <a itemprop=\"url\" href=\"https:\/\/orgaeniclife.style\/en\/services\/orgaenic-haircutting\" target=\"_self\">\n                                                    <img decoding=\"async\" width=\"1600\" height=\"1038\" data-src=\"https:\/\/orgaeniclife.style\/wp-content\/uploads\/2023\/08\/Services_Haircutting-2-scaled.jpg\" class=\"attachment-full size-full lazyload\" alt=\"\" data-srcset=\"https:\/\/orgaeniclife.style\/wp-content\/uploads\/2023\/08\/Services_Haircutting-2-scaled.jpg 1600w, https:\/\/orgaeniclife.style\/wp-content\/uploads\/2023\/08\/Services_Haircutting-2-300x195.jpg 300w, https:\/\/orgaeniclife.style\/wp-content\/uploads\/2023\/08\/Services_Haircutting-2-1024x664.jpg 1024w, https:\/\/orgaeniclife.style\/wp-content\/uploads\/2023\/08\/Services_Haircutting-2-768x498.jpg 768w, https:\/\/orgaeniclife.style\/wp-content\/uploads\/2023\/08\/Services_Haircutting-2-1536x996.jpg 1536w, https:\/\/orgaeniclife.style\/wp-content\/uploads\/2023\/08\/Services_Haircutting-2-600x389.jpg 600w\" data-sizes=\"auto\" src=\"data:image\/svg+xml;base64,PHN2ZyB3aWR0aD0iMSIgaGVpZ2h0PSIxIiB4bWxucz0iaHR0cDovL3d3dy53My5vcmcvMjAwMC9zdmciPjwvc3ZnPg==\" style=\"--smush-placeholder-width: 1600px; --smush-placeholder-aspect-ratio: 1600\/1038;\" data-original-sizes=\"(max-width: 1600px) 100vw, 1600px\" \/>                                            <\/a>\n            <\/div>\n<\/div>[\/vc_column][\/vc_row][vc_row row_content_width=&#8221;grid&#8221;][vc_column][vc_empty_space height=&#8221;30px&#8221;]<div class=\"edgtf-single-image-holder   edgtf-image-behavior-custom-link\">\n    <div class=\"edgtf-si-inner\" >\n                    <a itemprop=\"url\" href=\"https:\/\/orgaeniclife.style\/en\/services\/orgaenic-haircoloring\" target=\"_self\">\n                                                    <img decoding=\"async\" width=\"1600\" height=\"1038\" data-src=\"https:\/\/orgaeniclife.style\/wp-content\/uploads\/2023\/08\/Services_Haircoloring-2-scaled.jpg\" class=\"attachment-full size-full lazyload\" alt=\"\" data-srcset=\"https:\/\/orgaeniclife.style\/wp-content\/uploads\/2023\/08\/Services_Haircoloring-2-scaled.jpg 1600w, https:\/\/orgaeniclife.style\/wp-content\/uploads\/2023\/08\/Services_Haircoloring-2-300x195.jpg 300w, https:\/\/orgaeniclife.style\/wp-content\/uploads\/2023\/08\/Services_Haircoloring-2-1024x664.jpg 1024w, https:\/\/orgaeniclife.style\/wp-content\/uploads\/2023\/08\/Services_Haircoloring-2-768x498.jpg 768w, https:\/\/orgaeniclife.style\/wp-content\/uploads\/2023\/08\/Services_Haircoloring-2-1536x996.jpg 1536w, https:\/\/orgaeniclife.style\/wp-content\/uploads\/2023\/08\/Services_Haircoloring-2-600x389.jpg 600w\" data-sizes=\"auto\" src=\"data:image\/svg+xml;base64,PHN2ZyB3aWR0aD0iMSIgaGVpZ2h0PSIxIiB4bWxucz0iaHR0cDovL3d3dy53My5vcmcvMjAwMC9zdmciPjwvc3ZnPg==\" style=\"--smush-placeholder-width: 1600px; --smush-placeholder-aspect-ratio: 1600\/1038;\" data-original-sizes=\"(max-width: 1600px) 100vw, 1600px\" \/>                                            <\/a>\n            <\/div>\n<\/div>[vc_empty_space height=&#8221;50px&#8221;][\/vc_column][\/vc_row][vc_row row_content_width=&#8221;grid&#8221;][vc_column][vc_row_inner][vc_column_inner width=&#8221;1\/2&#8243;][\/vc_column_inner][vc_column_inner width=&#8221;1\/2&#8243;][vc_column_text]Find a salon near you that offers ORG\u00c6NIC services and\/ or products.[\/vc_column_text][vc_empty_space height=&#8221;40px&#8221;]<a itemprop=\"url\" href=\"\/en\/salons\/salon-search\" target=\"_self\"  class=\"edgtf-btn edgtf-btn-medium edgtf-btn-outline\"  >\n            <span class=\"edgtf-btn-text\">ORG\u00c6NIC Salon Finder<\/span>\n            <\/a>[\/vc_column_inner][\/vc_row_inner][vc_empty_space height=&#8221;200px&#8221;][\/vc_column][\/vc_row][vc_row row_content_width=&#8221;grid&#8221;][vc_column width=&#8221;1\/3&#8243;]<div class=\"edgtf-image-with-text-holder    edgtf-image-behavior-custom-link\">\n    <div class=\"edgtf-iwt-image\">\n                    <a itemprop=\"url\" href=\"\/en\/products\/\" target=\"_self\">\n                                                    <img decoding=\"async\" width=\"1114\" height=\"746\" data-src=\"https:\/\/orgaeniclife.style\/wp-content\/uploads\/2023\/07\/read_more_products_1114x746px.jpg\" class=\"attachment-full size-full lazyload\" alt=\"\" data-srcset=\"https:\/\/orgaeniclife.style\/wp-content\/uploads\/2023\/07\/read_more_products_1114x746px.jpg 1114w, https:\/\/orgaeniclife.style\/wp-content\/uploads\/2023\/07\/read_more_products_1114x746px-300x201.jpg 300w, https:\/\/orgaeniclife.style\/wp-content\/uploads\/2023\/07\/read_more_products_1114x746px-1024x686.jpg 1024w, https:\/\/orgaeniclife.style\/wp-content\/uploads\/2023\/07\/read_more_products_1114x746px-768x514.jpg 768w, https:\/\/orgaeniclife.style\/wp-content\/uploads\/2023\/07\/read_more_products_1114x746px-600x402.jpg 600w\" data-sizes=\"auto\" src=\"data:image\/svg+xml;base64,PHN2ZyB3aWR0aD0iMSIgaGVpZ2h0PSIxIiB4bWxucz0iaHR0cDovL3d3dy53My5vcmcvMjAwMC9zdmciPjwvc3ZnPg==\" style=\"--smush-placeholder-width: 1114px; --smush-placeholder-aspect-ratio: 1114\/746;\" data-original-sizes=\"(max-width: 1114px) 100vw, 1114px\" \/>                                            <\/a>\n            <\/div>\n    <div class=\"edgtf-iwt-text-holder\">\n                <div class=\"edgtf-iwt-title-wrapper\">\n            <h4 class=\"edgtf-iwt-title\" >ORG\u00c6NIC PRODUCTS<\/h4>\n    <\/div>\n                <div class=\"edgtf-iwt-text-wrapper\">\n            <p class=\"edgtf-iwt-text\" >What you can discover on this webpage was exclusively created for hairdressers who made a decision \u2013 to follow on the hidden organic path.<\/p>\n        <\/div>\n    <\/div>\n<\/div>[vc_column_text el_class=&#8221;padding_text&#8221;]<a href=\"\/en\/products\">Read more<\/a>[\/vc_column_text][vc_empty_space el_class=&#8221;only_mobile&#8221;][\/vc_column][vc_column width=&#8221;1\/3&#8243;]<div class=\"edgtf-image-with-text-holder    edgtf-image-behavior-custom-link\">\n    <div class=\"edgtf-iwt-image\">\n                    <a itemprop=\"url\" href=\"\/en\/salons\" target=\"_self\">\n                                                    <img decoding=\"async\" width=\"1114\" height=\"746\" data-src=\"https:\/\/orgaeniclife.style\/wp-content\/uploads\/2019\/03\/read_more_ourSalons_1114x746.jpg\" class=\"attachment-full size-full lazyload\" alt=\"Org\u00e6nic Salon Dresden\" data-srcset=\"https:\/\/orgaeniclife.style\/wp-content\/uploads\/2019\/03\/read_more_ourSalons_1114x746.jpg 1114w, https:\/\/orgaeniclife.style\/wp-content\/uploads\/2019\/03\/read_more_ourSalons_1114x746-300x201.jpg 300w, https:\/\/orgaeniclife.style\/wp-content\/uploads\/2019\/03\/read_more_ourSalons_1114x746-768x514.jpg 768w, https:\/\/orgaeniclife.style\/wp-content\/uploads\/2019\/03\/read_more_ourSalons_1114x746-1024x686.jpg 1024w, https:\/\/orgaeniclife.style\/wp-content\/uploads\/2019\/03\/read_more_ourSalons_1114x746-600x402.jpg 600w\" data-sizes=\"auto\" src=\"data:image\/svg+xml;base64,PHN2ZyB3aWR0aD0iMSIgaGVpZ2h0PSIxIiB4bWxucz0iaHR0cDovL3d3dy53My5vcmcvMjAwMC9zdmciPjwvc3ZnPg==\" style=\"--smush-placeholder-width: 1114px; --smush-placeholder-aspect-ratio: 1114\/746;\" data-original-sizes=\"(max-width: 1114px) 100vw, 1114px\" \/>                                            <\/a>\n            <\/div>\n    <div class=\"edgtf-iwt-text-holder\">\n                <div class=\"edgtf-iwt-title-wrapper\">\n            <h4 class=\"edgtf-iwt-title\" >ORG\u00c6NIC Salons<\/h4>\n    <\/div>\n                <div class=\"edgtf-iwt-text-wrapper\">\n            <p class=\"edgtf-iwt-text\" >Want to book an appointment at one of our ORG\u00c6NIC salons or learn more about us? Then click here.<\/p>\n        <\/div>\n    <\/div>\n<\/div>[vc_column_text el_class=&#8221;padding_text&#8221;]<a href=\"\/en\/salons\/\">Read more<\/a>[\/vc_column_text][vc_empty_space el_class=&#8221;only_mobile&#8221;][\/vc_column][vc_column width=&#8221;1\/3&#8243;]<div class=\"edgtf-image-with-text-holder    edgtf-image-behavior-custom-link\">\n    <div class=\"edgtf-iwt-image\">\n                    <a itemprop=\"url\" href=\"\/en\/academy\" target=\"_self\">\n                                                    <img decoding=\"async\" width=\"1114\" height=\"746\" data-src=\"https:\/\/orgaeniclife.style\/wp-content\/uploads\/2019\/03\/read_more_stories_1114x746.jpg\" class=\"attachment-full size-full lazyload\" alt=\"\" data-srcset=\"https:\/\/orgaeniclife.style\/wp-content\/uploads\/2019\/03\/read_more_stories_1114x746.jpg 1114w, https:\/\/orgaeniclife.style\/wp-content\/uploads\/2019\/03\/read_more_stories_1114x746-300x201.jpg 300w, https:\/\/orgaeniclife.style\/wp-content\/uploads\/2019\/03\/read_more_stories_1114x746-768x514.jpg 768w, https:\/\/orgaeniclife.style\/wp-content\/uploads\/2019\/03\/read_more_stories_1114x746-1024x686.jpg 1024w, https:\/\/orgaeniclife.style\/wp-content\/uploads\/2019\/03\/read_more_stories_1114x746-600x402.jpg 600w\" data-sizes=\"auto\" src=\"data:image\/svg+xml;base64,PHN2ZyB3aWR0aD0iMSIgaGVpZ2h0PSIxIiB4bWxucz0iaHR0cDovL3d3dy53My5vcmcvMjAwMC9zdmciPjwvc3ZnPg==\" style=\"--smush-placeholder-width: 1114px; --smush-placeholder-aspect-ratio: 1114\/746;\" data-original-sizes=\"(max-width: 1114px) 100vw, 1114px\" \/>                                            <\/a>\n            <\/div>\n    <div class=\"edgtf-iwt-text-holder\">\n                <div class=\"edgtf-iwt-title-wrapper\">\n            <h4 class=\"edgtf-iwt-title\" >ORG\u00c6NIC Academy<\/h4>\n    <\/div>\n                <div class=\"edgtf-iwt-text-wrapper\">\n            <p class=\"edgtf-iwt-text\" >We want to shift more focus back onto skilled work, creative freedom and individuality. Are you a hairdresser who wants to get involved?<\/p>\n        <\/div>\n    <\/div>\n<\/div>[vc_column_text el_class=&#8221;padding_text&#8221;]<a href=\"\/en\/academy\/\">Read more<\/a>[\/vc_column_text][vc_empty_space el_class=&#8221;only_mobile&#8221;][\/vc_column][\/vc_row]<\/p>\n<\/div>","protected":false},"excerpt":{"rendered":"<p>[vc_row el_id=&#8221;edgtf-main-rev-holder&#8221;][vc_column][vc_single_image image=&#8221;72888&#8243; img_size=&#8221;full&#8221; alignment=&#8221;center&#8221; css_animation=&#8221;fadeIn&#8221; css=&#8221;&#8221;][\/vc_column][\/vc_row][vc_row row_content_width=&#8221;grid&#8221; css=&#8221;.vc_custom_1547129888632{padding-top: 135px !important;padding-bottom: 104px !important;}&#8221; el_class=&#8221;full_width&#8221;][vc_column offset=&#8221;vc_col-lg-12 vc_col-md-12&#8243;][\/vc_column][\/vc_row][vc_row row_content_width=&#8221;grid&#8221;][vc_column][vc_row_inner][vc_column_inner width=&#8221;6\/12&#8243;][vc_column_text]Our success depends on liberated hair. Because it\u2019s the next best thing to virgin hair. Without there can be neither Haircut nor Haircolor. And no sustainability. ORG\u00c6NIC Lifestyle is the unity of ORG\u00c6NIC Haircare Treatments, ORG\u00c6NIC Haircoloring and ORG\u00c6NIC Haircutting.[\/vc_column_text][\/vc_column_inner][vc_column_inner width=&#8221;1\/12&#8243;][\/vc_column_inner][vc_column_inner width=&#8221;5\/12&#8243;][vc_column_text]The result [&hellip;]<\/p>\n","protected":false},"author":223,"featured_media":0,"parent":0,"menu_order":0,"comment_status":"closed","ping_status":"closed","template":"full-width.php","meta":{"footnotes":""},"class_list":["post-62089","page","type-page","status-publish","hentry"],"_links":{"self":[{"href":"https:\/\/orgaeniclife.style\/en\/wp-json\/wp\/v2\/pages\/62089","targetHints":{"allow":["GET"]}}],"collection":[{"href":"https:\/\/orgaeniclife.style\/en\/wp-json\/wp\/v2\/pages"}],"about":[{"href":"https:\/\/orgaeniclife.style\/en\/wp-json\/wp\/v2\/types\/page"}],"author":[{"embeddable":true,"href":"https:\/\/orgaeniclife.style\/en\/wp-json\/wp\/v2\/users\/223"}],"replies":[{"embeddable":true,"href":"https:\/\/orgaeniclife.style\/en\/wp-json\/wp\/v2\/comments?post=62089"}],"version-history":[{"count":12,"href":"https:\/\/orgaeniclife.style\/en\/wp-json\/wp\/v2\/pages\/62089\/revisions"}],"predecessor-version":[{"id":72890,"href":"https:\/\/orgaeniclife.style\/en\/wp-json\/wp\/v2\/pages\/62089\/revisions\/72890"}],"wp:attachment":[{"href":"https:\/\/orgaeniclife.style\/en\/wp-json\/wp\/v2\/media?parent=62089"}],"curies":[{"name":"wp","href":"https:\/\/api.w.org\/{rel}","templated":true}]}}