{"id":60525,"date":"2023-08-16T16:58:58","date_gmt":"2023-08-16T14:58:58","guid":{"rendered":"https:\/\/orgaeniclife.style\/?page_id=60525"},"modified":"2024-10-10T13:37:38","modified_gmt":"2024-10-10T11:37:38","slug":"innovation-water","status":"publish","type":"page","link":"https:\/\/orgaeniclife.style\/en\/products\/innovation-water","title":{"rendered":"Innovation Water"},"content":{"rendered":"<div class=\"wpb-content-wrapper\"><p>[vc_row css=&#8221;.vc_custom_1527843088963{padding-top: 0px !important;padding-bottom: 0px !important;}&#8221; el_id=&#8221;edgtf-main-rev-holder&#8221;][vc_column]<div class=\"edgtf-elements-holder   edgtf-one-column  edgtf-responsive-mode-768 \" ><div class=\"edgtf-eh-item    \"  data-item-class=\"edgtf-eh-custom-2159\" data-680=\"0px 25px 0px 25px\">\n    <div class=\"edgtf-eh-item-inner\">\n        <div class=\"edgtf-eh-item-content edgtf-eh-custom-2159\" style=\"padding: 0px 45px 0px 45px\">\n            \n\t\t\t<!-- START Innovation Water REVOLUTION SLIDER 6.7.29 --><p class=\"rs-p-wp-fix\"><\/p>\n\t\t\t<rs-module-wrap id=\"rev_slider_24_1_wrapper\" data-source=\"gallery\" style=\"visibility:hidden;background:transparent;padding:0;margin:0px auto;margin-top:0;margin-bottom:0;\">\n\t\t\t\t<rs-module id=\"rev_slider_24_1\" style=\"\" data-version=\"6.7.29\">\n\t\t\t\t\t<rs-slides style=\"overflow: hidden; position: absolute;\">\n\t\t\t\t\t\t<rs-slide style=\"position: absolute;\" data-key=\"rs-174\" data-title=\"Slide\" data-thumb=\"\/\/orgaeniclife.style\/wp-content\/uploads\/2022\/10\/Startslider_Salon_Berlin_3000x2000_3-100x50.jpg\" data-anim=\"adpr:false;\">\n\t\t\t\t\t\t\t<img decoding=\"async\" src=\"\/\/orgaeniclife.style\/wp-content\/plugins\/revslider\/sr6\/assets\/assets\/dummy.png\" alt=\"\" title=\"Innovation Water\" class=\"rev-slidebg tp-rs-img rs-lazyload\" data-lazyload=\"\/\/orgaeniclife.style\/wp-content\/uploads\/2022\/10\/Startslider_Salon_Berlin_3000x2000_3.jpg\" data-bg=\"p:center top;\" data-no-retina>\n<!---->\t\t\t\t\t<\/rs-slide>\n\t\t\t\t\t\t<rs-slide style=\"position: absolute;\" data-key=\"rs-173\" data-title=\"Slide\" data-thumb=\"\/\/orgaeniclife.style\/wp-content\/uploads\/2023\/05\/Innovation_Water_header_3000x2000-100x50.png\" data-anim=\"adpr:false;\">\n\t\t\t\t\t\t\t<img decoding=\"async\" src=\"\/\/orgaeniclife.style\/wp-content\/plugins\/revslider\/sr6\/assets\/assets\/dummy.png\" alt=\"\" title=\"Innovation Water\" class=\"rev-slidebg tp-rs-img rs-lazyload\" data-lazyload=\"\/\/orgaeniclife.style\/wp-content\/uploads\/2023\/05\/Innovation_Water_header_3000x2000.png\" data-bg=\"p:center top;\" data-no-retina>\n<!---->\t\t\t\t\t<\/rs-slide>\n\t\t\t\t\t\t<rs-slide style=\"position: absolute;\" data-key=\"rs-187\" data-title=\"Slide\" data-thumb=\"\/\/orgaeniclife.style\/wp-content\/uploads\/2023\/03\/empty_Water_3000x2000-scaled-100x50.jpg\" data-anim=\"adpr:false;\">\n\t\t\t\t\t\t\t<img decoding=\"async\" src=\"\/\/orgaeniclife.style\/wp-content\/plugins\/revslider\/sr6\/assets\/assets\/dummy.png\" alt=\"\" title=\"Innovation Water\" class=\"rev-slidebg tp-rs-img rs-lazyload\" data-lazyload=\"\/\/orgaeniclife.style\/wp-content\/uploads\/2023\/03\/empty_Water_3000x2000-scaled.jpg\" data-bg=\"p:center top;\" data-no-retina>\n<!---->\t\t\t\t\t<\/rs-slide>\n\t\t\t\t\t<\/rs-slides>\n\t\t\t\t<\/rs-module>\n\t\t\t\t<script>\n\t\t\t\t\tsetREVStartSize({c: 'rev_slider_24_1',rl:[1240,1024,778,480],el:[],gw:[1920,1445,1025,480],gh:[1010,800,600,350],type:'standard',justify:'',layout:'fullwidth',mh:\"0\"});if (window.RS_MODULES!==undefined && window.RS_MODULES.modules!==undefined && window.RS_MODULES.modules[\"revslider241\"]!==undefined) {window.RS_MODULES.modules[\"revslider241\"].once = false;window.revapi24 = undefined;if (window.RS_MODULES.checkMinimal!==undefined) window.RS_MODULES.checkMinimal()}\n\t\t\t\t<\/script>\n\t\t\t<\/rs-module-wrap>\n\t\t\t<!-- END REVOLUTION SLIDER -->\n        <\/div>\n    <\/div>\n<\/div><\/div>[\/vc_column][\/vc_row][vc_row row_content_width=&#8221;grid&#8221;][vc_column][vc_empty_space height=&#8221;80px&#8221;][\/vc_column][\/vc_row][vc_row row_content_width=&#8221;grid&#8221; css=&#8221;.vc_custom_1547221588958{padding-bottom: 0px !important;}&#8221; simple_background_color=&#8221;#ffffff&#8221;][vc_column offset=&#8221;vc_col-lg-8 vc_col-md-12&#8243;][vc_column_text]<\/p>\n<h1><strong>Innovation from<br \/>\nresponsability<\/strong><\/h1>\n<p>[\/vc_column_text][\/vc_column][\/vc_row][vc_row row_content_width=&#8221;grid&#8221; css=&#8221;.vc_custom_1546535211428{padding-bottom: 0px !important;}&#8221; simple_background_color=&#8221;#ffffff&#8221;][vc_column width=&#8221;1\/6&#8243;][\/vc_column][vc_column width=&#8221;2\/4&#8243;][vc_column_text]Saving resources \u2013 saving potable water.<\/p>\n<p>For us, following the path of an ORG\u00c6NIC Lifestyle does not only mean constant creation of innovative service concepts and products, but reacting to the symptoms of our times \u2013 and beyond.<\/p>\n<p>By fully recycling salon wastewater for re-utilization on-site, we create a full circle of life and deliver a sustainable concept to gird ourselves for the future of the game.[\/vc_column_text][vc_empty_space][\/vc_column][vc_column width=&#8221;2\/6&#8243;][\/vc_column][\/vc_row][vc_row row_content_width=&#8221;grid&#8221; css=&#8221;.vc_custom_1546535211428{padding-bottom: 0px !important;}&#8221; simple_background_color=&#8221;#ffffff&#8221;][vc_column width=&#8221;1\/2&#8243;][\/vc_column][vc_column width=&#8221;1\/2&#8243;][vc_column_text]The biological treatment plant for salon-specific waste water is the result of joined forces with a Berlin engineering office. The first of its kind works in the ORG\u00c6NIC Salon &amp; Academy in Berlin.<\/p>\n<p><span lang=\"en-GB\">In the end of 2023, our innovation was awarded the Zukunftspreis EKU Idee of the saxon state ministry for energy, climate protection, environment and agriculture. A great reward \u2013 and a signal to set off.<br \/>\n<\/span><span lang=\"en-GB\">Into the realization of one impossible thing at a time.<\/span>[\/vc_column_text][vc_empty_space][vc_single_image image=&#8221;65476&#8243; img_size=&#8221;medium&#8221;][vc_empty_space][\/vc_column][\/vc_row][vc_row row_content_width=&#8221;grid&#8221; css=&#8221;.vc_custom_1546535211428{padding-bottom: 0px !important;}&#8221; simple_background_color=&#8221;#ffffff&#8221;][vc_column width=&#8221;1\/6&#8243;][\/vc_column][vc_column width=&#8221;1\/12&#8243; offset=&#8221;vc_col-xs-3&#8243;][\/vc_column][vc_column width=&#8221;6\/12&#8243; offset=&#8221;vc_col-xs-9&#8243;][vc_column_text]Until now, salon waste water was commonly considered difficult to treat. Hair dye products and similar substances are ruled out from the concepts of standard water treatment plants. Our custom-made design contains a fully biological processing unit, where microorganisms adapt to molecules in said hair dyes and other substances. The bigger the meal, the bigger the population, the cleaner the result.<\/p>\n<p>&nbsp;<\/p>\n<p>Thus, our treated water come as close to drinking quality as it gets \u2013 without the use of extra chemicals or any harmful left-over residues. Odourless and without any hygiene hazards, it now can be repurposed for toilet flushing, overhead sprinkling systems, urban farming and even aquaria.[\/vc_column_text][vc_empty_space][\/vc_column][vc_column width=&#8221;3\/12&#8243; el_class=&#8221;align_right&#8221;][\/vc_column][\/vc_row][vc_row row_content_width=&#8221;grid&#8221;][vc_column][vc_empty_space height=&#8221;80px&#8221;][\/vc_column][\/vc_row][vc_row row_content_width=&#8221;grid&#8221;][vc_column][vc_empty_space height=&#8221;80px&#8221;][\/vc_column][\/vc_row][vc_row row_content_width=&#8221;grid&#8221;][vc_column][vc_column_text]<\/p>\n<h2>Want to<br \/>\nknow more?<\/h2>\n<p>[\/vc_column_text][\/vc_column][\/vc_row][vc_row row_content_width=&#8221;grid&#8221;][vc_column][vc_empty_space height=&#8221;80px&#8221;][\/vc_column][\/vc_row][vc_row equal_height=&#8221;yes&#8221; row_content_width=&#8221;grid&#8221; css=&#8221;.vc_custom_1552987936806{padding-top: 0px !important;padding-bottom: 42px !important;}&#8221;][vc_column width=&#8221;1\/2&#8243; offset=&#8221;vc_col-lg-3 vc_col-md-3 vc_col-xs-12&#8243;]<div class=\"edgtf-team-holder\">\n            <div class=\"edgtf-team-image\">\n            <img decoding=\"async\" width=\"1500\" height=\"1500\" data-src=\"https:\/\/orgaeniclife.style\/wp-content\/uploads\/2024\/09\/OLS_Portraits-6.jpg\" class=\"edgtf-team-first-image lazyload\" alt=\"\" data-srcset=\"https:\/\/orgaeniclife.style\/wp-content\/uploads\/2024\/09\/OLS_Portraits-6.jpg 1500w, https:\/\/orgaeniclife.style\/wp-content\/uploads\/2024\/09\/OLS_Portraits-6-300x300.jpg 300w, https:\/\/orgaeniclife.style\/wp-content\/uploads\/2024\/09\/OLS_Portraits-6-1024x1024.jpg 1024w, https:\/\/orgaeniclife.style\/wp-content\/uploads\/2024\/09\/OLS_Portraits-6-150x150.jpg 150w, https:\/\/orgaeniclife.style\/wp-content\/uploads\/2024\/09\/OLS_Portraits-6-768x768.jpg 768w, https:\/\/orgaeniclife.style\/wp-content\/uploads\/2024\/09\/OLS_Portraits-6-550x550.jpg 550w, https:\/\/orgaeniclife.style\/wp-content\/uploads\/2024\/09\/OLS_Portraits-6-1100x1100.jpg 1100w, https:\/\/orgaeniclife.style\/wp-content\/uploads\/2024\/09\/OLS_Portraits-6-600x600.jpg 600w, https:\/\/orgaeniclife.style\/wp-content\/uploads\/2024\/09\/OLS_Portraits-6-100x100.jpg 100w\" data-sizes=\"auto\" src=\"data:image\/svg+xml;base64,PHN2ZyB3aWR0aD0iMSIgaGVpZ2h0PSIxIiB4bWxucz0iaHR0cDovL3d3dy53My5vcmcvMjAwMC9zdmciPjwvc3ZnPg==\" style=\"--smush-placeholder-width: 1500px; --smush-placeholder-aspect-ratio: 1500\/1500;\" data-original-sizes=\"(max-width: 1500px) 100vw, 1500px\" \/>                            <img decoding=\"async\" width=\"1500\" height=\"1500\" data-src=\"https:\/\/orgaeniclife.style\/wp-content\/uploads\/2024\/09\/OLS_Portraits-6.jpg\" class=\"edgtf-team-second-image lazyload\" alt=\"\" data-srcset=\"https:\/\/orgaeniclife.style\/wp-content\/uploads\/2024\/09\/OLS_Portraits-6.jpg 1500w, https:\/\/orgaeniclife.style\/wp-content\/uploads\/2024\/09\/OLS_Portraits-6-300x300.jpg 300w, https:\/\/orgaeniclife.style\/wp-content\/uploads\/2024\/09\/OLS_Portraits-6-1024x1024.jpg 1024w, https:\/\/orgaeniclife.style\/wp-content\/uploads\/2024\/09\/OLS_Portraits-6-150x150.jpg 150w, https:\/\/orgaeniclife.style\/wp-content\/uploads\/2024\/09\/OLS_Portraits-6-768x768.jpg 768w, https:\/\/orgaeniclife.style\/wp-content\/uploads\/2024\/09\/OLS_Portraits-6-550x550.jpg 550w, https:\/\/orgaeniclife.style\/wp-content\/uploads\/2024\/09\/OLS_Portraits-6-1100x1100.jpg 1100w, https:\/\/orgaeniclife.style\/wp-content\/uploads\/2024\/09\/OLS_Portraits-6-600x600.jpg 600w, https:\/\/orgaeniclife.style\/wp-content\/uploads\/2024\/09\/OLS_Portraits-6-100x100.jpg 100w\" data-sizes=\"auto\" src=\"data:image\/svg+xml;base64,PHN2ZyB3aWR0aD0iMSIgaGVpZ2h0PSIxIiB4bWxucz0iaHR0cDovL3d3dy53My5vcmcvMjAwMC9zdmciPjwvc3ZnPg==\" style=\"--smush-placeholder-width: 1500px; --smush-placeholder-aspect-ratio: 1500\/1500;\" data-original-sizes=\"(max-width: 1500px) 100vw, 1500px\" \/>                    <\/div>\n    \n    <div class=\"edgtf-team-info\">\n                    <h4 class=\"edgtf-team-name\" >\n            Stefan            <\/h4>\n        \n        \n        \n            <\/div>\n<\/div>[vc_column_text el_class=&#8221;edgtf-team-name&#8221;]LIEBERNICKEL[\/vc_column_text][vc_empty_space height=&#8221;10px&#8221;][vc_column_text]International Project Management[\/vc_column_text][vc_empty_space height=&#8221;10px&#8221;][vc_column_text el_class=&#8221;position&#8221;]<a href=\"tel:+49 174 3202307\">T +49 174 3202307<\/a><br \/>\nF +49 351 31445550<br \/>\n<a href=\"mailto:s.liebernickel@buk-management.com\">s.liebernickel@buk-management.com<\/a>[\/vc_column_text][vc_empty_space height=&#8221;50px&#8221;][\/vc_column][\/vc_row][vc_row row_content_width=&#8221;grid&#8221; css=&#8221;.vc_custom_1547221588958{padding-bottom: 0px !important;}&#8221; simple_background_color=&#8221;#ffffff&#8221;][vc_column offset=&#8221;vc_col-lg-12 vc_col-md-12&#8243;][vc_empty_space height=&#8221;80px&#8221;][\/vc_column][\/vc_row][vc_row row_content_width=&#8221;grid&#8221;][vc_column width=&#8221;1\/3&#8243;]<div class=\"edgtf-image-with-text-holder    edgtf-image-behavior-custom-link\">\n    <div class=\"edgtf-iwt-image\">\n                    <a itemprop=\"url\" href=\"https:\/\/orgaeniclife.style\/en\/services\/orgaenic-haircoloring\" target=\"_self\">\n                                                    <img decoding=\"async\" width=\"1114\" height=\"746\" data-src=\"https:\/\/orgaeniclife.style\/wp-content\/uploads\/2019\/04\/read_more_ohco_1114x746.jpg\" class=\"attachment-full size-full lazyload\" alt=\"\" data-srcset=\"https:\/\/orgaeniclife.style\/wp-content\/uploads\/2019\/04\/read_more_ohco_1114x746.jpg 1114w, https:\/\/orgaeniclife.style\/wp-content\/uploads\/2019\/04\/read_more_ohco_1114x746-300x201.jpg 300w, https:\/\/orgaeniclife.style\/wp-content\/uploads\/2019\/04\/read_more_ohco_1114x746-768x514.jpg 768w, https:\/\/orgaeniclife.style\/wp-content\/uploads\/2019\/04\/read_more_ohco_1114x746-1024x686.jpg 1024w, https:\/\/orgaeniclife.style\/wp-content\/uploads\/2019\/04\/read_more_ohco_1114x746-600x402.jpg 600w\" data-sizes=\"auto\" src=\"data:image\/svg+xml;base64,PHN2ZyB3aWR0aD0iMSIgaGVpZ2h0PSIxIiB4bWxucz0iaHR0cDovL3d3dy53My5vcmcvMjAwMC9zdmciPjwvc3ZnPg==\" style=\"--smush-placeholder-width: 1114px; --smush-placeholder-aspect-ratio: 1114\/746;\" data-original-sizes=\"(max-width: 1114px) 100vw, 1114px\" \/>                                            <\/a>\n            <\/div>\n    <div class=\"edgtf-iwt-text-holder\">\n                <div class=\"edgtf-iwt-title-wrapper\">\n            <h4 class=\"edgtf-iwt-title\" >ORG\u00c6NIC Coloring<\/h4>\n    <\/div>\n                <div class=\"edgtf-iwt-text-wrapper\">\n            <p class=\"edgtf-iwt-text\" >ORG\u00c6NIC Haircoloring w\u00e4chst mit- und nicht heraus und h\u00e4lt doppelt so lange wie herk\u00f6mmliche Haarf\u00e4rbetechnicken...<\/p>\n        <\/div>\n    <\/div>\n<\/div>[vc_column_text el_class=&#8221;padding_text&#8221;]<a href=\"https:\/\/orgaeniclife.style\/en\/services\/orgaenic-haircoloring\">Read more<\/a>[\/vc_column_text][vc_empty_space el_class=&#8221;only_mobile&#8221;][\/vc_column][vc_column width=&#8221;1\/3&#8243;]<div class=\"edgtf-image-with-text-holder    edgtf-image-behavior-custom-link\">\n    <div class=\"edgtf-iwt-image\">\n                    <a itemprop=\"url\" href=\"https:\/\/orgaeniclife.style\/en\/salons\/salon-search\" target=\"_self\">\n                                                    <img decoding=\"async\" width=\"1114\" height=\"746\" data-src=\"https:\/\/orgaeniclife.style\/wp-content\/uploads\/2019\/03\/read_more_ourSalons_1114x746.jpg\" class=\"attachment-full size-full lazyload\" alt=\"\" data-srcset=\"https:\/\/orgaeniclife.style\/wp-content\/uploads\/2019\/03\/read_more_ourSalons_1114x746.jpg 1114w, https:\/\/orgaeniclife.style\/wp-content\/uploads\/2019\/03\/read_more_ourSalons_1114x746-300x201.jpg 300w, https:\/\/orgaeniclife.style\/wp-content\/uploads\/2019\/03\/read_more_ourSalons_1114x746-768x514.jpg 768w, https:\/\/orgaeniclife.style\/wp-content\/uploads\/2019\/03\/read_more_ourSalons_1114x746-1024x686.jpg 1024w, https:\/\/orgaeniclife.style\/wp-content\/uploads\/2019\/03\/read_more_ourSalons_1114x746-600x402.jpg 600w\" data-sizes=\"auto\" src=\"data:image\/svg+xml;base64,PHN2ZyB3aWR0aD0iMSIgaGVpZ2h0PSIxIiB4bWxucz0iaHR0cDovL3d3dy53My5vcmcvMjAwMC9zdmciPjwvc3ZnPg==\" style=\"--smush-placeholder-width: 1114px; --smush-placeholder-aspect-ratio: 1114\/746;\" data-original-sizes=\"(max-width: 1114px) 100vw, 1114px\" \/>                                            <\/a>\n            <\/div>\n    <div class=\"edgtf-iwt-text-holder\">\n                <div class=\"edgtf-iwt-title-wrapper\">\n            <h4 class=\"edgtf-iwt-title\" >ORG\u00c6NIC SALONS<\/h4>\n    <\/div>\n                <div class=\"edgtf-iwt-text-wrapper\">\n            <p class=\"edgtf-iwt-text\" >Du m\u00f6chtest einen Termin f\u00fcr einen organischen Haarschnitt? Klick hier f\u00fcr die ORG\u00c6NIC Salonsuche...<\/p>\n        <\/div>\n    <\/div>\n<\/div>[vc_column_text el_class=&#8221;padding_text&#8221;]<a href=\"https:\/\/orgaeniclife.style\/en\/salons\/salon-search\">Read more<\/a>[\/vc_column_text][vc_empty_space el_class=&#8221;only_mobile&#8221;][\/vc_column][vc_column width=&#8221;1\/3&#8243;]<div class=\"edgtf-image-with-text-holder    edgtf-image-behavior-custom-link\">\n    <div class=\"edgtf-iwt-image\">\n                    <a itemprop=\"url\" href=\"https:\/\/orgaeniclife.style\/en\/products\/orgaenic-lifestyle-haircare\" target=\"_self\">\n                                                    <img decoding=\"async\" width=\"1114\" height=\"746\" data-src=\"https:\/\/orgaeniclife.style\/wp-content\/uploads\/2019\/05\/1114x746_Vorschaubilder-5.jpg\" class=\"attachment-full size-full lazyload\" alt=\"\" data-srcset=\"https:\/\/orgaeniclife.style\/wp-content\/uploads\/2019\/05\/1114x746_Vorschaubilder-5.jpg 1114w, https:\/\/orgaeniclife.style\/wp-content\/uploads\/2019\/05\/1114x746_Vorschaubilder-5-300x201.jpg 300w, https:\/\/orgaeniclife.style\/wp-content\/uploads\/2019\/05\/1114x746_Vorschaubilder-5-768x514.jpg 768w, https:\/\/orgaeniclife.style\/wp-content\/uploads\/2019\/05\/1114x746_Vorschaubilder-5-1024x686.jpg 1024w, https:\/\/orgaeniclife.style\/wp-content\/uploads\/2019\/05\/1114x746_Vorschaubilder-5-600x402.jpg 600w\" data-sizes=\"auto\" src=\"data:image\/svg+xml;base64,PHN2ZyB3aWR0aD0iMSIgaGVpZ2h0PSIxIiB4bWxucz0iaHR0cDovL3d3dy53My5vcmcvMjAwMC9zdmciPjwvc3ZnPg==\" style=\"--smush-placeholder-width: 1114px; --smush-placeholder-aspect-ratio: 1114\/746;\" data-original-sizes=\"(max-width: 1114px) 100vw, 1114px\" \/>                                            <\/a>\n            <\/div>\n    <div class=\"edgtf-iwt-text-holder\">\n                <div class=\"edgtf-iwt-title-wrapper\">\n            <h4 class=\"edgtf-iwt-title\" >ORG\u00c6NIC LIFESTYLE HAIRCARE<\/h4>\n    <\/div>\n                <div class=\"edgtf-iwt-text-wrapper\">\n            <p class=\"edgtf-iwt-text\" >Wir erleben Haar als etwas Lebendiges. Deshalb sehen wir uns als Friseure in der Verantwortung alles daf\u00fcr zu tun, dass es Dir und Deinem Haar gut geht ...<\/p>\n        <\/div>\n    <\/div>\n<\/div>[vc_column_text el_class=&#8221;padding_text&#8221;]<a href=\"https:\/\/orgaeniclife.style\/en\/products\/orgaenic-lifestyle-haircare\">Read more<\/a>[\/vc_column_text][vc_empty_space el_class=&#8221;only_mobile&#8221;][\/vc_column][\/vc_row]<\/p>\n<\/div>","protected":false},"excerpt":{"rendered":"<p>[vc_row css=&#8221;.vc_custom_1527843088963{padding-top: 0px !important;padding-bottom: 0px !important;}&#8221; el_id=&#8221;edgtf-main-rev-holder&#8221;][vc_column][\/vc_column][\/vc_row][vc_row row_content_width=&#8221;grid&#8221;][vc_column][vc_empty_space height=&#8221;80px&#8221;][\/vc_column][\/vc_row][vc_row row_content_width=&#8221;grid&#8221; css=&#8221;.vc_custom_1547221588958{padding-bottom: 0px !important;}&#8221; simple_background_color=&#8221;#ffffff&#8221;][vc_column offset=&#8221;vc_col-lg-8 vc_col-md-12&#8243;][vc_column_text] Innovation from responsability [\/vc_column_text][\/vc_column][\/vc_row][vc_row row_content_width=&#8221;grid&#8221; css=&#8221;.vc_custom_1546535211428{padding-bottom: 0px !important;}&#8221; simple_background_color=&#8221;#ffffff&#8221;][vc_column width=&#8221;1\/6&#8243;][\/vc_column][vc_column width=&#8221;2\/4&#8243;][vc_column_text]Saving resources \u2013 saving potable water. For us, following the path of an ORG\u00c6NIC Lifestyle does not only mean constant creation of innovative service concepts and products, but reacting to the symptoms of our [&hellip;]<\/p>\n","protected":false},"author":223,"featured_media":0,"parent":62129,"menu_order":0,"comment_status":"closed","ping_status":"closed","template":"full-width.php","meta":{"footnotes":""},"class_list":["post-60525","page","type-page","status-publish","hentry"],"_links":{"self":[{"href":"https:\/\/orgaeniclife.style\/en\/wp-json\/wp\/v2\/pages\/60525","targetHints":{"allow":["GET"]}}],"collection":[{"href":"https:\/\/orgaeniclife.style\/en\/wp-json\/wp\/v2\/pages"}],"about":[{"href":"https:\/\/orgaeniclife.style\/en\/wp-json\/wp\/v2\/types\/page"}],"author":[{"embeddable":true,"href":"https:\/\/orgaeniclife.style\/en\/wp-json\/wp\/v2\/users\/223"}],"replies":[{"embeddable":true,"href":"https:\/\/orgaeniclife.style\/en\/wp-json\/wp\/v2\/comments?post=60525"}],"version-history":[{"count":9,"href":"https:\/\/orgaeniclife.style\/en\/wp-json\/wp\/v2\/pages\/60525\/revisions"}],"predecessor-version":[{"id":69605,"href":"https:\/\/orgaeniclife.style\/en\/wp-json\/wp\/v2\/pages\/60525\/revisions\/69605"}],"up":[{"embeddable":true,"href":"https:\/\/orgaeniclife.style\/en\/wp-json\/wp\/v2\/pages\/62129"}],"wp:attachment":[{"href":"https:\/\/orgaeniclife.style\/en\/wp-json\/wp\/v2\/media?parent=60525"}],"curies":[{"name":"wp","href":"https:\/\/api.w.org\/{rel}","templated":true}]}}