{"id":57406,"date":"2022-08-09T18:53:26","date_gmt":"2022-08-09T16:53:26","guid":{"rendered":"https:\/\/orgaeniclife.style\/?page_id=57406"},"modified":"2026-03-26T14:39:16","modified_gmt":"2026-03-26T13:39:16","slug":"distribution-ch","status":"publish","type":"page","link":"https:\/\/orgaeniclife.style\/en\/products\/distribution\/distribution-ch","title":{"rendered":"Distribution-CH"},"content":{"rendered":"<div class=\"wpb-content-wrapper\"><p>[vc_row][vc_column][vc_single_image image=&#8221;62786&#8243; img_size=&#8221;full&#8221; css_animation=&#8221;fadeIn&#8221;][\/vc_column][\/vc_row][vc_section][vc_row row_content_width=&#8221;grid&#8221;][vc_column][vc_empty_space height=&#8221;40px&#8221;][vc_column_text]<\/p>\n<h2 class=\"p1\">say hi<br \/>\nto our Sales Team<\/h2>\n<p>[\/vc_column_text][\/vc_column][\/vc_row][vc_row row_content_width=&#8221;grid&#8221;][vc_column][vc_empty_space height=&#8221;60px&#8221;][vc_column_text]<\/p>\n<h3 class=\"p1\"><span class=\"Y2IQFc\" lang=\"en\">Switzerland<\/span><\/h3>\n<p>[\/vc_column_text][vc_empty_space height=&#8221;60px&#8221;][\/vc_column][\/vc_row][vc_row equal_height=&#8221;yes&#8221; row_content_width=&#8221;grid&#8221; css=&#8221;.vc_custom_1552987936806{padding-top: 0px !important;padding-bottom: 42px !important;}&#8221;][vc_column width=&#8221;1\/2&#8243; offset=&#8221;vc_col-lg-3 vc_col-md-3 vc_col-xs-12&#8243;]<div class=\"edgtf-team-holder\">\n            <div class=\"edgtf-team-image\">\n            <img decoding=\"async\" width=\"1000\" height=\"1000\" data-src=\"https:\/\/orgaeniclife.style\/wp-content\/uploads\/2023\/12\/Jana_Sitte-1.png\" class=\"edgtf-team-first-image lazyload\" alt=\"\" data-srcset=\"https:\/\/orgaeniclife.style\/wp-content\/uploads\/2023\/12\/Jana_Sitte-1.png 1000w, https:\/\/orgaeniclife.style\/wp-content\/uploads\/2023\/12\/Jana_Sitte-1-300x300.png 300w, https:\/\/orgaeniclife.style\/wp-content\/uploads\/2023\/12\/Jana_Sitte-1-150x150.png 150w, https:\/\/orgaeniclife.style\/wp-content\/uploads\/2023\/12\/Jana_Sitte-1-768x768.png 768w, https:\/\/orgaeniclife.style\/wp-content\/uploads\/2023\/12\/Jana_Sitte-1-550x550.png 550w, https:\/\/orgaeniclife.style\/wp-content\/uploads\/2023\/12\/Jana_Sitte-1-600x600.png 600w, https:\/\/orgaeniclife.style\/wp-content\/uploads\/2023\/12\/Jana_Sitte-1-100x100.png 100w\" data-sizes=\"auto\" src=\"data:image\/svg+xml;base64,PHN2ZyB3aWR0aD0iMSIgaGVpZ2h0PSIxIiB4bWxucz0iaHR0cDovL3d3dy53My5vcmcvMjAwMC9zdmciPjwvc3ZnPg==\" style=\"--smush-placeholder-width: 1000px; --smush-placeholder-aspect-ratio: 1000\/1000;\" data-original-sizes=\"(max-width: 1000px) 100vw, 1000px\" \/>                            <img decoding=\"async\" width=\"1000\" height=\"1000\" data-src=\"https:\/\/orgaeniclife.style\/wp-content\/uploads\/2023\/12\/Jana_Sitte-1.png\" class=\"edgtf-team-second-image lazyload\" alt=\"\" data-srcset=\"https:\/\/orgaeniclife.style\/wp-content\/uploads\/2023\/12\/Jana_Sitte-1.png 1000w, https:\/\/orgaeniclife.style\/wp-content\/uploads\/2023\/12\/Jana_Sitte-1-300x300.png 300w, https:\/\/orgaeniclife.style\/wp-content\/uploads\/2023\/12\/Jana_Sitte-1-150x150.png 150w, https:\/\/orgaeniclife.style\/wp-content\/uploads\/2023\/12\/Jana_Sitte-1-768x768.png 768w, https:\/\/orgaeniclife.style\/wp-content\/uploads\/2023\/12\/Jana_Sitte-1-550x550.png 550w, https:\/\/orgaeniclife.style\/wp-content\/uploads\/2023\/12\/Jana_Sitte-1-600x600.png 600w, https:\/\/orgaeniclife.style\/wp-content\/uploads\/2023\/12\/Jana_Sitte-1-100x100.png 100w\" data-sizes=\"auto\" src=\"data:image\/svg+xml;base64,PHN2ZyB3aWR0aD0iMSIgaGVpZ2h0PSIxIiB4bWxucz0iaHR0cDovL3d3dy53My5vcmcvMjAwMC9zdmciPjwvc3ZnPg==\" style=\"--smush-placeholder-width: 1000px; --smush-placeholder-aspect-ratio: 1000\/1000;\" data-original-sizes=\"(max-width: 1000px) 100vw, 1000px\" \/>                    <\/div>\n    \n    <div class=\"edgtf-team-info\">\n                    <h4 class=\"edgtf-team-name\" >\n            Jana            <\/h4>\n        \n        \n        \n            <\/div>\n<\/div>[vc_column_text el_class=&#8221;edgtf-team-name&#8221;]Sitte[\/vc_column_text][vc_empty_space height=&#8221;10px&#8221;][vc_column_text]<\/p>\n<p class=\"mcntMsoNormal\">Management<br \/>\nJS Friseur und Consulting GmbH<br \/>\nDistribution Switzerland<\/p>\n<p>[\/vc_column_text][\/vc_column][vc_column width=&#8221;1\/2&#8243; offset=&#8221;vc_col-lg-3 vc_col-md-3 vc_col-xs-12&#8243;]<div class=\"edgtf-team-holder\">\n            <div class=\"edgtf-team-image\">\n            <img decoding=\"async\" width=\"1000\" height=\"1000\" data-src=\"https:\/\/orgaeniclife.style\/wp-content\/uploads\/2023\/12\/Joerg_Winter-1.png\" class=\"edgtf-team-first-image lazyload\" alt=\"\" data-srcset=\"https:\/\/orgaeniclife.style\/wp-content\/uploads\/2023\/12\/Joerg_Winter-1.png 1000w, https:\/\/orgaeniclife.style\/wp-content\/uploads\/2023\/12\/Joerg_Winter-1-300x300.png 300w, https:\/\/orgaeniclife.style\/wp-content\/uploads\/2023\/12\/Joerg_Winter-1-150x150.png 150w, https:\/\/orgaeniclife.style\/wp-content\/uploads\/2023\/12\/Joerg_Winter-1-768x768.png 768w, https:\/\/orgaeniclife.style\/wp-content\/uploads\/2023\/12\/Joerg_Winter-1-550x550.png 550w, https:\/\/orgaeniclife.style\/wp-content\/uploads\/2023\/12\/Joerg_Winter-1-600x600.png 600w, https:\/\/orgaeniclife.style\/wp-content\/uploads\/2023\/12\/Joerg_Winter-1-100x100.png 100w\" data-sizes=\"auto\" src=\"data:image\/svg+xml;base64,PHN2ZyB3aWR0aD0iMSIgaGVpZ2h0PSIxIiB4bWxucz0iaHR0cDovL3d3dy53My5vcmcvMjAwMC9zdmciPjwvc3ZnPg==\" style=\"--smush-placeholder-width: 1000px; --smush-placeholder-aspect-ratio: 1000\/1000;\" data-original-sizes=\"(max-width: 1000px) 100vw, 1000px\" \/>                            <img decoding=\"async\" width=\"1000\" height=\"1000\" data-src=\"https:\/\/orgaeniclife.style\/wp-content\/uploads\/2023\/12\/Joerg_Winter-1.png\" class=\"edgtf-team-second-image lazyload\" alt=\"\" data-srcset=\"https:\/\/orgaeniclife.style\/wp-content\/uploads\/2023\/12\/Joerg_Winter-1.png 1000w, https:\/\/orgaeniclife.style\/wp-content\/uploads\/2023\/12\/Joerg_Winter-1-300x300.png 300w, https:\/\/orgaeniclife.style\/wp-content\/uploads\/2023\/12\/Joerg_Winter-1-150x150.png 150w, https:\/\/orgaeniclife.style\/wp-content\/uploads\/2023\/12\/Joerg_Winter-1-768x768.png 768w, https:\/\/orgaeniclife.style\/wp-content\/uploads\/2023\/12\/Joerg_Winter-1-550x550.png 550w, https:\/\/orgaeniclife.style\/wp-content\/uploads\/2023\/12\/Joerg_Winter-1-600x600.png 600w, https:\/\/orgaeniclife.style\/wp-content\/uploads\/2023\/12\/Joerg_Winter-1-100x100.png 100w\" data-sizes=\"auto\" src=\"data:image\/svg+xml;base64,PHN2ZyB3aWR0aD0iMSIgaGVpZ2h0PSIxIiB4bWxucz0iaHR0cDovL3d3dy53My5vcmcvMjAwMC9zdmciPjwvc3ZnPg==\" style=\"--smush-placeholder-width: 1000px; --smush-placeholder-aspect-ratio: 1000\/1000;\" data-original-sizes=\"(max-width: 1000px) 100vw, 1000px\" \/>                    <\/div>\n    \n    <div class=\"edgtf-team-info\">\n                    <h4 class=\"edgtf-team-name\" >\n            J\u00f6rg            <\/h4>\n        \n        \n        \n            <\/div>\n<\/div>[vc_column_text el_class=&#8221;edgtf-team-name&#8221;]Winter[\/vc_column_text][vc_empty_space height=&#8221;10px&#8221;][vc_column_text]<\/p>\n<p class=\"mcntMsoNormal\">Management<br \/>\nJS Friseur und Consulting GmbH<br \/>\nDistribution Switzerland<\/p>\n<p>[\/vc_column_text][\/vc_column][\/vc_row][vc_row row_content_width=&#8221;grid&#8221;][vc_column][vc_empty_space height=&#8221;60px&#8221;][vc_row_inner][vc_column_inner width=&#8221;1\/2&#8243;][vc_column_text]<\/p>\n<h4>We want you<\/h4>\n<p>ORG\u00c6NIC Lifestyle Haircare wasn\u2019t developed to sell products; it was developed to strengthen the hairdressing trade and create a new level of hair quality that supports organic hair-cutting and coloring. As such, we don\u2019t just see other self-employed hairdressers as clients; they\u2019re also our partners!<\/p>\n<p>Do you run your own hairdressing salon and want to learn more about ORG\u00c6NIC Lifestyle Haircare, or have you already made your decision and want to order our hair-care range? Then contact our Sales department: J\u00f6rg Stollberg at <a href=\"mailto:info@organiclifestyle.de\">info@organiclifestyle.de<\/a>[\/vc_column_text][vc_empty_space height=&#8221;20px&#8221;]<a itemprop=\"url\" href=\"mailto:haircare@buk-management.com\" target=\"_self\"  class=\"edgtf-btn edgtf-btn-medium edgtf-btn-outline\"  >\n            <span class=\"edgtf-btn-text\">Werde ORG\u00c6NIC Partner<\/span>\n            <\/a>[vc_empty_space][\/vc_column_inner][vc_column_inner width=&#8221;1\/2&#8243;][\/vc_column_inner][\/vc_row_inner][vc_empty_space height=&#8221;70px&#8221;][\/vc_column][\/vc_row][vc_row row_content_width=&#8221;grid&#8221;][vc_column width=&#8221;1\/3&#8243;]<div class=\"edgtf-image-with-text-holder    edgtf-image-behavior-custom-link\">\n    <div class=\"edgtf-iwt-image\">\n                    <a itemprop=\"url\" href=\"https:\/\/orgaeniclife.style\/en\/services\/orgaenic-haircutting\" target=\"_self\">\n                                                    <img decoding=\"async\" width=\"1114\" height=\"746\" data-src=\"https:\/\/orgaeniclife.style\/wp-content\/uploads\/2019\/04\/read_more_ohc_1114x746.jpg\" class=\"attachment-full size-full lazyload\" alt=\"Org\u00e6nic Lifestyle Model\" data-srcset=\"https:\/\/orgaeniclife.style\/wp-content\/uploads\/2019\/04\/read_more_ohc_1114x746.jpg 1114w, https:\/\/orgaeniclife.style\/wp-content\/uploads\/2019\/04\/read_more_ohc_1114x746-300x201.jpg 300w, https:\/\/orgaeniclife.style\/wp-content\/uploads\/2019\/04\/read_more_ohc_1114x746-768x514.jpg 768w, https:\/\/orgaeniclife.style\/wp-content\/uploads\/2019\/04\/read_more_ohc_1114x746-1024x686.jpg 1024w, https:\/\/orgaeniclife.style\/wp-content\/uploads\/2019\/04\/read_more_ohc_1114x746-600x402.jpg 600w\" data-sizes=\"auto\" src=\"data:image\/svg+xml;base64,PHN2ZyB3aWR0aD0iMSIgaGVpZ2h0PSIxIiB4bWxucz0iaHR0cDovL3d3dy53My5vcmcvMjAwMC9zdmciPjwvc3ZnPg==\" style=\"--smush-placeholder-width: 1114px; --smush-placeholder-aspect-ratio: 1114\/746;\" data-original-sizes=\"(max-width: 1114px) 100vw, 1114px\" \/>                                            <\/a>\n            <\/div>\n    <div class=\"edgtf-iwt-text-holder\">\n                <div class=\"edgtf-iwt-title-wrapper\">\n            <h4 class=\"edgtf-iwt-title\" >ORG\u00c6NIC HAIRCUTTING<\/h4>\n    <\/div>\n                <div class=\"edgtf-iwt-text-wrapper\">\n            <p class=\"edgtf-iwt-text\" >ORG\u00c6NIC Haircutting ist eine Weiterentwicklung aller vorbekannten Haarschneidetechniken. Es verbindet alles, was Sie sich von einem Haarschnitt w\u00fcnschen ...<\/p>\n        <\/div>\n    <\/div>\n<\/div>[vc_column_text el_class=&#8221;padding_text&#8221;]<a href=\"https:\/\/orgaeniclife.style\/en\/services\/orgaenic-haircutting\">Read more<\/a>[\/vc_column_text][vc_empty_space el_class=&#8221;only_mobile&#8221;][\/vc_column][vc_column width=&#8221;1\/3&#8243;]<div class=\"edgtf-image-with-text-holder    edgtf-image-behavior-custom-link\">\n    <div class=\"edgtf-iwt-image\">\n                    <a itemprop=\"url\" href=\"https:\/\/orgaeniclife.style\/en\/products\/eight-weeks\" target=\"_self\">\n                                                    <img decoding=\"async\" width=\"1114\" height=\"746\" data-src=\"https:\/\/orgaeniclife.style\/wp-content\/uploads\/2019\/04\/read_more_eight-weeks_1114x746.jpg\" class=\"attachment-full size-full lazyload\" alt=\"\" data-srcset=\"https:\/\/orgaeniclife.style\/wp-content\/uploads\/2019\/04\/read_more_eight-weeks_1114x746.jpg 1114w, https:\/\/orgaeniclife.style\/wp-content\/uploads\/2019\/04\/read_more_eight-weeks_1114x746-300x201.jpg 300w, https:\/\/orgaeniclife.style\/wp-content\/uploads\/2019\/04\/read_more_eight-weeks_1114x746-768x514.jpg 768w, https:\/\/orgaeniclife.style\/wp-content\/uploads\/2019\/04\/read_more_eight-weeks_1114x746-1024x686.jpg 1024w, https:\/\/orgaeniclife.style\/wp-content\/uploads\/2019\/04\/read_more_eight-weeks_1114x746-600x402.jpg 600w\" data-sizes=\"auto\" src=\"data:image\/svg+xml;base64,PHN2ZyB3aWR0aD0iMSIgaGVpZ2h0PSIxIiB4bWxucz0iaHR0cDovL3d3dy53My5vcmcvMjAwMC9zdmciPjwvc3ZnPg==\" style=\"--smush-placeholder-width: 1114px; --smush-placeholder-aspect-ratio: 1114\/746;\" data-original-sizes=\"(max-width: 1114px) 100vw, 1114px\" \/>                                            <\/a>\n            <\/div>\n    <div class=\"edgtf-iwt-text-holder\">\n                <div class=\"edgtf-iwt-title-wrapper\">\n            <h4 class=\"edgtf-iwt-title\" >EIGHT WEEKS<\/h4>\n    <\/div>\n                <div class=\"edgtf-iwt-text-wrapper\">\n            <p class=\"edgtf-iwt-text\" >Eight Weeks verbindet ayurvedische Ans\u00e4tze, europ\u00e4ische Heilkunde und moderne Wissenschaft zur Harmonisierung der Kopfhaut f\u00fcr gesundes Haarwachstum ...<\/p>\n        <\/div>\n    <\/div>\n<\/div>[vc_column_text el_class=&#8221;padding_text&#8221;]<a href=\"https:\/\/orgaeniclife.style\/en\/products\/eight-weeks\">Read more<\/a>[\/vc_column_text][vc_empty_space el_class=&#8221;only_mobile&#8221;][\/vc_column][vc_column width=&#8221;1\/3&#8243;]<div class=\"edgtf-image-with-text-holder    edgtf-image-behavior-custom-link\">\n    <div class=\"edgtf-iwt-image\">\n                    <a itemprop=\"url\" href=\"https:\/\/orgaeniclife.style\/en\/services\/orgaenic-haircoloring\" target=\"_self\">\n                                                    <img decoding=\"async\" width=\"1114\" height=\"746\" data-src=\"https:\/\/orgaeniclife.style\/wp-content\/uploads\/2019\/04\/read_more_ohco_1114x746.jpg\" class=\"attachment-full size-full lazyload\" alt=\"\" data-srcset=\"https:\/\/orgaeniclife.style\/wp-content\/uploads\/2019\/04\/read_more_ohco_1114x746.jpg 1114w, https:\/\/orgaeniclife.style\/wp-content\/uploads\/2019\/04\/read_more_ohco_1114x746-300x201.jpg 300w, https:\/\/orgaeniclife.style\/wp-content\/uploads\/2019\/04\/read_more_ohco_1114x746-768x514.jpg 768w, https:\/\/orgaeniclife.style\/wp-content\/uploads\/2019\/04\/read_more_ohco_1114x746-1024x686.jpg 1024w, https:\/\/orgaeniclife.style\/wp-content\/uploads\/2019\/04\/read_more_ohco_1114x746-600x402.jpg 600w\" data-sizes=\"auto\" src=\"data:image\/svg+xml;base64,PHN2ZyB3aWR0aD0iMSIgaGVpZ2h0PSIxIiB4bWxucz0iaHR0cDovL3d3dy53My5vcmcvMjAwMC9zdmciPjwvc3ZnPg==\" style=\"--smush-placeholder-width: 1114px; --smush-placeholder-aspect-ratio: 1114\/746;\" data-original-sizes=\"(max-width: 1114px) 100vw, 1114px\" \/>                                            <\/a>\n            <\/div>\n    <div class=\"edgtf-iwt-text-holder\">\n                <div class=\"edgtf-iwt-title-wrapper\">\n            <h4 class=\"edgtf-iwt-title\" >ORG\u00c6NIC HAIRCOLORING<\/h4>\n    <\/div>\n                <div class=\"edgtf-iwt-text-wrapper\">\n            <p class=\"edgtf-iwt-text\" >Organische Haarfarben wachsen mit- und nicht heraus und halten doppelt so lange wie herk\u00f6mmliche Haarfarben ...<\/p>\n        <\/div>\n    <\/div>\n<\/div>[vc_column_text el_class=&#8221;padding_text&#8221;]<a href=\"https:\/\/orgaeniclife.style\/en\/services\/orgaenic-haircoloring\">Read more<\/a>[\/vc_column_text][vc_empty_space el_class=&#8221;only_mobile&#8221;][\/vc_column][\/vc_row][\/vc_section][vc_row row_content_width=&#8221;grid&#8221;][vc_column width=&#8221;2\/3&#8243;][vc_column_text]<\/p>\n<h2 class=\"p1\">where to<br \/>\nfind us<\/h2>\n<p>[\/vc_column_text][\/vc_column][vc_column width=&#8221;1\/3&#8243; el_class=&#8221;align_right&#8221;][\/vc_column][\/vc_row][vc_section][vc_row row_content_width=&#8221;grid&#8221; el_class=&#8221;contact_row&#8221;][vc_column width=&#8221;1\/2&#8243; offset=&#8221;vc_col-lg-3 vc_col-md-6 vc_col-xs-12&#8243;][vc_column_text]ORG\u00c6NIC Lifestyle Haircare<br \/>\nQuartier an der Frauenkirche<br \/>\nAn der Frauenkirche 1<br \/>\n01067 Dresden[\/vc_column_text][\/vc_column][vc_column width=&#8221;1\/2&#8243; offset=&#8221;vc_col-lg-3 vc_col-md-6 vc_col-xs-12&#8243; el_class=&#8221;middle&#8221;][vc_column_text]<a href=\"tel:+49 351 48433831\">T +49 351 48433831<\/a><br \/>\n<a href=\"mailto:t.korinth@buk-management.com\">haircare@buk-management.com<\/a>[\/vc_column_text][\/vc_column][vc_column width=&#8221;1\/2&#8243; offset=&#8221;vc_col-lg-3 vc_col-md-6 vc_col-xs-12&#8243;][vc_column_text]<a href=\"\/\/goo.gl\/maps\/StZdYfdTsiaNaJA87\" target=\"_blank\" rel=\"noopener noreferrer\">Google Maps<\/a><br \/>\n<a href=\"https:\/\/orgaeniclife.style\/en\/orgaenic-lifestyle-haircare-2\" target=\"_blank\" rel=\"noopener noreferrer\">Instagram<\/a><br \/>\n<a href=\"https:\/\/orgaeniclife.style\/en\/orgaenic-lifestyle-haircare-2\" target=\"_blank\" rel=\"noopener noreferrer\">Facebook<\/a><br \/>\n<a href=\"\/\/www.youtube.com\/channel\/UCi0khkJFDpM---B_MzPJJXw\" target=\"_blank\" rel=\"noopener noreferrer\">YouTube<\/a>[\/vc_column_text][\/vc_column][vc_column width=&#8221;1\/2&#8243; offset=&#8221;vc_col-lg-3 vc_col-md-6 vc_col-xs-12&#8243; el_class=&#8221;last&#8221;][\/vc_column][\/vc_row][\/vc_section]<\/p>\n<\/div>","protected":false},"excerpt":{"rendered":"<p>[vc_row][vc_column][vc_single_image image=&#8221;62786&#8243; img_size=&#8221;full&#8221; css_animation=&#8221;fadeIn&#8221;][\/vc_column][\/vc_row][vc_section][vc_row row_content_width=&#8221;grid&#8221;][vc_column][vc_empty_space height=&#8221;40px&#8221;][vc_column_text] say hi to our Sales Team [\/vc_column_text][\/vc_column][\/vc_row][vc_row row_content_width=&#8221;grid&#8221;][vc_column][vc_empty_space height=&#8221;60px&#8221;][vc_column_text] Switzerland [\/vc_column_text][vc_empty_space height=&#8221;60px&#8221;][\/vc_column][\/vc_row][vc_row equal_height=&#8221;yes&#8221; row_content_width=&#8221;grid&#8221; css=&#8221;.vc_custom_1552987936806{padding-top: 0px !important;padding-bottom: 42px !important;}&#8221;][vc_column width=&#8221;1\/2&#8243; offset=&#8221;vc_col-lg-3 vc_col-md-3 vc_col-xs-12&#8243;][vc_column_text el_class=&#8221;edgtf-team-name&#8221;]Sitte[\/vc_column_text][vc_empty_space height=&#8221;10px&#8221;][vc_column_text] Management JS Friseur und Consulting GmbH Distribution Switzerland [\/vc_column_text][\/vc_column][vc_column width=&#8221;1\/2&#8243; offset=&#8221;vc_col-lg-3 vc_col-md-3 vc_col-xs-12&#8243;][vc_column_text el_class=&#8221;edgtf-team-name&#8221;]Winter[\/vc_column_text][vc_empty_space height=&#8221;10px&#8221;][vc_column_text] Management JS Friseur und Consulting GmbH Distribution Switzerland [\/vc_column_text][\/vc_column][\/vc_row][vc_row row_content_width=&#8221;grid&#8221;][vc_column][vc_empty_space height=&#8221;60px&#8221;][vc_row_inner][vc_column_inner width=&#8221;1\/2&#8243;][vc_column_text] We want [&hellip;]<\/p>\n","protected":false},"author":7,"featured_media":0,"parent":57453,"menu_order":0,"comment_status":"closed","ping_status":"closed","template":"full-width.php","meta":{"footnotes":""},"class_list":["post-57406","page","type-page","status-publish","hentry"],"_links":{"self":[{"href":"https:\/\/orgaeniclife.style\/en\/wp-json\/wp\/v2\/pages\/57406","targetHints":{"allow":["GET"]}}],"collection":[{"href":"https:\/\/orgaeniclife.style\/en\/wp-json\/wp\/v2\/pages"}],"about":[{"href":"https:\/\/orgaeniclife.style\/en\/wp-json\/wp\/v2\/types\/page"}],"author":[{"embeddable":true,"href":"https:\/\/orgaeniclife.style\/en\/wp-json\/wp\/v2\/users\/7"}],"replies":[{"embeddable":true,"href":"https:\/\/orgaeniclife.style\/en\/wp-json\/wp\/v2\/comments?post=57406"}],"version-history":[{"count":5,"href":"https:\/\/orgaeniclife.style\/en\/wp-json\/wp\/v2\/pages\/57406\/revisions"}],"predecessor-version":[{"id":71795,"href":"https:\/\/orgaeniclife.style\/en\/wp-json\/wp\/v2\/pages\/57406\/revisions\/71795"}],"up":[{"embeddable":true,"href":"https:\/\/orgaeniclife.style\/en\/wp-json\/wp\/v2\/pages\/57453"}],"wp:attachment":[{"href":"https:\/\/orgaeniclife.style\/en\/wp-json\/wp\/v2\/media?parent=57406"}],"curies":[{"name":"wp","href":"https:\/\/api.w.org\/{rel}","templated":true}]}}