{"id":18652,"date":"2020-06-20T14:37:00","date_gmt":"2020-06-20T12:37:00","guid":{"rendered":"https:\/\/orgaeniclife.style\/colorline\/"},"modified":"2021-10-05T14:46:29","modified_gmt":"2021-10-05T12:46:29","slug":"orgaenicline","status":"publish","type":"page","link":"https:\/\/orgaeniclife.style\/en\/orgaenicline","title":{"rendered":"ORG\u00c6NIC LINE"},"content":{"rendered":"<div class=\"wpb-content-wrapper\"><p>[vc_row css=&#8221;.vc_custom_1527843088963{padding-top: 0px !important;padding-bottom: 0px !important;}&#8221; el_id=&#8221;edgtf-main-rev-holder&#8221;][vc_column][vc_single_image image=&#8221;42997&#8243; img_size=&#8221;full&#8221; alignment=&#8221;center&#8221; css_animation=&#8221;fadeIn&#8221;][\/vc_column][\/vc_row][vc_row row_content_width=&#8221;grid&#8221; css=&#8221;.vc_custom_1546535211428{padding-bottom: 0px !important;}&#8221; simple_background_color=&#8221;#ffffff&#8221;][vc_column width=&#8221;2\/3&#8243;][vc_column_text]<\/p>\n<h1>All in!<\/h1>\n<p>ORG\u00c6NIC is for you if you want life to be easy. When you are looking for sustainability in your entire style. Highly complex but not complicated \u2014 just like you. Make a crisis-proof investment. Now. ORG\u00c6NIC LINE serves universal purposes. Which means, we remove the (hairy) vail from your eyes in search for your personalized Haircut and hair color as well as for the one and only hair care. ORG\u00c6NIC Haircoloring visualizes your deepest wish \u2014 it\u2019s colors that simply match, that are yours only. The hair quality we are striving for needs to be looking healthy and in fact being it. ORG\u00c6NIC Haircutting doesn\u2019t standardize. It is an unique example of further development in haircutting techniques incorporating the uniqueness of any hair. Bye, bad hair-days. WE won\u2019t go to work until we rid our \u00bbmaterial\u00ab of the residues and former sins. Take a breath \u2013 we\u2019re going to revive your natural hair and scalp. That\u2019s what our Exfoliation treatment does for you.[\/vc_column_text][\/vc_column][vc_column width=&#8221;1\/3&#8243;][\/vc_column][\/vc_row][vc_row][vc_column][vc_empty_space][\/vc_column][\/vc_row][vc_row row_content_width=&#8221;grid&#8221; css=&#8221;.vc_custom_1546535211428{padding-bottom: 0px !important;}&#8221; simple_background_color=&#8221;#ffffff&#8221;][vc_column width=&#8221;1\/3&#8243;][\/vc_column][vc_column width=&#8221;2\/3&#8243;][vc_column_text]<\/p>\n<h1>SAY HI!<\/h1>\n<p>Have the guts and trust in us. ORG\u00c6NIC Line is the offering of Advise and Discussion with your happiness being our ultimative goal. Join us <strong>Face-to-Face via <\/strong>Zoom, Skype and Facetime. If you want your haircutting, hair coloring and hair care to be exclusive, personalized, customized. <strong>ORG\u00c6NIC LINE is real. Honest. Live.<\/strong>[\/vc_column_text][\/vc_column][\/vc_row][vc_row][vc_column][vc_empty_space][\/vc_column][\/vc_row][vc_row][vc_column][vc_empty_space][\/vc_column][\/vc_row][vc_row][vc_column width=&#8221;1\/6&#8243;][\/vc_column][vc_column width=&#8221;2\/3&#8243;][vc_column_text]<\/p>\n<h4>ORG\u00c6NIC Line \u2013 all questions, one universal answer.<\/h4>\n<ul>\n<li>How do we define organic?<\/li>\n<li>What is ORG\u00c6NIC Haircutting, ORG\u00c6NIC Haircoloring und ORG\u00c6NIC Lifestyle Haircare good for?<\/li>\n<li>What hair color suits me?<\/li>\n<li>What haircut fits me?<\/li>\n<li>What hair care products should I use?<\/li>\n<li>Why do I need an exfoliation treatment?<\/li>\n<li>What fits not only your style but also your individual hair quality and everyday-look?<\/li>\n<li>What about sustainability?<\/li>\n<li>What are the costs?<\/li>\n<\/ul>\n<p>[\/vc_column_text][\/vc_column][vc_column width=&#8221;1\/6&#8243;][\/vc_column][\/vc_row][vc_row][vc_column][vc_empty_space][\/vc_column][\/vc_row][vc_row row_content_width=&#8221;grid&#8221; css=&#8221;.vc_custom_1546535211428{padding-bottom: 0px !important;}&#8221; simple_background_color=&#8221;#ffffff&#8221;][vc_column width=&#8221;1\/4&#8243;][\/vc_column][vc_column width=&#8221;3\/4&#8243;][vc_column_text]<\/p>\n<h4>What you are going to discern?<\/h4>\n<ul>\n<li>Your uniqueness is valued and met.<\/li>\n<li>Why we do, what we do and how.<\/li>\n<li>Your are not doomed to eternally coloring your hairline.<\/li>\n<li>Quick styling is not an utopian reverie.<\/li>\n<li>Premium hair care is never surpassed.<\/li>\n<li>Your ORG\u00c6NIC haircut and hair care is not out of the box, but thinks out of the box.<\/li>\n<li>How we reframe people\u2019s view of hairdressing<\/li>\n<li>What price range can you expect (&#8230;for the unexpected!)<\/li>\n<li>Where and how to find your personal ORG\u00c6NIC specialist in close proximity or nationwide.<\/li>\n<\/ul>\n<p>[\/vc_column_text][\/vc_column][\/vc_row][vc_row][vc_column][vc_empty_space height=&#8221;64px&#8221;][\/vc_column][\/vc_row][vc_row][vc_column width=&#8221;2\/3&#8243;][vc_single_image image=&#8221;43007&#8243; img_size=&#8221;large&#8221;][\/vc_column][vc_column width=&#8221;1\/3&#8243;][\/vc_column][\/vc_row][vc_row][vc_column][vc_empty_space][\/vc_column][\/vc_row][vc_row row_content_width=&#8221;grid&#8221; css=&#8221;.vc_custom_1546535211428{padding-bottom: 0px !important;}&#8221; simple_background_color=&#8221;#ffffff&#8221;][vc_column width=&#8221;2\/3&#8243;]\n<div class=\"wpcf7 no-js\" id=\"wpcf7-f18687-o1\" lang=\"en-US\" dir=\"ltr\" data-wpcf7-id=\"18687\">\n<div class=\"screen-reader-response\"><p role=\"status\" aria-live=\"polite\" aria-atomic=\"true\"><\/p> <ul><\/ul><\/div>\n<form action=\"\/en\/wp-json\/wp\/v2\/pages\/18652#wpcf7-f18687-o1\" method=\"post\" class=\"wpcf7-form init\" aria-label=\"Contact form\" novalidate=\"novalidate\" data-status=\"init\">\n<fieldset class=\"hidden-fields-container\"><input type=\"hidden\" name=\"_wpcf7\" value=\"18687\" \/><input type=\"hidden\" name=\"_wpcf7_version\" value=\"6.1.5\" \/><input type=\"hidden\" name=\"_wpcf7_locale\" value=\"en_US\" \/><input type=\"hidden\" name=\"_wpcf7_unit_tag\" value=\"wpcf7-f18687-o1\" \/><input type=\"hidden\" name=\"_wpcf7_container_post\" value=\"0\" \/><input type=\"hidden\" name=\"_wpcf7_posted_data_hash\" value=\"\" \/>\n<\/fieldset>\n\n<h4>Registration ORG\u00c6NIC Line\n<\/h4>\n<div class=\"vc_row\">\n\t<div class=\"vc_col-sm-6\">\n\t\t<p><label><span class=\"wpcf7-form-control-wrap\" data-name=\"contact\"><select class=\"wpcf7-form-control wpcf7-select wpcf7-validates-as-required\" aria-required=\"true\" aria-invalid=\"false\" name=\"contact\"><option value=\"\">...<\/option><option value=\"by friends\">by friends<\/option><option value=\"by my hairdresser\">by my hairdresser<\/option><option value=\"via Internet\">via Internet<\/option><option value=\"via Social Media\">via Social Media<\/option><\/select><\/span> How did you get to know about ORG\u00c6NIC Line? *<\/label>\n\t\t<\/p>\n\t<\/div>\n\t<div class=\"vc_col-sm-6\">\n\t\t<p><label><span class=\"wpcf7-form-control-wrap\" data-name=\"anrede\"><select class=\"wpcf7-form-control wpcf7-select wpcf7-validates-as-required\" aria-required=\"true\" aria-invalid=\"false\" name=\"anrede\"><option value=\"\">...<\/option><option value=\"Ms\">Ms<\/option><option value=\"Mrs\">Mrs<\/option><option value=\"Mr\">Mr<\/option><\/select><\/span> Title *<\/label>\n\t\t<\/p>\n\t<\/div>\n<\/div>\n<div class=\"vc_row\">\n\t<div class=\"vc_col-sm-6\">\n\t\t<p><label><span class=\"wpcf7-form-control-wrap\" data-name=\"name\"><input size=\"40\" maxlength=\"400\" class=\"wpcf7-form-control wpcf7-text wpcf7-validates-as-required\" aria-required=\"true\" aria-invalid=\"false\" value=\"\" type=\"text\" name=\"name\" \/><\/span> Surname *<\/label>\n\t\t<\/p>\n\t<\/div>\n\t<div class=\"vc_col-sm-6\">\n\t\t<p><label><span class=\"wpcf7-form-control-wrap\" data-name=\"vorname\"><input size=\"40\" maxlength=\"400\" class=\"wpcf7-form-control wpcf7-text wpcf7-validates-as-required\" aria-required=\"true\" aria-invalid=\"false\" value=\"\" type=\"text\" name=\"vorname\" \/><\/span> Name *<\/label>\n\t\t<\/p>\n\t<\/div>\n<\/div>\n<div class=\"vc_row\">\n\t<div class=\"vc_col-sm-6\">\n\t\t<p><label><span class=\"wpcf7-form-control-wrap\" data-name=\"email\"><input size=\"40\" maxlength=\"400\" class=\"wpcf7-form-control wpcf7-email wpcf7-validates-as-required wpcf7-text wpcf7-validates-as-email\" aria-required=\"true\" aria-invalid=\"false\" value=\"\" type=\"email\" name=\"email\" \/><\/span> E-Mail *<\/label>\n\t\t<\/p>\n\t<\/div>\n\t<div class=\"vc_col-sm-6\">\n\t\t<p><label><span class=\"wpcf7-form-control-wrap\" data-name=\"telefon\"><input size=\"40\" maxlength=\"400\" class=\"wpcf7-form-control wpcf7-text wpcf7-validates-as-required\" aria-required=\"true\" aria-invalid=\"false\" value=\"\" type=\"text\" name=\"telefon\" \/><\/span> Phone *<\/label>\n\t\t<\/p>\n\t<\/div>\n<\/div>\n<div class=\"vc_row\">\n\t<div class=\"vc_col-sm-6\">\n\t\t<p><label><span class=\"wpcf7-form-control-wrap\" data-name=\"wohnort\"><input size=\"40\" maxlength=\"400\" class=\"wpcf7-form-control wpcf7-text wpcf7-validates-as-required\" aria-required=\"true\" aria-invalid=\"false\" value=\"\" type=\"text\" name=\"wohnort\" \/><\/span> City\/Country *<\/label>\n\t\t<\/p>\n\t<\/div>\n\t<div class=\"vc_col-sm-6\">\n\t\t<p><label><span class=\"wpcf7-form-control-wrap\" data-name=\"fragen\"><input size=\"40\" maxlength=\"400\" class=\"wpcf7-form-control wpcf7-text\" aria-invalid=\"false\" value=\"\" type=\"text\" name=\"fragen\" \/><\/span> Your question in advance (optional)<\/label>\n\t\t<\/p>\n\t<\/div>\n<\/div>\n<p>As soon as this form is submitted, you will receive further information about ORG\u00c6NIC Line and how we will support you on your journey to an organic hair color. Thank you very much for your confidence.\n<\/p>\n<h4>Protection of Data Privacy\n<\/h4>\n<p>You have the right to request information about what data we have stored about you. It is sufficient to assert your data protection rights by sending an E-Mail to welcome@buk-management.com or a written letter to BUK Management GmbH, An der Frauenkirche 1, 01067 Dresden, Germany.\n<\/p>\n<p>Please acknowledge our <a target=\"_blank\" href=\"https:\/\/orgaeniclife.style\/en\/privacy-policy\">Privacy Policy<\/a> in order to your registration at ORG\u00c6NIC Line.<br \/>\n<span class=\"wpcf7-form-control-wrap\" data-name=\"acceptance-datenschutz\"><span class=\"wpcf7-form-control wpcf7-acceptance\"><span class=\"wpcf7-list-item\"><label><input type=\"checkbox\" name=\"acceptance-datenschutz\" value=\"1\" aria-invalid=\"false\" \/><span class=\"wpcf7-list-item-label\">Yes, I have read and accept the Privacy Policy.<\/span><\/label><\/span><\/span><\/span>\n<\/p>\n<p><p><span class=\"wpcf7-form-control-wrap\"><input type=\"hidden\" name=\"php_start_time\" value=\"1776740309.9702\" \/><input type=\"hidden\" name=\"js_end_time\" class=\"js_end_time\" value=\"\" \/><input type=\"hidden\" name=\"js_start_time\" class=\"js_start_time\" value=\"\" \/><input id=\"f12_captcha\" type=\"text\" style=\"visibility:hidden!important; opacity:1!important; height:0!important; width:0!important; margin:0!important; padding:0!important;\" name=\"f12_captcha\" value=\"\"\/><input type=\"hidden\" name=\"behavior_nonce\" value=\"\" \/><script>\r\n(function(){\r\n\tvar el = document.currentScript;\r\n\tif (!el) return;\r\n\tvar form = el.closest(\"form\");\r\n\tif (!form || form.dataset.ssInit === \"1\") return;\r\n\tform.dataset.ssInit = \"1\";\r\n\tform.dataset.ssMode = \"protect\";\r\n\tform.dataset.ssSource = \"rule\";\r\n})();\r\n<\/script><\/span><\/p><input class=\"wpcf7-form-control wpcf7-submit has-spinner\" type=\"submit\" value=\"Submit\" \/>\n<\/p><div class=\"wpcf7-response-output\" aria-hidden=\"true\"><\/div>\n<\/form>\n<\/div>\n[\/vc_column][vc_column width=&#8221;1\/3&#8243;][\/vc_column][\/vc_row][vc_row][vc_column][vc_empty_space][\/vc_column][\/vc_row][vc_row row_content_width=&#8221;grid&#8221;][vc_column width=&#8221;1\/4&#8243;][\/vc_column][vc_column width=&#8221;1\/4&#8243;][\/vc_column][vc_column width=&#8221;1\/4&#8243;][vc_column_text]<\/p>\n<h4 style=\"text-align: left;\">You have questions regarding the form?<br \/>\nPlease contact us at any time.<\/h4>\n<p style=\"text-align: left;\">Personal Hotline<br \/>\nT: <a href=\"tel:+49 172 5371258\">+49 172 5371258<\/a><br \/>\nE: <a href=\"mailto:orgaenicline@buk-management.com\" rel=\"\">orgaenicline@buk-management.com<\/a><b><\/b><\/p>\n<p>[\/vc_column_text][\/vc_column][vc_column width=&#8221;1\/4&#8243;][\/vc_column][\/vc_row]<\/p>\n<\/div>","protected":false},"excerpt":{"rendered":"<p>[vc_row css=&#8221;.vc_custom_1527843088963{padding-top: 0px !important;padding-bottom: 0px !important;}&#8221; el_id=&#8221;edgtf-main-rev-holder&#8221;][vc_column][vc_single_image image=&#8221;42997&#8243; img_size=&#8221;full&#8221; alignment=&#8221;center&#8221; css_animation=&#8221;fadeIn&#8221;][\/vc_column][\/vc_row][vc_row row_content_width=&#8221;grid&#8221; css=&#8221;.vc_custom_1546535211428{padding-bottom: 0px !important;}&#8221; simple_background_color=&#8221;#ffffff&#8221;][vc_column width=&#8221;2\/3&#8243;][vc_column_text] All in! ORG\u00c6NIC is for you if you want life to be easy. When you are looking for sustainability in your entire style. Highly complex but not complicated \u2014 just like you. Make a crisis-proof investment. Now. ORG\u00c6NIC LINE serves universal purposes. Which [&hellip;]<\/p>\n","protected":false},"author":7,"featured_media":0,"parent":0,"menu_order":0,"comment_status":"closed","ping_status":"closed","template":"full-width.php","meta":{"footnotes":""},"class_list":["post-18652","page","type-page","status-publish","hentry"],"_links":{"self":[{"href":"https:\/\/orgaeniclife.style\/en\/wp-json\/wp\/v2\/pages\/18652","targetHints":{"allow":["GET"]}}],"collection":[{"href":"https:\/\/orgaeniclife.style\/en\/wp-json\/wp\/v2\/pages"}],"about":[{"href":"https:\/\/orgaeniclife.style\/en\/wp-json\/wp\/v2\/types\/page"}],"author":[{"embeddable":true,"href":"https:\/\/orgaeniclife.style\/en\/wp-json\/wp\/v2\/users\/7"}],"replies":[{"embeddable":true,"href":"https:\/\/orgaeniclife.style\/en\/wp-json\/wp\/v2\/comments?post=18652"}],"version-history":[{"count":0,"href":"https:\/\/orgaeniclife.style\/en\/wp-json\/wp\/v2\/pages\/18652\/revisions"}],"wp:attachment":[{"href":"https:\/\/orgaeniclife.style\/en\/wp-json\/wp\/v2\/media?parent=18652"}],"curies":[{"name":"wp","href":"https:\/\/api.w.org\/{rel}","templated":true}]}}